{"id":11692,"date":"2017-01-17T09:31:43","date_gmt":"2017-01-17T09:31:43","guid":{"rendered":"http:\/\/feda.org\/feda2k16\/?page_id=11692"},"modified":"2017-01-17T09:47:50","modified_gmt":"2017-01-17T09:47:50","slug":"circulares-2017","status":"publish","type":"page","link":"https:\/\/feda.org\/feda2k16\/circulares-2017\/","title":{"rendered":"Circulares 2017"},"content":{"rendered":"\n<ul class=\"uk-list uk-list-line \">\n\n\n    <li>\n\n                <a class=\"uk-display-block uk-link-muted\" href=\"https:\/\/feda.org\/feda2k16\/circular-28-2017-ayudas-a-clubs-2018\/\">\n        \n            \n                <h3 class=\"uk-margin-remove\">Circular 28\/2017 &#8211; Ayudas a Clubs 2018<\/h3>\n            \n                <\/a>\n        \n    <\/li>\n\n\n    <li>\n\n                <a class=\"uk-display-block uk-link-muted\" href=\"https:\/\/feda.org\/feda2k16\/circular-27-2017-ceclub-2018\/\">\n        \n            \n                <h3 class=\"uk-margin-remove\">Circular 27\/2017 &#8211; CECLUB 2018<\/h3>\n            \n                <\/a>\n        \n    <\/li>\n\n\n    <li>\n\n                <a class=\"uk-display-block uk-link-muted\" href=\"https:\/\/feda.org\/feda2k16\/circular-26-2017-licencias-2018\/\">\n        \n            \n                <h3 class=\"uk-margin-remove\">Circular 26\/2017 &#8211; Licencias 2018<\/h3>\n            \n                <\/a>\n        \n    <\/li>\n\n\n    <li>\n\n                <a class=\"uk-display-block uk-link-muted\" href=\"https:\/\/feda.org\/feda2k16\/circular-252017\/\">\n        \n            \n                <h3 class=\"uk-margin-remove\">Circular 25\/2017 &#8211; Selecci\u00f3n Espa\u00f1ola Europeo 2017<\/h3>\n            \n                <\/a>\n        \n    <\/li>\n\n\n    <li>\n\n                <a class=\"uk-display-block uk-link-muted\" href=\"https:\/\/feda.org\/feda2k16\/circular-242017-convocatoria-del-campeonato-de-espana-individual-de-veteranos-50-y-65\/\">\n        \n            \n                <h3 class=\"uk-margin-remove\">Circular 24\/2017 &#8211; Convocatoria del Campeonato de Espa\u00f1a Individual de Veteranos 50+ y 65+<\/h3>\n            \n                <\/a>\n        \n    <\/li>\n\n\n    <li>\n\n                <a class=\"uk-display-block uk-link-muted\" href=\"https:\/\/feda.org\/feda2k16\/232017-convocatoria-del-campeonato-de-espana-absoluto\/\">\n        \n            \n                <h3 class=\"uk-margin-remove\">Circular 23\/2017 &#8211; Convocatoria del Campeonato de Espa\u00f1a Absoluto<\/h3>\n            \n                <\/a>\n        \n    <\/li>\n\n\n    <li>\n\n                <a class=\"uk-display-block uk-link-muted\" href=\"https:\/\/feda.org\/feda2k16\/circular-222017-convocatoria-del-campeonato-de-espana-femenino\/\">\n        \n            \n                <h3 class=\"uk-margin-remove\">Circular 22\/2017 &#8211; Convocatoria del Campeonato de Espa\u00f1a Femenino<\/h3>\n            \n                <\/a>\n        \n    <\/li>\n\n\n    <li>\n\n                <a class=\"uk-display-block uk-link-muted\" href=\"https:\/\/feda.org\/feda2k16\/circular-212017-convocatoria-del-campeonato-de-espana-por-equipos-division-de-honor\/\">\n        \n            \n                <h3 class=\"uk-margin-remove\">Circular 21\/2017 &#8211; Convocatoria del Campeonato de Espa\u00f1a por Equipos Divisi\u00f3n de Honor<\/h3>\n            \n                <\/a>\n        \n    <\/li>\n\n\n    <li>\n\n                <a class=\"uk-display-block uk-link-muted\" href=\"https:\/\/feda.org\/feda2k16\/circular-202017-convocatoria-del-campeonato-de-espana-por-equipos-de-primera-division\/\">\n        \n            \n                <h3 class=\"uk-margin-remove\">Circular 20\/2017 &#8211; Convocatoria del Campeonato de Espa\u00f1a por Equipos de Primera Divisi\u00f3n<\/h3>\n            \n                <\/a>\n        \n    <\/li>\n\n\n    <li>\n\n                <a class=\"uk-display-block uk-link-muted\" href=\"https:\/\/feda.org\/feda2k16\/circular-192017\/\">\n        \n            \n                <h3 class=\"uk-margin-remove\">Circular 19\/2017 &#8211;  Convocatoria del Campeonato de Espa\u00f1a de Ajedrez R\u00e1pido<\/h3>\n            \n                <\/a>\n        \n    <\/li>\n\n\n    <li>\n\n                <a class=\"uk-display-block uk-link-muted\" href=\"https:\/\/feda.org\/feda2k16\/circular-182017-convocatoria-del-campeonato-de-espana-de-ajedrez-relampago\/\">\n        \n            \n                <h3 class=\"uk-margin-remove\">Circular 18\/2017 &#8211; Convocatoria del Campeonato de Espa\u00f1a de Ajedrez Rel\u00e1mpago<\/h3>\n            \n                <\/a>\n        \n    <\/li>\n\n\n    <li>\n\n                <a class=\"uk-display-block uk-link-muted\" href=\"https:\/\/feda.org\/feda2k16\/circular-172017-convocatoria-campeonato-de-espana-por-equipos-de-segunda-division\/\">\n        \n            \n                <h3 class=\"uk-margin-remove\">Circular 17\/2017 &#8211; Convocatoria del Campeonato de Espa\u00f1a por Equipos de Segunda Divisi\u00f3n<\/h3>\n            \n                <\/a>\n        \n    <\/li>\n\n\n    <li>\n\n                <a class=\"uk-display-block uk-link-muted\" href=\"https:\/\/feda.org\/feda2k16\/circular-162017-campeonato-de-europa-de-jovenes-mamaia-rumania-2017\/\">\n        \n            \n                <h3 class=\"uk-margin-remove\">Circular 16\/2017 &#8211; Campeonato de Europa de J\u00f3venes Mamaia (Ruman\u00eda) 2017<\/h3>\n            \n                <\/a>\n        \n    <\/li>\n\n\n    <li>\n\n                <a class=\"uk-display-block uk-link-muted\" href=\"https:\/\/feda.org\/feda2k16\/circular-152017-calendario-deportivo-definitivo-2017\/\">\n        \n            \n                <h3 class=\"uk-margin-remove\">Circular 15\/2017 &#8211; Calendario Deportivo Definitivo 2017<\/h3>\n            \n                <\/a>\n        \n    <\/li>\n\n\n    <li>\n\n                <a class=\"uk-display-block uk-link-muted\" href=\"https:\/\/feda.org\/feda2k16\/circular-142017-convocatoria-del-cto-de-espana-por-selecciones-autonomicas-sub-14-padron-2017\/\">\n        \n            \n                <h3 class=\"uk-margin-remove\">Circular 14\/2017 &#8211; Convocatoria del Cto. de Espa\u00f1a por Selecciones Auton\u00f3micas Sub 14. Padr\u00f3n 2017<\/h3>\n            \n                <\/a>\n        \n    <\/li>\n\n\n    <li>\n\n                <a class=\"uk-display-block uk-link-muted\" href=\"https:\/\/feda.org\/feda2k16\/circular-132017-ofertas-para-la-organizacion-del-campeonato-de-espana-por-selecciones-autonomicas-sub-16\/\">\n        \n            \n                <h3 class=\"uk-margin-remove\">Circular 13\/2017 &#8211; Ofertas para la Organizaci\u00f3n del C.E. por Selecciones Auton\u00f3micas Sub-16<\/h3>\n            \n                <\/a>\n        \n    <\/li>\n\n\n    <li>\n\n                <a class=\"uk-display-block uk-link-muted\" href=\"https:\/\/feda.org\/feda2k16\/circular-122017-ayudas-a-monitores-y-entrenadores\/\">\n        \n            \n                <h3 class=\"uk-margin-remove\">Circular 12\/2017 &#8211; Ayudas a Monitores y Entrenadores en Competiciones y Actividades Oficiales<\/h3>\n            \n                <\/a>\n        \n    <\/li>\n\n\n    <li>\n\n                <a class=\"uk-display-block uk-link-muted\" href=\"https:\/\/feda.org\/feda2k16\/circular-112017-ayudas-a-arbitros-en-competiciones-y-actividades-oficiales\/\">\n        \n            \n                <h3 class=\"uk-margin-remove\">Circular 11\/2017 &#8211; Ayudas a \u00c1rbitros en Competiciones y Actividades Oficiales<\/h3>\n            \n                <\/a>\n        \n    <\/li>\n\n\n    <li>\n\n                <a class=\"uk-display-block uk-link-muted\" href=\"https:\/\/feda.org\/feda2k16\/circular-102017-inscripciones-campeonatos-individuales\/\">\n        \n            \n                <h3 class=\"uk-margin-remove\">Circular 10\/2017 &#8211; Inscripciones Campeonatos Individuales<\/h3>\n            \n                <\/a>\n        \n    <\/li>\n\n\n    <li>\n\n                <a class=\"uk-display-block uk-link-muted\" href=\"https:\/\/feda.org\/feda2k16\/circular-092017-convocatoria-ce-rapido-sub-10-a-sub-18\/\">\n        \n            \n                <h3 class=\"uk-margin-remove\">Circular 09\/2017 \u2013 Convocatoria CE R\u00e1pido Sub 10 a Sub 18<\/h3>\n            \n                <\/a>\n        \n    <\/li>\n\n\n    <li>\n\n                <a class=\"uk-display-block uk-link-muted\" href=\"https:\/\/feda.org\/feda2k16\/circular-082017-convocatoria-ce-sub-8-a-sub-18\/\">\n        \n            \n                <h3 class=\"uk-margin-remove\">Circular 08\/2017 &#8211; Convocatoria CE Sub 8 a Sub 18<\/h3>\n            \n                <\/a>\n        \n    <\/li>\n\n\n    <li>\n\n                <a class=\"uk-display-block uk-link-muted\" href=\"https:\/\/feda.org\/feda2k16\/circular-072017-composicion-categorias-ceclub-2017\/\">\n        \n            \n                <h3 class=\"uk-margin-remove\">Circular 07\/2017 &#8211; Composici\u00f3n Categor\u00edas CECLUB 2017<\/h3>\n            \n                <\/a>\n        \n    <\/li>\n\n\n    <li>\n\n                <a class=\"uk-display-block uk-link-muted\" href=\"https:\/\/feda.org\/feda2k16\/circular-062017-calendario-deportivo-2017\/\">\n        \n            \n                <h3 class=\"uk-margin-remove\">Circular 06\/2017 &#8211; Calendario Deportivo 2017<\/h3>\n            \n                <\/a>\n        \n    <\/li>\n\n\n    <li>\n\n                <a class=\"uk-display-block uk-link-muted\" href=\"https:\/\/feda.org\/feda2k16\/circular-052017-convocatoria-del-cto-de-espana-por-equipos-de-colegios\/\">\n        \n            \n                <h3 class=\"uk-margin-remove\">Circular 05\/2017 &#8211; Convocatoria del Cto. de Espa\u00f1a por Equipos de Colegios<\/h3>\n            \n                <\/a>\n        \n    <\/li>\n\n\n    <li>\n\n                <a class=\"uk-display-block uk-link-muted\" href=\"https:\/\/feda.org\/feda2k16\/circular-042017-criterios-de-seleccion-para-el-ciclo-europeo-2017-y-olimpiada-2018\/\">\n        \n            \n                <h3 class=\"uk-margin-remove\">Circular 04\/2017 &#8211; Criterios de Selecci\u00f3n para el ciclo Europeo 2017 y Olimpiada 2018<\/h3>\n            \n                <\/a>\n        \n    <\/li>\n\n\n    <li>\n\n                <a class=\"uk-display-block uk-link-muted\" href=\"https:\/\/feda.org\/feda2k16\/circular-032017-tecnificacion-2017\/\">\n        \n            \n                <h3 class=\"uk-margin-remove\">Circular 03\/2017 &#8211; Tecnificaci\u00f3n 2017<\/h3>\n            \n                <\/a>\n        \n    <\/li>\n\n\n    <li>\n\n                <a class=\"uk-display-block uk-link-muted\" href=\"https:\/\/feda.org\/feda2k16\/circular-022017-alta-competicion-2017\/\">\n        \n            \n                <h3 class=\"uk-margin-remove\">Circular 02\/2017 &#8211; Alta Competici\u00f3n 2017<\/h3>\n            \n                <\/a>\n        \n    <\/li>\n\n\n    <li>\n\n                <a class=\"uk-display-block uk-link-muted\" href=\"https:\/\/feda.org\/feda2k16\/circular-012017-licencias-2017\/\">\n        \n            \n                <h3 class=\"uk-margin-remove\">Circular 01\/2017 &#8211; Licencias 2017<\/h3>\n            \n                <\/a>\n        \n    <\/li>\n\n\n<\/ul>\n\n","protected":false},"excerpt":{"rendered":"","protected":false},"author":2,"featured_media":0,"parent":0,"menu_order":0,"comment_status":"closed","ping_status":"closed","template":"","meta":{"footnotes":""},"class_list":["post-11692","page","type-page","status-publish","hentry"],"yoast_head":"<!-- This site is optimized with the Yoast SEO plugin v27.4 - https:\/\/yoast.com\/product\/yoast-seo-wordpress\/ -->\n<title>Circulares 2017 - FEDA<\/title>\n<meta name=\"robots\" content=\"index, follow, max-snippet:-1, max-image-preview:large, max-video-preview:-1\" \/>\n<link rel=\"canonical\" href=\"https:\/\/feda.org\/feda2k16\/circulares-2017\/\" \/>\n<meta property=\"og:locale\" content=\"es_ES\" \/>\n<meta property=\"og:type\" content=\"article\" \/>\n<meta property=\"og:title\" content=\"Circulares 2017 - FEDA\" \/>\n<meta property=\"og:url\" content=\"https:\/\/feda.org\/feda2k16\/circulares-2017\/\" \/>\n<meta property=\"og:site_name\" content=\"FEDA\" \/>\n<meta property=\"article:publisher\" content=\"https:\/\/www.facebook.com\/federacionespanoladeajedrez\/\" \/>\n<meta property=\"article:modified_time\" content=\"2017-01-17T09:47:50+00:00\" \/>\n<meta name=\"twitter:card\" content=\"summary_large_image\" \/>\n<meta name=\"twitter:site\" content=\"@AjedrezEspanola\" \/>\n<script type=\"application\/ld+json\" class=\"yoast-schema-graph\">{\"@context\":\"https:\\\/\\\/schema.org\",\"@graph\":[{\"@type\":\"WebPage\",\"@id\":\"https:\\\/\\\/feda.org\\\/feda2k16\\\/circulares-2017\\\/\",\"url\":\"https:\\\/\\\/feda.org\\\/feda2k16\\\/circulares-2017\\\/\",\"name\":\"Circulares 2017 - FEDA\",\"isPartOf\":{\"@id\":\"https:\\\/\\\/feda.org\\\/feda2k16\\\/#website\"},\"datePublished\":\"2017-01-17T09:31:43+00:00\",\"dateModified\":\"2017-01-17T09:47:50+00:00\",\"breadcrumb\":{\"@id\":\"https:\\\/\\\/feda.org\\\/feda2k16\\\/circulares-2017\\\/#breadcrumb\"},\"inLanguage\":\"es\",\"potentialAction\":[{\"@type\":\"ReadAction\",\"target\":[\"https:\\\/\\\/feda.org\\\/feda2k16\\\/circulares-2017\\\/\"]}]},{\"@type\":\"BreadcrumbList\",\"@id\":\"https:\\\/\\\/feda.org\\\/feda2k16\\\/circulares-2017\\\/#breadcrumb\",\"itemListElement\":[{\"@type\":\"ListItem\",\"position\":1,\"name\":\"Portada\",\"item\":\"https:\\\/\\\/feda.org\\\/feda2k16\\\/\"},{\"@type\":\"ListItem\",\"position\":2,\"name\":\"Circulares 2017\"}]},{\"@type\":\"WebSite\",\"@id\":\"https:\\\/\\\/feda.org\\\/feda2k16\\\/#website\",\"url\":\"https:\\\/\\\/feda.org\\\/feda2k16\\\/\",\"name\":\"FEDA\",\"description\":\"Federaci\u00f3n Espa\u00f1ola de Ajedrez\",\"publisher\":{\"@id\":\"https:\\\/\\\/feda.org\\\/feda2k16\\\/#organization\"},\"alternateName\":\"Federaci\u00f3n Espa\u00f1ola de Ajedrez\",\"potentialAction\":[{\"@type\":\"SearchAction\",\"target\":{\"@type\":\"EntryPoint\",\"urlTemplate\":\"https:\\\/\\\/feda.org\\\/feda2k16\\\/?s={search_term_string}\"},\"query-input\":{\"@type\":\"PropertyValueSpecification\",\"valueRequired\":true,\"valueName\":\"search_term_string\"}}],\"inLanguage\":\"es\"},{\"@type\":\"Organization\",\"@id\":\"https:\\\/\\\/feda.org\\\/feda2k16\\\/#organization\",\"name\":\"FEDA\",\"alternateName\":\"Federaci\u00f3n Espa\u00f1ola de Ajedrez\",\"url\":\"https:\\\/\\\/feda.org\\\/feda2k16\\\/\",\"logo\":{\"@type\":\"ImageObject\",\"inLanguage\":\"es\",\"@id\":\"https:\\\/\\\/feda.org\\\/feda2k16\\\/#\\\/schema\\\/logo\\\/image\\\/\",\"url\":\"https:\\\/\\\/feda.org\\\/feda2k16\\\/wp-content\\\/uploads\\\/NuevoLogo_FEDA_2016.png\",\"contentUrl\":\"https:\\\/\\\/feda.org\\\/feda2k16\\\/wp-content\\\/uploads\\\/NuevoLogo_FEDA_2016.png\",\"width\":600,\"height\":600,\"caption\":\"FEDA\"},\"image\":{\"@id\":\"https:\\\/\\\/feda.org\\\/feda2k16\\\/#\\\/schema\\\/logo\\\/image\\\/\"},\"sameAs\":[\"https:\\\/\\\/www.facebook.com\\\/federacionespanoladeajedrez\\\/\",\"https:\\\/\\\/x.com\\\/AjedrezEspanola\",\"https:\\\/\\\/www.instagram.com\\\/federacionespanolaajedrez\\\/?hl=es\",\"https:\\\/\\\/www.youtube.com\\\/@FederacionEspanoladeAjedrezFED\\\/featured\"]}]}<\/script>\n<!-- \/ Yoast SEO plugin. -->","yoast_head_json":{"title":"Circulares 2017 - FEDA","robots":{"index":"index","follow":"follow","max-snippet":"max-snippet:-1","max-image-preview":"max-image-preview:large","max-video-preview":"max-video-preview:-1"},"canonical":"https:\/\/feda.org\/feda2k16\/circulares-2017\/","og_locale":"es_ES","og_type":"article","og_title":"Circulares 2017 - FEDA","og_url":"https:\/\/feda.org\/feda2k16\/circulares-2017\/","og_site_name":"FEDA","article_publisher":"https:\/\/www.facebook.com\/federacionespanoladeajedrez\/","article_modified_time":"2017-01-17T09:47:50+00:00","twitter_card":"summary_large_image","twitter_site":"@AjedrezEspanola","schema":{"@context":"https:\/\/schema.org","@graph":[{"@type":"WebPage","@id":"https:\/\/feda.org\/feda2k16\/circulares-2017\/","url":"https:\/\/feda.org\/feda2k16\/circulares-2017\/","name":"Circulares 2017 - FEDA","isPartOf":{"@id":"https:\/\/feda.org\/feda2k16\/#website"},"datePublished":"2017-01-17T09:31:43+00:00","dateModified":"2017-01-17T09:47:50+00:00","breadcrumb":{"@id":"https:\/\/feda.org\/feda2k16\/circulares-2017\/#breadcrumb"},"inLanguage":"es","potentialAction":[{"@type":"ReadAction","target":["https:\/\/feda.org\/feda2k16\/circulares-2017\/"]}]},{"@type":"BreadcrumbList","@id":"https:\/\/feda.org\/feda2k16\/circulares-2017\/#breadcrumb","itemListElement":[{"@type":"ListItem","position":1,"name":"Portada","item":"https:\/\/feda.org\/feda2k16\/"},{"@type":"ListItem","position":2,"name":"Circulares 2017"}]},{"@type":"WebSite","@id":"https:\/\/feda.org\/feda2k16\/#website","url":"https:\/\/feda.org\/feda2k16\/","name":"FEDA","description":"Federaci\u00f3n Espa\u00f1ola de Ajedrez","publisher":{"@id":"https:\/\/feda.org\/feda2k16\/#organization"},"alternateName":"Federaci\u00f3n Espa\u00f1ola de Ajedrez","potentialAction":[{"@type":"SearchAction","target":{"@type":"EntryPoint","urlTemplate":"https:\/\/feda.org\/feda2k16\/?s={search_term_string}"},"query-input":{"@type":"PropertyValueSpecification","valueRequired":true,"valueName":"search_term_string"}}],"inLanguage":"es"},{"@type":"Organization","@id":"https:\/\/feda.org\/feda2k16\/#organization","name":"FEDA","alternateName":"Federaci\u00f3n Espa\u00f1ola de Ajedrez","url":"https:\/\/feda.org\/feda2k16\/","logo":{"@type":"ImageObject","inLanguage":"es","@id":"https:\/\/feda.org\/feda2k16\/#\/schema\/logo\/image\/","url":"https:\/\/feda.org\/feda2k16\/wp-content\/uploads\/NuevoLogo_FEDA_2016.png","contentUrl":"https:\/\/feda.org\/feda2k16\/wp-content\/uploads\/NuevoLogo_FEDA_2016.png","width":600,"height":600,"caption":"FEDA"},"image":{"@id":"https:\/\/feda.org\/feda2k16\/#\/schema\/logo\/image\/"},"sameAs":["https:\/\/www.facebook.com\/federacionespanoladeajedrez\/","https:\/\/x.com\/AjedrezEspanola","https:\/\/www.instagram.com\/federacionespanolaajedrez\/?hl=es","https:\/\/www.youtube.com\/@FederacionEspanoladeAjedrezFED\/featured"]}]}},"_links":{"self":[{"href":"https:\/\/feda.org\/feda2k16\/wp-json\/wp\/v2\/pages\/11692","targetHints":{"allow":["GET"]}}],"collection":[{"href":"https:\/\/feda.org\/feda2k16\/wp-json\/wp\/v2\/pages"}],"about":[{"href":"https:\/\/feda.org\/feda2k16\/wp-json\/wp\/v2\/types\/page"}],"author":[{"embeddable":true,"href":"https:\/\/feda.org\/feda2k16\/wp-json\/wp\/v2\/users\/2"}],"replies":[{"embeddable":true,"href":"https:\/\/feda.org\/feda2k16\/wp-json\/wp\/v2\/comments?post=11692"}],"version-history":[{"count":4,"href":"https:\/\/feda.org\/feda2k16\/wp-json\/wp\/v2\/pages\/11692\/revisions"}],"predecessor-version":[{"id":11700,"href":"https:\/\/feda.org\/feda2k16\/wp-json\/wp\/v2\/pages\/11692\/revisions\/11700"}],"wp:attachment":[{"href":"https:\/\/feda.org\/feda2k16\/wp-json\/wp\/v2\/media?parent=11692"}],"curies":[{"name":"wp","href":"https:\/\/api.w.org\/{rel}","templated":true}]}}