{"id":14456,"date":"2019-01-11T09:23:55","date_gmt":"2019-01-11T09:23:55","guid":{"rendered":"http:\/\/feda.org\/feda2k16\/?page_id=14456"},"modified":"2023-03-01T16:46:22","modified_gmt":"2023-03-01T16:46:22","slug":"circulares-2019","status":"publish","type":"page","link":"https:\/\/feda.org\/feda2k16\/circulares-2019\/","title":{"rendered":"Circulares 2019"},"content":{"rendered":"\n<p><a href=\"https:\/\/feda.org\/feda2k16\/circular-34-2019-publicacion-del-proyecto-de-reglamento-electoral\/\">Circular 34B\/2019 &#8211; Publicaci\u00f3n del Proyecto de Reglamento Electoral<\/a><\/p>\n\n\n\n<p><a href=\"https:\/\/feda.org\/feda2k16\/wp-content\/uploads\/C34-Clasificacion-de-Torneos-Abiertos-Internacionales.pdf\" data-type=\"URL\" data-id=\"https:\/\/feda.org\/feda2k16\/wp-content\/uploads\/C34-Clasificacion-de-Torneos-Abiertos-Internacionales.pdf\">Circular 34\/2019 &#8211; Clasificaci\u00f3n Torneos Abiertos Internacionales<\/a><\/p>\n\n\n\n<p><a href=\"https:\/\/feda.org\/feda2k16\/circular-33-2019-ayudas-a-monitores-y-entrenadores-2020\/\">Circular 33\/2019 &#8211; Ayudas a Monitores y Entrenadores 2020<\/a><\/p>\n\n\n\n<p><a href=\"https:\/\/feda.org\/feda2k16\/circular-32-2019-ayudas-a-arbitros-2020\/\">Circular 32\/2019 &#8211; Ayudas a \u00c1rbitros 2020<\/a><\/p>\n\n\n\n<p><a href=\"https:\/\/feda.org\/feda2k16\/circular-31-2019-normativa-ayudas-a-clubs-2020\/\">Circular 31\/2019 &#8211; Normativa Ayudas a Clubs 2020<\/a><\/p>\n\n\n\n<p><a href=\"https:\/\/feda.org\/feda2k16\/circular-30-2019-ceclub-2020\/\">Circular 30\/2019 &#8211; CECLUB 2020<\/a><\/p>\n\n\n\n<p><a href=\"https:\/\/feda.org\/feda2k16\/circular-29-2019-licencias-2020\/\">Circular 29\/2019 &#8211; Licencias 2020<\/a><\/p>\n\n\n\n<p><a href=\"https:\/\/feda.org\/feda2k16\/circular-28-2019-convocatoria-del-campeonato-de-espana-absoluto-y-femenino-marbella-2019\/\">Circular 28\/2019 &#8211; Convocatoria del Campeonato de Espa\u00f1a Absoluto y Femenino. Marbella 2019<\/a><\/p>\n\n\n\n<p><a href=\"https:\/\/feda.org\/feda2k16\/circular-27-2019-tecnificacion-2019-2020\/\">Circular 27\/2019 &#8211; Tecnificaci\u00f3n 2019-2020<\/a><\/p>\n\n\n\n<p><a href=\"https:\/\/feda.org\/feda2k16\/circular-26-2019-alta-competicion-2019-2020\/\">Circular 26\/2019 &#8211; Alta Competici\u00f3n 2019-2020<\/a><\/p>\n\n\n\n<p><a href=\"https:\/\/feda.org\/feda2k16\/circular-25-2019-convocatoria-campeonato-de-espana-de-veteranos\/\">Circular 25\/2019 &#8211; Convocatoria Campeonato de Espa\u00f1a de Veteranos<\/a><\/p>\n\n\n\n<p><a href=\"https:\/\/feda.org\/feda2k16\/circular-24-2019-ceclub-division-de-honor-2019\/\">Circular 24\/2019 &#8211; CECLUB Divisi\u00f3n de Honor 2019<\/a><\/p>\n\n\n\n<p><a href=\"https:\/\/feda.org\/feda2k16\/circular-23-2019-seleccion-espanola-europeo-de-batumi-2019\/\">Circular 23\/2019 &#8211; Selecci\u00f3n Espa\u00f1ola Europeo de Batumi 2019<\/a><\/p>\n\n\n\n<p><a href=\"https:\/\/feda.org\/feda2k16\/circular-22-2019-ce-individual-rapido-2019\/\">Circular 22\/2019 &#8211; CE Individual R\u00e1pido 2019<\/a><\/p>\n\n\n\n<p><a href=\"https:\/\/feda.org\/feda2k16\/circular-21-2019-ce-individual-relampago-2019\/\">Circular 21\/2019 &#8211; CE Individual Rel\u00e1mpago 2019<\/a><\/p>\n\n\n\n<p><a href=\"https:\/\/feda.org\/feda2k16\/circular-20-2019-ceclub-1a-division\/\">Circular 20\/2019 &#8211; CECLUB 1\u00aa Divisi\u00f3n 2019<\/a><\/p>\n\n\n\n<p><a href=\"https:\/\/feda.org\/feda2k16\/circular-19-2019-equipos-participantes-ceclub-2a-division\/\">Circular 19\/2019 &#8211; Equipos Participantes CECLUB 2\u00aa Divisi\u00f3n 2019<\/a><\/p>\n\n\n<p><a href=\"https:\/\/feda.org\/feda2k16\/circular-18-2019-relacion-de-equipos-participantes-en-el-cto-de-espana-de-segunda-division-2019\/\">Circular 18\/2019 &#8211; Equipos Participantes CECLUB 2\u00aa Divisi\u00f3n 2019. ANULADA<\/a><\/p>\n<p><a href=\"https:\/\/feda.org\/feda2k16\/circular-17-2019-ceclub-segunda-division-linares-2019\/\">Circular 17\/2019 &#8211; CECLUB Segunda Divisi\u00f3n. Linares 2019<\/a><\/p>\n<p><a href=\"https:\/\/feda.org\/feda2k16\/circular-16-2019-campeonato-iberoamericano-individual-absoluto-linares-2019\/\">Circular 16\/2019 &#8211; Campeonato Iberoamericano Individual Absoluto. Linares 2019<\/a><\/p>\n<p><a href=\"https:\/\/feda.org\/feda2k16\/circular-15-2019-mundial-de-jovenes-sub-14-a-sub-18-ajedrez-rapido-y-relampago-salobrena-2019\/\">Circular 15\/2019 &#8211; Mundial de J\u00f3venes Sub 14 a Sub 18 Ajedrez R\u00e1pido y Rel\u00e1mpago. Salobre\u00f1a 2019<\/a><\/p>\n<p><a href=\"http:\/\/feda.org\/feda2k16\/circular-14-2019-campeonato-de-europa-individual-de-jovenes\/\">Circular 14\/2019 &#8211; Campeonato de Europa Individual de J\u00f3venes 2019<\/a><\/p>\n<p><a href=\"http:\/\/feda.org\/feda2k16\/circular-13-2019-convocatoria-campeonato-de-espana-por-selecciones-autonomicas-cesa-2019\/\">Circular 13\/2019 &#8211; Convocatoria Campeonato de Espa\u00f1a por Selecciones Auton\u00f3micas CESA 2019<\/a><\/p>\n<p><a href=\"http:\/\/feda.org\/feda2k16\/circular-12-2019-convocatoria-de-los-campeonatos-de-espana-rapido-sub-10-a-sub-18-2019\/\">Circular 12\/2019 &#8211; Convocatoria de los Campeonatos de Espa\u00f1a R\u00e1pido Sub 10 a Sub 18 2019<\/a><\/p>\n<p><a href=\"http:\/\/feda.org\/feda2k16\/circular-11-2019-convocatoria-de-los-campeonatos-de-espana-sub-8-a-sub-18-2019\/\">Circular 11\/2019 &#8211; Convocatoria de los Campeonatos de Espa\u00f1a Sub 8 a Sub 18 2019<\/a><\/p>\n<p><a href=\"http:\/\/feda.org\/feda2k16\/circular-10-2019-actualizacion-calendario-deportivo-2019\/\">Circular 10\/2019 &#8211; Actualizaci\u00f3n Calendario Deportivo 2019<\/a><\/p>\n<p><a href=\"http:\/\/feda.org\/feda2k16\/circular-09-2019-ceclub-2019\/\">Circular 09\/2019 &#8211; CECLUB 2019<\/a><\/p>\n<p><a href=\"http:\/\/feda.org\/feda2k16\/circular-08-2019-ayudas-a-monitores-y-entrenadores-2019\/\">Circular 08\/2019 &#8211; Ayudas a Monitores y Entrenadores 2019<\/a><\/p>\n<p><a href=\"http:\/\/feda.org\/feda2k16\/circular-07-2019-ayudas-a-arbitros-2019\/\">Circular 07\/2019 &#8211; Ayudas a \u00c1rbitros 2019<\/a><\/p>\n<p><a href=\"http:\/\/feda.org\/feda2k16\/circular-06-2019-ayudas-a-clubs-2019\/\">Circular 06\/2019 &#8211; Ayudas a Clubs 2019<\/a><\/p>\n<p><a href=\"http:\/\/feda.org\/feda2k16\/circular-05-2019-criterios-de-seleccion-2019-2020\/\">Circular 05\/2019 &#8211; Criterios de Selecci\u00f3n 2019-2020<\/a><\/p>\n<p><a href=\"http:\/\/feda.org\/feda2k16\/circular-04-2019-calendario-deportivo-provisional-2019\/\">Circular 04\/2019 &#8211; Calendario Deportivo Provisional 2019<\/a><\/p>\n<p><a href=\"http:\/\/feda.org\/feda2k16\/circular-03-2019-convocatoria-campeonato-de-espana-de-colegios-2019\/\">Circular 03\/2019 &#8211; Convocatoria Campeonato de Espa\u00f1a de Colegios 2019<\/a><\/p>\n<p><a href=\"http:\/\/feda.org\/feda2k16\/circular-02-2019-convocatoria-nivel-ii-2019\/\">Circular 02\/2019 &#8211; Convocatoria Nivel II 2019<\/a><\/p>\n<p><a href=\"http:\/\/feda.org\/feda2k16\/circular-01-2019-licencias-2019\/\">Circular 01\/2019 &#8211; Licencias 2019<\/a><\/p>\n\n","protected":false},"excerpt":{"rendered":"<p>Circular 34B\/2019 &#8211; Publicaci\u00f3n del Proyecto de Reglamento Electoral Circular 34\/2019 &#8211; Clasificaci\u00f3n Torneos Abiertos Internacionales Circular 33\/2019 &#8211; Ayudas a Monitores y Entrenadores 2020 Circular 32\/2019 &#8211; Ayudas a \u00c1rbitros 2020 Circular 31\/2019 &#8211; Normativa Ayudas a Clubs 2020 Circular 30\/2019 &#8211; CECLUB 2020 Circular 29\/2019 &#8211; Licencias 2020 Circular 28\/2019 &#8211; Convocatoria del [&hellip;]<\/p>\n","protected":false},"author":2,"featured_media":0,"parent":0,"menu_order":0,"comment_status":"closed","ping_status":"closed","template":"","meta":{"footnotes":""},"class_list":["post-14456","page","type-page","status-publish","hentry"],"yoast_head":"<!-- This site is optimized with the Yoast SEO plugin v27.4 - https:\/\/yoast.com\/product\/yoast-seo-wordpress\/ -->\n<title>Circulares 2019 - FEDA<\/title>\n<meta name=\"robots\" content=\"index, follow, max-snippet:-1, max-image-preview:large, max-video-preview:-1\" \/>\n<link rel=\"canonical\" href=\"https:\/\/feda.org\/feda2k16\/circulares-2019\/\" \/>\n<meta property=\"og:locale\" content=\"es_ES\" \/>\n<meta property=\"og:type\" content=\"article\" \/>\n<meta property=\"og:title\" content=\"Circulares 2019 - FEDA\" \/>\n<meta property=\"og:description\" content=\"Circular 34B\/2019 &#8211; Publicaci\u00f3n del Proyecto de Reglamento Electoral Circular 34\/2019 &#8211; Clasificaci\u00f3n Torneos Abiertos Internacionales Circular 33\/2019 &#8211; Ayudas a Monitores y Entrenadores 2020 Circular 32\/2019 &#8211; Ayudas a \u00c1rbitros 2020 Circular 31\/2019 &#8211; Normativa Ayudas a Clubs 2020 Circular 30\/2019 &#8211; CECLUB 2020 Circular 29\/2019 &#8211; Licencias 2020 Circular 28\/2019 &#8211; Convocatoria del [&hellip;]\" \/>\n<meta property=\"og:url\" content=\"https:\/\/feda.org\/feda2k16\/circulares-2019\/\" \/>\n<meta property=\"og:site_name\" content=\"FEDA\" \/>\n<meta property=\"article:publisher\" content=\"https:\/\/www.facebook.com\/federacionespanoladeajedrez\/\" \/>\n<meta property=\"article:modified_time\" content=\"2023-03-01T16:46:22+00:00\" \/>\n<meta name=\"twitter:card\" content=\"summary_large_image\" \/>\n<meta name=\"twitter:site\" content=\"@AjedrezEspanola\" \/>\n<meta name=\"twitter:label1\" content=\"Tiempo de lectura\" \/>\n\t<meta name=\"twitter:data1\" content=\"1 minuto\" \/>\n<script type=\"application\/ld+json\" class=\"yoast-schema-graph\">{\"@context\":\"https:\\\/\\\/schema.org\",\"@graph\":[{\"@type\":\"WebPage\",\"@id\":\"https:\\\/\\\/feda.org\\\/feda2k16\\\/circulares-2019\\\/\",\"url\":\"https:\\\/\\\/feda.org\\\/feda2k16\\\/circulares-2019\\\/\",\"name\":\"Circulares 2019 - FEDA\",\"isPartOf\":{\"@id\":\"https:\\\/\\\/feda.org\\\/feda2k16\\\/#website\"},\"datePublished\":\"2019-01-11T09:23:55+00:00\",\"dateModified\":\"2023-03-01T16:46:22+00:00\",\"breadcrumb\":{\"@id\":\"https:\\\/\\\/feda.org\\\/feda2k16\\\/circulares-2019\\\/#breadcrumb\"},\"inLanguage\":\"es\",\"potentialAction\":[{\"@type\":\"ReadAction\",\"target\":[\"https:\\\/\\\/feda.org\\\/feda2k16\\\/circulares-2019\\\/\"]}]},{\"@type\":\"BreadcrumbList\",\"@id\":\"https:\\\/\\\/feda.org\\\/feda2k16\\\/circulares-2019\\\/#breadcrumb\",\"itemListElement\":[{\"@type\":\"ListItem\",\"position\":1,\"name\":\"Portada\",\"item\":\"https:\\\/\\\/feda.org\\\/feda2k16\\\/\"},{\"@type\":\"ListItem\",\"position\":2,\"name\":\"Circulares 2019\"}]},{\"@type\":\"WebSite\",\"@id\":\"https:\\\/\\\/feda.org\\\/feda2k16\\\/#website\",\"url\":\"https:\\\/\\\/feda.org\\\/feda2k16\\\/\",\"name\":\"FEDA\",\"description\":\"Federaci\u00f3n Espa\u00f1ola de Ajedrez\",\"publisher\":{\"@id\":\"https:\\\/\\\/feda.org\\\/feda2k16\\\/#organization\"},\"alternateName\":\"Federaci\u00f3n Espa\u00f1ola de Ajedrez\",\"potentialAction\":[{\"@type\":\"SearchAction\",\"target\":{\"@type\":\"EntryPoint\",\"urlTemplate\":\"https:\\\/\\\/feda.org\\\/feda2k16\\\/?s={search_term_string}\"},\"query-input\":{\"@type\":\"PropertyValueSpecification\",\"valueRequired\":true,\"valueName\":\"search_term_string\"}}],\"inLanguage\":\"es\"},{\"@type\":\"Organization\",\"@id\":\"https:\\\/\\\/feda.org\\\/feda2k16\\\/#organization\",\"name\":\"FEDA\",\"alternateName\":\"Federaci\u00f3n Espa\u00f1ola de Ajedrez\",\"url\":\"https:\\\/\\\/feda.org\\\/feda2k16\\\/\",\"logo\":{\"@type\":\"ImageObject\",\"inLanguage\":\"es\",\"@id\":\"https:\\\/\\\/feda.org\\\/feda2k16\\\/#\\\/schema\\\/logo\\\/image\\\/\",\"url\":\"https:\\\/\\\/feda.org\\\/feda2k16\\\/wp-content\\\/uploads\\\/NuevoLogo_FEDA_2016.png\",\"contentUrl\":\"https:\\\/\\\/feda.org\\\/feda2k16\\\/wp-content\\\/uploads\\\/NuevoLogo_FEDA_2016.png\",\"width\":600,\"height\":600,\"caption\":\"FEDA\"},\"image\":{\"@id\":\"https:\\\/\\\/feda.org\\\/feda2k16\\\/#\\\/schema\\\/logo\\\/image\\\/\"},\"sameAs\":[\"https:\\\/\\\/www.facebook.com\\\/federacionespanoladeajedrez\\\/\",\"https:\\\/\\\/x.com\\\/AjedrezEspanola\",\"https:\\\/\\\/www.instagram.com\\\/federacionespanolaajedrez\\\/?hl=es\",\"https:\\\/\\\/www.youtube.com\\\/@FederacionEspanoladeAjedrezFED\\\/featured\"]}]}<\/script>\n<!-- \/ Yoast SEO plugin. -->","yoast_head_json":{"title":"Circulares 2019 - FEDA","robots":{"index":"index","follow":"follow","max-snippet":"max-snippet:-1","max-image-preview":"max-image-preview:large","max-video-preview":"max-video-preview:-1"},"canonical":"https:\/\/feda.org\/feda2k16\/circulares-2019\/","og_locale":"es_ES","og_type":"article","og_title":"Circulares 2019 - FEDA","og_description":"Circular 34B\/2019 &#8211; Publicaci\u00f3n del Proyecto de Reglamento Electoral Circular 34\/2019 &#8211; Clasificaci\u00f3n Torneos Abiertos Internacionales Circular 33\/2019 &#8211; Ayudas a Monitores y Entrenadores 2020 Circular 32\/2019 &#8211; Ayudas a \u00c1rbitros 2020 Circular 31\/2019 &#8211; Normativa Ayudas a Clubs 2020 Circular 30\/2019 &#8211; CECLUB 2020 Circular 29\/2019 &#8211; Licencias 2020 Circular 28\/2019 &#8211; Convocatoria del [&hellip;]","og_url":"https:\/\/feda.org\/feda2k16\/circulares-2019\/","og_site_name":"FEDA","article_publisher":"https:\/\/www.facebook.com\/federacionespanoladeajedrez\/","article_modified_time":"2023-03-01T16:46:22+00:00","twitter_card":"summary_large_image","twitter_site":"@AjedrezEspanola","twitter_misc":{"Tiempo de lectura":"1 minuto"},"schema":{"@context":"https:\/\/schema.org","@graph":[{"@type":"WebPage","@id":"https:\/\/feda.org\/feda2k16\/circulares-2019\/","url":"https:\/\/feda.org\/feda2k16\/circulares-2019\/","name":"Circulares 2019 - FEDA","isPartOf":{"@id":"https:\/\/feda.org\/feda2k16\/#website"},"datePublished":"2019-01-11T09:23:55+00:00","dateModified":"2023-03-01T16:46:22+00:00","breadcrumb":{"@id":"https:\/\/feda.org\/feda2k16\/circulares-2019\/#breadcrumb"},"inLanguage":"es","potentialAction":[{"@type":"ReadAction","target":["https:\/\/feda.org\/feda2k16\/circulares-2019\/"]}]},{"@type":"BreadcrumbList","@id":"https:\/\/feda.org\/feda2k16\/circulares-2019\/#breadcrumb","itemListElement":[{"@type":"ListItem","position":1,"name":"Portada","item":"https:\/\/feda.org\/feda2k16\/"},{"@type":"ListItem","position":2,"name":"Circulares 2019"}]},{"@type":"WebSite","@id":"https:\/\/feda.org\/feda2k16\/#website","url":"https:\/\/feda.org\/feda2k16\/","name":"FEDA","description":"Federaci\u00f3n Espa\u00f1ola de Ajedrez","publisher":{"@id":"https:\/\/feda.org\/feda2k16\/#organization"},"alternateName":"Federaci\u00f3n Espa\u00f1ola de Ajedrez","potentialAction":[{"@type":"SearchAction","target":{"@type":"EntryPoint","urlTemplate":"https:\/\/feda.org\/feda2k16\/?s={search_term_string}"},"query-input":{"@type":"PropertyValueSpecification","valueRequired":true,"valueName":"search_term_string"}}],"inLanguage":"es"},{"@type":"Organization","@id":"https:\/\/feda.org\/feda2k16\/#organization","name":"FEDA","alternateName":"Federaci\u00f3n Espa\u00f1ola de Ajedrez","url":"https:\/\/feda.org\/feda2k16\/","logo":{"@type":"ImageObject","inLanguage":"es","@id":"https:\/\/feda.org\/feda2k16\/#\/schema\/logo\/image\/","url":"https:\/\/feda.org\/feda2k16\/wp-content\/uploads\/NuevoLogo_FEDA_2016.png","contentUrl":"https:\/\/feda.org\/feda2k16\/wp-content\/uploads\/NuevoLogo_FEDA_2016.png","width":600,"height":600,"caption":"FEDA"},"image":{"@id":"https:\/\/feda.org\/feda2k16\/#\/schema\/logo\/image\/"},"sameAs":["https:\/\/www.facebook.com\/federacionespanoladeajedrez\/","https:\/\/x.com\/AjedrezEspanola","https:\/\/www.instagram.com\/federacionespanolaajedrez\/?hl=es","https:\/\/www.youtube.com\/@FederacionEspanoladeAjedrezFED\/featured"]}]}},"_links":{"self":[{"href":"https:\/\/feda.org\/feda2k16\/wp-json\/wp\/v2\/pages\/14456","targetHints":{"allow":["GET"]}}],"collection":[{"href":"https:\/\/feda.org\/feda2k16\/wp-json\/wp\/v2\/pages"}],"about":[{"href":"https:\/\/feda.org\/feda2k16\/wp-json\/wp\/v2\/types\/page"}],"author":[{"embeddable":true,"href":"https:\/\/feda.org\/feda2k16\/wp-json\/wp\/v2\/users\/2"}],"replies":[{"embeddable":true,"href":"https:\/\/feda.org\/feda2k16\/wp-json\/wp\/v2\/comments?post=14456"}],"version-history":[{"count":46,"href":"https:\/\/feda.org\/feda2k16\/wp-json\/wp\/v2\/pages\/14456\/revisions"}],"predecessor-version":[{"id":21585,"href":"https:\/\/feda.org\/feda2k16\/wp-json\/wp\/v2\/pages\/14456\/revisions\/21585"}],"wp:attachment":[{"href":"https:\/\/feda.org\/feda2k16\/wp-json\/wp\/v2\/media?parent=14456"}],"curies":[{"name":"wp","href":"https:\/\/api.w.org\/{rel}","templated":true}]}}