{"id":14610,"date":"2019-02-15T10:46:37","date_gmt":"2019-02-15T10:46:37","guid":{"rendered":"http:\/\/feda.org\/feda2k16\/?page_id=14610"},"modified":"2020-02-20T11:49:46","modified_gmt":"2020-02-20T11:49:46","slug":"campeonatos-de-espana-2019","status":"publish","type":"page","link":"https:\/\/feda.org\/feda2k16\/campeonatos-de-espana-2019\/","title":{"rendered":"Campeonatos de Espa\u00f1a 2019"},"content":{"rendered":"\n<p> <a href=\"https:\/\/feda.org\/feda2k16\/campeonato-tiendas-de-la-estacion-madrid-chamartin\/\">Campeonato Tiendas de la Estaci\u00f3n &#8211;  Madrid Chamart\u00edn<\/a><\/p>\n\n\n\n<p><a href=\"https:\/\/feda.org\/feda2k16\/campeonato-de-espana-absoluto-y-femenino-2\/\">Campeonato de Espa\u00f1a Absoluto y Femenino<\/a><\/p>\n\n\n\n<p><a href=\"https:\/\/feda.org\/feda2k16\/campeonato-de-espana-de-veteranos-4\/\">Campeonato de Espa\u00f1a de Veteranos<\/a><\/p>\n\n\n\n<p><a href=\"https:\/\/feda.org\/feda2k16\/ceclub-division-de-honor-7\/\">CECLUB Divisi\u00f3n de Honor<\/a><\/p>\n\n\n\n<p><a href=\"https:\/\/feda.org\/feda2k16\/ceclub-primera-division-8\/\">CECLUB Primera Divisi\u00f3n<\/a><\/p>\n\n\n\n<p><a href=\"https:\/\/feda.org\/feda2k16\/campeonato-de-espana-rapido-absoluto\/\">Campeonato de Espa\u00f1a R\u00e1pido Absoluto<\/a><\/p>\n\n\n\n<p><a href=\"https:\/\/feda.org\/feda2k16\/campeonato-de-espana-relampago-absoluto\/\">Campeonato de Espa\u00f1a Rel\u00e1mpago Absoluto<\/a><\/p>\n\n\n\n<p><a href=\"https:\/\/feda.org\/feda2k16\/ceclub-segunda-division-7\/\">CECLUB Segunda Divisi\u00f3n<\/a><\/p>\n\n\n\n<p><a href=\"http:\/\/feda.org\/feda2k16\/campeonato-de-espana-por-selecciones-autonomicas-sub-14-y-sub-16\/\">Campeonato de Espa\u00f1a por Selecciones Auton\u00f3micas Sub 14 y Sub 16<\/a><\/p>\n\n\n\n<p><a href=\"http:\/\/feda.org\/feda2k16\/campeonatos-de-espana-sub-8-a-sub-18-3\/\">Campeonatos de Espa\u00f1a Sub 8 a Sub 18<\/a><\/p>\n\n\n\n<p><a href=\"http:\/\/feda.org\/feda2k16\/campeonato-de-espana-por-equipos-de-colegios-6\/\">Campeonato de Espa\u00f1a por Equipos de Colegios<\/a><\/p>\n","protected":false},"excerpt":{"rendered":"<p>Campeonato Tiendas de la Estaci\u00f3n &#8211; Madrid Chamart\u00edn Campeonato de Espa\u00f1a Absoluto y Femenino Campeonato de Espa\u00f1a de Veteranos CECLUB Divisi\u00f3n de Honor CECLUB Primera Divisi\u00f3n Campeonato de Espa\u00f1a R\u00e1pido Absoluto Campeonato de Espa\u00f1a Rel\u00e1mpago Absoluto CECLUB Segunda Divisi\u00f3n Campeonato de Espa\u00f1a por Selecciones Auton\u00f3micas Sub 14 y Sub 16 Campeonatos de Espa\u00f1a Sub 8 [&hellip;]<\/p>\n","protected":false},"author":2,"featured_media":0,"parent":0,"menu_order":0,"comment_status":"closed","ping_status":"closed","template":"","meta":{"footnotes":""},"class_list":["post-14610","page","type-page","status-publish","hentry"],"yoast_head":"<!-- This site is optimized with the Yoast SEO plugin v27.5 - https:\/\/yoast.com\/product\/yoast-seo-wordpress\/ -->\n<title>Campeonatos de Espa\u00f1a 2019 - FEDA<\/title>\n<meta name=\"robots\" content=\"index, follow, max-snippet:-1, max-image-preview:large, max-video-preview:-1\" \/>\n<link rel=\"canonical\" href=\"https:\/\/feda.org\/feda2k16\/campeonatos-de-espana-2019\/\" \/>\n<meta property=\"og:locale\" content=\"es_ES\" \/>\n<meta property=\"og:type\" content=\"article\" \/>\n<meta property=\"og:title\" content=\"Campeonatos de Espa\u00f1a 2019 - FEDA\" \/>\n<meta property=\"og:description\" content=\"Campeonato Tiendas de la Estaci\u00f3n &#8211; Madrid Chamart\u00edn Campeonato de Espa\u00f1a Absoluto y Femenino Campeonato de Espa\u00f1a de Veteranos CECLUB Divisi\u00f3n de Honor CECLUB Primera Divisi\u00f3n Campeonato de Espa\u00f1a R\u00e1pido Absoluto Campeonato de Espa\u00f1a Rel\u00e1mpago Absoluto CECLUB Segunda Divisi\u00f3n Campeonato de Espa\u00f1a por Selecciones Auton\u00f3micas Sub 14 y Sub 16 Campeonatos de Espa\u00f1a Sub 8 [&hellip;]\" \/>\n<meta property=\"og:url\" content=\"https:\/\/feda.org\/feda2k16\/campeonatos-de-espana-2019\/\" \/>\n<meta property=\"og:site_name\" content=\"FEDA\" \/>\n<meta property=\"article:publisher\" content=\"https:\/\/www.facebook.com\/federacionespanoladeajedrez\/\" \/>\n<meta property=\"article:modified_time\" content=\"2020-02-20T11:49:46+00:00\" \/>\n<meta name=\"twitter:card\" content=\"summary_large_image\" \/>\n<meta name=\"twitter:site\" content=\"@AjedrezEspanola\" \/>\n<script type=\"application\/ld+json\" class=\"yoast-schema-graph\">{\"@context\":\"https:\\\/\\\/schema.org\",\"@graph\":[{\"@type\":\"WebPage\",\"@id\":\"https:\\\/\\\/feda.org\\\/feda2k16\\\/campeonatos-de-espana-2019\\\/\",\"url\":\"https:\\\/\\\/feda.org\\\/feda2k16\\\/campeonatos-de-espana-2019\\\/\",\"name\":\"Campeonatos de Espa\u00f1a 2019 - FEDA\",\"isPartOf\":{\"@id\":\"https:\\\/\\\/feda.org\\\/feda2k16\\\/#website\"},\"datePublished\":\"2019-02-15T10:46:37+00:00\",\"dateModified\":\"2020-02-20T11:49:46+00:00\",\"breadcrumb\":{\"@id\":\"https:\\\/\\\/feda.org\\\/feda2k16\\\/campeonatos-de-espana-2019\\\/#breadcrumb\"},\"inLanguage\":\"es\",\"potentialAction\":[{\"@type\":\"ReadAction\",\"target\":[\"https:\\\/\\\/feda.org\\\/feda2k16\\\/campeonatos-de-espana-2019\\\/\"]}]},{\"@type\":\"BreadcrumbList\",\"@id\":\"https:\\\/\\\/feda.org\\\/feda2k16\\\/campeonatos-de-espana-2019\\\/#breadcrumb\",\"itemListElement\":[{\"@type\":\"ListItem\",\"position\":1,\"name\":\"Portada\",\"item\":\"https:\\\/\\\/feda.org\\\/feda2k16\\\/\"},{\"@type\":\"ListItem\",\"position\":2,\"name\":\"Campeonatos de Espa\u00f1a 2019\"}]},{\"@type\":\"WebSite\",\"@id\":\"https:\\\/\\\/feda.org\\\/feda2k16\\\/#website\",\"url\":\"https:\\\/\\\/feda.org\\\/feda2k16\\\/\",\"name\":\"FEDA\",\"description\":\"Federaci\u00f3n Espa\u00f1ola de Ajedrez\",\"publisher\":{\"@id\":\"https:\\\/\\\/feda.org\\\/feda2k16\\\/#organization\"},\"alternateName\":\"Federaci\u00f3n Espa\u00f1ola de Ajedrez\",\"potentialAction\":[{\"@type\":\"SearchAction\",\"target\":{\"@type\":\"EntryPoint\",\"urlTemplate\":\"https:\\\/\\\/feda.org\\\/feda2k16\\\/?s={search_term_string}\"},\"query-input\":{\"@type\":\"PropertyValueSpecification\",\"valueRequired\":true,\"valueName\":\"search_term_string\"}}],\"inLanguage\":\"es\"},{\"@type\":\"Organization\",\"@id\":\"https:\\\/\\\/feda.org\\\/feda2k16\\\/#organization\",\"name\":\"FEDA\",\"alternateName\":\"Federaci\u00f3n Espa\u00f1ola de Ajedrez\",\"url\":\"https:\\\/\\\/feda.org\\\/feda2k16\\\/\",\"logo\":{\"@type\":\"ImageObject\",\"inLanguage\":\"es\",\"@id\":\"https:\\\/\\\/feda.org\\\/feda2k16\\\/#\\\/schema\\\/logo\\\/image\\\/\",\"url\":\"https:\\\/\\\/feda.org\\\/feda2k16\\\/wp-content\\\/uploads\\\/NuevoLogo_FEDA_2016.png\",\"contentUrl\":\"https:\\\/\\\/feda.org\\\/feda2k16\\\/wp-content\\\/uploads\\\/NuevoLogo_FEDA_2016.png\",\"width\":600,\"height\":600,\"caption\":\"FEDA\"},\"image\":{\"@id\":\"https:\\\/\\\/feda.org\\\/feda2k16\\\/#\\\/schema\\\/logo\\\/image\\\/\"},\"sameAs\":[\"https:\\\/\\\/www.facebook.com\\\/federacionespanoladeajedrez\\\/\",\"https:\\\/\\\/x.com\\\/AjedrezEspanola\",\"https:\\\/\\\/www.instagram.com\\\/federacionespanolaajedrez\\\/?hl=es\",\"https:\\\/\\\/www.youtube.com\\\/@FederacionEspanoladeAjedrezFED\\\/featured\"]}]}<\/script>\n<!-- \/ Yoast SEO plugin. -->","yoast_head_json":{"title":"Campeonatos de Espa\u00f1a 2019 - FEDA","robots":{"index":"index","follow":"follow","max-snippet":"max-snippet:-1","max-image-preview":"max-image-preview:large","max-video-preview":"max-video-preview:-1"},"canonical":"https:\/\/feda.org\/feda2k16\/campeonatos-de-espana-2019\/","og_locale":"es_ES","og_type":"article","og_title":"Campeonatos de Espa\u00f1a 2019 - FEDA","og_description":"Campeonato Tiendas de la Estaci\u00f3n &#8211; Madrid Chamart\u00edn Campeonato de Espa\u00f1a Absoluto y Femenino Campeonato de Espa\u00f1a de Veteranos CECLUB Divisi\u00f3n de Honor CECLUB Primera Divisi\u00f3n Campeonato de Espa\u00f1a R\u00e1pido Absoluto Campeonato de Espa\u00f1a Rel\u00e1mpago Absoluto CECLUB Segunda Divisi\u00f3n Campeonato de Espa\u00f1a por Selecciones Auton\u00f3micas Sub 14 y Sub 16 Campeonatos de Espa\u00f1a Sub 8 [&hellip;]","og_url":"https:\/\/feda.org\/feda2k16\/campeonatos-de-espana-2019\/","og_site_name":"FEDA","article_publisher":"https:\/\/www.facebook.com\/federacionespanoladeajedrez\/","article_modified_time":"2020-02-20T11:49:46+00:00","twitter_card":"summary_large_image","twitter_site":"@AjedrezEspanola","schema":{"@context":"https:\/\/schema.org","@graph":[{"@type":"WebPage","@id":"https:\/\/feda.org\/feda2k16\/campeonatos-de-espana-2019\/","url":"https:\/\/feda.org\/feda2k16\/campeonatos-de-espana-2019\/","name":"Campeonatos de Espa\u00f1a 2019 - FEDA","isPartOf":{"@id":"https:\/\/feda.org\/feda2k16\/#website"},"datePublished":"2019-02-15T10:46:37+00:00","dateModified":"2020-02-20T11:49:46+00:00","breadcrumb":{"@id":"https:\/\/feda.org\/feda2k16\/campeonatos-de-espana-2019\/#breadcrumb"},"inLanguage":"es","potentialAction":[{"@type":"ReadAction","target":["https:\/\/feda.org\/feda2k16\/campeonatos-de-espana-2019\/"]}]},{"@type":"BreadcrumbList","@id":"https:\/\/feda.org\/feda2k16\/campeonatos-de-espana-2019\/#breadcrumb","itemListElement":[{"@type":"ListItem","position":1,"name":"Portada","item":"https:\/\/feda.org\/feda2k16\/"},{"@type":"ListItem","position":2,"name":"Campeonatos de Espa\u00f1a 2019"}]},{"@type":"WebSite","@id":"https:\/\/feda.org\/feda2k16\/#website","url":"https:\/\/feda.org\/feda2k16\/","name":"FEDA","description":"Federaci\u00f3n Espa\u00f1ola de Ajedrez","publisher":{"@id":"https:\/\/feda.org\/feda2k16\/#organization"},"alternateName":"Federaci\u00f3n Espa\u00f1ola de Ajedrez","potentialAction":[{"@type":"SearchAction","target":{"@type":"EntryPoint","urlTemplate":"https:\/\/feda.org\/feda2k16\/?s={search_term_string}"},"query-input":{"@type":"PropertyValueSpecification","valueRequired":true,"valueName":"search_term_string"}}],"inLanguage":"es"},{"@type":"Organization","@id":"https:\/\/feda.org\/feda2k16\/#organization","name":"FEDA","alternateName":"Federaci\u00f3n Espa\u00f1ola de Ajedrez","url":"https:\/\/feda.org\/feda2k16\/","logo":{"@type":"ImageObject","inLanguage":"es","@id":"https:\/\/feda.org\/feda2k16\/#\/schema\/logo\/image\/","url":"https:\/\/feda.org\/feda2k16\/wp-content\/uploads\/NuevoLogo_FEDA_2016.png","contentUrl":"https:\/\/feda.org\/feda2k16\/wp-content\/uploads\/NuevoLogo_FEDA_2016.png","width":600,"height":600,"caption":"FEDA"},"image":{"@id":"https:\/\/feda.org\/feda2k16\/#\/schema\/logo\/image\/"},"sameAs":["https:\/\/www.facebook.com\/federacionespanoladeajedrez\/","https:\/\/x.com\/AjedrezEspanola","https:\/\/www.instagram.com\/federacionespanolaajedrez\/?hl=es","https:\/\/www.youtube.com\/@FederacionEspanoladeAjedrezFED\/featured"]}]}},"_links":{"self":[{"href":"https:\/\/feda.org\/feda2k16\/wp-json\/wp\/v2\/pages\/14610","targetHints":{"allow":["GET"]}}],"collection":[{"href":"https:\/\/feda.org\/feda2k16\/wp-json\/wp\/v2\/pages"}],"about":[{"href":"https:\/\/feda.org\/feda2k16\/wp-json\/wp\/v2\/types\/page"}],"author":[{"embeddable":true,"href":"https:\/\/feda.org\/feda2k16\/wp-json\/wp\/v2\/users\/2"}],"replies":[{"embeddable":true,"href":"https:\/\/feda.org\/feda2k16\/wp-json\/wp\/v2\/comments?post=14610"}],"version-history":[{"count":14,"href":"https:\/\/feda.org\/feda2k16\/wp-json\/wp\/v2\/pages\/14610\/revisions"}],"predecessor-version":[{"id":16182,"href":"https:\/\/feda.org\/feda2k16\/wp-json\/wp\/v2\/pages\/14610\/revisions\/16182"}],"wp:attachment":[{"href":"https:\/\/feda.org\/feda2k16\/wp-json\/wp\/v2\/media?parent=14610"}],"curies":[{"name":"wp","href":"https:\/\/api.w.org\/{rel}","templated":true}]}}