{"id":16060,"date":"2020-01-16T19:33:59","date_gmt":"2020-01-16T19:33:59","guid":{"rendered":"https:\/\/feda.org\/feda2k16\/?page_id=16060"},"modified":"2020-11-18T13:16:28","modified_gmt":"2020-11-18T13:16:28","slug":"circulares-2020","status":"publish","type":"page","link":"https:\/\/feda.org\/feda2k16\/circulares-2020\/","title":{"rendered":"Circulares 2020"},"content":{"rendered":"\n<p><a href=\"https:\/\/feda.org\/feda2k16\/circular-28-2020-grupos-de-tecnificacion-2020-2021\/\" data-type=\"URL\" data-id=\"https:\/\/feda.org\/feda2k16\/circular-28-2020-grupos-de-tecnificacion-2020-2021\/\">Circular 28\/2020 &#8211; Grupos de Tecnificaci\u00f3n 2020-2021<\/a><\/p>\n\n\n\n<p><a href=\"https:\/\/feda.org\/feda2k16\/circular-27-2020-alta-competicion-2020-2021\/\" data-type=\"URL\" data-id=\"https:\/\/feda.org\/feda2k16\/circular-27-2020-alta-competicion-2020-2021\/\">Circular 27\/2020 &#8211; Alta Competici\u00f3n 2020-2021<\/a><\/p>\n\n\n\n<p><a href=\"https:\/\/feda.org\/feda2k16\/circular-26-2020-participacion-en-el-cto-del-mundo-de-edades-on-line\/\" data-type=\"URL\" data-id=\"https:\/\/feda.org\/feda2k16\/circular-26-2020-participacion-en-el-cto-del-mundo-de-edades-on-line\/\">Circular 26\/2020 &#8211; Participaci\u00f3n en el Cto. del Mundo de Edades On Line<\/a><\/p>\n\n\n\n<p><a href=\"https:\/\/feda.org\/feda2k16\/circular-25-2020-convocatoria-del-campeonato-de-espana-de-primera-division-padron\/\" data-type=\"URL\" data-id=\"https:\/\/feda.org\/feda2k16\/circular-25-2020-convocatoria-del-campeonato-de-espana-de-primera-division-padron\/\">Circular 25\/2020 &#8211; Convocatoria del Campeonato de Espa\u00f1a de Primera Divisi\u00f3n. Padr\u00f3n<\/a><\/p>\n\n\n\n<p><a href=\"https:\/\/feda.org\/feda2k16\/circular-24-2020-convocatoria-del-campeonato-de-espana-de-division-de-honor-linares\/\" data-type=\"URL\" data-id=\"https:\/\/feda.org\/feda2k16\/circular-24-2020-convocatoria-del-campeonato-de-espana-de-division-de-honor-linares\/\">Circular 24\/2020 &#8211; Convocatoria del Campeonato de Espa\u00f1a de Divisi\u00f3n de Honor. Linares<\/a><\/p>\n\n\n\n<p><a href=\"https:\/\/feda.org\/feda2k16\/circular-23-2020-designaciones-arbitrales-ii-2020\/\" data-type=\"URL\" data-id=\"https:\/\/feda.org\/feda2k16\/circular-23-2020-designaciones-arbitrales-ii-2020\/\">Circular 23\/2020 \u2013 Designaciones Arbitrales II 2020<\/a><\/p>\n\n\n\n<p><a href=\"https:\/\/feda.org\/feda2k16\/circular-22-2020-convocatoria-del-campeonato-de-espana-individual-absoluto-y-femenino-2020\/\" data-type=\"URL\" data-id=\"https:\/\/feda.org\/feda2k16\/circular-22-2020-convocatoria-del-campeonato-de-espana-individual-absoluto-y-femenino-2020\/\">Circular 22\/2020 &#8211; Convocatoria del Campeonato de Espa\u00f1a Individual Absoluto y Femenino 2020<\/a><\/p>\n\n\n\n<p><a href=\"https:\/\/feda.org\/feda2k16\/circular-21-2020-convocatoria-ofertas-arbitrajes-ii\/\">Circular 21\/2020 &#8211; Convocatoria Ofertas Arbitrajes II<\/a><\/p>\n\n\n\n<p><a href=\"https:\/\/feda.org\/feda2k16\/circular-20-2020-convocatoria-del-campeonato-de-espana-de-segunda-division-linares-2020\/\">Circular 20\/2020 &#8211; Convocatoria del Campeonato de Espa\u00f1a de Segunda Divisi\u00f3n. Linares 2020<\/a><\/p>\n\n\n\n<p><a href=\"https:\/\/feda.org\/feda2k16\/circular-19-2020-olimpiada-on-line-seleccion-espanola-2020\/\">Circular 19\/2020 &#8211; Olimpiada On-Line. Selecci\u00f3n Espa\u00f1ola 2020<\/a><\/p>\n\n\n\n<p><a href=\"https:\/\/feda.org\/feda2k16\/circular-18-2020-informacion-sobre-los-campeonatos-de-espana-de-jovenes-salobrena-2020\/\">Circular 18\/2020 &#8211; Informaci\u00f3n sobre los Campeonatos de Espa\u00f1a de J\u00f3venes. Salobre\u00f1a 2020<\/a><\/p>\n\n\n\n<p><a href=\"https:\/\/feda.org\/feda2k16\/circular-17-2020-actualizacion-del-protocolo-feda-para-campeonatos-de-espana\/\">Circular 17\/2020 &#8211; Actualizaci\u00f3n del protocolo FEDA para Campeonatos de Espa\u00f1a<\/a><\/p>\n\n\n\n<p><a href=\"https:\/\/feda.org\/feda2k16\/circular-16-2020-convocatoria-de-los-campeonatos-de-espana-sub-8-a-sub-18-2020\/\">Circular 16\/2020 &#8211; Convocatoria de los Campeonatos de Espa\u00f1a Sub 8 a Sub 18 2020<\/a><\/p>\n\n\n\n<p><a href=\"https:\/\/feda.org\/feda2k16\/circular-15-2020-reinicio-de-las-competiciones-protocolos-y-calendario-20\/\">Circular 15\/2020 &#8211; Reinicio de las Competiciones. Protocolos y Calendario 2020<\/a><\/p>\n\n\n\n<p><a href=\"https:\/\/feda.org\/feda2k16\/circular-14-2020-convocatoria-seminario-arbitro-fide-2020\/\">Circular 14\/2020 &#8211; Convocatoria Seminario \u00c1rbitro FIDE 2020<\/a><\/p>\n\n\n\n<p><a href=\"https:\/\/feda.org\/feda2k16\/circular-13-2020-estimacion-calendario-2020\/\">Circular 13\/2020 &#8211; Estimaci\u00f3n Calendario 2020<\/a><\/p>\n\n\n\n<p><a href=\"https:\/\/feda.org\/feda2k16\/circular-12-2020-participacion-en-el-campeonato-iberoamericano-online-2020\/\">Circular 12\/2020 &#8211; Participaci\u00f3n en el Campeonato Iberoamericano OnLine 2020<\/a><\/p>\n\n\n\n<p><a href=\"https:\/\/feda.org\/feda2k16\/circular-11-2020-aplazamiento-de-la-convocatoria-del-campeonato-de-espana-de-colegios-2020\/\">Circular 11\/2020 &#8211; Aplazamiento de la convocatoria del Campeonato de Espa\u00f1a de Colegios 2020<\/a><\/p>\n\n\n\n<p><a href=\"https:\/\/feda.org\/feda2k16\/circular-10-2020-informacion-e-instrucciones-sobre-el-coronavirus\/\">Circular 10\/2020 &#8211; Informaci\u00f3n e Instrucciones sobre el Coronavirus<\/a><\/p>\n\n\n\n<p><a href=\"https:\/\/feda.org\/feda2k16\/circular-09-2020-convocatoria-de-los-campeonatos-de-espana-rapido-sub-10-a-sub-18-2020\/\">Circular 09\/2020 &#8211; Convocatoria de los Campeonatos de Espa\u00f1a R\u00e1pido Sub 10 a Sub 18 2020<\/a><\/p>\n\n\n\n<p><a href=\"https:\/\/feda.org\/feda2k16\/circular-08-2020-convocatoria-de-los-campeonatos-de-espana-sub-8-a-sub-18-2020\/\">Circular 08\/2020 &#8211; Convocatoria de los Campeonatos de Espa\u00f1a Sub 8 a Sub 18 2020<\/a><\/p>\n\n\n\n<p><a href=\"https:\/\/feda.org\/feda2k16\/circular-07-2020-seguro-obligatorio-deportivo-2020\/\">Circular 07\/2020 &#8211; Seguro Obligatorio Deportivo 2020<\/a><\/p>\n\n\n\n<p><a href=\"https:\/\/feda.org\/feda2k16\/circular-06-2020-actualizacion-del-calendario-deportivo-provisional-2020\/\">Circular 06\/2020 &#8211; Actualizaci\u00f3n del Calendario Deportivo Provisional 2020<\/a><\/p>\n\n\n\n<p><a href=\"https:\/\/feda.org\/feda2k16\/circular-05-2020-licitacion-campeonato-de-espana-de-veteranos-2020\/\">Circular 05\/2020 &#8211;  Licitaci\u00f3n Campeonato de Espa\u00f1a de Veteranos 2020<\/a><\/p>\n\n\n\n<p><a href=\"https:\/\/feda.org\/feda2k16\/circular-04-2020-licitacion-campeonato-de-espana-de-ajedrez-rapido-por-equipos-de-club-2020\/\">Circular 04\/2020 &#8211;  Licitaci\u00f3n Campeonato de Espa\u00f1a de Ajedrez R\u00e1pido por Equipos de Club 2020<\/a><\/p>\n\n\n\n<p><a href=\"https:\/\/feda.org\/feda2k16\/circular-03-2020-licitacion-campeonato-de-espana-de-aficionados-2020\/\">Circular 03\/2020 &#8211;  Licitaci\u00f3n Campeonato de Espa\u00f1a de Aficionados 2020<\/a><\/p>\n\n\n\n<p><a href=\"https:\/\/feda.org\/feda2k16\/circular-02-2020-licitacion-campeonato-de-espana-de-colegios-2020\/\">Circular 02\/2020 &#8211; Licitaci\u00f3n Campeonato de Espa\u00f1a de Colegios 2020<\/a><\/p>\n\n\n\n<p><a href=\"https:\/\/feda.org\/feda2k16\/circular-01-2020-avance-del-calendario-deportivo-provisional-2020\/\">Circular 01\/2020 &#8211; Avance del Calendario Deportivo Provisional 2020<\/a><\/p>\n","protected":false},"excerpt":{"rendered":"<p>Circular 28\/2020 &#8211; Grupos de Tecnificaci\u00f3n 2020-2021 Circular 27\/2020 &#8211; Alta Competici\u00f3n 2020-2021 Circular 26\/2020 &#8211; Participaci\u00f3n en el Cto. del Mundo de Edades On Line Circular 25\/2020 &#8211; Convocatoria del Campeonato de Espa\u00f1a de Primera Divisi\u00f3n. Padr\u00f3n Circular 24\/2020 &#8211; Convocatoria del Campeonato de Espa\u00f1a de Divisi\u00f3n de Honor. Linares Circular 23\/2020 \u2013 Designaciones [&hellip;]<\/p>\n","protected":false},"author":2,"featured_media":0,"parent":0,"menu_order":0,"comment_status":"closed","ping_status":"closed","template":"","meta":{"footnotes":""},"class_list":["post-16060","page","type-page","status-publish","hentry"],"yoast_head":"<!-- This site is optimized with the Yoast SEO plugin v27.4 - https:\/\/yoast.com\/product\/yoast-seo-wordpress\/ -->\n<title>Circulares 2020 - FEDA<\/title>\n<meta name=\"robots\" content=\"index, follow, max-snippet:-1, max-image-preview:large, max-video-preview:-1\" \/>\n<link rel=\"canonical\" href=\"https:\/\/feda.org\/feda2k16\/circulares-2020\/\" \/>\n<meta property=\"og:locale\" content=\"es_ES\" \/>\n<meta property=\"og:type\" content=\"article\" \/>\n<meta property=\"og:title\" content=\"Circulares 2020 - FEDA\" \/>\n<meta property=\"og:description\" content=\"Circular 28\/2020 &#8211; Grupos de Tecnificaci\u00f3n 2020-2021 Circular 27\/2020 &#8211; Alta Competici\u00f3n 2020-2021 Circular 26\/2020 &#8211; Participaci\u00f3n en el Cto. del Mundo de Edades On Line Circular 25\/2020 &#8211; Convocatoria del Campeonato de Espa\u00f1a de Primera Divisi\u00f3n. Padr\u00f3n Circular 24\/2020 &#8211; Convocatoria del Campeonato de Espa\u00f1a de Divisi\u00f3n de Honor. Linares Circular 23\/2020 \u2013 Designaciones [&hellip;]\" \/>\n<meta property=\"og:url\" content=\"https:\/\/feda.org\/feda2k16\/circulares-2020\/\" \/>\n<meta property=\"og:site_name\" content=\"FEDA\" \/>\n<meta property=\"article:publisher\" content=\"https:\/\/www.facebook.com\/federacionespanoladeajedrez\/\" \/>\n<meta property=\"article:modified_time\" content=\"2020-11-18T13:16:28+00:00\" \/>\n<meta name=\"twitter:card\" content=\"summary_large_image\" \/>\n<meta name=\"twitter:site\" content=\"@AjedrezEspanola\" \/>\n<meta name=\"twitter:label1\" content=\"Tiempo de lectura\" \/>\n\t<meta name=\"twitter:data1\" content=\"1 minuto\" \/>\n<script type=\"application\/ld+json\" class=\"yoast-schema-graph\">{\"@context\":\"https:\\\/\\\/schema.org\",\"@graph\":[{\"@type\":\"WebPage\",\"@id\":\"https:\\\/\\\/feda.org\\\/feda2k16\\\/circulares-2020\\\/\",\"url\":\"https:\\\/\\\/feda.org\\\/feda2k16\\\/circulares-2020\\\/\",\"name\":\"Circulares 2020 - FEDA\",\"isPartOf\":{\"@id\":\"https:\\\/\\\/feda.org\\\/feda2k16\\\/#website\"},\"datePublished\":\"2020-01-16T19:33:59+00:00\",\"dateModified\":\"2020-11-18T13:16:28+00:00\",\"breadcrumb\":{\"@id\":\"https:\\\/\\\/feda.org\\\/feda2k16\\\/circulares-2020\\\/#breadcrumb\"},\"inLanguage\":\"es\",\"potentialAction\":[{\"@type\":\"ReadAction\",\"target\":[\"https:\\\/\\\/feda.org\\\/feda2k16\\\/circulares-2020\\\/\"]}]},{\"@type\":\"BreadcrumbList\",\"@id\":\"https:\\\/\\\/feda.org\\\/feda2k16\\\/circulares-2020\\\/#breadcrumb\",\"itemListElement\":[{\"@type\":\"ListItem\",\"position\":1,\"name\":\"Portada\",\"item\":\"https:\\\/\\\/feda.org\\\/feda2k16\\\/\"},{\"@type\":\"ListItem\",\"position\":2,\"name\":\"Circulares 2020\"}]},{\"@type\":\"WebSite\",\"@id\":\"https:\\\/\\\/feda.org\\\/feda2k16\\\/#website\",\"url\":\"https:\\\/\\\/feda.org\\\/feda2k16\\\/\",\"name\":\"FEDA\",\"description\":\"Federaci\u00f3n Espa\u00f1ola de Ajedrez\",\"publisher\":{\"@id\":\"https:\\\/\\\/feda.org\\\/feda2k16\\\/#organization\"},\"alternateName\":\"Federaci\u00f3n Espa\u00f1ola de Ajedrez\",\"potentialAction\":[{\"@type\":\"SearchAction\",\"target\":{\"@type\":\"EntryPoint\",\"urlTemplate\":\"https:\\\/\\\/feda.org\\\/feda2k16\\\/?s={search_term_string}\"},\"query-input\":{\"@type\":\"PropertyValueSpecification\",\"valueRequired\":true,\"valueName\":\"search_term_string\"}}],\"inLanguage\":\"es\"},{\"@type\":\"Organization\",\"@id\":\"https:\\\/\\\/feda.org\\\/feda2k16\\\/#organization\",\"name\":\"FEDA\",\"alternateName\":\"Federaci\u00f3n Espa\u00f1ola de Ajedrez\",\"url\":\"https:\\\/\\\/feda.org\\\/feda2k16\\\/\",\"logo\":{\"@type\":\"ImageObject\",\"inLanguage\":\"es\",\"@id\":\"https:\\\/\\\/feda.org\\\/feda2k16\\\/#\\\/schema\\\/logo\\\/image\\\/\",\"url\":\"https:\\\/\\\/feda.org\\\/feda2k16\\\/wp-content\\\/uploads\\\/NuevoLogo_FEDA_2016.png\",\"contentUrl\":\"https:\\\/\\\/feda.org\\\/feda2k16\\\/wp-content\\\/uploads\\\/NuevoLogo_FEDA_2016.png\",\"width\":600,\"height\":600,\"caption\":\"FEDA\"},\"image\":{\"@id\":\"https:\\\/\\\/feda.org\\\/feda2k16\\\/#\\\/schema\\\/logo\\\/image\\\/\"},\"sameAs\":[\"https:\\\/\\\/www.facebook.com\\\/federacionespanoladeajedrez\\\/\",\"https:\\\/\\\/x.com\\\/AjedrezEspanola\",\"https:\\\/\\\/www.instagram.com\\\/federacionespanolaajedrez\\\/?hl=es\",\"https:\\\/\\\/www.youtube.com\\\/@FederacionEspanoladeAjedrezFED\\\/featured\"]}]}<\/script>\n<!-- \/ Yoast SEO plugin. -->","yoast_head_json":{"title":"Circulares 2020 - FEDA","robots":{"index":"index","follow":"follow","max-snippet":"max-snippet:-1","max-image-preview":"max-image-preview:large","max-video-preview":"max-video-preview:-1"},"canonical":"https:\/\/feda.org\/feda2k16\/circulares-2020\/","og_locale":"es_ES","og_type":"article","og_title":"Circulares 2020 - FEDA","og_description":"Circular 28\/2020 &#8211; Grupos de Tecnificaci\u00f3n 2020-2021 Circular 27\/2020 &#8211; Alta Competici\u00f3n 2020-2021 Circular 26\/2020 &#8211; Participaci\u00f3n en el Cto. del Mundo de Edades On Line Circular 25\/2020 &#8211; Convocatoria del Campeonato de Espa\u00f1a de Primera Divisi\u00f3n. Padr\u00f3n Circular 24\/2020 &#8211; Convocatoria del Campeonato de Espa\u00f1a de Divisi\u00f3n de Honor. Linares Circular 23\/2020 \u2013 Designaciones [&hellip;]","og_url":"https:\/\/feda.org\/feda2k16\/circulares-2020\/","og_site_name":"FEDA","article_publisher":"https:\/\/www.facebook.com\/federacionespanoladeajedrez\/","article_modified_time":"2020-11-18T13:16:28+00:00","twitter_card":"summary_large_image","twitter_site":"@AjedrezEspanola","twitter_misc":{"Tiempo de lectura":"1 minuto"},"schema":{"@context":"https:\/\/schema.org","@graph":[{"@type":"WebPage","@id":"https:\/\/feda.org\/feda2k16\/circulares-2020\/","url":"https:\/\/feda.org\/feda2k16\/circulares-2020\/","name":"Circulares 2020 - FEDA","isPartOf":{"@id":"https:\/\/feda.org\/feda2k16\/#website"},"datePublished":"2020-01-16T19:33:59+00:00","dateModified":"2020-11-18T13:16:28+00:00","breadcrumb":{"@id":"https:\/\/feda.org\/feda2k16\/circulares-2020\/#breadcrumb"},"inLanguage":"es","potentialAction":[{"@type":"ReadAction","target":["https:\/\/feda.org\/feda2k16\/circulares-2020\/"]}]},{"@type":"BreadcrumbList","@id":"https:\/\/feda.org\/feda2k16\/circulares-2020\/#breadcrumb","itemListElement":[{"@type":"ListItem","position":1,"name":"Portada","item":"https:\/\/feda.org\/feda2k16\/"},{"@type":"ListItem","position":2,"name":"Circulares 2020"}]},{"@type":"WebSite","@id":"https:\/\/feda.org\/feda2k16\/#website","url":"https:\/\/feda.org\/feda2k16\/","name":"FEDA","description":"Federaci\u00f3n Espa\u00f1ola de Ajedrez","publisher":{"@id":"https:\/\/feda.org\/feda2k16\/#organization"},"alternateName":"Federaci\u00f3n Espa\u00f1ola de Ajedrez","potentialAction":[{"@type":"SearchAction","target":{"@type":"EntryPoint","urlTemplate":"https:\/\/feda.org\/feda2k16\/?s={search_term_string}"},"query-input":{"@type":"PropertyValueSpecification","valueRequired":true,"valueName":"search_term_string"}}],"inLanguage":"es"},{"@type":"Organization","@id":"https:\/\/feda.org\/feda2k16\/#organization","name":"FEDA","alternateName":"Federaci\u00f3n Espa\u00f1ola de Ajedrez","url":"https:\/\/feda.org\/feda2k16\/","logo":{"@type":"ImageObject","inLanguage":"es","@id":"https:\/\/feda.org\/feda2k16\/#\/schema\/logo\/image\/","url":"https:\/\/feda.org\/feda2k16\/wp-content\/uploads\/NuevoLogo_FEDA_2016.png","contentUrl":"https:\/\/feda.org\/feda2k16\/wp-content\/uploads\/NuevoLogo_FEDA_2016.png","width":600,"height":600,"caption":"FEDA"},"image":{"@id":"https:\/\/feda.org\/feda2k16\/#\/schema\/logo\/image\/"},"sameAs":["https:\/\/www.facebook.com\/federacionespanoladeajedrez\/","https:\/\/x.com\/AjedrezEspanola","https:\/\/www.instagram.com\/federacionespanolaajedrez\/?hl=es","https:\/\/www.youtube.com\/@FederacionEspanoladeAjedrezFED\/featured"]}]}},"_links":{"self":[{"href":"https:\/\/feda.org\/feda2k16\/wp-json\/wp\/v2\/pages\/16060","targetHints":{"allow":["GET"]}}],"collection":[{"href":"https:\/\/feda.org\/feda2k16\/wp-json\/wp\/v2\/pages"}],"about":[{"href":"https:\/\/feda.org\/feda2k16\/wp-json\/wp\/v2\/types\/page"}],"author":[{"embeddable":true,"href":"https:\/\/feda.org\/feda2k16\/wp-json\/wp\/v2\/users\/2"}],"replies":[{"embeddable":true,"href":"https:\/\/feda.org\/feda2k16\/wp-json\/wp\/v2\/comments?post=16060"}],"version-history":[{"count":26,"href":"https:\/\/feda.org\/feda2k16\/wp-json\/wp\/v2\/pages\/16060\/revisions"}],"predecessor-version":[{"id":17624,"href":"https:\/\/feda.org\/feda2k16\/wp-json\/wp\/v2\/pages\/16060\/revisions\/17624"}],"wp:attachment":[{"href":"https:\/\/feda.org\/feda2k16\/wp-json\/wp\/v2\/media?parent=16060"}],"curies":[{"name":"wp","href":"https:\/\/api.w.org\/{rel}","templated":true}]}}