{"id":17871,"date":"2021-02-04T20:11:52","date_gmt":"2021-02-04T20:11:52","guid":{"rendered":"https:\/\/feda.org\/feda2k16\/?page_id=17871"},"modified":"2022-01-09T18:59:26","modified_gmt":"2022-01-09T18:59:26","slug":"circulares-2021","status":"publish","type":"page","link":"https:\/\/feda.org\/feda2k16\/circulares-2021\/","title":{"rendered":"Circulares 2021"},"content":{"rendered":"\n<p><a href=\"https:\/\/feda.org\/feda2k16\/circular-34-2021-seleccion-espanola-para-el-campeonato-de-europa-2021\/\">Circular 33\/2021 &#8211; Selecci\u00f3n Espa\u00f1ola para el Campeonato de Europa 2021<\/a><\/p>\n\n\n\n<p><a href=\"https:\/\/feda.org\/feda2k16\/circular-32-2021-convocatoria-del-campeonato-de-espana-por-equipos-de-club-de-division-de-honor-toledo-2021\/\" data-type=\"URL\" data-id=\"https:\/\/feda.org\/feda2k16\/circular-32-2021-convocatoria-del-campeonato-de-espana-por-equipos-de-club-de-division-de-honor-toledo-2021\/\">Circular 32\/2021 &#8211; Convocatoria del Campeonato de Espa\u00f1a por Equipos de Club de Divisi\u00f3n de Honor. Toledo 2021<\/a><\/p>\n\n\n\n<p><a href=\"https:\/\/feda.org\/feda2k16\/circular-31-2021-convocatoria-del-campeonato-de-espana-de-ajedrez-rapido-por-equipos-de-club-ciudad-real-2021\/\" data-type=\"URL\" data-id=\"https:\/\/feda.org\/feda2k16\/circular-31-2021-convocatoria-del-campeonato-de-espana-de-ajedrez-rapido-por-equipos-de-club-ciudad-real-2021\/\">Circular 31\/2021 &#8211; Convocatoria del Campeonato de Espa\u00f1a de Ajedrez R\u00e1pido por Equipos de Club. Ciudad Real 2021<\/a><\/p>\n\n\n\n<p><a href=\"https:\/\/feda.org\/feda2k16\/circular-30-2021-seleccion-espanola-olimpiada-on-line-2021\/\" data-type=\"URL\" data-id=\"https:\/\/feda.org\/feda2k16\/circular-30-2021-seleccion-espanola-olimpiada-on-line-2021\/\">Circular 30\/2021 &#8211; Selecci\u00f3n Espa\u00f1ola Olimpiada On Line 2021<\/a><\/p>\n\n\n\n<p><a href=\"https:\/\/feda.org\/feda2k16\/circular-29-2021-tecnificacion-2021-2022\/\" data-type=\"URL\" data-id=\"https:\/\/feda.org\/feda2k16\/circular-29-2021-tecnificacion-2021-2022\/\">Circular 29\/2021 &#8211; Tecnificaci\u00f3n 2021\/2022<\/a><\/p>\n\n\n\n<p><a href=\"https:\/\/feda.org\/feda2k16\/circular-28-2021-alta-competicion-2021-2022\/\" data-type=\"URL\" data-id=\"https:\/\/feda.org\/feda2k16\/circular-28-2021-alta-competicion-2021-2022\/\">Circular 28\/2021 &#8211; Alta Competici\u00f3n 2021\/2022<\/a><\/p>\n\n\n\n<p><a href=\"https:\/\/feda.org\/feda2k16\/circular-27-2021-campeonato-de-europa-individual-de-jovenes-sub-8-a-sub-18-hibrido-ciudad-real-2021\/\" data-type=\"URL\" data-id=\"https:\/\/feda.org\/feda2k16\/circular-27-2021-campeonato-de-europa-individual-de-jovenes-sub-8-a-sub-18-hibrido-ciudad-real-2021\/\">Circular 27\/2021 &#8211; Campeonato de Europa Individual de J\u00f3venes Sub 8 a Sub 18 H\u00edbrido. Ciudad Real 2021<\/a><\/p>\n\n\n\n<p><a href=\"https:\/\/feda.org\/feda2k16\/circular-26-2021-convocatoria-cto-espana-por-equipos-de-club-primera-division-linares-2021\/\" data-type=\"URL\" data-id=\"https:\/\/feda.org\/feda2k16\/circular-26-2021-convocatoria-cto-espana-por-equipos-de-club-primera-division-linares-2021\/\">Circular 26\/2021 &#8211;  Convocatoria Cto. Espa\u00f1a por Equipos de Club Primera Divisi\u00f3n. Linares 2021<\/a><\/p>\n\n\n\n<p><a href=\"https:\/\/feda.org\/feda2k16\/circular-25-2021-convocatoria-del-campeonato-de-espana-de-veteranos-2021-altea-alicante\/\" data-type=\"URL\" data-id=\"https:\/\/feda.org\/feda2k16\/circular-25-2021-convocatoria-del-campeonato-de-espana-de-veteranos-2021-altea-alicante\/\">Circular 25\/2021 &#8211; Convocatoria del Campeonato de Espa\u00f1a de Veteranos 2021. Altea (Alicante)<\/a><\/p>\n\n\n\n<p><a href=\"https:\/\/feda.org\/feda2k16\/circular-24-2021-convocatoria-del-campeonato-de-espana-absoluto-2021-linares-jaen\/\" data-type=\"URL\" data-id=\"https:\/\/feda.org\/feda2k16\/circular-24-2021-convocatoria-del-campeonato-de-espana-absoluto-2021-linares-jaen\/\">Circular 24\/2021 &#8211; Convocatoria del Campeonato de Espa\u00f1a Absoluto 2021. Linares (Ja\u00e9n)<\/a><\/p>\n\n\n\n<p><a href=\"https:\/\/feda.org\/feda2k16\/circular-23-2021-convocatoria-del-campeonato-de-espana-de-ajedrez-rapido-2021-jaen\/\" data-type=\"URL\" data-id=\"https:\/\/feda.org\/feda2k16\/circular-23-2021-convocatoria-del-campeonato-de-espana-de-ajedrez-rapido-2021-jaen\/\">Circular 23\/2021 &#8211; Convocatoria del Campeonato de Espa\u00f1a de Ajedrez R\u00e1pido 2021. Ja\u00e9n<\/a><\/p>\n\n\n\n<p><a href=\"https:\/\/feda.org\/feda2k16\/circular-22-2021-convocatoria-del-campeonato-de-espana-de-ajedrez-relampago-2021-marmolejo-jaen\/\" data-type=\"URL\" data-id=\"https:\/\/feda.org\/feda2k16\/circular-22-2021-convocatoria-del-campeonato-de-espana-de-ajedrez-relampago-2021-marmolejo-jaen\/\">Circular 22\/2021 &#8211; Convocatoria del Campeonato de Espa\u00f1a de Ajedrez Rel\u00e1mpago 2021. Marmolejo (Ja\u00e9n)<\/a><\/p>\n\n\n\n<p><a href=\"https:\/\/feda.org\/feda2k16\/circular-21-2021-actualizacion-del-calendario-deportivo-2021\/\" data-type=\"URL\" data-id=\"https:\/\/feda.org\/feda2k16\/circular-21-2021-actualizacion-del-calendario-deportivo-2021\/\">Circular 21\/2021 &#8211; Actualizaci\u00f3n del Calendario Deportivo 2021<\/a><\/p>\n\n\n\n<p><a href=\"https:\/\/feda.org\/feda2k16\/circular-20-2021-convocatoria-cto-espana-por-equipos-de-club-segunda-division-linares-2021\/\" data-type=\"URL\" data-id=\"https:\/\/feda.org\/feda2k16\/circular-20-2021-convocatoria-cto-espana-por-equipos-de-club-segunda-division-linares-2021\/\">Circular 20\/2021 &#8211; Convocatoria Cto. Espa\u00f1a por Equipos de Club Segunda Divisi\u00f3n. Linares 2021<\/a><\/p>\n\n\n\n<p><a href=\"https:\/\/feda.org\/feda2k16\/circular-19-2021-convocatoria-campeonato-de-espana-parejas-mixtas-2021\/\">Circular 19\/2021 &#8211; Convocatoria Campeonato de Espa\u00f1a Parejas Mixtas 2021<\/a><\/p>\n\n\n\n<p><a href=\"https:\/\/feda.org\/feda2k16\/circular-18-2021-calendario-deportivo-2021\/\" data-type=\"URL\" data-id=\"https:\/\/feda.org\/feda2k16\/circular-18-2021-calendario-deportivo-2021\/\">Circular 18\/2021 &#8211; Calendario Deportivo 2021<\/a><\/p>\n\n\n\n<p><a href=\"https:\/\/feda.org\/feda2k16\/circular-17-2021-convocatoria-de-los-campeonatos-de-espana-en-edad-escolar-por-selecciones-autonomicas\/\" data-type=\"URL\" data-id=\"https:\/\/feda.org\/feda2k16\/circular-17-2021-convocatoria-de-los-campeonatos-de-espana-en-edad-escolar-por-selecciones-autonomicas\/\">Circular 17\/2021 &#8211; Convocatoria de los Campeonatos de Espa\u00f1a en Edad Escolar por Selecciones Auton\u00f3micas<\/a><\/p>\n\n\n\n<p><a href=\"https:\/\/feda.org\/feda2k16\/circular-16-2021-convocatoria-de-los-campeonatos-de-espana-de-ajedrez-rapido-sub-10-a-sub-18-salobrena-2021\/\" data-type=\"URL\" data-id=\"https:\/\/feda.org\/feda2k16\/circular-16-2021-convocatoria-de-los-campeonatos-de-espana-de-ajedrez-rapido-sub-10-a-sub-18-salobrena-2021\/\">Circular 16\/2021 &#8211; Convocatoria de los Campeonatos de Espa\u00f1a de Ajedrez R\u00e1pido Sub 10 a Sub 18. Salobre\u00f1a 2021<\/a><\/p>\n\n\n\n<p><a href=\"https:\/\/feda.org\/feda2k16\/circular-15-2021-convocatoria-campeonatos-de-espana-sub-8-a-sub-18-salobrena-2021\/\" data-type=\"URL\" data-id=\"https:\/\/feda.org\/feda2k16\/circular-15-2021-convocatoria-campeonatos-de-espana-sub-8-a-sub-18-salobrena-2021\/\">Circular 15\/2021 &#8211; Convocatoria Campeonatos de Espa\u00f1a Sub 8 a Sub 18 . Salobre\u00f1a 2021<\/a><\/p>\n\n\n\n<p><a href=\"https:\/\/feda.org\/feda2k16\/circular-14-2021-participacion-en-el-campeonato-de-europa-hibrido-2021\/\" data-type=\"URL\" data-id=\"https:\/\/feda.org\/feda2k16\/circular-14-2021-participacion-en-el-campeonato-de-europa-hibrido-2021\/\">Circular 14\/2021 &#8211; Participaci\u00f3n en el Campeonato de Europa H\u00edbrido 2021<\/a><\/p>\n\n\n\n<p><a href=\"https:\/\/feda.org\/feda2k16\/circular-13-2021-participacion-en-el-ii-campeonato-iberoamericano-online-2021\/\" data-type=\"URL\" data-id=\"https:\/\/feda.org\/feda2k16\/circular-13-2021-participacion-en-el-ii-campeonato-iberoamericano-online-2021\/\">Circular 13\/2021 &#8211; Participaci\u00f3n en el II Campeonato Iberoamericano Online 2021<\/a><\/p>\n\n\n\n<p><a href=\"https:\/\/feda.org\/feda2k16\/circular-12-2021-cambio-de-bandera-fide-actualizacion-normativa-2021\/\" data-type=\"URL\" data-id=\"https:\/\/feda.org\/feda2k16\/circular-12-2021-cambio-de-bandera-fide-actualizacion-normativa-2021\/\">Circular 12\/2021 &#8211; Cambio de Bandera FIDE (Actualizaci\u00f3n Normativa 2021)<\/a><\/p>\n\n\n\n<p><a href=\"https:\/\/feda.org\/feda2k16\/circular-11-2021-actualizacion-del-calendario-deportivo-provisional-2021\/\" data-type=\"URL\" data-id=\"https:\/\/feda.org\/feda2k16\/circular-11-2021-actualizacion-del-calendario-deportivo-provisional-2021\/\">Circular 11\/2021 &#8211; Actualizaci\u00f3n del Calendario Deportivo Provisional 2021<\/a><\/p>\n\n\n\n<p><a href=\"https:\/\/feda.org\/feda2k16\/circular-10-2021-ayudas-a-arbitros-2021\/\" data-type=\"URL\" data-id=\"https:\/\/feda.org\/feda2k16\/circular-10-2021-ayudas-a-arbitros-2021\/\">Circular 10\/2021 &#8211; Ayudas a \u00c1rbitros 2021<\/a><\/p>\n\n\n\n<p><a href=\"https:\/\/feda.org\/feda2k16\/circular-09-2021-ayudas-a-monitores-y-entrenadores-2021\/\" data-type=\"URL\" data-id=\"https:\/\/feda.org\/feda2k16\/circular-09-2021-ayudas-a-monitores-y-entrenadores-2021\/\">Circular 09\/2021 &#8211; Ayudas a Monitores y Entrenadores 2021<\/a><\/p>\n\n\n\n<p><a href=\"https:\/\/feda.org\/feda2k16\/circular-08-2021-ayudas-a-clubs-2021\/\" data-type=\"URL\" data-id=\"https:\/\/feda.org\/feda2k16\/circular-08-2021-ayudas-a-clubs-2021\/\">Circular 08\/2021 &#8211; Ayudas a Clubs 2021<\/a><\/p>\n\n\n\n<p><a href=\"https:\/\/feda.org\/feda2k16\/circular-07-2021-titulos-y-registro-fide-deportistas\/\" data-type=\"URL\" data-id=\"https:\/\/feda.org\/feda2k16\/circular-07-2021-titulos-y-registro-fide-deportistas\/\">Circular 07\/2021 &#8211; T\u00edtulos y Registro FIDE Deportistas<\/a><\/p>\n\n\n\n<p><a href=\"https:\/\/feda.org\/feda2k16\/circular-06-2021-criterios-de-seleccion-ciclo-2021-2022\/\" data-type=\"URL\" data-id=\"https:\/\/feda.org\/feda2k16\/circular-06-2021-criterios-de-seleccion-ciclo-2021-2022\/\">Circular 06\/2021 &#8211; Criterios de Selecci\u00f3n. Ciclo 2021-2022<\/a><\/p>\n\n\n\n<p><a href=\"https:\/\/feda.org\/feda2k16\/circular-05-2021-vegachess-e-info64-2021\/\" data-type=\"URL\" data-id=\"https:\/\/feda.org\/feda2k16\/circular-05-2021-vegachess-e-info64-2021\/\">Circular 05\/2021 &#8211; VegaChess e Info64 2021<\/a><\/p>\n\n\n\n<p><a href=\"https:\/\/feda.org\/feda2k16\/circular-04-2021-informes-evaluacion-de-torneos-y-elo-2021\/\" data-type=\"URL\" data-id=\"https:\/\/feda.org\/feda2k16\/circular-04-2021-informes-evaluacion-de-torneos-y-elo-2021\/\">Circular 04\/2021 &#8211; Informes, Evaluaci\u00f3n de Torneos y Elo 2021<\/a><\/p>\n\n\n\n<p><a href=\"https:\/\/feda.org\/feda2k16\/circular-03-2021-ceclub-2021\/\" data-type=\"URL\" data-id=\"https:\/\/feda.org\/feda2k16\/circular-03-2021-ceclub-2021\/\">Circular 03\/2021 &#8211; CECLUB 2021<\/a><\/p>\n\n\n\n<p><a href=\"https:\/\/feda.org\/feda2k16\/circular-02-2021-calendario-provisional-2021\/\" data-type=\"URL\" data-id=\"https:\/\/feda.org\/feda2k16\/circular-02-2021-calendario-provisional-2021\/\">Circular 02\/2021 &#8211; Calendario Provisional 2021<\/a><\/p>\n\n\n\n<p><a href=\"https:\/\/feda.org\/feda2k16\/circular-01-2021-licencias-2021\/\" data-type=\"URL\" data-id=\"https:\/\/feda.org\/feda2k16\/circular-01-2021-licencias-2021\/\">Circular 01\/2021 &#8211; Licencias 2021<\/a><\/p>\n\n\n","protected":false},"excerpt":{"rendered":"<p>Circular 33\/2021 &#8211; Selecci\u00f3n Espa\u00f1ola para el Campeonato de Europa 2021 Circular 32\/2021 &#8211; Convocatoria del Campeonato de Espa\u00f1a por Equipos de Club de Divisi\u00f3n de Honor. Toledo 2021 Circular 31\/2021 &#8211; Convocatoria del Campeonato de Espa\u00f1a de Ajedrez R\u00e1pido por Equipos de Club. Ciudad Real 2021 Circular 30\/2021 &#8211; Selecci\u00f3n Espa\u00f1ola Olimpiada On Line [&hellip;]<\/p>\n","protected":false},"author":2,"featured_media":0,"parent":0,"menu_order":0,"comment_status":"closed","ping_status":"closed","template":"","meta":{"footnotes":""},"class_list":["post-17871","page","type-page","status-publish","hentry"],"yoast_head":"<!-- This site is optimized with the Yoast SEO plugin v27.4 - https:\/\/yoast.com\/product\/yoast-seo-wordpress\/ -->\n<title>Circulares 2021 - FEDA<\/title>\n<meta name=\"robots\" content=\"index, follow, max-snippet:-1, max-image-preview:large, max-video-preview:-1\" \/>\n<link rel=\"canonical\" href=\"https:\/\/feda.org\/feda2k16\/circulares-2021\/\" \/>\n<meta property=\"og:locale\" content=\"es_ES\" \/>\n<meta property=\"og:type\" content=\"article\" \/>\n<meta property=\"og:title\" content=\"Circulares 2021 - FEDA\" \/>\n<meta property=\"og:description\" content=\"Circular 33\/2021 &#8211; Selecci\u00f3n Espa\u00f1ola para el Campeonato de Europa 2021 Circular 32\/2021 &#8211; Convocatoria del Campeonato de Espa\u00f1a por Equipos de Club de Divisi\u00f3n de Honor. Toledo 2021 Circular 31\/2021 &#8211; Convocatoria del Campeonato de Espa\u00f1a de Ajedrez R\u00e1pido por Equipos de Club. Ciudad Real 2021 Circular 30\/2021 &#8211; Selecci\u00f3n Espa\u00f1ola Olimpiada On Line [&hellip;]\" \/>\n<meta property=\"og:url\" content=\"https:\/\/feda.org\/feda2k16\/circulares-2021\/\" \/>\n<meta property=\"og:site_name\" content=\"FEDA\" \/>\n<meta property=\"article:publisher\" content=\"https:\/\/www.facebook.com\/federacionespanoladeajedrez\/\" \/>\n<meta property=\"article:modified_time\" content=\"2022-01-09T18:59:26+00:00\" \/>\n<meta name=\"twitter:card\" content=\"summary_large_image\" \/>\n<meta name=\"twitter:site\" content=\"@AjedrezEspanola\" \/>\n<meta name=\"twitter:label1\" content=\"Tiempo de lectura\" \/>\n\t<meta name=\"twitter:data1\" content=\"2 minutos\" \/>\n<script type=\"application\/ld+json\" class=\"yoast-schema-graph\">{\"@context\":\"https:\\\/\\\/schema.org\",\"@graph\":[{\"@type\":\"WebPage\",\"@id\":\"https:\\\/\\\/feda.org\\\/feda2k16\\\/circulares-2021\\\/\",\"url\":\"https:\\\/\\\/feda.org\\\/feda2k16\\\/circulares-2021\\\/\",\"name\":\"Circulares 2021 - FEDA\",\"isPartOf\":{\"@id\":\"https:\\\/\\\/feda.org\\\/feda2k16\\\/#website\"},\"datePublished\":\"2021-02-04T20:11:52+00:00\",\"dateModified\":\"2022-01-09T18:59:26+00:00\",\"breadcrumb\":{\"@id\":\"https:\\\/\\\/feda.org\\\/feda2k16\\\/circulares-2021\\\/#breadcrumb\"},\"inLanguage\":\"es\",\"potentialAction\":[{\"@type\":\"ReadAction\",\"target\":[\"https:\\\/\\\/feda.org\\\/feda2k16\\\/circulares-2021\\\/\"]}]},{\"@type\":\"BreadcrumbList\",\"@id\":\"https:\\\/\\\/feda.org\\\/feda2k16\\\/circulares-2021\\\/#breadcrumb\",\"itemListElement\":[{\"@type\":\"ListItem\",\"position\":1,\"name\":\"Portada\",\"item\":\"https:\\\/\\\/feda.org\\\/feda2k16\\\/\"},{\"@type\":\"ListItem\",\"position\":2,\"name\":\"Circulares 2021\"}]},{\"@type\":\"WebSite\",\"@id\":\"https:\\\/\\\/feda.org\\\/feda2k16\\\/#website\",\"url\":\"https:\\\/\\\/feda.org\\\/feda2k16\\\/\",\"name\":\"FEDA\",\"description\":\"Federaci\u00f3n Espa\u00f1ola de Ajedrez\",\"publisher\":{\"@id\":\"https:\\\/\\\/feda.org\\\/feda2k16\\\/#organization\"},\"alternateName\":\"Federaci\u00f3n Espa\u00f1ola de Ajedrez\",\"potentialAction\":[{\"@type\":\"SearchAction\",\"target\":{\"@type\":\"EntryPoint\",\"urlTemplate\":\"https:\\\/\\\/feda.org\\\/feda2k16\\\/?s={search_term_string}\"},\"query-input\":{\"@type\":\"PropertyValueSpecification\",\"valueRequired\":true,\"valueName\":\"search_term_string\"}}],\"inLanguage\":\"es\"},{\"@type\":\"Organization\",\"@id\":\"https:\\\/\\\/feda.org\\\/feda2k16\\\/#organization\",\"name\":\"FEDA\",\"alternateName\":\"Federaci\u00f3n Espa\u00f1ola de Ajedrez\",\"url\":\"https:\\\/\\\/feda.org\\\/feda2k16\\\/\",\"logo\":{\"@type\":\"ImageObject\",\"inLanguage\":\"es\",\"@id\":\"https:\\\/\\\/feda.org\\\/feda2k16\\\/#\\\/schema\\\/logo\\\/image\\\/\",\"url\":\"https:\\\/\\\/feda.org\\\/feda2k16\\\/wp-content\\\/uploads\\\/NuevoLogo_FEDA_2016.png\",\"contentUrl\":\"https:\\\/\\\/feda.org\\\/feda2k16\\\/wp-content\\\/uploads\\\/NuevoLogo_FEDA_2016.png\",\"width\":600,\"height\":600,\"caption\":\"FEDA\"},\"image\":{\"@id\":\"https:\\\/\\\/feda.org\\\/feda2k16\\\/#\\\/schema\\\/logo\\\/image\\\/\"},\"sameAs\":[\"https:\\\/\\\/www.facebook.com\\\/federacionespanoladeajedrez\\\/\",\"https:\\\/\\\/x.com\\\/AjedrezEspanola\",\"https:\\\/\\\/www.instagram.com\\\/federacionespanolaajedrez\\\/?hl=es\",\"https:\\\/\\\/www.youtube.com\\\/@FederacionEspanoladeAjedrezFED\\\/featured\"]}]}<\/script>\n<!-- \/ Yoast SEO plugin. -->","yoast_head_json":{"title":"Circulares 2021 - FEDA","robots":{"index":"index","follow":"follow","max-snippet":"max-snippet:-1","max-image-preview":"max-image-preview:large","max-video-preview":"max-video-preview:-1"},"canonical":"https:\/\/feda.org\/feda2k16\/circulares-2021\/","og_locale":"es_ES","og_type":"article","og_title":"Circulares 2021 - FEDA","og_description":"Circular 33\/2021 &#8211; Selecci\u00f3n Espa\u00f1ola para el Campeonato de Europa 2021 Circular 32\/2021 &#8211; Convocatoria del Campeonato de Espa\u00f1a por Equipos de Club de Divisi\u00f3n de Honor. Toledo 2021 Circular 31\/2021 &#8211; Convocatoria del Campeonato de Espa\u00f1a de Ajedrez R\u00e1pido por Equipos de Club. Ciudad Real 2021 Circular 30\/2021 &#8211; Selecci\u00f3n Espa\u00f1ola Olimpiada On Line [&hellip;]","og_url":"https:\/\/feda.org\/feda2k16\/circulares-2021\/","og_site_name":"FEDA","article_publisher":"https:\/\/www.facebook.com\/federacionespanoladeajedrez\/","article_modified_time":"2022-01-09T18:59:26+00:00","twitter_card":"summary_large_image","twitter_site":"@AjedrezEspanola","twitter_misc":{"Tiempo de lectura":"2 minutos"},"schema":{"@context":"https:\/\/schema.org","@graph":[{"@type":"WebPage","@id":"https:\/\/feda.org\/feda2k16\/circulares-2021\/","url":"https:\/\/feda.org\/feda2k16\/circulares-2021\/","name":"Circulares 2021 - FEDA","isPartOf":{"@id":"https:\/\/feda.org\/feda2k16\/#website"},"datePublished":"2021-02-04T20:11:52+00:00","dateModified":"2022-01-09T18:59:26+00:00","breadcrumb":{"@id":"https:\/\/feda.org\/feda2k16\/circulares-2021\/#breadcrumb"},"inLanguage":"es","potentialAction":[{"@type":"ReadAction","target":["https:\/\/feda.org\/feda2k16\/circulares-2021\/"]}]},{"@type":"BreadcrumbList","@id":"https:\/\/feda.org\/feda2k16\/circulares-2021\/#breadcrumb","itemListElement":[{"@type":"ListItem","position":1,"name":"Portada","item":"https:\/\/feda.org\/feda2k16\/"},{"@type":"ListItem","position":2,"name":"Circulares 2021"}]},{"@type":"WebSite","@id":"https:\/\/feda.org\/feda2k16\/#website","url":"https:\/\/feda.org\/feda2k16\/","name":"FEDA","description":"Federaci\u00f3n Espa\u00f1ola de Ajedrez","publisher":{"@id":"https:\/\/feda.org\/feda2k16\/#organization"},"alternateName":"Federaci\u00f3n Espa\u00f1ola de Ajedrez","potentialAction":[{"@type":"SearchAction","target":{"@type":"EntryPoint","urlTemplate":"https:\/\/feda.org\/feda2k16\/?s={search_term_string}"},"query-input":{"@type":"PropertyValueSpecification","valueRequired":true,"valueName":"search_term_string"}}],"inLanguage":"es"},{"@type":"Organization","@id":"https:\/\/feda.org\/feda2k16\/#organization","name":"FEDA","alternateName":"Federaci\u00f3n Espa\u00f1ola de Ajedrez","url":"https:\/\/feda.org\/feda2k16\/","logo":{"@type":"ImageObject","inLanguage":"es","@id":"https:\/\/feda.org\/feda2k16\/#\/schema\/logo\/image\/","url":"https:\/\/feda.org\/feda2k16\/wp-content\/uploads\/NuevoLogo_FEDA_2016.png","contentUrl":"https:\/\/feda.org\/feda2k16\/wp-content\/uploads\/NuevoLogo_FEDA_2016.png","width":600,"height":600,"caption":"FEDA"},"image":{"@id":"https:\/\/feda.org\/feda2k16\/#\/schema\/logo\/image\/"},"sameAs":["https:\/\/www.facebook.com\/federacionespanoladeajedrez\/","https:\/\/x.com\/AjedrezEspanola","https:\/\/www.instagram.com\/federacionespanolaajedrez\/?hl=es","https:\/\/www.youtube.com\/@FederacionEspanoladeAjedrezFED\/featured"]}]}},"_links":{"self":[{"href":"https:\/\/feda.org\/feda2k16\/wp-json\/wp\/v2\/pages\/17871","targetHints":{"allow":["GET"]}}],"collection":[{"href":"https:\/\/feda.org\/feda2k16\/wp-json\/wp\/v2\/pages"}],"about":[{"href":"https:\/\/feda.org\/feda2k16\/wp-json\/wp\/v2\/types\/page"}],"author":[{"embeddable":true,"href":"https:\/\/feda.org\/feda2k16\/wp-json\/wp\/v2\/users\/2"}],"replies":[{"embeddable":true,"href":"https:\/\/feda.org\/feda2k16\/wp-json\/wp\/v2\/comments?post=17871"}],"version-history":[{"count":37,"href":"https:\/\/feda.org\/feda2k16\/wp-json\/wp\/v2\/pages\/17871\/revisions"}],"predecessor-version":[{"id":19666,"href":"https:\/\/feda.org\/feda2k16\/wp-json\/wp\/v2\/pages\/17871\/revisions\/19666"}],"wp:attachment":[{"href":"https:\/\/feda.org\/feda2k16\/wp-json\/wp\/v2\/media?parent=17871"}],"curies":[{"name":"wp","href":"https:\/\/api.w.org\/{rel}","templated":true}]}}