{"id":19743,"date":"2022-01-10T13:08:21","date_gmt":"2022-01-10T13:08:21","guid":{"rendered":"https:\/\/feda.org\/feda2k16\/?page_id=19743"},"modified":"2022-12-20T20:30:09","modified_gmt":"2022-12-20T20:30:09","slug":"circulares-2022","status":"publish","type":"page","link":"https:\/\/feda.org\/feda2k16\/circulares-2022\/","title":{"rendered":"Circulares 2022"},"content":{"rendered":"\n<p><a href=\"https:\/\/feda.org\/feda2k16\/circular-33-2022-calendario-provisional-2023\/\">Circular 33\/2022: Calendario Provisional 2023.<\/a><\/p>\n\n\n\n<p><a href=\"https:\/\/feda.org\/feda2k16\/wp-content\/uploads\/C32-CECLUB-2023.pdf\">Circular 32\/2022. Clasificaciones 2022 y Categor\u00edas CECLUB 2023.<\/a><\/p>\n<p><a href=\"https:\/\/feda.org\/feda2k16\/wp-content\/uploads\/C31-Seleccion_Espanola_Mundial_2022.pdf\">Circular 31\/2022: Campeonato del Mundo de Selecciones Absolutas 2022. Jerusal\u00e9n (Israel), del 19 al 26 de noviembre.<\/a><\/p>\n\n\n\n<div id=\":ye\" class=\"pG\" role=\"img\" data-tooltip-contained=\"true\" data-tooltip-align=\"b,l\" data-tooltip-delay=\"1500\" aria-label=\"No importante\"><a href=\"https:\/\/feda.org\/feda2k16\/circular-30-2022-con-la-normativa-de-tecnificacion-2022-2023\/\">Circular 30\/2022 con la normativa de Tecnificaci\u00f3n 2022\/2023<\/a><\/div>\n<p><a href=\"https:\/\/feda.org\/feda2k16\/wp-content\/uploads\/C29-Licencias-2023.pdf\">Circular 29\/2022. Licencias 2023.<\/a><\/p>\n<p><a href=\"https:\/\/feda.org\/feda2k16\/wp-content\/uploads\/C28-Alta-Competicion-2022-2023-1.pdf\">Circular 28\/2022. Alta Competici\u00f3n 2022<\/a><\/p>\n\n\n\n<p><a href=\"https:\/\/feda.org\/feda2k16\/circular-27-2022-participacion-en-el-cto-de-europa-individual-sub-8-a-sub-18-antalya-turquia-2022-%ef%bf%bc\/\">Circular 27\/2022. Participaci\u00f3n en el Cto. de Europa Individual Sub 8 a 18 . Antalya (Turqu\u00eda) 2022<\/a><\/p>\n\n\n\n<p><a href=\"https:\/\/feda.org\/feda2k16\/circular-26-2022-convocatoria-del-campeonato-de-espana-por-equipos-de-club-de-ajedrez-rapido-2022-2\/\">Circular 26\/2022. Convocatoria del Campeonato de Espa\u00f1a por Equipos de Club de Ajedrez R\u00e1pido 2022<\/a><\/p>\n\n\n\n<p><a href=\"https:\/\/feda.org\/feda2k16\/circular-25-2022-convocatoria-ceclub-division-de-honor-linares-2022\/\">Circular 25\/2022. Convocatoria CECLUB DIVISI\u00d3N DE HONOR. Linares 2022<\/a><\/p>\n\n\n\n<p><a href=\"https:\/\/feda.org\/feda2k16\/circular-24-2022-convocatoria-ceclub-primera-division-sanxenxo-2022-2\/\">Circular 24\/2022. Convocatoria CECLUB Primera Divisi\u00f3n. Sanxenxo 2022&nbsp; <\/a><\/p>\n\n\n\n<p><a href=\"https:\/\/feda.org\/feda2k16\/circular-23-2022-participacion-en-el-cto-del-mundo-sub-14-18-mamaia-2022-2\/\">Circular 23\/2022. Participaci\u00f3n en el Cto del Mundo Sub 14-18. Mamaia 2022<\/a><\/p>\n\n\n\n<p><a href=\"https:\/\/feda.org\/feda2k16\/circular-22-2022-participacion-en-el-campeonato-del-mundo-de-jovenes-sub-08-a-sub-12\/\">Circular 22\/2022. Participaci\u00f3n en el Campeonato del Mundo de J\u00f3venes Sub 08 a Sub 12.&nbsp;<\/a><a href=\"https:\/\/feda.org\/feda2k16\/wp-content\/uploads\/C22-Participacion-Mundial-Sub08_12-Batumi-2022.pdf\">Batumi 2022.<\/a><\/p>\n\n\n\n<p><a href=\"https:\/\/feda.org\/feda2k16\/wp-content\/uploads\/C21-Conv_CE_Veteranos_2022.pdf\">Circular 21\/2022. Convocatoria del XIX&nbsp; Campeonato de Espa\u00f1a Individual de Veteranos 2022.<\/a><\/p>\n<div id=\":12d\" class=\"pG\" role=\"img\" data-tooltip-contained=\"true\" data-tooltip-align=\"b,l\" data-tooltip-delay=\"1500\" aria-label=\"No importante\"><a href=\"https:\/\/feda.org\/feda2k16\/circular-20-2022-convocatoria-del-cto-de-espana-por-equipos-ceclub-segunda-division-linares-2022-2\/\">Circular 20\/2022. Convocatoria del Cto. de Espa\u00f1a por Equipos. CECLUB Segunda Divisi\u00f3n. Linares 2022.&nbsp;<\/a><\/div>\n<div role=\"img\" data-tooltip-contained=\"true\" data-tooltip-align=\"b,l\" data-tooltip-delay=\"1500\" aria-label=\"No importante\">&nbsp;<\/div>\n<div id=\":12d\" class=\"pG\" role=\"img\" data-tooltip-contained=\"true\" data-tooltip-align=\"b,l\" data-tooltip-delay=\"1500\" aria-label=\"No importante\"><a href=\"https:\/\/feda.org\/feda2k16\/wp-content\/uploads\/C19-Conv_CE_Rapido_2022.pdf\">Circular 19\/2022. Convocatoria del Cto. de Espa\u00f1a Individual de Ajedrez R\u00e1pido. Linares 2022.<\/a><\/div>\n\n\n\n<p><a href=\"https:\/\/feda.org\/feda2k16\/wp-content\/uploads\/C18-Conv_CE_Relampago_Mengibar_2022.pdf\">Circular 18\/2022. Convocatoria del Cto. de Espa\u00f1a Individual de Ajedrez Rel\u00e1mpago. Meng\u00edbar 2022<\/a><\/p>\n\n\n\n<p><a href=\"https:\/\/feda.org\/feda2k16\/wp-content\/uploads\/C17-Convocatoria_CE-Aficionados-2022.pdf\">Circular 17\/2022. Convocatoria del Cto. de Espa\u00f1a de Aficionados. Murcia 2022.<\/a><\/p>\n\n\n\n<div id=\":vr\" class=\"pG\" role=\"img\" data-tooltip-contained=\"true\" data-tooltip-align=\"b,l\" data-tooltip-delay=\"1500\" aria-label=\"No importante\"><a href=\"https:\/\/feda.org\/feda2k16\/wp-content\/uploads\/C16-Conv_CE_AbsolutoyFemenino_2022.pdf\">Circular 16\/2022. Convocatoria Cto. Espa\u00f1a Absoluto. Linares 2022<\/a><\/div>\n\n\n\n<p><a href=\"https:\/\/feda.org\/feda2k16\/wp-content\/uploads\/C15_Convocatoria-CE-Parejas-Mixtas-2022-1.pdf\">Circular 15\/2022. Convocatoria Cto. Espa\u00f1a Parejas Mixtas. Benasque 2022<\/a><\/p>\n\n\n\n<p><a href=\"https:\/\/feda.org\/feda2k16\/wp-content\/uploads\/C14_Actualizacion_Calendario_2022-1.pdf\">Circular 14\/2022. Actualizaci\u00f3n del Calendario Deportivo Provisional 2022<\/a><\/p>\n\n\n\n<p><a href=\"https:\/\/feda.org\/feda2k16\/wp-content\/uploads\/C13_Informes_y_Eval_Elo_2022.pdf\">Circular 13\/2022. Informes, Evaluaci\u00f3n de Torneos y Elo 2022.<\/a><\/p>\n\n\n\n<p><a href=\"https:\/\/feda.org\/feda2k16\/circular-12-2022-ayudas-a-clubs-2022\/\">Circular 12\/2022. Ayudas a Clubs 2022. &nbsp;<\/a><\/p>\n\n\n\n<p><a href=\"https:\/\/feda.org\/feda2k16\/wp-content\/uploads\/C11_Ayudas-a-Monitores-y-Entrenadores-2022.pdf\">Circular 11\/2022. Ayudas a Monitores y Entrenadores en Competiciones y Actividades Oficiales .<\/a><\/p>\n\n\n\n<p><a href=\"https:\/\/feda.org\/feda2k16\/wp-content\/uploads\/C10_Ayudas-a-Arbitros-2022.pdf\">Circular 10\/2022. Ayudas a \u00c1rbitros en Competiciones y Actividades Oficiales.<\/a><\/p>\n\n\n\n<p><a href=\"https:\/\/feda.org\/feda2k16\/wp-content\/uploads\/C09-Seleccion_Espanola_Olimpiada_2022.pdf\">Circular 09\/2022. Selecci\u00f3n Espa\u00f1ola Olimpiada Chennai 2022<\/a><\/p>\n\n\n\n<p><a href=\"https:\/\/feda.org\/feda2k16\/circular-08-2022-convocatoria-ctos-espana-ajedrez-rapido-sub-10-a-sub-18-salobrena-2022\/\">Circular 08\/2022 Convocatoria Ctos. Espa\u00f1a Ajedrez R\u00e1pido Sub 10 a Sub 18. Salobre\u00f1a 2022<\/a><\/p>\n\n\n\n<p id=\":w2\" class=\"hP\" tabindex=\"-1\" data-thread-perm-id=\"thread-f:1731884197831111793\" data-legacy-thread-id=\"1808e38083d5f471\"><a href=\"https:\/\/feda.org\/feda2k16\/circular-07-2022-convocatoria-ce-espana-sub-8-a-sub-18-salobrena-2022\/\">Circular 07\/2022 Convocatoria CE Espa\u00f1a Sub 8 a Sub 18. Salobre\u00f1a 2022<\/a><\/p>\n\n\n\n<p><a href=\"https:\/\/feda.org\/feda2k16\/circular-06-2022-convocatoria-cto-espana-por-selecciones-en-edad-escolar-isla-cantabria-2022\/\">Circular 06\/2022. Convocatoria Cto. Espa\u00f1a por Selecciones en Edad Escolar. ISLA (Cantabria) 2022<\/a><\/p>\n<p><a href=\"https:\/\/feda.org\/feda2k16\/wp-content\/uploads\/C06-CE-Selecciones-Autonomicas-Edad-Escolar-2022.pdf\">Convocatoria.\u00a0<\/a> <a href=\"https:\/\/feda.org\/feda2k16\/wp-content\/uploads\/C06-AnexoI_Form_Selecc_Aut_CESA_2022.xlsx\">Formulario.\u00a0\u00a0<\/a><a href=\"https:\/\/feda.org\/feda2k16\/wp-content\/uploads\/C06-AnexoII_Aut_Dchos_Imagen_Meno_CESA.docx\">Autorizaci\u00f3n.<\/a><\/p>\n\n\n\n<p><a href=\"https:\/\/feda.org\/feda2k16\/wp-content\/uploads\/C05-Plan_Respuesta_Guerra_Ucrania_2022.pdf\">Circular 05\/2022 \u2013 Plan Respuesta a la Guerra en Ucrania 2022<\/a><\/p>\n\n\n\n<p><a href=\"https:\/\/feda.org\/feda2k16\/circular-04-2022-convocatoria-ce-colegios-2022\/\" data-type=\"URL\" data-id=\"https:\/\/feda.org\/feda2k16\/circular-04-2022-convocatoria-ce-colegios-2022\/\">Circular 04\/2022 &#8211; Convocatoria CE Colegios 2022<\/a><\/p>\n\n\n\n<p><a href=\"https:\/\/feda.org\/feda2k16\/circular-03-2022-calendario-feda-2022\/\" data-type=\"URL\" data-id=\"https:\/\/feda.org\/feda2k16\/circular-03-2022-calendario-feda-2022\/\">Circular 03\/2022 &#8211; Calendario FEDA 2022<\/a><\/p>\n\n\n\n<p><a href=\"https:\/\/feda.org\/feda2k16\/circular-02-2022-ceclub-2022\/\">Circular 02\/2022 &#8211; C<\/a><a href=\"https:\/\/feda.org\/feda2k16\/circular-02-2022-ceclub-2022\/\" data-type=\"URL\" data-id=\"https:\/\/feda.org\/feda2k16\/circular-02-2022-ceclub-2022\/\">ECLUB 2022<\/a><\/p>\n\n\n\n<p><a href=\"https:\/\/feda.org\/feda2k16\/circular-01-2022-licencias-2022\/\" data-type=\"URL\" data-id=\"https:\/\/feda.org\/feda2k16\/circular-01-2022-licencias-2022\/\">Circular 01\/2022 &#8211; Licencias 2022<\/a><\/p>\n\n\n\n<p><\/p>\n","protected":false},"excerpt":{"rendered":"<p>Circular 33\/2022: Calendario Provisional 2023. Circular 32\/2022. Clasificaciones 2022 y Categor\u00edas CECLUB 2023. Circular 31\/2022: Campeonato del Mundo de Selecciones Absolutas 2022. Jerusal\u00e9n (Israel), del 19 al 26 de noviembre. Circular 30\/2022 con la normativa de Tecnificaci\u00f3n 2022\/2023 Circular 29\/2022. Licencias 2023. Circular 28\/2022. Alta Competici\u00f3n 2022 Circular 27\/2022. Participaci\u00f3n en el Cto. de Europa [&hellip;]<\/p>\n","protected":false},"author":2,"featured_media":0,"parent":0,"menu_order":0,"comment_status":"closed","ping_status":"closed","template":"","meta":{"footnotes":""},"class_list":["post-19743","page","type-page","status-publish","hentry"],"yoast_head":"<!-- This site is optimized with the Yoast SEO plugin v27.4 - https:\/\/yoast.com\/product\/yoast-seo-wordpress\/ -->\n<title>Circulares 2022 - FEDA<\/title>\n<meta name=\"robots\" content=\"index, follow, max-snippet:-1, max-image-preview:large, max-video-preview:-1\" \/>\n<link rel=\"canonical\" href=\"https:\/\/feda.org\/feda2k16\/circulares-2022\/\" \/>\n<meta property=\"og:locale\" content=\"es_ES\" \/>\n<meta property=\"og:type\" content=\"article\" \/>\n<meta property=\"og:title\" content=\"Circulares 2022 - FEDA\" \/>\n<meta property=\"og:description\" content=\"Circular 33\/2022: Calendario Provisional 2023. Circular 32\/2022. Clasificaciones 2022 y Categor\u00edas CECLUB 2023. Circular 31\/2022: Campeonato del Mundo de Selecciones Absolutas 2022. Jerusal\u00e9n (Israel), del 19 al 26 de noviembre. Circular 30\/2022 con la normativa de Tecnificaci\u00f3n 2022\/2023 Circular 29\/2022. Licencias 2023. Circular 28\/2022. Alta Competici\u00f3n 2022 Circular 27\/2022. Participaci\u00f3n en el Cto. de Europa [&hellip;]\" \/>\n<meta property=\"og:url\" content=\"https:\/\/feda.org\/feda2k16\/circulares-2022\/\" \/>\n<meta property=\"og:site_name\" content=\"FEDA\" \/>\n<meta property=\"article:publisher\" content=\"https:\/\/www.facebook.com\/federacionespanoladeajedrez\/\" \/>\n<meta property=\"article:modified_time\" content=\"2022-12-20T20:30:09+00:00\" \/>\n<meta name=\"twitter:card\" content=\"summary_large_image\" \/>\n<meta name=\"twitter:site\" content=\"@AjedrezEspanola\" \/>\n<meta name=\"twitter:label1\" content=\"Tiempo de lectura\" \/>\n\t<meta name=\"twitter:data1\" content=\"1 minuto\" \/>\n<script type=\"application\/ld+json\" class=\"yoast-schema-graph\">{\"@context\":\"https:\\\/\\\/schema.org\",\"@graph\":[{\"@type\":\"WebPage\",\"@id\":\"https:\\\/\\\/feda.org\\\/feda2k16\\\/circulares-2022\\\/\",\"url\":\"https:\\\/\\\/feda.org\\\/feda2k16\\\/circulares-2022\\\/\",\"name\":\"Circulares 2022 - FEDA\",\"isPartOf\":{\"@id\":\"https:\\\/\\\/feda.org\\\/feda2k16\\\/#website\"},\"datePublished\":\"2022-01-10T13:08:21+00:00\",\"dateModified\":\"2022-12-20T20:30:09+00:00\",\"breadcrumb\":{\"@id\":\"https:\\\/\\\/feda.org\\\/feda2k16\\\/circulares-2022\\\/#breadcrumb\"},\"inLanguage\":\"es\",\"potentialAction\":[{\"@type\":\"ReadAction\",\"target\":[\"https:\\\/\\\/feda.org\\\/feda2k16\\\/circulares-2022\\\/\"]}]},{\"@type\":\"BreadcrumbList\",\"@id\":\"https:\\\/\\\/feda.org\\\/feda2k16\\\/circulares-2022\\\/#breadcrumb\",\"itemListElement\":[{\"@type\":\"ListItem\",\"position\":1,\"name\":\"Portada\",\"item\":\"https:\\\/\\\/feda.org\\\/feda2k16\\\/\"},{\"@type\":\"ListItem\",\"position\":2,\"name\":\"Circulares 2022\"}]},{\"@type\":\"WebSite\",\"@id\":\"https:\\\/\\\/feda.org\\\/feda2k16\\\/#website\",\"url\":\"https:\\\/\\\/feda.org\\\/feda2k16\\\/\",\"name\":\"FEDA\",\"description\":\"Federaci\u00f3n Espa\u00f1ola de Ajedrez\",\"publisher\":{\"@id\":\"https:\\\/\\\/feda.org\\\/feda2k16\\\/#organization\"},\"alternateName\":\"Federaci\u00f3n Espa\u00f1ola de Ajedrez\",\"potentialAction\":[{\"@type\":\"SearchAction\",\"target\":{\"@type\":\"EntryPoint\",\"urlTemplate\":\"https:\\\/\\\/feda.org\\\/feda2k16\\\/?s={search_term_string}\"},\"query-input\":{\"@type\":\"PropertyValueSpecification\",\"valueRequired\":true,\"valueName\":\"search_term_string\"}}],\"inLanguage\":\"es\"},{\"@type\":\"Organization\",\"@id\":\"https:\\\/\\\/feda.org\\\/feda2k16\\\/#organization\",\"name\":\"FEDA\",\"alternateName\":\"Federaci\u00f3n Espa\u00f1ola de Ajedrez\",\"url\":\"https:\\\/\\\/feda.org\\\/feda2k16\\\/\",\"logo\":{\"@type\":\"ImageObject\",\"inLanguage\":\"es\",\"@id\":\"https:\\\/\\\/feda.org\\\/feda2k16\\\/#\\\/schema\\\/logo\\\/image\\\/\",\"url\":\"https:\\\/\\\/feda.org\\\/feda2k16\\\/wp-content\\\/uploads\\\/NuevoLogo_FEDA_2016.png\",\"contentUrl\":\"https:\\\/\\\/feda.org\\\/feda2k16\\\/wp-content\\\/uploads\\\/NuevoLogo_FEDA_2016.png\",\"width\":600,\"height\":600,\"caption\":\"FEDA\"},\"image\":{\"@id\":\"https:\\\/\\\/feda.org\\\/feda2k16\\\/#\\\/schema\\\/logo\\\/image\\\/\"},\"sameAs\":[\"https:\\\/\\\/www.facebook.com\\\/federacionespanoladeajedrez\\\/\",\"https:\\\/\\\/x.com\\\/AjedrezEspanola\",\"https:\\\/\\\/www.instagram.com\\\/federacionespanolaajedrez\\\/?hl=es\",\"https:\\\/\\\/www.youtube.com\\\/@FederacionEspanoladeAjedrezFED\\\/featured\"]}]}<\/script>\n<!-- \/ Yoast SEO plugin. -->","yoast_head_json":{"title":"Circulares 2022 - FEDA","robots":{"index":"index","follow":"follow","max-snippet":"max-snippet:-1","max-image-preview":"max-image-preview:large","max-video-preview":"max-video-preview:-1"},"canonical":"https:\/\/feda.org\/feda2k16\/circulares-2022\/","og_locale":"es_ES","og_type":"article","og_title":"Circulares 2022 - FEDA","og_description":"Circular 33\/2022: Calendario Provisional 2023. Circular 32\/2022. Clasificaciones 2022 y Categor\u00edas CECLUB 2023. Circular 31\/2022: Campeonato del Mundo de Selecciones Absolutas 2022. Jerusal\u00e9n (Israel), del 19 al 26 de noviembre. Circular 30\/2022 con la normativa de Tecnificaci\u00f3n 2022\/2023 Circular 29\/2022. Licencias 2023. Circular 28\/2022. Alta Competici\u00f3n 2022 Circular 27\/2022. Participaci\u00f3n en el Cto. de Europa [&hellip;]","og_url":"https:\/\/feda.org\/feda2k16\/circulares-2022\/","og_site_name":"FEDA","article_publisher":"https:\/\/www.facebook.com\/federacionespanoladeajedrez\/","article_modified_time":"2022-12-20T20:30:09+00:00","twitter_card":"summary_large_image","twitter_site":"@AjedrezEspanola","twitter_misc":{"Tiempo de lectura":"1 minuto"},"schema":{"@context":"https:\/\/schema.org","@graph":[{"@type":"WebPage","@id":"https:\/\/feda.org\/feda2k16\/circulares-2022\/","url":"https:\/\/feda.org\/feda2k16\/circulares-2022\/","name":"Circulares 2022 - FEDA","isPartOf":{"@id":"https:\/\/feda.org\/feda2k16\/#website"},"datePublished":"2022-01-10T13:08:21+00:00","dateModified":"2022-12-20T20:30:09+00:00","breadcrumb":{"@id":"https:\/\/feda.org\/feda2k16\/circulares-2022\/#breadcrumb"},"inLanguage":"es","potentialAction":[{"@type":"ReadAction","target":["https:\/\/feda.org\/feda2k16\/circulares-2022\/"]}]},{"@type":"BreadcrumbList","@id":"https:\/\/feda.org\/feda2k16\/circulares-2022\/#breadcrumb","itemListElement":[{"@type":"ListItem","position":1,"name":"Portada","item":"https:\/\/feda.org\/feda2k16\/"},{"@type":"ListItem","position":2,"name":"Circulares 2022"}]},{"@type":"WebSite","@id":"https:\/\/feda.org\/feda2k16\/#website","url":"https:\/\/feda.org\/feda2k16\/","name":"FEDA","description":"Federaci\u00f3n Espa\u00f1ola de Ajedrez","publisher":{"@id":"https:\/\/feda.org\/feda2k16\/#organization"},"alternateName":"Federaci\u00f3n Espa\u00f1ola de Ajedrez","potentialAction":[{"@type":"SearchAction","target":{"@type":"EntryPoint","urlTemplate":"https:\/\/feda.org\/feda2k16\/?s={search_term_string}"},"query-input":{"@type":"PropertyValueSpecification","valueRequired":true,"valueName":"search_term_string"}}],"inLanguage":"es"},{"@type":"Organization","@id":"https:\/\/feda.org\/feda2k16\/#organization","name":"FEDA","alternateName":"Federaci\u00f3n Espa\u00f1ola de Ajedrez","url":"https:\/\/feda.org\/feda2k16\/","logo":{"@type":"ImageObject","inLanguage":"es","@id":"https:\/\/feda.org\/feda2k16\/#\/schema\/logo\/image\/","url":"https:\/\/feda.org\/feda2k16\/wp-content\/uploads\/NuevoLogo_FEDA_2016.png","contentUrl":"https:\/\/feda.org\/feda2k16\/wp-content\/uploads\/NuevoLogo_FEDA_2016.png","width":600,"height":600,"caption":"FEDA"},"image":{"@id":"https:\/\/feda.org\/feda2k16\/#\/schema\/logo\/image\/"},"sameAs":["https:\/\/www.facebook.com\/federacionespanoladeajedrez\/","https:\/\/x.com\/AjedrezEspanola","https:\/\/www.instagram.com\/federacionespanolaajedrez\/?hl=es","https:\/\/www.youtube.com\/@FederacionEspanoladeAjedrezFED\/featured"]}]}},"_links":{"self":[{"href":"https:\/\/feda.org\/feda2k16\/wp-json\/wp\/v2\/pages\/19743","targetHints":{"allow":["GET"]}}],"collection":[{"href":"https:\/\/feda.org\/feda2k16\/wp-json\/wp\/v2\/pages"}],"about":[{"href":"https:\/\/feda.org\/feda2k16\/wp-json\/wp\/v2\/types\/page"}],"author":[{"embeddable":true,"href":"https:\/\/feda.org\/feda2k16\/wp-json\/wp\/v2\/users\/2"}],"replies":[{"embeddable":true,"href":"https:\/\/feda.org\/feda2k16\/wp-json\/wp\/v2\/comments?post=19743"}],"version-history":[{"count":83,"href":"https:\/\/feda.org\/feda2k16\/wp-json\/wp\/v2\/pages\/19743\/revisions"}],"predecessor-version":[{"id":21226,"href":"https:\/\/feda.org\/feda2k16\/wp-json\/wp\/v2\/pages\/19743\/revisions\/21226"}],"wp:attachment":[{"href":"https:\/\/feda.org\/feda2k16\/wp-json\/wp\/v2\/media?parent=19743"}],"curies":[{"name":"wp","href":"https:\/\/api.w.org\/{rel}","templated":true}]}}