{"id":21601,"date":"2023-03-01T18:03:23","date_gmt":"2023-03-01T18:03:23","guid":{"rendered":"https:\/\/feda.org\/feda2k16\/?page_id=21601"},"modified":"2023-12-28T17:09:30","modified_gmt":"2023-12-28T17:09:30","slug":"circulares-2023","status":"publish","type":"page","link":"https:\/\/feda.org\/feda2k16\/circulares-2023\/","title":{"rendered":"Circulares 2023"},"content":{"rendered":"\n<p>&nbsp;<\/p>\n<p>&nbsp;<\/p>\n\n\n\n\n\n\n\n<div tabindex=\"0\" role=\"switch\" data-tooltip-contained=\"true\" data-tooltip-align=\"b,l\" data-tooltip-delay=\"1500\" aria-label=\"No importante\" aria-checked=\"false\" data-is-important=\"false\"><a href=\"https:\/\/feda.org\/feda2k16\/wp-content\/uploads\/C33_Calendario_2024.pdf\">Circular 33\/2023.\u00a0 Calendario Deportivo FEDA 2024.<\/a><\/div>\n<div tabindex=\"0\" role=\"switch\" data-tooltip-contained=\"true\" data-tooltip-align=\"b,l\" data-tooltip-delay=\"1500\" aria-label=\"No importante\" aria-checked=\"false\" data-is-important=\"false\">\u00a0<\/div>\n<div tabindex=\"0\" role=\"switch\" data-tooltip-contained=\"true\" data-tooltip-align=\"b,l\" data-tooltip-delay=\"1500\" aria-label=\"No importante\" aria-checked=\"false\" data-is-important=\"false\"><a href=\"https:\/\/feda.org\/feda2k16\/wp-content\/uploads\/C32-CECLUB-2024.pdf\">Circular 32\/2023. Categor\u00edas Equipos 2024.<\/a><\/div>\n<div tabindex=\"0\" role=\"switch\" data-tooltip-contained=\"true\" data-tooltip-align=\"b,l\" data-tooltip-delay=\"1500\" aria-label=\"No importante\" aria-checked=\"false\" data-is-important=\"false\">\u00a0<\/div>\n<div class=\"pG\" tabindex=\"0\" role=\"switch\" data-tooltip-contained=\"true\" data-tooltip-align=\"b,l\" data-tooltip-delay=\"1500\" aria-label=\"No importante\" aria-checked=\"false\" data-is-important=\"false\"><a href=\"https:\/\/feda.org\/feda2k16\/wp-content\/uploads\/C31-Convocatoria-CE-Parejas-Mixtas-2023-1.pdf\">Circular 31\/2023. Campeonato de Parejas Mixtas.<\/a><\/div>\n<div tabindex=\"0\" role=\"switch\" data-tooltip-contained=\"true\" data-tooltip-align=\"b,l\" data-tooltip-delay=\"1500\" aria-label=\"No importante\" aria-checked=\"false\" data-is-important=\"false\">\u00a0<\/div>\n<div class=\"pG\" tabindex=\"0\" role=\"switch\" data-tooltip-contained=\"true\" data-tooltip-align=\"b,l\" data-tooltip-delay=\"1500\" aria-label=\"No importante\" aria-checked=\"false\" data-is-important=\"false\"><a href=\"https:\/\/feda.org\/feda2k16\/wp-content\/uploads\/C30_Conv_CE_AbsolutoyFemenino_2023.pdf\">Circular 30\/2023. Convocatoria Campeonato de Espa\u00f1a Absoluto y Femenino. Marbella 2023.<\/a><\/div>\n<p tabindex=\"-1\" data-thread-perm-id=\"thread-f:1775866575826102691\" data-legacy-thread-id=\"18a5253de49aa9a3\"><a href=\"https:\/\/feda.org\/feda2k16\/wp-content\/uploads\/C29-Participacion-Mundial-Sub-8-12.-Egipto-2023.pdf\">Circular 29\/2023. Participaci\u00f3n en el Mundial Sub 8 a Sub 12. Egipto 2023.\u00a0<\/a> \u00a0<a href=\"https:\/\/feda.org\/feda2k16\/wp-content\/uploads\/C29-Anexo_Ficha-Mundial-Egipto-2023.xlsx\">Anexo.<\/a><\/p>\n<p class=\"hP\" tabindex=\"-1\" data-thread-perm-id=\"thread-f:1775866575826102691\" data-legacy-thread-id=\"18a5253de49aa9a3\"><a href=\"https:\/\/feda.org\/feda2k16\/wp-content\/uploads\/C28-Participacion-Mundial-Sub-14-18.-Italia-2023.pdf\">Circular 28 Campeonato del Mundo Sub 14 a Sub 18 \u2013 Montesilvano (Italia). Del 12 al 25 de noviembre 2023.\u00a0\u00a0 \u00a0<\/a><a href=\"https:\/\/feda.org\/feda2k16\/wp-content\/uploads\/C28-Anexo_Ficha-Mundial-S14-18-Italia-2023.xlsx\">Anexo.<\/a><\/p>\n<div class=\"pG\" tabindex=\"0\" role=\"switch\" data-tooltip-contained=\"true\" data-tooltip-align=\"b,l\" data-tooltip-delay=\"1500\" aria-label=\"No importante\" aria-checked=\"false\" data-is-important=\"false\"><a href=\"https:\/\/feda.org\/feda2k16\/wp-content\/uploads\/C27-Tecnificacion-2023-2024.pdf\">Circular 27\/2023. Tecnificaci\u00f3n 2023\/2024.<\/a><\/div>\n<div tabindex=\"0\" role=\"switch\" data-tooltip-contained=\"true\" data-tooltip-align=\"b,l\" data-tooltip-delay=\"1500\" aria-label=\"No importante\" aria-checked=\"false\" data-is-important=\"false\">\u00a0<\/div>\n<div class=\"pG\" tabindex=\"0\" role=\"switch\" data-tooltip-contained=\"true\" data-tooltip-align=\"b,l\" data-tooltip-delay=\"1500\" aria-label=\"No importante\" aria-checked=\"false\" data-is-important=\"false\"><a href=\"https:\/\/feda.org\/feda2k16\/wp-content\/uploads\/C26-Seleccion_Espanola_Europeo_Budva_2023-2.pdf\">Circular 26\/2023. Selecci\u00f3n Espa\u00f1ola. Campeonato de Europa de Selecciones. Budva (Montenegro) 2023.<\/a><\/div>\n<p><a href=\"https:\/\/feda.org\/feda2k16\/wp-content\/uploads\/C25-Alta-Competicion-2023-2024-1.pdf\">Circular 25\/203. alta Competici\u00f3n y Elite 2023-2024.<\/a><\/p>\n<p class=\"uk-margin-remove\"><a href=\"https:\/\/feda.org\/feda2k16\/wp-content\/uploads\/C24_Conv_CE_Rapido_Equipos_2023.pdf\">Circular 24\/2023. Convocatoria Campeonato de Espa\u00f1a de Ajedrez R\u00e1pido por Equipos. \u00dabeda<\/a><a href=\"https:\/\/feda.org\/feda2k16\/wp-content\/uploads\/C24_Conv_CE_Rapido_Equipos_2023.pdf\"> 2023. <\/a><strong><a href=\"https:\/\/feda.org\/feda2k16\/wp-content\/uploads\/C24-Anexo1_Form_CE_Rapido_Equipos_2023-1.xlsx\">Anexo.<\/a><\/strong><\/p>\n<p><a href=\"https:\/\/feda.org\/feda2k16\/wp-content\/uploads\/C23_Conv_CECLUB_Divison-de-Honor_Linares_2023.pdf\">Circular 23\/2023. Convocatoria del Campeonato de Espa\u00f1a por Equipos de Divisi\u00f3n de Honor. Linares 2023.<\/a> <a href=\"https:\/\/feda.org\/feda2k16\/wp-content\/uploads\/C23-Anexo1_FormCECLUB_-DIV_HONOR_2023.xlsx\">Anexo.<\/a><\/p>\n<p><a href=\"https:\/\/feda.org\/feda2k16\/wp-content\/uploads\/C22_Confirmacion_Inscripcion_CECLUB_2a_Division_2023.pdf\">Circular 22\/2023. Relaci\u00f3n Equipos Segunda Divisi\u00f3n Linares 2023<\/a><\/p>\n<p><a href=\"https:\/\/feda.org\/feda2k16\/wp-content\/uploads\/C21-Participacion-Europeo-Sub-8_18-Mamaia-2023.pdf\">Circular 21\/2023. Participaci\u00f3n en el Europeo Individual Sub 8 a Sub 18. Mamaia, (Ruman\u00eda), 2023.<\/a> <a href=\"https:\/\/feda.org\/feda2k16\/wp-content\/uploads\/C21-Anexo_Ficha-Mundial-Mamaia-2023-2.xlsx\">Anexo I<\/a><\/p>\n<p><a href=\"https:\/\/feda.org\/feda2k16\/wp-content\/uploads\/C20_Conv_CECLUB_1a_Division_Linares_2023.pdf\">Circular 20\/2023. Convocatoria CECLUB Primera Divisi\u00f3n. Linares 2023.<\/a> <a href=\"https:\/\/feda.org\/feda2k16\/wp-content\/uploads\/C20-Anexo1_FormCECLUB_PRIMERA-DIV_2023.xlsx\">Anexo I<\/a><\/p>\n<p><a href=\"https:\/\/feda.org\/feda2k16\/wp-content\/uploads\/C19_Gastos-de-Desplazamiento_Actualizacion_2023.pdf\">Circular 19\/2023. Actualizaci\u00f3n Importe Gastos de Kilometraje por Desplazamiento 2023.<\/a> <a href=\"https:\/\/feda.org\/feda2k16\/wp-content\/uploads\/C19_AnexoI_Autorizacion-Desplazamiento_2023.docx\">Anexo I<\/a> y <a href=\"https:\/\/feda.org\/feda2k16\/wp-content\/uploads\/C19_AnexoII_Recibo-Gastos_2023.xlsx\">AnexoII<\/a><\/p>\n<p><a href=\"https:\/\/feda.org\/feda2k16\/wp-content\/uploads\/C18-Conv_CE_Veteranos_2023-1.pdf\">Circular 18\/2023. Convocatoria del Campeonato de Espa\u00f1a de Veteranos. Roquetas de Mar 2023<\/a>. <a href=\"https:\/\/feda.org\/feda2k16\/wp-content\/uploads\/Hotel-Evenia-Veteranos-2023-1.pdf\">Hotel<\/a><\/p>\n<p><a href=\"https:\/\/feda.org\/feda2k16\/wp-content\/uploads\/C17-Convocatoria_CE-Aficionados_Murcia_2023.pdf\">Circular 17\/2023. Convocatoria Campeonato de Espa\u00f1a de Aficionados -1700\/-2000\/-2300. Murcia 2023<\/a><\/p>\n<p><a href=\"https:\/\/feda.org\/feda2k16\/wp-content\/uploads\/C16-Conv_CE_Rapido_Linares_2023.pdf\">Circular 16\/2023. Convocatoria del Campeonato de Espa\u00f1a de Ajedrez R\u00e1pido. Linares 2023<\/a><\/p>\n\n\n\n<div class=\"pG\" role=\"img\" data-tooltip-contained=\"true\" data-tooltip-align=\"b,l\" data-tooltip-delay=\"1500\" aria-label=\"No importante\" data-is-important=\"false\">\n<p><a href=\"https:\/\/feda.org\/feda2k16\/wp-content\/uploads\/C15-Conv_CE_Relampago_Mengibar_2023.pdf\">Circular 15\/2023. Convocatoria del Campeonato de Espa\u00f1a de Ajedrez Rel\u00e1mpago. Meng\u00edbar 2023.<\/a><\/p>\n<\/div>\n<p><a href=\"https:\/\/feda.org\/feda2k16\/wp-content\/uploads\/C14_Conv_CECLUB_2a_Division_Linares_2023.pdf\">Circular 14\/2023. Convocatoria del Campeonato de Espa\u00f1a CECLUB 2\u00aa DIVISI\u00d3N. Linares 2023<\/a> <a href=\"https:\/\/feda.org\/feda2k16\/wp-content\/uploads\/C14-Anexo1_FormCECLUB_SEGUNDA-DIV_2023-1.xlsx\">ANEXO I<\/a><\/p>\n<p><a href=\"https:\/\/feda.org\/feda2k16\/wp-content\/uploads\/C13_Actualizacion_Calendario-Deportivo-FEDA-2023.pdf\">Circular 13\/2023. Actualizaci\u00f3n Calendario Deportivo 2023.<\/a><\/p>\n\n\n\n<p><a href=\"https:\/\/feda.org\/feda2k16\/wp-content\/uploads\/C1\">Circular 12\/2023. Licencias Deportistas y Cuotas Clubs 2024<\/a><\/p>\n\n\n\n<p><a href=\"https:\/\/feda.org\/feda2k16\/wp-content\/uploads\/C11_Calendario-Deportivo-FEDA-2023.pdf\">Circular 11\/2023: Calendario Deportivo Federaci\u00f3n Espa\u00f1ola de Ajedrez 2023.<\/a><\/p>\n\n\n\n<p><a href=\"https:\/\/feda.org\/feda2k16\/wp-content\/uploads\/C10-CE-Selecciones-Autonomicas-Edad-Escolar-2023.pdf\">Circular 10\/2023. Convocatoria de los Campeonatos de Espa\u00f1a de Selecciones en Edad Escolar \u2013 CESA 2023. Categor\u00edas Infantil (Sub 14) y Cadete (Sub 16).<\/a><\/p>\n\n\n\n<p><a href=\"https:\/\/feda.org\/feda2k16\/circular-09-2023-convocatoria-de-los-campeonatos-de-espana-de-jovenes-salobrena-2023-2\/\">Circular 09\/2023. Convocatoria de los Campeonatos de Espa\u00f1a de J\u00f3venes. Salobre\u00f1a 2023.<\/a><\/p>\n<p><a href=\"https:\/\/feda.org\/feda2k16\/wp-content\/uploads\/C08_Ayudas-a-Clubs-2023-2024-1.pdf\">Circular 08\/2023. Ayudas a Clubs CICLO 2023 &#8211; 2024.<\/a><\/p>\n<p><a href=\"https:\/\/feda.org\/feda2k16\/wp-content\/uploads\/C07_Ayudas-a-Monitores-y-Entrenadores-2023-2024.pdf\">Circular 07\/2023. Ayudas&nbsp;a Monitores y Entrenadores en Competiciones y Actividades Oficiales 2023 &#8211; 2024<\/a><\/p>\n<p><a href=\"https:\/\/feda.org\/feda2k16\/wp-content\/uploads\/C06_Ayudas-a-Arbitros-2023-2024.pdf\">Circular 06\/2023. Ayudas a \u00c1rbitros en Competiciones y Actividades Oficiales 2023 &#8211; 2024.<\/a><\/p>\n\n\n\n<p><a href=\"https:\/\/feda.org\/feda2k16\/wp-content\/uploads\/C05_Criterios_de_Seleccion_Ciclo_2023_2024.-Nombramientos.pdf\">Circular 05\/2023.\u00a0 Criterios de Selecci\u00f3n 2023 &#8211; 2024. Nombramientos.<\/a><\/p>\n<p><a href=\"https:\/\/feda.org\/feda2k16\/wp-content\/uploads\/C04_Licitacion-Ofertas-Organizacion-CE-Veteranos-2023.pdf\">Circular 04\/23023. Licitaci\u00f3n Ofertas Campeonato de Espa\u00f1a de Veterano 2023.<\/a><\/p>\n\n\n\n<p><a href=\"https:\/\/feda.org\/feda2k16\/wp-content\/uploads\/C03_Informes_y_Eval_Elo_2023.pdf\" data-type=\"URL\" data-id=\"https:\/\/feda.org\/feda2k16\/wp-content\/uploads\/C03_Informes_y_Eval_Elo_2023.pdf\">Circular 03\/2023. Registro de Torneos, Informes y Evaluaci\u00f3n Elo 2023.<\/a><\/p>\n\n\n\n<p><a href=\"https:\/\/feda.org\/feda2k16\/wp-content\/uploads\/C03_Informes_y_Eval_Elo_2023.pdf\" data-type=\"URL\" data-id=\"https:\/\/feda.org\/feda2k16\/wp-content\/uploads\/C03_Informes_y_Eval_Elo_2023.pdf\">Circular 02\/2023. Clasificaci\u00f3n de Torneos Abiertos 2022.<\/a><\/p>\n\n\n\n<p><a href=\"https:\/\/feda.org\/feda2k16\/circular-01-2023-campeonato-de-espana-de-colegios-2023\/\">Circular 01\/2023. Convocatoria CE Colegios 2023.<\/a><\/p>\n","protected":false},"excerpt":{"rendered":"<p>&nbsp; &nbsp; Circular 33\/2023.\u00a0 Calendario Deportivo FEDA 2024. \u00a0 Circular 32\/2023. Categor\u00edas Equipos 2024. \u00a0 Circular 31\/2023. Campeonato de Parejas Mixtas. \u00a0 Circular 30\/2023. Convocatoria Campeonato de Espa\u00f1a Absoluto y Femenino. Marbella 2023. Circular 29\/2023. Participaci\u00f3n en el Mundial Sub 8 a Sub 12. Egipto 2023.\u00a0 \u00a0Anexo. Circular 28 Campeonato del Mundo Sub 14 a [&hellip;]<\/p>\n","protected":false},"author":5,"featured_media":0,"parent":0,"menu_order":0,"comment_status":"closed","ping_status":"closed","template":"","meta":{"footnotes":""},"class_list":["post-21601","page","type-page","status-publish","hentry"],"yoast_head":"<!-- This site is optimized with the Yoast SEO plugin v27.4 - https:\/\/yoast.com\/product\/yoast-seo-wordpress\/ -->\n<title>Circulares 2023 - FEDA<\/title>\n<meta name=\"robots\" content=\"index, follow, max-snippet:-1, max-image-preview:large, max-video-preview:-1\" \/>\n<link rel=\"canonical\" href=\"https:\/\/feda.org\/feda2k16\/circulares-2023\/\" \/>\n<meta property=\"og:locale\" content=\"es_ES\" \/>\n<meta property=\"og:type\" content=\"article\" \/>\n<meta property=\"og:title\" content=\"Circulares 2023 - FEDA\" \/>\n<meta property=\"og:description\" content=\"&nbsp; &nbsp; Circular 33\/2023.\u00a0 Calendario Deportivo FEDA 2024. \u00a0 Circular 32\/2023. Categor\u00edas Equipos 2024. \u00a0 Circular 31\/2023. Campeonato de Parejas Mixtas. \u00a0 Circular 30\/2023. Convocatoria Campeonato de Espa\u00f1a Absoluto y Femenino. Marbella 2023. Circular 29\/2023. Participaci\u00f3n en el Mundial Sub 8 a Sub 12. Egipto 2023.\u00a0 \u00a0Anexo. Circular 28 Campeonato del Mundo Sub 14 a [&hellip;]\" \/>\n<meta property=\"og:url\" content=\"https:\/\/feda.org\/feda2k16\/circulares-2023\/\" \/>\n<meta property=\"og:site_name\" content=\"FEDA\" \/>\n<meta property=\"article:publisher\" content=\"https:\/\/www.facebook.com\/federacionespanoladeajedrez\/\" \/>\n<meta property=\"article:modified_time\" content=\"2023-12-28T17:09:30+00:00\" \/>\n<meta name=\"twitter:card\" content=\"summary_large_image\" \/>\n<meta name=\"twitter:site\" content=\"@AjedrezEspanola\" \/>\n<meta name=\"twitter:label1\" content=\"Tiempo de lectura\" \/>\n\t<meta name=\"twitter:data1\" content=\"2 minutos\" \/>\n<script type=\"application\/ld+json\" class=\"yoast-schema-graph\">{\"@context\":\"https:\\\/\\\/schema.org\",\"@graph\":[{\"@type\":\"WebPage\",\"@id\":\"https:\\\/\\\/feda.org\\\/feda2k16\\\/circulares-2023\\\/\",\"url\":\"https:\\\/\\\/feda.org\\\/feda2k16\\\/circulares-2023\\\/\",\"name\":\"Circulares 2023 - FEDA\",\"isPartOf\":{\"@id\":\"https:\\\/\\\/feda.org\\\/feda2k16\\\/#website\"},\"datePublished\":\"2023-03-01T18:03:23+00:00\",\"dateModified\":\"2023-12-28T17:09:30+00:00\",\"breadcrumb\":{\"@id\":\"https:\\\/\\\/feda.org\\\/feda2k16\\\/circulares-2023\\\/#breadcrumb\"},\"inLanguage\":\"es\",\"potentialAction\":[{\"@type\":\"ReadAction\",\"target\":[\"https:\\\/\\\/feda.org\\\/feda2k16\\\/circulares-2023\\\/\"]}]},{\"@type\":\"BreadcrumbList\",\"@id\":\"https:\\\/\\\/feda.org\\\/feda2k16\\\/circulares-2023\\\/#breadcrumb\",\"itemListElement\":[{\"@type\":\"ListItem\",\"position\":1,\"name\":\"Portada\",\"item\":\"https:\\\/\\\/feda.org\\\/feda2k16\\\/\"},{\"@type\":\"ListItem\",\"position\":2,\"name\":\"Circulares 2023\"}]},{\"@type\":\"WebSite\",\"@id\":\"https:\\\/\\\/feda.org\\\/feda2k16\\\/#website\",\"url\":\"https:\\\/\\\/feda.org\\\/feda2k16\\\/\",\"name\":\"FEDA\",\"description\":\"Federaci\u00f3n Espa\u00f1ola de Ajedrez\",\"publisher\":{\"@id\":\"https:\\\/\\\/feda.org\\\/feda2k16\\\/#organization\"},\"alternateName\":\"Federaci\u00f3n Espa\u00f1ola de Ajedrez\",\"potentialAction\":[{\"@type\":\"SearchAction\",\"target\":{\"@type\":\"EntryPoint\",\"urlTemplate\":\"https:\\\/\\\/feda.org\\\/feda2k16\\\/?s={search_term_string}\"},\"query-input\":{\"@type\":\"PropertyValueSpecification\",\"valueRequired\":true,\"valueName\":\"search_term_string\"}}],\"inLanguage\":\"es\"},{\"@type\":\"Organization\",\"@id\":\"https:\\\/\\\/feda.org\\\/feda2k16\\\/#organization\",\"name\":\"FEDA\",\"alternateName\":\"Federaci\u00f3n Espa\u00f1ola de Ajedrez\",\"url\":\"https:\\\/\\\/feda.org\\\/feda2k16\\\/\",\"logo\":{\"@type\":\"ImageObject\",\"inLanguage\":\"es\",\"@id\":\"https:\\\/\\\/feda.org\\\/feda2k16\\\/#\\\/schema\\\/logo\\\/image\\\/\",\"url\":\"https:\\\/\\\/feda.org\\\/feda2k16\\\/wp-content\\\/uploads\\\/NuevoLogo_FEDA_2016.png\",\"contentUrl\":\"https:\\\/\\\/feda.org\\\/feda2k16\\\/wp-content\\\/uploads\\\/NuevoLogo_FEDA_2016.png\",\"width\":600,\"height\":600,\"caption\":\"FEDA\"},\"image\":{\"@id\":\"https:\\\/\\\/feda.org\\\/feda2k16\\\/#\\\/schema\\\/logo\\\/image\\\/\"},\"sameAs\":[\"https:\\\/\\\/www.facebook.com\\\/federacionespanoladeajedrez\\\/\",\"https:\\\/\\\/x.com\\\/AjedrezEspanola\",\"https:\\\/\\\/www.instagram.com\\\/federacionespanolaajedrez\\\/?hl=es\",\"https:\\\/\\\/www.youtube.com\\\/@FederacionEspanoladeAjedrezFED\\\/featured\"]}]}<\/script>\n<!-- \/ Yoast SEO plugin. -->","yoast_head_json":{"title":"Circulares 2023 - FEDA","robots":{"index":"index","follow":"follow","max-snippet":"max-snippet:-1","max-image-preview":"max-image-preview:large","max-video-preview":"max-video-preview:-1"},"canonical":"https:\/\/feda.org\/feda2k16\/circulares-2023\/","og_locale":"es_ES","og_type":"article","og_title":"Circulares 2023 - FEDA","og_description":"&nbsp; &nbsp; Circular 33\/2023.\u00a0 Calendario Deportivo FEDA 2024. \u00a0 Circular 32\/2023. Categor\u00edas Equipos 2024. \u00a0 Circular 31\/2023. Campeonato de Parejas Mixtas. \u00a0 Circular 30\/2023. Convocatoria Campeonato de Espa\u00f1a Absoluto y Femenino. Marbella 2023. Circular 29\/2023. Participaci\u00f3n en el Mundial Sub 8 a Sub 12. Egipto 2023.\u00a0 \u00a0Anexo. Circular 28 Campeonato del Mundo Sub 14 a [&hellip;]","og_url":"https:\/\/feda.org\/feda2k16\/circulares-2023\/","og_site_name":"FEDA","article_publisher":"https:\/\/www.facebook.com\/federacionespanoladeajedrez\/","article_modified_time":"2023-12-28T17:09:30+00:00","twitter_card":"summary_large_image","twitter_site":"@AjedrezEspanola","twitter_misc":{"Tiempo de lectura":"2 minutos"},"schema":{"@context":"https:\/\/schema.org","@graph":[{"@type":"WebPage","@id":"https:\/\/feda.org\/feda2k16\/circulares-2023\/","url":"https:\/\/feda.org\/feda2k16\/circulares-2023\/","name":"Circulares 2023 - FEDA","isPartOf":{"@id":"https:\/\/feda.org\/feda2k16\/#website"},"datePublished":"2023-03-01T18:03:23+00:00","dateModified":"2023-12-28T17:09:30+00:00","breadcrumb":{"@id":"https:\/\/feda.org\/feda2k16\/circulares-2023\/#breadcrumb"},"inLanguage":"es","potentialAction":[{"@type":"ReadAction","target":["https:\/\/feda.org\/feda2k16\/circulares-2023\/"]}]},{"@type":"BreadcrumbList","@id":"https:\/\/feda.org\/feda2k16\/circulares-2023\/#breadcrumb","itemListElement":[{"@type":"ListItem","position":1,"name":"Portada","item":"https:\/\/feda.org\/feda2k16\/"},{"@type":"ListItem","position":2,"name":"Circulares 2023"}]},{"@type":"WebSite","@id":"https:\/\/feda.org\/feda2k16\/#website","url":"https:\/\/feda.org\/feda2k16\/","name":"FEDA","description":"Federaci\u00f3n Espa\u00f1ola de Ajedrez","publisher":{"@id":"https:\/\/feda.org\/feda2k16\/#organization"},"alternateName":"Federaci\u00f3n Espa\u00f1ola de Ajedrez","potentialAction":[{"@type":"SearchAction","target":{"@type":"EntryPoint","urlTemplate":"https:\/\/feda.org\/feda2k16\/?s={search_term_string}"},"query-input":{"@type":"PropertyValueSpecification","valueRequired":true,"valueName":"search_term_string"}}],"inLanguage":"es"},{"@type":"Organization","@id":"https:\/\/feda.org\/feda2k16\/#organization","name":"FEDA","alternateName":"Federaci\u00f3n Espa\u00f1ola de Ajedrez","url":"https:\/\/feda.org\/feda2k16\/","logo":{"@type":"ImageObject","inLanguage":"es","@id":"https:\/\/feda.org\/feda2k16\/#\/schema\/logo\/image\/","url":"https:\/\/feda.org\/feda2k16\/wp-content\/uploads\/NuevoLogo_FEDA_2016.png","contentUrl":"https:\/\/feda.org\/feda2k16\/wp-content\/uploads\/NuevoLogo_FEDA_2016.png","width":600,"height":600,"caption":"FEDA"},"image":{"@id":"https:\/\/feda.org\/feda2k16\/#\/schema\/logo\/image\/"},"sameAs":["https:\/\/www.facebook.com\/federacionespanoladeajedrez\/","https:\/\/x.com\/AjedrezEspanola","https:\/\/www.instagram.com\/federacionespanolaajedrez\/?hl=es","https:\/\/www.youtube.com\/@FederacionEspanoladeAjedrezFED\/featured"]}]}},"_links":{"self":[{"href":"https:\/\/feda.org\/feda2k16\/wp-json\/wp\/v2\/pages\/21601","targetHints":{"allow":["GET"]}}],"collection":[{"href":"https:\/\/feda.org\/feda2k16\/wp-json\/wp\/v2\/pages"}],"about":[{"href":"https:\/\/feda.org\/feda2k16\/wp-json\/wp\/v2\/types\/page"}],"author":[{"embeddable":true,"href":"https:\/\/feda.org\/feda2k16\/wp-json\/wp\/v2\/users\/5"}],"replies":[{"embeddable":true,"href":"https:\/\/feda.org\/feda2k16\/wp-json\/wp\/v2\/comments?post=21601"}],"version-history":[{"count":58,"href":"https:\/\/feda.org\/feda2k16\/wp-json\/wp\/v2\/pages\/21601\/revisions"}],"predecessor-version":[{"id":23216,"href":"https:\/\/feda.org\/feda2k16\/wp-json\/wp\/v2\/pages\/21601\/revisions\/23216"}],"wp:attachment":[{"href":"https:\/\/feda.org\/feda2k16\/wp-json\/wp\/v2\/media?parent=21601"}],"curies":[{"name":"wp","href":"https:\/\/api.w.org\/{rel}","templated":true}]}}