{"id":23287,"date":"2024-01-16T08:14:25","date_gmt":"2024-01-16T08:14:25","guid":{"rendered":"https:\/\/feda.org\/feda2k16\/?page_id=23287"},"modified":"2025-04-02T23:09:03","modified_gmt":"2025-04-02T23:09:03","slug":"circulares-2024","status":"publish","type":"page","link":"https:\/\/feda.org\/feda2k16\/circulares-2024\/","title":{"rendered":"Circulares 2024"},"content":{"rendered":"\n<p>C30\/2024 <a href=\"https:\/\/feda.org\/feda2k16\/wp-content\/uploads\/C30_Conv_CE_AbsolutoyFemenino_2024.pdf\">Convocatoria Campeonato de Espa\u00f1a Absoluto y Femenino 2024.<\/a><\/p>\n\n\n\n\n\n<p>C29\/2024 <a href=\"https:\/\/feda.org\/feda2k16\/wp-content\/uploads\/C29_Votaciones_Asamblea_General_2024_S.pdf\">Votaciones Asamblea General 2 de Noviembre de 2024<\/a>. (Subsanada 30-10-2024)<\/p>\n\n\n\n<p>C28\/2024 <a href=\"https:\/\/feda.org\/feda2k16\/wp-content\/uploads\/C28_Conv_CECLUB_Divison-de-Honor_Melilla_2024.pdf\">Convocatoria CECLUB Divisi\u00f3n de Honor. Melilla 2024.<\/a><\/p>\n\n\n\n<p><span style=\"color: #ffffff;\"><span style=\"color: #000000;\">C27\/2024<\/span><\/span>\u00a0<a href=\"https:\/\/feda.org\/feda2k16\/wp-content\/uploads\/C27-Tecnificacion-2024-2025.pdf\">Tecnificaci\u00f3n 2024 &#8211; 2025.<\/a><\/p>\n<p>C26\/2024 <a href=\"https:\/\/feda.org\/feda2k16\/wp-content\/uploads\/C26-Alta-Competicion-2024-2025.pdf\">Circular 26\/2024. Alta Competici\u00f3n 2024-2025<\/a><\/p>\n<p><span style=\"color: #ffffff;\"><strong><span style=\"color: #000000;\">C25\/202<\/span>4 <\/strong><\/span><a href=\"https:\/\/feda.org\/feda2k16\/wp-content\/uploads\/C25-Modif_Circular_19_Hora_Ronda_6_CE-Aficionados_2024.pdf\">Modificaci\u00f3n Circular 19 de la Convocatoria del Campeonato de Espa\u00f1a de Aficionados 2024<\/a><\/p>\n\n\n\n<p><span style=\"color: #ffffff;\"><span style=\"color: #000000;\">C24\/202<\/span><\/span><strong><span style=\"color: #ffffff;\">4<\/span><\/strong> <a href=\"https:\/\/feda.org\/feda2k16\/wp-content\/uploads\/C24_Modificacion_Circular18_CE_Rapido_Equipos-2024.pdf\">Modificaci\u00f3n Circular 18. C.E R\u00e1pido Equipos 2024.<\/a><\/p>\n\n\n\n<p>C23\/2024 <a href=\"https:\/\/feda.org\/feda2k16\/wp-content\/uploads\/C23-Conv_ParejasM_Relampago_Benidorm_2024.pdf\">Convocatoria del Campeonato de Ajedrez Rel\u00e1mpago por Parejas Mixtas. Benidorm 2024<\/a><\/p>\n<p>C22\/2024 <a href=\"https:\/\/feda.org\/feda2k16\/wp-content\/uploads\/C22-Conv_CE_Veteranos_2024.pdf\">Convocatoria del Campeonato de Espa\u00f1a de Veteranos. Roquetas de Mar 2024<\/a><\/p>\n<p><span style=\"color: #000000;\">C21\/2024<\/span> <a href=\"https:\/\/feda.org\/feda2k16\/wp-content\/uploads\/C21-Participacion-en-Cto-Iberoamericano-Indiv-2024.pdf\">Participaci\u00f3n en el Campeonato Iberoamericano Individual Absoluto. Linares 2024.<\/a><\/p>\n<p><span style=\"background-color: #ffffff; color: #000000;\">C20\/2024 <\/span><a href=\"https:\/\/feda.org\/feda2k16\/wp-content\/uploads\/C20-Convocatoria_II_Alto_Rendimiento_Digital_2024.pdf\">Curso de Alto Rendimiento Digital. Segunda Convocatoria 2024.<\/a><\/p>\n<p><span style=\"color: #000000;\">C019\/2024<\/span> <a href=\"https:\/\/feda.org\/feda2k16\/wp-content\/uploads\/C19-Convocatoria_CE-Aficionados_Albacete_2024-2.pdf\">Convocatoria Ctos. de Espa\u00f1a de Aficionados. Tramo -1700, -2000, -2300. Albacete 2024.<\/a><\/p>\n<p><span style=\"color: #000000;\">C018\/2024 <\/span><a href=\"https:\/\/feda.org\/feda2k16\/wp-content\/uploads\/C18_CE_Rapido_Equipos-2024-1.pdf\">Convocatoria Cto. de Espa\u00f1a Ajedrez R\u00e1pido por Equipos. \u00dabeda 2024.<\/a><\/p>\n<p>C018\/2024 <a href=\"https:\/\/feda.org\/feda2k16\/wp-content\/uploads\/C18-Anexo3_Form_CE_Rapido_Equipos_2024.xlsx\">Anexo I Formulario<\/a><\/p>\n<p><span style=\"color: #000000;\">C017\/2024<\/span> <a href=\"https:\/\/feda.org\/feda2k16\/wp-content\/uploads\/C17-Conv_CECLUB_1a_Division_-Linares_2024.pdf\">Convocatoria CECLUB Primera Divisi\u00f3n. Linares 2024.<\/a><\/p>\n<p>C017\/2024 <a href=\"https:\/\/feda.org\/feda2k16\/wp-content\/uploads\/C17-Anexo1_FormCECLUB_PRIMERA-DIV_2024.xlsx\">Anexo I Formulario<\/a><\/p>\n<p>C017\/2024 <a href=\"https:\/\/feda.org\/feda2k16\/wp-content\/uploads\/C17-AnexoII_Situacion_Extracomunitarios_CECLUB_2024.docx\">Anexo II Situaci\u00f3n extracomunitarios<\/a><\/p>\n<p><a href=\"https:\/\/feda.org\/feda2k16\/wp-content\/uploads\/C16-Conv_CE_Rapido_Mengibar2024-1.pdf\"><span style=\"color: #ffffff;\"><span style=\"color: #000000;\">C016\/2024 <\/span><\/span>Convocatoria Cto. de Espa\u00f1a de Ajedrez R\u00e1pido. Meng\u00edbar 2024.<\/a><\/p>\n<p><a href=\"https:\/\/feda.org\/feda2k16\/wp-content\/uploads\/C15-Conv_CE_Relampago_Mengibar2024.pdf\"><span style=\"color: #ffffff;\"><span style=\"color: #000000;\">C015\/2024<\/span><\/span> Convocatoria Cto. de Espa\u00f1a de Ajedrez Rel\u00e1mpago. Meng\u00edbar 2024.<\/a><\/p>\n<p><a href=\"https:\/\/feda.org\/feda2k16\/wp-content\/uploads\/C14-Conv_CECLUB_2a_Division_-Linares_2024.pdf\"><span style=\"color: #000000;\">C014\/2024<\/span>\u00a0 Convocatoria CECLUB Segunda Divisi\u00f3n. Linares 2024.\u00a0<\/a><\/p>\n<p><span style=\"color: #ffffff;\"><span style=\"color: #000000;\">C014\/2024<\/span>\u00a0<\/span><a href=\"https:\/\/feda.org\/feda2k16\/wp-content\/uploads\/C14-Anexo1_FormCECLUB_SEGUNDA-DIV_2024.xlsx\"> Anexo I Formulario<\/a><\/p>\n<p><span style=\"color: #000000;\">C014\/2024<\/span> <a href=\"https:\/\/feda.org\/feda2k16\/wp-content\/uploads\/C14-AnexoII_Situacion_Extracomunitarios_CECLUB_2024-1.docx\">Anexo II Situaci\u00f3n extracomunitarios<\/a><\/p>\n<p><a href=\"https:\/\/feda.org\/feda2k16\/wp-content\/uploads\/C13-Conv_ParejasM_Rapido_Linares_2024.pdf\"><span style=\"color: #000000;\">C013\/2024<\/span> Convocatoria Cto. de Espa\u00f1a de Ajedrez R\u00e1pido por Parejas Mixtas.<\/a>\u00a0<\/p>\n<p><span style=\"color: #000000;\">C012\/2024<\/span><a href=\"https:\/\/feda.org\/feda2k16\/wp-content\/uploads\/C12-Seleccion_Espanola_Olimpiada_Budapest_2024-2.pdf\"> Selecci\u00f3n Espa\u00f1ola Ol\u00edmpica Budapest 2024.<\/a><\/p>\n<p><span style=\"color: #000000;\">C011\/2024<\/span> <a href=\"https:\/\/feda.org\/feda2k16\/wp-content\/uploads\/C11-Particip_Europeos_Sub-8_18_Praga_2024.pdf\">Participaci\u00f3n en los Campeonatos de Europa de J\u00f3venes Sub 08 a Sub 18. Praga 2024.<\/a> <a href=\"https:\/\/feda.org\/feda2k16\/wp-content\/uploads\/C11-Anexo_1_Ficha-Europeos-Praga-2024.xlsx\">Anexo1<\/a><\/p>\n<p><span style=\"color: #000000;\">C010\/2024 <\/span><a style=\"font-size: revert;\" href=\"https:\/\/feda.org\/feda2k16\/wp-content\/uploads\/C10-Conv_CE_Inclusivo_Monzon_2024-1.pdf\">Convocatoria Campeonato de Espa\u00f1a de Ajedrez Inclusivo. Monz\u00f3n 2024.<\/a><\/p>\n<p><a href=\"https:\/\/feda.org\/feda2k16\/wp-content\/uploads\/C09_2024-Clasificacion_Torneos_Abiertos_2023.pdf\"><span style=\"color: #000000;\">C09\/2024.<\/span> Clasificaci\u00f3n de Abiertos Internacionales en Espa\u00f1a 2023.<\/a><\/p>\n<p><span style=\"color: #000000;\">C08\/2024 <\/span><a href=\"https:\/\/feda.org\/feda2k16\/wp-content\/uploads\/C08-Convocatoria_CESA_2024.pdf\">Convocatoria CESA 2024.<\/a><\/p>\n<div class=\"pG\" tabindex=\"0\" role=\"switch\" data-tooltip-contained=\"true\" data-tooltip-align=\"b,l\" data-tooltip-delay=\"1500\" aria-label=\"No importante\" aria-checked=\"false\" data-is-important=\"false\"><a style=\"font-size: revert;\" href=\"https:\/\/feda.org\/feda2k16\/wp-content\/uploads\/C07-Convocatoria_I_Alto_Rendimiento_Digital_2024.pdf\"><span style=\"color: #000000;\">C07\/2024.<\/span> Programa de Alto rendimiento digital para deportistas y t\u00e9cnicos.<\/a><\/div>\n<div class=\"el-content uk-panel uk-margin-top\">\n<p><a style=\"font-size: revert;\" href=\"https:\/\/feda.org\/feda2k16\/wp-content\/uploads\/C06-Informes_y_Eval_Elo_2024.pdf\"><span style=\"color: #000000;\">C06\/2024. <\/span>Informes y Evaluaci\u00f3n de Torneos 2024<\/a><\/p>\n<\/div>\n<p><a href=\"https:\/\/feda.org\/feda2k16\/wp-content\/uploads\/C05-Convocatoria_CE-Sub08_Sub18_-StandardyRapido_2024.pdf\"><span style=\"color: #ffffff;\"><span style=\"color: #000000;\">C05\/2024<\/span><\/span><strong><span style=\"color: #ffffff;\">.<\/span><\/strong> Convocatoria de los Campeonatos de Espa\u00f1a de J\u00f3venes: Ajedrez Standard y Ajedrez R\u00e1pido Sub-8 a Sub-18 \u2013 2024.<\/a><br \/><a href=\"https:\/\/feda.org\/feda2k16\/wp-content\/uploads\/C05-Anexo-I_Reglas-especificas-de-la-competicion-para-los-Campeonatos-de-Espana-de-Jovenes.pdf\">C05 Anexo I Reglas especificas de la Competici\u00f3n.<\/a><\/p>\n<p><a href=\"https:\/\/feda.org\/feda2k16\/wp-content\/uploads\/C05-Anexo-II_Instrucciones-para-la-Reserva-Hotelera_Tablas-de-Precios_Formulario-de-reserva-1.pdf\">C05 Anexo II Instrucciones para la reserva Hotelera.<\/a><\/p>\n<p><a href=\"https:\/\/feda.org\/feda2k16\/wp-content\/uploads\/C05-Anexo-III_Formulario-de-reserva_Word-1.doc\">C05 Anexo III Formulario reserva word<\/a><\/p>\n<p><a href=\"https:\/\/feda.org\/feda2k16\/wp-content\/uploads\/C05-Anexo_IV_Formulario_Autorizacion_Datos.xlsx\">C05 Anexo IV Formulario Autorizaci\u00f3n Datos\u00a0<\/a><\/p>\n<p>C04\/2024<strong>.<\/strong> <a href=\"https:\/\/feda.org\/feda2k16\/wp-content\/uploads\/C04-Convocatoria-Curso-Nivel-I-Canarias-2024.pdf\">Convocatoria Curso Nivel I Canarias 2024<\/a><\/p>\n<p><a href=\"https:\/\/feda.org\/feda2k16\/wp-content\/uploads\/C04-Anexo-1_Form-Inscripcion.docx\">C04 Anexo1 Formulario<\/a><\/p>\n<p><a href=\"https:\/\/feda.org\/feda2k16\/wp-content\/uploads\/C04-Anexo2_Formulario_Convalidacion_CSD.pdf\">C04 Anexo2 Formulario Convalidaci\u00f3n CSD\u00a0<\/a><\/p>\n<p><a href=\"https:\/\/feda.org\/feda2k16\/wp-content\/uploads\/C04-Anexo-3_Protecc_Datos.docx\">C04 Anexo3 Protecci\u00f3n de datos<\/a><\/p>\n<p><a href=\"https:\/\/feda.org\/feda2k16\/wp-content\/uploads\/C04-Anexo-4_Decl_conocimiento.docx\">C04 Anexo 4 Declaraci\u00f3n de conocimiento<\/a><\/p>\n<p><a href=\"https:\/\/feda.org\/feda2k16\/wp-content\/uploads\/C03_04-Anexo-5_Recibo-Devolucion-Curso-Nivel-I-2024.xlsx\">C04 Anexo5 Recibo Devoluci\u00f3n Curso Nivel I 2024.<\/a><\/p>\n<p><span style=\"color: #000000;\">C03 2024.<\/span><a href=\"https:\/\/feda.org\/feda2k16\/wp-content\/uploads\/C03-Convocatoria-Curso-Nivel-I-Madrid-2024.pdf\"> Convocatoria Curso Nivel I Madrid 2024.\u00a0<\/a><\/p>\n<p><a href=\"https:\/\/feda.org\/feda2k16\/wp-content\/uploads\/C03-Anexo-1_Form-Inscripcion.docx\">C03 Anexo1 Formulario<\/a><\/p>\n<p><a href=\"https:\/\/feda.org\/feda2k16\/wp-content\/uploads\/C03-Anexo2_Formulario_Convalidacion_CSD.pdf\">C03 Anexo2 Formulario Convalidaci\u00f3n CSD\u00a0<\/a><\/p>\n<p><a href=\"https:\/\/feda.org\/feda2k16\/_wp_link_placeholder\">C03 Anexo3 Protecci\u00f3n de datos<\/a><\/p>\n<p><a href=\"https:\/\/feda.org\/feda2k16\/wp-content\/uploads\/C03-Anexo-4_Decl_conocimiento-1.docx\">C03 Anexo 4 Declaraci\u00f3n de conocimiento<\/a><\/p>\n<p><a href=\"https:\/\/feda.org\/feda2k16\/wp-content\/uploads\/C03_04-Anexo-5_Recibo-Devolucion-Curso-Nivel-I-2024.xlsx\">C03 Anexo5 Recibo Devoluci\u00f3n Curso Nivel I 2024.<\/a><\/p>\n<p><span style=\"color: #000000;\">C02 2024<\/span><strong><span style=\"color: #ffffff;\">.<\/span><\/strong> <a href=\"https:\/\/feda.org\/feda2k16\/wp-content\/uploads\/C02-Convocatoria-CE-Escolar-por-Equipos-2024.pdf\">Convocatoria<\/a> &#8211;\u00a0 <a href=\"https:\/\/feda.org\/feda2k16\/wp-content\/uploads\/C02.Anexo1_FICHA_INSCRIPC_Individual_Particip_Escolar_2024-1.xlsx\">C02.Anexo 1<\/a> &#8211; <a href=\"https:\/\/feda.org\/feda2k16\/wp-content\/uploads\/C02.Anexo2_FICHA_DELEGADO_Escolar_2024.xlsx\">C02.Anexo2.<\/a><\/p>\n<p><span style=\"color: #000000;\">C01 2024.<\/span> Convocatoria Preinscripci\u00f3n Cursos Monitor Nivel I. <a href=\"https:\/\/feda.org\/feda2k16\/wp-content\/uploads\/C01-Preinscripcion-Curso-Monitor-Nivel-I-2024.pdf\">Adjuntamos Informaci\u00f3n.<\/a><\/p>\n\n\n\n\n","protected":false},"excerpt":{"rendered":"<p>C30\/2024 Convocatoria Campeonato de Espa\u00f1a Absoluto y Femenino 2024. C29\/2024 Votaciones Asamblea General 2 de Noviembre de 2024. (Subsanada 30-10-2024) C28\/2024 Convocatoria CECLUB Divisi\u00f3n de Honor. Melilla 2024. C27\/2024\u00a0Tecnificaci\u00f3n 2024 &#8211; 2025. C26\/2024 Circular 26\/2024. Alta Competici\u00f3n 2024-2025 C25\/2024 Modificaci\u00f3n Circular 19 de la Convocatoria del Campeonato de Espa\u00f1a de Aficionados 2024 C24\/2024 Modificaci\u00f3n Circular [&hellip;]<\/p>\n","protected":false},"author":1,"featured_media":0,"parent":0,"menu_order":0,"comment_status":"closed","ping_status":"closed","template":"","meta":{"footnotes":""},"class_list":["post-23287","page","type-page","status-publish","hentry"],"yoast_head":"<!-- This site is optimized with the Yoast SEO plugin v27.4 - https:\/\/yoast.com\/product\/yoast-seo-wordpress\/ -->\n<title>Circulares 2024 - FEDA<\/title>\n<meta name=\"robots\" content=\"index, follow, max-snippet:-1, max-image-preview:large, max-video-preview:-1\" \/>\n<link rel=\"canonical\" href=\"https:\/\/feda.org\/feda2k16\/circulares-2024\/\" \/>\n<meta property=\"og:locale\" content=\"es_ES\" \/>\n<meta property=\"og:type\" content=\"article\" \/>\n<meta property=\"og:title\" content=\"Circulares 2024 - FEDA\" \/>\n<meta property=\"og:description\" content=\"C30\/2024 Convocatoria Campeonato de Espa\u00f1a Absoluto y Femenino 2024. C29\/2024 Votaciones Asamblea General 2 de Noviembre de 2024. (Subsanada 30-10-2024) C28\/2024 Convocatoria CECLUB Divisi\u00f3n de Honor. Melilla 2024. C27\/2024\u00a0Tecnificaci\u00f3n 2024 &#8211; 2025. C26\/2024 Circular 26\/2024. Alta Competici\u00f3n 2024-2025 C25\/2024 Modificaci\u00f3n Circular 19 de la Convocatoria del Campeonato de Espa\u00f1a de Aficionados 2024 C24\/2024 Modificaci\u00f3n Circular [&hellip;]\" \/>\n<meta property=\"og:url\" content=\"https:\/\/feda.org\/feda2k16\/circulares-2024\/\" \/>\n<meta property=\"og:site_name\" content=\"FEDA\" \/>\n<meta property=\"article:publisher\" content=\"https:\/\/www.facebook.com\/federacionespanoladeajedrez\/\" \/>\n<meta property=\"article:modified_time\" content=\"2025-04-02T23:09:03+00:00\" \/>\n<meta name=\"twitter:card\" content=\"summary_large_image\" \/>\n<meta name=\"twitter:site\" content=\"@AjedrezEspanola\" \/>\n<meta name=\"twitter:label1\" content=\"Tiempo de lectura\" \/>\n\t<meta name=\"twitter:data1\" content=\"2 minutos\" \/>\n<script type=\"application\/ld+json\" class=\"yoast-schema-graph\">{\"@context\":\"https:\\\/\\\/schema.org\",\"@graph\":[{\"@type\":\"WebPage\",\"@id\":\"https:\\\/\\\/feda.org\\\/feda2k16\\\/circulares-2024\\\/\",\"url\":\"https:\\\/\\\/feda.org\\\/feda2k16\\\/circulares-2024\\\/\",\"name\":\"Circulares 2024 - FEDA\",\"isPartOf\":{\"@id\":\"https:\\\/\\\/feda.org\\\/feda2k16\\\/#website\"},\"datePublished\":\"2024-01-16T08:14:25+00:00\",\"dateModified\":\"2025-04-02T23:09:03+00:00\",\"breadcrumb\":{\"@id\":\"https:\\\/\\\/feda.org\\\/feda2k16\\\/circulares-2024\\\/#breadcrumb\"},\"inLanguage\":\"es\",\"potentialAction\":[{\"@type\":\"ReadAction\",\"target\":[\"https:\\\/\\\/feda.org\\\/feda2k16\\\/circulares-2024\\\/\"]}]},{\"@type\":\"BreadcrumbList\",\"@id\":\"https:\\\/\\\/feda.org\\\/feda2k16\\\/circulares-2024\\\/#breadcrumb\",\"itemListElement\":[{\"@type\":\"ListItem\",\"position\":1,\"name\":\"Portada\",\"item\":\"https:\\\/\\\/feda.org\\\/feda2k16\\\/\"},{\"@type\":\"ListItem\",\"position\":2,\"name\":\"Circulares 2024\"}]},{\"@type\":\"WebSite\",\"@id\":\"https:\\\/\\\/feda.org\\\/feda2k16\\\/#website\",\"url\":\"https:\\\/\\\/feda.org\\\/feda2k16\\\/\",\"name\":\"FEDA\",\"description\":\"Federaci\u00f3n Espa\u00f1ola de Ajedrez\",\"publisher\":{\"@id\":\"https:\\\/\\\/feda.org\\\/feda2k16\\\/#organization\"},\"alternateName\":\"Federaci\u00f3n Espa\u00f1ola de Ajedrez\",\"potentialAction\":[{\"@type\":\"SearchAction\",\"target\":{\"@type\":\"EntryPoint\",\"urlTemplate\":\"https:\\\/\\\/feda.org\\\/feda2k16\\\/?s={search_term_string}\"},\"query-input\":{\"@type\":\"PropertyValueSpecification\",\"valueRequired\":true,\"valueName\":\"search_term_string\"}}],\"inLanguage\":\"es\"},{\"@type\":\"Organization\",\"@id\":\"https:\\\/\\\/feda.org\\\/feda2k16\\\/#organization\",\"name\":\"FEDA\",\"alternateName\":\"Federaci\u00f3n Espa\u00f1ola de Ajedrez\",\"url\":\"https:\\\/\\\/feda.org\\\/feda2k16\\\/\",\"logo\":{\"@type\":\"ImageObject\",\"inLanguage\":\"es\",\"@id\":\"https:\\\/\\\/feda.org\\\/feda2k16\\\/#\\\/schema\\\/logo\\\/image\\\/\",\"url\":\"https:\\\/\\\/feda.org\\\/feda2k16\\\/wp-content\\\/uploads\\\/NuevoLogo_FEDA_2016.png\",\"contentUrl\":\"https:\\\/\\\/feda.org\\\/feda2k16\\\/wp-content\\\/uploads\\\/NuevoLogo_FEDA_2016.png\",\"width\":600,\"height\":600,\"caption\":\"FEDA\"},\"image\":{\"@id\":\"https:\\\/\\\/feda.org\\\/feda2k16\\\/#\\\/schema\\\/logo\\\/image\\\/\"},\"sameAs\":[\"https:\\\/\\\/www.facebook.com\\\/federacionespanoladeajedrez\\\/\",\"https:\\\/\\\/x.com\\\/AjedrezEspanola\",\"https:\\\/\\\/www.instagram.com\\\/federacionespanolaajedrez\\\/?hl=es\",\"https:\\\/\\\/www.youtube.com\\\/@FederacionEspanoladeAjedrezFED\\\/featured\"]}]}<\/script>\n<!-- \/ Yoast SEO plugin. -->","yoast_head_json":{"title":"Circulares 2024 - FEDA","robots":{"index":"index","follow":"follow","max-snippet":"max-snippet:-1","max-image-preview":"max-image-preview:large","max-video-preview":"max-video-preview:-1"},"canonical":"https:\/\/feda.org\/feda2k16\/circulares-2024\/","og_locale":"es_ES","og_type":"article","og_title":"Circulares 2024 - FEDA","og_description":"C30\/2024 Convocatoria Campeonato de Espa\u00f1a Absoluto y Femenino 2024. C29\/2024 Votaciones Asamblea General 2 de Noviembre de 2024. (Subsanada 30-10-2024) C28\/2024 Convocatoria CECLUB Divisi\u00f3n de Honor. Melilla 2024. C27\/2024\u00a0Tecnificaci\u00f3n 2024 &#8211; 2025. C26\/2024 Circular 26\/2024. Alta Competici\u00f3n 2024-2025 C25\/2024 Modificaci\u00f3n Circular 19 de la Convocatoria del Campeonato de Espa\u00f1a de Aficionados 2024 C24\/2024 Modificaci\u00f3n Circular [&hellip;]","og_url":"https:\/\/feda.org\/feda2k16\/circulares-2024\/","og_site_name":"FEDA","article_publisher":"https:\/\/www.facebook.com\/federacionespanoladeajedrez\/","article_modified_time":"2025-04-02T23:09:03+00:00","twitter_card":"summary_large_image","twitter_site":"@AjedrezEspanola","twitter_misc":{"Tiempo de lectura":"2 minutos"},"schema":{"@context":"https:\/\/schema.org","@graph":[{"@type":"WebPage","@id":"https:\/\/feda.org\/feda2k16\/circulares-2024\/","url":"https:\/\/feda.org\/feda2k16\/circulares-2024\/","name":"Circulares 2024 - FEDA","isPartOf":{"@id":"https:\/\/feda.org\/feda2k16\/#website"},"datePublished":"2024-01-16T08:14:25+00:00","dateModified":"2025-04-02T23:09:03+00:00","breadcrumb":{"@id":"https:\/\/feda.org\/feda2k16\/circulares-2024\/#breadcrumb"},"inLanguage":"es","potentialAction":[{"@type":"ReadAction","target":["https:\/\/feda.org\/feda2k16\/circulares-2024\/"]}]},{"@type":"BreadcrumbList","@id":"https:\/\/feda.org\/feda2k16\/circulares-2024\/#breadcrumb","itemListElement":[{"@type":"ListItem","position":1,"name":"Portada","item":"https:\/\/feda.org\/feda2k16\/"},{"@type":"ListItem","position":2,"name":"Circulares 2024"}]},{"@type":"WebSite","@id":"https:\/\/feda.org\/feda2k16\/#website","url":"https:\/\/feda.org\/feda2k16\/","name":"FEDA","description":"Federaci\u00f3n Espa\u00f1ola de Ajedrez","publisher":{"@id":"https:\/\/feda.org\/feda2k16\/#organization"},"alternateName":"Federaci\u00f3n Espa\u00f1ola de Ajedrez","potentialAction":[{"@type":"SearchAction","target":{"@type":"EntryPoint","urlTemplate":"https:\/\/feda.org\/feda2k16\/?s={search_term_string}"},"query-input":{"@type":"PropertyValueSpecification","valueRequired":true,"valueName":"search_term_string"}}],"inLanguage":"es"},{"@type":"Organization","@id":"https:\/\/feda.org\/feda2k16\/#organization","name":"FEDA","alternateName":"Federaci\u00f3n Espa\u00f1ola de Ajedrez","url":"https:\/\/feda.org\/feda2k16\/","logo":{"@type":"ImageObject","inLanguage":"es","@id":"https:\/\/feda.org\/feda2k16\/#\/schema\/logo\/image\/","url":"https:\/\/feda.org\/feda2k16\/wp-content\/uploads\/NuevoLogo_FEDA_2016.png","contentUrl":"https:\/\/feda.org\/feda2k16\/wp-content\/uploads\/NuevoLogo_FEDA_2016.png","width":600,"height":600,"caption":"FEDA"},"image":{"@id":"https:\/\/feda.org\/feda2k16\/#\/schema\/logo\/image\/"},"sameAs":["https:\/\/www.facebook.com\/federacionespanoladeajedrez\/","https:\/\/x.com\/AjedrezEspanola","https:\/\/www.instagram.com\/federacionespanolaajedrez\/?hl=es","https:\/\/www.youtube.com\/@FederacionEspanoladeAjedrezFED\/featured"]}]}},"_links":{"self":[{"href":"https:\/\/feda.org\/feda2k16\/wp-json\/wp\/v2\/pages\/23287","targetHints":{"allow":["GET"]}}],"collection":[{"href":"https:\/\/feda.org\/feda2k16\/wp-json\/wp\/v2\/pages"}],"about":[{"href":"https:\/\/feda.org\/feda2k16\/wp-json\/wp\/v2\/types\/page"}],"author":[{"embeddable":true,"href":"https:\/\/feda.org\/feda2k16\/wp-json\/wp\/v2\/users\/1"}],"replies":[{"embeddable":true,"href":"https:\/\/feda.org\/feda2k16\/wp-json\/wp\/v2\/comments?post=23287"}],"version-history":[{"count":114,"href":"https:\/\/feda.org\/feda2k16\/wp-json\/wp\/v2\/pages\/23287\/revisions"}],"predecessor-version":[{"id":25966,"href":"https:\/\/feda.org\/feda2k16\/wp-json\/wp\/v2\/pages\/23287\/revisions\/25966"}],"wp:attachment":[{"href":"https:\/\/feda.org\/feda2k16\/wp-json\/wp\/v2\/media?parent=23287"}],"curies":[{"name":"wp","href":"https:\/\/api.w.org\/{rel}","templated":true}]}}