{"id":23677,"date":"2024-06-07T05:53:17","date_gmt":"2024-06-07T05:53:17","guid":{"rendered":"https:\/\/feda.org\/feda2k16\/membership-join\/"},"modified":"2024-09-18T08:17:27","modified_gmt":"2024-09-18T08:17:27","slug":"membership-join","status":"publish","type":"page","link":"https:\/\/feda.org\/feda2k16\/membership-join\/","title":{"rendered":"Join Us"},"content":{"rendered":"<h1>CENSO ELECTORAL DEFINITIVO<\/h1>\n<div>\n<p>El acceso telem\u00e1tico al censo electoral estar\u00e1 restringido, previa identificaci\u00f3n, a quienes est\u00e9n en posesi\u00f3n de una licencia federativa y a las entidades que formen parte o est\u00e9n integradas en la Federaci\u00f3n Espa\u00f1ola y as\u00ed lo soliciten.<span class=\"Apple-converted-space\">\u00a0<\/span><\/p>\n<p>Est\u00e1 expresamente prohibida la descarga de archivos con la informaci\u00f3n del censo electoral.<\/p>\n<p>El tratamiento y publicaci\u00f3n de los datos contenidos en el censo tiene por exclusiva finalidad garantizar el ejercicio por las personas electoras de su derecho de sufragio, y garantizar la transparencia del proceso electoral, no siendo posible su utilizaci\u00f3n ni cesi\u00f3n para ninguna finalidad distinta de aqu\u00e9lla. Queda prohibida cualquier informaci\u00f3n particularizada sobre los datos personales contenidos en el censo electoral. En todo caso, ser\u00e1 de aplicaci\u00f3n lo previsto en la Ley Org\u00e1nica 3\/2018, de 5 de diciembre, de Protecci\u00f3n de Datos Personales y Garant\u00eda de los Derechos Digitales.<\/p>\n<p>Para acceder a la consulta del censo electoral, debe solicitarse cumplimentando el formulario. En caso de entidades, deber\u00e1 solicitarlo el representante legal.<span class=\"Apple-converted-space\">\u00a0<\/span><\/p>\n<p>Se comprobar\u00e1 que los datos facilitados sean correctos y se le remitir\u00e1 un correo electr\u00f3nico desde <a href=\"mailto:censo2024@feda.org\"><span>censo2024@feda.org<\/span><\/a> confirmando la activaci\u00f3n en un plazo no superior a 24 horas.<\/p>\n<p>Si ya dispon\u00eda de acceso, con usuario y contrase\u00f1a para la consulta del censo electoral inicial no es necesario que pida de nuevo las claves.<\/p>\n<\/div>\n<div><div class=\"swpm-registration-widget-form\">\n    <form id=\"swpm-registration-form\" class=\"swpm-form\" name=\"swpm-registration-form\" method=\"post\" action=\"\">\n        <input type=\"hidden\" name=\"level_identifier\" value=\"eccbc87e4b5ce2fe28308fd9f2a7baf3\" \/>\n        <div class=\"swpm-registration-form-section\">\n            <div class=\"swpm-form-row swpm-username-row\" >\n                <div class=\"swpm-form-label-wrap swpm-form-username-label-wrap\">\n                    <label for=\"user_name\">Nombre de usuario<\/label>\n                <\/div>\n                <div class=\"swpm-form-input-wrap swpm-form-username-input-wrap\">\n                    <input type=\"text\" id=\"user_name\" autocomplete=\"new-username\" class=\"swpm-form-field swpm-form-username\" value=\"\" name=\"user_name\"  \/>\n                <\/div>\n                <div class=\"swpm-form-desc\"><\/div>\n            <\/div>\n            <div class=\"swpm-form-row swpm-email-row\">\n                <div class=\"swpm-form-label-wrap swpm-form-email-label-wrap\">\n                    <label for=\"email\">Correo electr\u00f3nico<\/label>\n                <\/div>\n                <div class=\"swpm-form-input-wrap swpm-form-email-input-wrap\">\n                    <input type=\"text\" autocomplete=\"off\" id=\"email\" class=\"swpm-form-field swpm-form-email\" value=\"\" name=\"email\" \/>\n                <\/div>\n                <div class=\"swpm-form-desc\"><\/div>\n            <\/div>\n            <div class=\"swpm-form-row swpm-password-row\">\n                <div class=\"swpm-form-label-wrap swpm-form-password-label-wrap\">\n                    <label for=\"password\">Contrase\u00f1a<\/label>\n                <\/div>\n                <div class=\"swpm-form-input-wrap swpm-form-password-input-wrap\">\n                    <input type=\"password\" autocomplete=\"new-password\" id=\"password\" class=\"swpm-form-field swpm-form-password\" value=\"\" name=\"password\" \/>\n                <\/div>\n                <div class=\"swpm-form-desc\"><\/div>\n            <\/div>\n            <div class=\"swpm-form-row swpm-repass-row\">\n                <div class=\"swpm-form-label-wrap swpm-form-repass-label-wrap\">\n                    <label for=\"password_re\">Repetir contrase\u00f1a<\/label>\n                <\/div>\n                <div class=\"swpm-form-input-wrap swpm-form-repass-input-wrap\">\n                    <input type=\"password\" autocomplete=\"new-password\" id=\"password_re\" class=\"swpm-form-field swpm-form-repass\" value=\"\" name=\"password_re\" \/>\n                <\/div>\n                <div class=\"swpm-form-desc\"><\/div>\n            <\/div>\n            <div class=\"swpm-form-row swpm-firstname-row\" >\n                <div class=\"swpm-form-label-wrap swpm-form-firstname-label-wrap\">\n                    <label for=\"first_name\">Nombre<\/label>\n                <\/div>\n                <div class=\"swpm-form-input-wrap swpm-form-firstname-input-wrap\">\n                    <input type=\"text\" id=\"first_name\" class=\"swpm-form-field swpm-form-firstname\" value=\"\" name=\"first_name\" \/>\n                <\/div>\n                <div class=\"swpm-form-desc\"><\/div>\n            <\/div>\n            <div class=\"swpm-form-row swpm-lastname-row\" >\n                <div class=\"swpm-form-label-wrap swpm-form-lastname-label-wrap\">\n                    <label for=\"last_name\">Apellidos<\/label>\n                <\/div>\n                <div class=\"swpm-form-input-wrap swpm-form-lastname-input-wrap\">\n                    <input type=\"text\" id=\"last_name\" class=\"swpm-form-field swpm-form-lastname\" value=\"\" name=\"last_name\" \/>\n                <\/div>\n                <div class=\"swpm-form-desc\"><\/div>\n            <\/div>\n            <div\n                class=\"swpm-form-row swpm-membership-level-row\"\n                                style=\"\"\n            >\n                <div class=\"swpm-form-label-wrap swpm-form-membership-level-label-wrap\">\n                    <label for=\"membership_level\">Nivel de membres\u00eda<\/label>\n                <\/div>\n                <div class=\"swpm-form-membership-level-value\">\n                    Gratis<input type=\"hidden\" value=\"3\" size=\"50\" name=\"swpm_membership_level\" id=\"membership_level\" \/><input type=\"hidden\" name=\"swpm_level_hash\" value=\"155cee105041b482007baabd80f92684\" \/>                <\/div>\n            <\/div>\n            \n                        <div class=\"swpm-before-registration-submit-section\" align=\"center\"><\/div>\n\n            <div class=\"swpm-form-row swpm-submit-section swpm-registration-submit-section\">\n                <button type=\"submit\" class=\"swpm-submit swpm-registration-submit-button swpm-submit-btn-default-style\">Registrarse<\/button>\n                <input type=\"hidden\" name=\"swpm_registration_submit\" value=\"Register\">\n            <\/div>\n        <\/div>\n\n        <input type=\"hidden\" name=\"action\" value=\"custom_posts\" \/>\n    <\/form>\n\n    <style>\n        .swpm-registration-submit-section{\n            text-align: center;\n        }\n        .swpm-form .swpm-form-row {\n            margin-bottom: 0.8rem;\n        }\n\n        .swpm-form .swpm-submit-section {\n            margin-top: 1rem;\n        }\n\n        .swpm-form .swpm-form-row.error .swpm-form-field {\n            border-color: #cc0000 !important;\n            outline-color: #cc0000 !important;\n        }\n\n        .swpm-form .swpm-form-row.error .swpm-form-desc {\n            color: #cc0000 !important;\n            font-size: smaller !important;\n        }\n\n        .swpm-form .swpm-form-row.error .swpm-form-desc>ul {\n            list-style: none !important;\n            padding: 0 !important;\n            margin: 4px 0 0 !important;\n        }\n    <\/style>\n<\/div><\/div>\n<p><!--more--><br \/>\n<!-- {\"type\":\"layout\",\"children\":[{\"type\":\"section\",\"props\":{\"image_position\":\"center-center\",\"style\":\"default\",\"title_breakpoint\":\"xl\",\"title_position\":\"top-left\",\"title_rotation\":\"left\",\"vertical_align\":\"middle\",\"width\":\"default\"},\"children\":[{\"type\":\"row\",\"children\":[{\"type\":\"column\",\"props\":{\"image_position\":\"center-center\",\"media_overlay_gradient\":\"\",\"position_sticky_breakpoint\":\"m\",\"width_medium\":\"1-2\"},\"children\":[{\"type\":\"headline\",\"props\":{\"content\":\"CENSO ELECTORAL DEFINITIVO\",\"title_element\":\"h1\"}},{\"type\":\"text\",\"props\":{\"column_breakpoint\":\"m\",\"content\":\"\n\n<p>El acceso telem\\u00e1tico al censo electoral estar\\u00e1 restringido, previa identificaci\\u00f3n, a quienes est\\u00e9n en posesi\\u00f3n de una licencia federativa y a las entidades que formen parte o est\\u00e9n integradas en la Federaci\\u00f3n Espa\\u00f1ola y as\\u00ed lo soliciten.<span class=\\\"Apple-converted-space\\\">\\u00a0<\\\/span><\\\/p>\\n\n\n<p>Est\\u00e1 expresamente prohibida la descarga de archivos con la informaci\\u00f3n del censo electoral.<\\\/p>\\n\n\n<p>El tratamiento y publicaci\\u00f3n de los datos contenidos en el censo tiene por exclusiva finalidad garantizar el ejercicio por las personas electoras de su derecho de sufragio, y garantizar la transparencia del proceso electoral, no siendo posible su utilizaci\\u00f3n ni cesi\\u00f3n para ninguna finalidad distinta de aqu\\u00e9lla. Queda prohibida cualquier informaci\\u00f3n particularizada sobre los datos personales contenidos en el censo electoral. En todo caso, ser\\u00e1 de aplicaci\\u00f3n lo previsto en la Ley Org\\u00e1nica 3\\\/2018, de 5 de diciembre, de Protecci\\u00f3n de Datos Personales y Garant\\u00eda de los Derechos Digitales.<\\\/p>\\n\n\n<p>Para acceder a la consulta del censo electoral, debe solicitarse cumplimentando el formulario. En caso de entidades, deber\\u00e1 solicitarlo el representante legal.<span class=\\\"Apple-converted-space\\\">\\u00a0<\\\/span><\\\/p>\\n\n\n<p>Se comprobar\\u00e1 que los datos facilitados sean correctos y se le remitir\\u00e1 un correo electr\\u00f3nico desde <a href=\\\"mailto:censo2024@feda.org\\\"><span>censo2024@feda.org<\\\/span><\\\/a> confirmando la activaci\\u00f3n en un plazo no superior a 24 horas.<\\\/p>\\n\n\n<p>Si ya dispon\\u00eda de acceso, con usuario y contrase\\u00f1a para la consulta del censo electoral inicial no es necesario que pida de nuevo las claves.<\\\/p>\",\"margin\":\"default\"}}]},{\"type\":\"column\",\"props\":{\"image_position\":\"center-center\",\"media_overlay_gradient\":\"\",\"position_sticky_breakpoint\":\"m\",\"width_medium\":\"1-2\"},\"children\":[{\"type\":\"text\",\"props\":{\"column_breakpoint\":\"m\",\"content\":\"[swpm_registration_form]\",\"margin\":\"default\"}}]}],\"props\":{\"layout\":\"1-2,1-2\"}}]}],\"version\":\"3.0.20\"} --><\/p>\n","protected":false},"excerpt":{"rendered":"<p>CENSO ELECTORAL DEFINITIVO El acceso telem\u00e1tico al censo electoral estar\u00e1 restringido, previa identificaci\u00f3n, a quienes est\u00e9n en posesi\u00f3n de una licencia federativa y a las entidades que formen parte o est\u00e9n integradas en la Federaci\u00f3n Espa\u00f1ola y as\u00ed lo soliciten.\u00a0 Est\u00e1 expresamente prohibida la descarga de archivos con la informaci\u00f3n del censo electoral. El tratamiento [&hellip;]<\/p>\n","protected":false},"author":1,"featured_media":0,"parent":0,"menu_order":0,"comment_status":"closed","ping_status":"closed","template":"","meta":{"footnotes":""},"class_list":["post-23677","page","type-page","status-publish","hentry"],"yoast_head":"<!-- This site is optimized with the Yoast SEO plugin v27.4 - https:\/\/yoast.com\/product\/yoast-seo-wordpress\/ -->\n<title>Join Us - FEDA<\/title>\n<meta name=\"robots\" content=\"index, follow, max-snippet:-1, max-image-preview:large, max-video-preview:-1\" \/>\n<link rel=\"canonical\" href=\"https:\/\/feda.org\/feda2k16\/membership-join\/\" \/>\n<meta property=\"og:locale\" content=\"es_ES\" \/>\n<meta property=\"og:type\" content=\"article\" \/>\n<meta property=\"og:title\" content=\"Join Us - FEDA\" \/>\n<meta property=\"og:description\" content=\"CENSO ELECTORAL DEFINITIVO El acceso telem\u00e1tico al censo electoral estar\u00e1 restringido, previa identificaci\u00f3n, a quienes est\u00e9n en posesi\u00f3n de una licencia federativa y a las entidades que formen parte o est\u00e9n integradas en la Federaci\u00f3n Espa\u00f1ola y as\u00ed lo soliciten.\u00a0 Est\u00e1 expresamente prohibida la descarga de archivos con la informaci\u00f3n del censo electoral. El tratamiento [&hellip;]\" \/>\n<meta property=\"og:url\" content=\"https:\/\/feda.org\/feda2k16\/membership-join\/\" \/>\n<meta property=\"og:site_name\" content=\"FEDA\" \/>\n<meta property=\"article:publisher\" content=\"https:\/\/www.facebook.com\/federacionespanoladeajedrez\/\" \/>\n<meta property=\"article:modified_time\" content=\"2024-09-18T08:17:27+00:00\" \/>\n<meta name=\"twitter:card\" content=\"summary_large_image\" \/>\n<meta name=\"twitter:site\" content=\"@AjedrezEspanola\" \/>\n<meta name=\"twitter:label1\" content=\"Tiempo de lectura\" \/>\n\t<meta name=\"twitter:data1\" content=\"1 minuto\" \/>\n<script type=\"application\/ld+json\" class=\"yoast-schema-graph\">{\"@context\":\"https:\\\/\\\/schema.org\",\"@graph\":[{\"@type\":\"WebPage\",\"@id\":\"https:\\\/\\\/feda.org\\\/feda2k16\\\/membership-join\\\/\",\"url\":\"https:\\\/\\\/feda.org\\\/feda2k16\\\/membership-join\\\/\",\"name\":\"Join Us - FEDA\",\"isPartOf\":{\"@id\":\"https:\\\/\\\/feda.org\\\/feda2k16\\\/#website\"},\"datePublished\":\"2024-06-07T05:53:17+00:00\",\"dateModified\":\"2024-09-18T08:17:27+00:00\",\"breadcrumb\":{\"@id\":\"https:\\\/\\\/feda.org\\\/feda2k16\\\/membership-join\\\/#breadcrumb\"},\"inLanguage\":\"es\",\"potentialAction\":[{\"@type\":\"ReadAction\",\"target\":[\"https:\\\/\\\/feda.org\\\/feda2k16\\\/membership-join\\\/\"]}]},{\"@type\":\"BreadcrumbList\",\"@id\":\"https:\\\/\\\/feda.org\\\/feda2k16\\\/membership-join\\\/#breadcrumb\",\"itemListElement\":[{\"@type\":\"ListItem\",\"position\":1,\"name\":\"Portada\",\"item\":\"https:\\\/\\\/feda.org\\\/feda2k16\\\/\"},{\"@type\":\"ListItem\",\"position\":2,\"name\":\"Join Us\"}]},{\"@type\":\"WebSite\",\"@id\":\"https:\\\/\\\/feda.org\\\/feda2k16\\\/#website\",\"url\":\"https:\\\/\\\/feda.org\\\/feda2k16\\\/\",\"name\":\"FEDA\",\"description\":\"Federaci\u00f3n Espa\u00f1ola de Ajedrez\",\"publisher\":{\"@id\":\"https:\\\/\\\/feda.org\\\/feda2k16\\\/#organization\"},\"alternateName\":\"Federaci\u00f3n Espa\u00f1ola de Ajedrez\",\"potentialAction\":[{\"@type\":\"SearchAction\",\"target\":{\"@type\":\"EntryPoint\",\"urlTemplate\":\"https:\\\/\\\/feda.org\\\/feda2k16\\\/?s={search_term_string}\"},\"query-input\":{\"@type\":\"PropertyValueSpecification\",\"valueRequired\":true,\"valueName\":\"search_term_string\"}}],\"inLanguage\":\"es\"},{\"@type\":\"Organization\",\"@id\":\"https:\\\/\\\/feda.org\\\/feda2k16\\\/#organization\",\"name\":\"FEDA\",\"alternateName\":\"Federaci\u00f3n Espa\u00f1ola de Ajedrez\",\"url\":\"https:\\\/\\\/feda.org\\\/feda2k16\\\/\",\"logo\":{\"@type\":\"ImageObject\",\"inLanguage\":\"es\",\"@id\":\"https:\\\/\\\/feda.org\\\/feda2k16\\\/#\\\/schema\\\/logo\\\/image\\\/\",\"url\":\"https:\\\/\\\/feda.org\\\/feda2k16\\\/wp-content\\\/uploads\\\/NuevoLogo_FEDA_2016.png\",\"contentUrl\":\"https:\\\/\\\/feda.org\\\/feda2k16\\\/wp-content\\\/uploads\\\/NuevoLogo_FEDA_2016.png\",\"width\":600,\"height\":600,\"caption\":\"FEDA\"},\"image\":{\"@id\":\"https:\\\/\\\/feda.org\\\/feda2k16\\\/#\\\/schema\\\/logo\\\/image\\\/\"},\"sameAs\":[\"https:\\\/\\\/www.facebook.com\\\/federacionespanoladeajedrez\\\/\",\"https:\\\/\\\/x.com\\\/AjedrezEspanola\",\"https:\\\/\\\/www.instagram.com\\\/federacionespanolaajedrez\\\/?hl=es\",\"https:\\\/\\\/www.youtube.com\\\/@FederacionEspanoladeAjedrezFED\\\/featured\"]}]}<\/script>\n<!-- \/ Yoast SEO plugin. -->","yoast_head_json":{"title":"Join Us - FEDA","robots":{"index":"index","follow":"follow","max-snippet":"max-snippet:-1","max-image-preview":"max-image-preview:large","max-video-preview":"max-video-preview:-1"},"canonical":"https:\/\/feda.org\/feda2k16\/membership-join\/","og_locale":"es_ES","og_type":"article","og_title":"Join Us - FEDA","og_description":"CENSO ELECTORAL DEFINITIVO El acceso telem\u00e1tico al censo electoral estar\u00e1 restringido, previa identificaci\u00f3n, a quienes est\u00e9n en posesi\u00f3n de una licencia federativa y a las entidades que formen parte o est\u00e9n integradas en la Federaci\u00f3n Espa\u00f1ola y as\u00ed lo soliciten.\u00a0 Est\u00e1 expresamente prohibida la descarga de archivos con la informaci\u00f3n del censo electoral. El tratamiento [&hellip;]","og_url":"https:\/\/feda.org\/feda2k16\/membership-join\/","og_site_name":"FEDA","article_publisher":"https:\/\/www.facebook.com\/federacionespanoladeajedrez\/","article_modified_time":"2024-09-18T08:17:27+00:00","twitter_card":"summary_large_image","twitter_site":"@AjedrezEspanola","twitter_misc":{"Tiempo de lectura":"1 minuto"},"schema":{"@context":"https:\/\/schema.org","@graph":[{"@type":"WebPage","@id":"https:\/\/feda.org\/feda2k16\/membership-join\/","url":"https:\/\/feda.org\/feda2k16\/membership-join\/","name":"Join Us - FEDA","isPartOf":{"@id":"https:\/\/feda.org\/feda2k16\/#website"},"datePublished":"2024-06-07T05:53:17+00:00","dateModified":"2024-09-18T08:17:27+00:00","breadcrumb":{"@id":"https:\/\/feda.org\/feda2k16\/membership-join\/#breadcrumb"},"inLanguage":"es","potentialAction":[{"@type":"ReadAction","target":["https:\/\/feda.org\/feda2k16\/membership-join\/"]}]},{"@type":"BreadcrumbList","@id":"https:\/\/feda.org\/feda2k16\/membership-join\/#breadcrumb","itemListElement":[{"@type":"ListItem","position":1,"name":"Portada","item":"https:\/\/feda.org\/feda2k16\/"},{"@type":"ListItem","position":2,"name":"Join Us"}]},{"@type":"WebSite","@id":"https:\/\/feda.org\/feda2k16\/#website","url":"https:\/\/feda.org\/feda2k16\/","name":"FEDA","description":"Federaci\u00f3n Espa\u00f1ola de Ajedrez","publisher":{"@id":"https:\/\/feda.org\/feda2k16\/#organization"},"alternateName":"Federaci\u00f3n Espa\u00f1ola de Ajedrez","potentialAction":[{"@type":"SearchAction","target":{"@type":"EntryPoint","urlTemplate":"https:\/\/feda.org\/feda2k16\/?s={search_term_string}"},"query-input":{"@type":"PropertyValueSpecification","valueRequired":true,"valueName":"search_term_string"}}],"inLanguage":"es"},{"@type":"Organization","@id":"https:\/\/feda.org\/feda2k16\/#organization","name":"FEDA","alternateName":"Federaci\u00f3n Espa\u00f1ola de Ajedrez","url":"https:\/\/feda.org\/feda2k16\/","logo":{"@type":"ImageObject","inLanguage":"es","@id":"https:\/\/feda.org\/feda2k16\/#\/schema\/logo\/image\/","url":"https:\/\/feda.org\/feda2k16\/wp-content\/uploads\/NuevoLogo_FEDA_2016.png","contentUrl":"https:\/\/feda.org\/feda2k16\/wp-content\/uploads\/NuevoLogo_FEDA_2016.png","width":600,"height":600,"caption":"FEDA"},"image":{"@id":"https:\/\/feda.org\/feda2k16\/#\/schema\/logo\/image\/"},"sameAs":["https:\/\/www.facebook.com\/federacionespanoladeajedrez\/","https:\/\/x.com\/AjedrezEspanola","https:\/\/www.instagram.com\/federacionespanolaajedrez\/?hl=es","https:\/\/www.youtube.com\/@FederacionEspanoladeAjedrezFED\/featured"]}]}},"_links":{"self":[{"href":"https:\/\/feda.org\/feda2k16\/wp-json\/wp\/v2\/pages\/23677","targetHints":{"allow":["GET"]}}],"collection":[{"href":"https:\/\/feda.org\/feda2k16\/wp-json\/wp\/v2\/pages"}],"about":[{"href":"https:\/\/feda.org\/feda2k16\/wp-json\/wp\/v2\/types\/page"}],"author":[{"embeddable":true,"href":"https:\/\/feda.org\/feda2k16\/wp-json\/wp\/v2\/users\/1"}],"replies":[{"embeddable":true,"href":"https:\/\/feda.org\/feda2k16\/wp-json\/wp\/v2\/comments?post=23677"}],"version-history":[{"count":10,"href":"https:\/\/feda.org\/feda2k16\/wp-json\/wp\/v2\/pages\/23677\/revisions"}],"predecessor-version":[{"id":24737,"href":"https:\/\/feda.org\/feda2k16\/wp-json\/wp\/v2\/pages\/23677\/revisions\/24737"}],"wp:attachment":[{"href":"https:\/\/feda.org\/feda2k16\/wp-json\/wp\/v2\/media?parent=23677"}],"curies":[{"name":"wp","href":"https:\/\/api.w.org\/{rel}","templated":true}]}}