{"id":2369,"date":"2016-08-05T10:16:58","date_gmt":"2016-08-05T10:16:58","guid":{"rendered":"http:\/\/localhost:8888\/feda2k16\/?page_id=2369"},"modified":"2016-08-06T08:10:36","modified_gmt":"2016-08-06T08:10:36","slug":"circulares-2012","status":"publish","type":"page","link":"https:\/\/feda.org\/feda2k16\/circulares-2012\/","title":{"rendered":"Circulares 2012"},"content":{"rendered":"\n<ul class=\"uk-list uk-list-line \">\n\n\n    <li>\n\n                <a class=\"uk-display-block uk-link-muted\" href=\"https:\/\/feda.org\/feda2k16\/circular-37-2012-clasificaciones-2012-y-grupos-ceclub-2013\/\">\n        \n            \n                <h3 class=\"uk-margin-remove\">Circular 37\/2012 &#8211; Clasificaciones 2012 y grupos CECLUB 2013<\/h3>\n            \n                <\/a>\n        \n    <\/li>\n\n\n    <li>\n\n                <a class=\"uk-display-block uk-link-muted\" href=\"https:\/\/feda.org\/feda2k16\/circular-36-2012-avance-del-calendario-deportivo-provisional-2013\/\">\n        \n            \n                <h3 class=\"uk-margin-remove\">Circular 36\/2012 &#8211; Avance del Calendario Deportivo PROVISIONAL 2013<\/h3>\n            \n                <\/a>\n        \n    <\/li>\n\n\n    <li>\n\n                <a class=\"uk-display-block uk-link-muted\" href=\"https:\/\/feda.org\/feda2k16\/aclaraciones-a-la-circular-31-2012-licencia-fide-para-arbitrar-torneos-con-evaluacion-internacional-sobre\/\">\n        \n            \n                <h3 class=\"uk-margin-remove\">Aclaraciones a la circular 31\/2012 &#8211; Licencia FIDE para arbitrar torneos con evaluaci\u00f3n internacional.Sobre<\/h3>\n            \n                <\/a>\n        \n    <\/li>\n\n\n    <li>\n\n                <a class=\"uk-display-block uk-link-muted\" href=\"https:\/\/feda.org\/feda2k16\/circular-35-2012-licitacion-ofertas-para-los-campeonatos-de-espana-de-jovenes-sub-8-a-sub-18-2013\/\">\n        \n            \n                <h3 class=\"uk-margin-remove\">Circular 35\/2012 &#8211; Licitaci\u00f3n Ofertas para los Campeonatos de Espa\u00f1a de J\u00f3venes Sub-8 a sub-18 2013<\/h3>\n            \n                <\/a>\n        \n    <\/li>\n\n\n    <li>\n\n                <a class=\"uk-display-block uk-link-muted\" href=\"https:\/\/feda.org\/feda2k16\/circular-34-2012-licencias-entrenador-y-monitor-2013\/\">\n        \n            \n                <h3 class=\"uk-margin-remove\">Circular 34\/2012 &#8211; Licencias Entrenador y Monitor 2013<\/h3>\n            \n                <\/a>\n        \n    <\/li>\n\n\n    <li>\n\n                <a class=\"uk-display-block uk-link-muted\" href=\"https:\/\/feda.org\/feda2k16\/circular-33-2012-licencias-arbitros-2013\/\">\n        \n            \n                <h3 class=\"uk-margin-remove\">Circular 33\/2012 &#8211; Licencias Arbitros 2013<\/h3>\n            \n                <\/a>\n        \n    <\/li>\n\n\n    <li>\n\n                <a class=\"uk-display-block uk-link-muted\" href=\"https:\/\/feda.org\/feda2k16\/circular-32-2012-licencias-federativas-213\/\">\n        \n            \n                <h3 class=\"uk-margin-remove\">Circular 32\/2012 &#8211; Licencias Federativas 213<\/h3>\n            \n                <\/a>\n        \n    <\/li>\n\n\n    <li>\n\n                <a class=\"uk-display-block uk-link-muted\" href=\"https:\/\/feda.org\/feda2k16\/circular-31-2012-licencia-fide-para-arbitrar-torneos-con-evaluacion-internacional\/\">\n        \n            \n                <h3 class=\"uk-margin-remove\">Circular 31\/2012 &#8211; Licencia FIDE para arbitrar torneos con evaluaci\u00f3n internacional.<\/h3>\n            \n                <\/a>\n        \n    <\/li>\n\n\n    <li>\n\n                <a class=\"uk-display-block uk-link-muted\" href=\"https:\/\/feda.org\/feda2k16\/circular-30-2012-sorteo-division-de-honor-ceclub-2012\/\">\n        \n            \n                <h3 class=\"uk-margin-remove\">Circular 30\/2012 &#8211; Sorteo Divisi\u00f3n de Honor CECLUB 2012<\/h3>\n            \n                <\/a>\n        \n    <\/li>\n\n\n    <li>\n\n                <a class=\"uk-display-block uk-link-muted\" href=\"https:\/\/feda.org\/feda2k16\/circular-29-2012-subvenciones-para-acuerdos-tecnico-deportivos-entre-la-feda-y-las-ffaa-convenios-2012\/\">\n        \n            \n                <h3 class=\"uk-margin-remove\">Circular 29\/2012 &#8211; Subvenciones para acuerdos T\u00e9cnico-Deportivos entre la FEDA y las FFAA (Convenios) 2012.<\/h3>\n            \n                <\/a>\n        \n    <\/li>\n\n\n    <li>\n\n                <a class=\"uk-display-block uk-link-muted\" href=\"https:\/\/feda.org\/feda2k16\/circular-28-2012-convocatoria-del-v-campeonato-de-espana-por-equipos-de-club-2012-sub-16\/\">\n        \n            \n                <h3 class=\"uk-margin-remove\">Circular 28\/2012 &#8211; Convocatoria del V Campeonato de Espa\u00f1a por Equipos de Club 2012. sub-16<\/h3>\n            \n                <\/a>\n        \n    <\/li>\n\n\n    <li>\n\n                <a class=\"uk-display-block uk-link-muted\" href=\"https:\/\/feda.org\/feda2k16\/circular-27-2012-ordenes-de-fuerza-ceclub-division-de-honor-2012\/\">\n        \n            \n                <h3 class=\"uk-margin-remove\">Circular 27\/2012 &#8211; Ordenes de fuerza CECLUB Divisi\u00f3n de Honor 2012<\/h3>\n            \n                <\/a>\n        \n    <\/li>\n\n\n    <li>\n\n                <a class=\"uk-display-block uk-link-muted\" href=\"https:\/\/feda.org\/feda2k16\/circular-26-2012-suspension-convocatoria-cto-espana-de-selecciones-autonomicas-2012\/\">\n        \n            \n                <h3 class=\"uk-margin-remove\">Circular 26\/2012 &#8211; Suspensi\u00f3n Convocatoria Cto. Espa\u00f1a de Selecciones Auton\u00f3micas 2012<\/h3>\n            \n                <\/a>\n        \n    <\/li>\n\n\n    <li>\n\n                <a class=\"uk-display-block uk-link-muted\" href=\"https:\/\/feda.org\/feda2k16\/circular-25-2012-convocatoria-campeonato-de-espana-de-veteranos-2012\/\">\n        \n            \n                <h3 class=\"uk-margin-remove\">Circular 25\/2012 &#8211; Convocatoria Campeonato de Espa\u00f1a de Veteranos 2012<\/h3>\n            \n                <\/a>\n        \n    <\/li>\n\n\n    <li>\n\n                <a class=\"uk-display-block uk-link-muted\" href=\"https:\/\/feda.org\/feda2k16\/circular-24-2012-campeonato-del-mundo-individual-de-jovenes-sub-08-a-sub-18\/\">\n        \n            \n                <h3 class=\"uk-margin-remove\">Circular 24\/2012 &#8211; Campeonato del Mundo Individual de J\u00f3venes sub-08 a sub-18<\/h3>\n            \n                <\/a>\n        \n    <\/li>\n\n\n    <li>\n\n                <a class=\"uk-display-block uk-link-muted\" href=\"https:\/\/feda.org\/feda2k16\/circular-23-2012-convocatoria-campeonato-de-espana-individual-absoluto-2012\/\">\n        \n            \n                <h3 class=\"uk-margin-remove\">Circular 23\/2012 &#8211; Convocatoria Campeonato de Espa\u00f1a Individual Absoluto 2012<\/h3>\n            \n                <\/a>\n        \n    <\/li>\n\n\n    <li>\n\n                <a class=\"uk-display-block uk-link-muted\" href=\"https:\/\/feda.org\/feda2k16\/circular-22-2012-sorteo-de-numeros-de-los-equipos-grupos-de-primera-division-ceclub-2012\/\">\n        \n            \n                <h3 class=\"uk-margin-remove\">Circular 22\/2012 &#8211; Sorteo de N\u00fameros de los Equipos. Grupos de Primera Divisi\u00f3n CECLUB 2012<\/h3>\n            \n                <\/a>\n        \n    <\/li>\n\n\n    <li>\n\n                <a class=\"uk-display-block uk-link-muted\" href=\"https:\/\/feda.org\/feda2k16\/circular-21-2012-convocatoria-ceclub-2012-segunda-division-grupo-ii-burguillos\/\">\n        \n            \n                <h3 class=\"uk-margin-remove\">Circular 21\/2012 &#8211; Convocatoria CECLUB 2012 Segunda Divisi\u00f3n grupo II (Burguillos)<\/h3>\n            \n                <\/a>\n        \n    <\/li>\n\n\n    <li>\n\n                <a class=\"uk-display-block uk-link-muted\" href=\"https:\/\/feda.org\/feda2k16\/circular-20-2012-convocatoria-ceclub-2012-segunda-division-grupo-i-padron\/\">\n        \n            \n                <h3 class=\"uk-margin-remove\">Circular 20\/2012 &#8211; Convocatoria CECLUB 2012 Segunda Divisi\u00f3n grupo I (Padr\u00f3n)<\/h3>\n            \n                <\/a>\n        \n    <\/li>\n\n\n    <li>\n\n                <a class=\"uk-display-block uk-link-muted\" href=\"https:\/\/feda.org\/feda2k16\/circular-19-2012-seleccion-espanola-olimpiada-2012\/\">\n        \n            \n                <h3 class=\"uk-margin-remove\">Circular 19\/2012 &#8211; Selecci\u00f3n Espa\u00f1ola Olimpiada 2012<\/h3>\n            \n                <\/a>\n        \n    <\/li>\n\n\n    <li>\n\n                <a class=\"uk-display-block uk-link-muted\" href=\"https:\/\/feda.org\/feda2k16\/circular-18-2012-ordenes-de-fuerza-equipos-primera-division-ceclub-2012\/\">\n        \n            \n                <h3 class=\"uk-margin-remove\">Circular 18\/2012 &#8211; \u00d3rdenes de Fuerza Equipos Primera Divisi\u00f3n CECLUB 2012.<\/h3>\n            \n                <\/a>\n        \n    <\/li>\n\n\n    <li>\n\n                <a class=\"uk-display-block uk-link-muted\" href=\"https:\/\/feda.org\/feda2k16\/circular-17-2012-composicion-definitiva-division-de-honor-y-primera-division-ceclub-2012\/\">\n        \n            \n                <h3 class=\"uk-margin-remove\">Circular 17\/2012 &#8211; Composici\u00f3n definitiva Divisi\u00f3n de Honor y Primera Divisi\u00f3n CECLUB 2012<\/h3>\n            \n                <\/a>\n        \n    <\/li>\n\n\n    <li>\n\n                <a class=\"uk-display-block uk-link-muted\" href=\"https:\/\/feda.org\/feda2k16\/circular-16-2012-convocatoria-campeonato-de-espana-femenino-2012\/\">\n        \n            \n                <h3 class=\"uk-margin-remove\">Circular 16\/2012 &#8211; Convocatoria Campeonato de Espa\u00f1a Femenino 2012<\/h3>\n            \n                <\/a>\n        \n    <\/li>\n\n\n    <li>\n\n                <a class=\"uk-display-block uk-link-muted\" href=\"https:\/\/feda.org\/feda2k16\/circular-15-2012-campeonato-de-europa-individual-de-jovenes-praga-2012\/\">\n        \n            \n                <h3 class=\"uk-margin-remove\">Circular 15\/2012 &#8211; Campeonato de Europa Individual de J\u00f3venes Praga 2012<\/h3>\n            \n                <\/a>\n        \n    <\/li>\n\n\n    <li>\n\n                <a class=\"uk-display-block uk-link-muted\" href=\"https:\/\/feda.org\/feda2k16\/circular-14-2012-convocatoria-ceclub-primera-division-2012\/\">\n        \n            \n                <h3 class=\"uk-margin-remove\">Circular 14\/2012 &#8211; Convocatoria CECLUB Primera Divisi\u00f3n 2012<\/h3>\n            \n                <\/a>\n        \n    <\/li>\n\n\n    <li>\n\n                <a class=\"uk-display-block uk-link-muted\" href=\"https:\/\/feda.org\/feda2k16\/circular-13-2012-convocatoria-ceclub-division-de-honor-2012\/\">\n        \n            \n                <h3 class=\"uk-margin-remove\">Circular 13\/2012 &#8211; Convocatoria CECLUB Divisi\u00f3n de Honor 2012<\/h3>\n            \n                <\/a>\n        \n    <\/li>\n\n\n    <li>\n\n                <a class=\"uk-display-block uk-link-muted\" href=\"https:\/\/feda.org\/feda2k16\/circular-12-2012-ceclub-2012\/\">\n        \n            \n                <h3 class=\"uk-margin-remove\">Circular 12\/2012 &#8211; CECLUB 2012<\/h3>\n            \n                <\/a>\n        \n    <\/li>\n\n\n    <li>\n\n                <a class=\"uk-display-block uk-link-muted\" href=\"https:\/\/feda.org\/feda2k16\/circular-11-2012-actualizacion-calendario-deportivo-2012\/\">\n        \n            \n                <h3 class=\"uk-margin-remove\">Circular 11\/2012 &#8211; Actualizaci\u00f3n calendario deportivo 2012<\/h3>\n            \n                <\/a>\n        \n    <\/li>\n\n\n    <li>\n\n                <a class=\"uk-display-block uk-link-muted\" href=\"https:\/\/feda.org\/feda2k16\/circular-10-2012-modificacion-convocatoria-campeonato-de-espana-por-selecciones-autonomicas-absolutas-2012\/\">\n        \n            \n                <h3 class=\"uk-margin-remove\">Circular 10\/2012 &#8211; Modificaci\u00f3n convocatoria Campeonato de Espa\u00f1a por Selecciones Auton\u00f3micas Absolutas 2012.<\/h3>\n            \n                <\/a>\n        \n    <\/li>\n\n\n    <li>\n\n                <a class=\"uk-display-block uk-link-muted\" href=\"https:\/\/feda.org\/feda2k16\/circular-09-2012-criterios-de-seleccion-de-jugadores-as-para-formar-parte-de-las-selecciones-absoluta-y-femenina-en-la-olimpiada-2012\/\">\n        \n            \n                <h3 class=\"uk-margin-remove\">Circular 09\/2012 &#8211; Criterios de selecci\u00f3n de jugadores\/as para formar parte de las Selecciones Absoluta y Femenina en la Olimpiada 2012.<\/h3>\n            \n                <\/a>\n        \n    <\/li>\n\n\n    <li>\n\n                <a class=\"uk-display-block uk-link-muted\" href=\"https:\/\/feda.org\/feda2k16\/circular-08-2012-convocatoria-de-los-campeonatos-de-espana-sub-16-y-sub-18-2012\/\">\n        \n            \n                <h3 class=\"uk-margin-remove\">Circular 08\/2012 &#8211; Convocatoria de los Campeonatos de Espa\u00f1a sub-16 y sub-18 2012<\/h3>\n            \n                <\/a>\n        \n    <\/li>\n\n\n    <li>\n\n                <a class=\"uk-display-block uk-link-muted\" href=\"https:\/\/feda.org\/feda2k16\/circular-07-2012-convocatoria-de-los-campeonatos-de-espana-puleva-max-sub-08-a-sub-14-2012\/\">\n        \n            \n                <h3 class=\"uk-margin-remove\">Circular 07\/2012 &#8211; Convocatoria de los Campeonatos de Espa\u00f1a Puleva Max sub-08 a sub-14 2012<\/h3>\n            \n                <\/a>\n        \n    <\/li>\n\n\n    <li>\n\n                <a class=\"uk-display-block uk-link-muted\" href=\"https:\/\/feda.org\/feda2k16\/circular-06-2012-convocatoria-del-campeonato-de-espana-por-selecciones-autonomicas-absolutas-2012\/\">\n        \n            \n                <h3 class=\"uk-margin-remove\">Circular 06\/2012 &#8211; Convocatoria del Campeonato de Espa\u00f1a por Selecciones Auton\u00f3micas Absolutas 2012<\/h3>\n            \n                <\/a>\n        \n    <\/li>\n\n\n    <li>\n\n                <a class=\"uk-display-block uk-link-muted\" href=\"https:\/\/feda.org\/feda2k16\/circular-05-2012-nuevo-reglamento-general-de-competiciones-2012\/\">\n        \n            \n                <h3 class=\"uk-margin-remove\">Circular 05\/2012 &#8211; Nuevo Reglamento General de Competiciones 2012<\/h3>\n            \n                <\/a>\n        \n    <\/li>\n\n\n    <li>\n\n                <a class=\"uk-display-block uk-link-muted\" href=\"https:\/\/feda.org\/feda2k16\/circular-04-2012-prorroga-plazo-de-tramitacion-licencias-2012-seguro-2012\/\">\n        \n            \n                <h3 class=\"uk-margin-remove\">Circular 04\/2012 &#8211; Pr\u00f3rroga plazo de tramitaci\u00f3n Licencias 2012. Seguro 2012<\/h3>\n            \n                <\/a>\n        \n    <\/li>\n\n\n    <li>\n\n                <a class=\"uk-display-block uk-link-muted\" href=\"https:\/\/feda.org\/feda2k16\/circular-03-2012-actualizacion-avance-del-calendario-deportivo-2012\/\">\n        \n            \n                <h3 class=\"uk-margin-remove\">Circular 03\/2012 &#8211; Actualizaci\u00f3n &#8211; Avance del Calendario Deportivo 2012<\/h3>\n            \n                <\/a>\n        \n    <\/li>\n\n\n    <li>\n\n                <a class=\"uk-display-block uk-link-muted\" href=\"https:\/\/feda.org\/feda2k16\/circular-02-2012-grupos-tecnificacion-promocion-de-base-y-entrenamiento-por-internet-2012\/\">\n        \n            \n                <h3 class=\"uk-margin-remove\">Circular 02\/2012 &#8211; Grupos Tecnificaci\u00f3n, Promoci\u00f3n de Base y Entrenamiento por Internet 2012<\/h3>\n            \n                <\/a>\n        \n    <\/li>\n\n\n    <li>\n\n                <a class=\"uk-display-block uk-link-muted\" href=\"https:\/\/feda.org\/feda2k16\/circular-01-2012-alta-competicion-tecnificacion-deportiva-2012-descargar-pdf\/\">\n        \n            \n                <h3 class=\"uk-margin-remove\">Circular 01\/2012 &#8211; Alta Competici\u00f3n: Tecnificaci\u00f3n deportiva 2012  descargar pdf<\/h3>\n            \n                <\/a>\n        \n    <\/li>\n\n\n<\/ul>\n\n","protected":false},"excerpt":{"rendered":"","protected":false},"author":1,"featured_media":0,"parent":0,"menu_order":0,"comment_status":"closed","ping_status":"closed","template":"","meta":{"footnotes":""},"class_list":["post-2369","page","type-page","status-publish","hentry"],"yoast_head":"<!-- This site is optimized with the Yoast SEO plugin v27.4 - https:\/\/yoast.com\/product\/yoast-seo-wordpress\/ -->\n<title>Circulares 2012 - FEDA<\/title>\n<meta name=\"robots\" content=\"index, follow, max-snippet:-1, max-image-preview:large, max-video-preview:-1\" \/>\n<link rel=\"canonical\" href=\"https:\/\/feda.org\/feda2k16\/circulares-2012\/\" \/>\n<meta property=\"og:locale\" content=\"es_ES\" \/>\n<meta property=\"og:type\" content=\"article\" \/>\n<meta property=\"og:title\" content=\"Circulares 2012 - FEDA\" \/>\n<meta property=\"og:url\" content=\"https:\/\/feda.org\/feda2k16\/circulares-2012\/\" \/>\n<meta property=\"og:site_name\" content=\"FEDA\" \/>\n<meta property=\"article:publisher\" content=\"https:\/\/www.facebook.com\/federacionespanoladeajedrez\/\" \/>\n<meta property=\"article:modified_time\" content=\"2016-08-06T08:10:36+00:00\" \/>\n<meta name=\"twitter:card\" content=\"summary_large_image\" \/>\n<meta name=\"twitter:site\" content=\"@AjedrezEspanola\" \/>\n<script type=\"application\/ld+json\" class=\"yoast-schema-graph\">{\"@context\":\"https:\\\/\\\/schema.org\",\"@graph\":[{\"@type\":\"WebPage\",\"@id\":\"https:\\\/\\\/feda.org\\\/feda2k16\\\/circulares-2012\\\/\",\"url\":\"https:\\\/\\\/feda.org\\\/feda2k16\\\/circulares-2012\\\/\",\"name\":\"Circulares 2012 - FEDA\",\"isPartOf\":{\"@id\":\"https:\\\/\\\/feda.org\\\/feda2k16\\\/#website\"},\"datePublished\":\"2016-08-05T10:16:58+00:00\",\"dateModified\":\"2016-08-06T08:10:36+00:00\",\"breadcrumb\":{\"@id\":\"https:\\\/\\\/feda.org\\\/feda2k16\\\/circulares-2012\\\/#breadcrumb\"},\"inLanguage\":\"es\",\"potentialAction\":[{\"@type\":\"ReadAction\",\"target\":[\"https:\\\/\\\/feda.org\\\/feda2k16\\\/circulares-2012\\\/\"]}]},{\"@type\":\"BreadcrumbList\",\"@id\":\"https:\\\/\\\/feda.org\\\/feda2k16\\\/circulares-2012\\\/#breadcrumb\",\"itemListElement\":[{\"@type\":\"ListItem\",\"position\":1,\"name\":\"Portada\",\"item\":\"https:\\\/\\\/feda.org\\\/feda2k16\\\/\"},{\"@type\":\"ListItem\",\"position\":2,\"name\":\"Circulares 2012\"}]},{\"@type\":\"WebSite\",\"@id\":\"https:\\\/\\\/feda.org\\\/feda2k16\\\/#website\",\"url\":\"https:\\\/\\\/feda.org\\\/feda2k16\\\/\",\"name\":\"FEDA\",\"description\":\"Federaci\u00f3n Espa\u00f1ola de Ajedrez\",\"publisher\":{\"@id\":\"https:\\\/\\\/feda.org\\\/feda2k16\\\/#organization\"},\"alternateName\":\"Federaci\u00f3n Espa\u00f1ola de Ajedrez\",\"potentialAction\":[{\"@type\":\"SearchAction\",\"target\":{\"@type\":\"EntryPoint\",\"urlTemplate\":\"https:\\\/\\\/feda.org\\\/feda2k16\\\/?s={search_term_string}\"},\"query-input\":{\"@type\":\"PropertyValueSpecification\",\"valueRequired\":true,\"valueName\":\"search_term_string\"}}],\"inLanguage\":\"es\"},{\"@type\":\"Organization\",\"@id\":\"https:\\\/\\\/feda.org\\\/feda2k16\\\/#organization\",\"name\":\"FEDA\",\"alternateName\":\"Federaci\u00f3n Espa\u00f1ola de Ajedrez\",\"url\":\"https:\\\/\\\/feda.org\\\/feda2k16\\\/\",\"logo\":{\"@type\":\"ImageObject\",\"inLanguage\":\"es\",\"@id\":\"https:\\\/\\\/feda.org\\\/feda2k16\\\/#\\\/schema\\\/logo\\\/image\\\/\",\"url\":\"https:\\\/\\\/feda.org\\\/feda2k16\\\/wp-content\\\/uploads\\\/NuevoLogo_FEDA_2016.png\",\"contentUrl\":\"https:\\\/\\\/feda.org\\\/feda2k16\\\/wp-content\\\/uploads\\\/NuevoLogo_FEDA_2016.png\",\"width\":600,\"height\":600,\"caption\":\"FEDA\"},\"image\":{\"@id\":\"https:\\\/\\\/feda.org\\\/feda2k16\\\/#\\\/schema\\\/logo\\\/image\\\/\"},\"sameAs\":[\"https:\\\/\\\/www.facebook.com\\\/federacionespanoladeajedrez\\\/\",\"https:\\\/\\\/x.com\\\/AjedrezEspanola\",\"https:\\\/\\\/www.instagram.com\\\/federacionespanolaajedrez\\\/?hl=es\",\"https:\\\/\\\/www.youtube.com\\\/@FederacionEspanoladeAjedrezFED\\\/featured\"]}]}<\/script>\n<!-- \/ Yoast SEO plugin. -->","yoast_head_json":{"title":"Circulares 2012 - FEDA","robots":{"index":"index","follow":"follow","max-snippet":"max-snippet:-1","max-image-preview":"max-image-preview:large","max-video-preview":"max-video-preview:-1"},"canonical":"https:\/\/feda.org\/feda2k16\/circulares-2012\/","og_locale":"es_ES","og_type":"article","og_title":"Circulares 2012 - FEDA","og_url":"https:\/\/feda.org\/feda2k16\/circulares-2012\/","og_site_name":"FEDA","article_publisher":"https:\/\/www.facebook.com\/federacionespanoladeajedrez\/","article_modified_time":"2016-08-06T08:10:36+00:00","twitter_card":"summary_large_image","twitter_site":"@AjedrezEspanola","schema":{"@context":"https:\/\/schema.org","@graph":[{"@type":"WebPage","@id":"https:\/\/feda.org\/feda2k16\/circulares-2012\/","url":"https:\/\/feda.org\/feda2k16\/circulares-2012\/","name":"Circulares 2012 - FEDA","isPartOf":{"@id":"https:\/\/feda.org\/feda2k16\/#website"},"datePublished":"2016-08-05T10:16:58+00:00","dateModified":"2016-08-06T08:10:36+00:00","breadcrumb":{"@id":"https:\/\/feda.org\/feda2k16\/circulares-2012\/#breadcrumb"},"inLanguage":"es","potentialAction":[{"@type":"ReadAction","target":["https:\/\/feda.org\/feda2k16\/circulares-2012\/"]}]},{"@type":"BreadcrumbList","@id":"https:\/\/feda.org\/feda2k16\/circulares-2012\/#breadcrumb","itemListElement":[{"@type":"ListItem","position":1,"name":"Portada","item":"https:\/\/feda.org\/feda2k16\/"},{"@type":"ListItem","position":2,"name":"Circulares 2012"}]},{"@type":"WebSite","@id":"https:\/\/feda.org\/feda2k16\/#website","url":"https:\/\/feda.org\/feda2k16\/","name":"FEDA","description":"Federaci\u00f3n Espa\u00f1ola de Ajedrez","publisher":{"@id":"https:\/\/feda.org\/feda2k16\/#organization"},"alternateName":"Federaci\u00f3n Espa\u00f1ola de Ajedrez","potentialAction":[{"@type":"SearchAction","target":{"@type":"EntryPoint","urlTemplate":"https:\/\/feda.org\/feda2k16\/?s={search_term_string}"},"query-input":{"@type":"PropertyValueSpecification","valueRequired":true,"valueName":"search_term_string"}}],"inLanguage":"es"},{"@type":"Organization","@id":"https:\/\/feda.org\/feda2k16\/#organization","name":"FEDA","alternateName":"Federaci\u00f3n Espa\u00f1ola de Ajedrez","url":"https:\/\/feda.org\/feda2k16\/","logo":{"@type":"ImageObject","inLanguage":"es","@id":"https:\/\/feda.org\/feda2k16\/#\/schema\/logo\/image\/","url":"https:\/\/feda.org\/feda2k16\/wp-content\/uploads\/NuevoLogo_FEDA_2016.png","contentUrl":"https:\/\/feda.org\/feda2k16\/wp-content\/uploads\/NuevoLogo_FEDA_2016.png","width":600,"height":600,"caption":"FEDA"},"image":{"@id":"https:\/\/feda.org\/feda2k16\/#\/schema\/logo\/image\/"},"sameAs":["https:\/\/www.facebook.com\/federacionespanoladeajedrez\/","https:\/\/x.com\/AjedrezEspanola","https:\/\/www.instagram.com\/federacionespanolaajedrez\/?hl=es","https:\/\/www.youtube.com\/@FederacionEspanoladeAjedrezFED\/featured"]}]}},"_links":{"self":[{"href":"https:\/\/feda.org\/feda2k16\/wp-json\/wp\/v2\/pages\/2369","targetHints":{"allow":["GET"]}}],"collection":[{"href":"https:\/\/feda.org\/feda2k16\/wp-json\/wp\/v2\/pages"}],"about":[{"href":"https:\/\/feda.org\/feda2k16\/wp-json\/wp\/v2\/types\/page"}],"author":[{"embeddable":true,"href":"https:\/\/feda.org\/feda2k16\/wp-json\/wp\/v2\/users\/1"}],"replies":[{"embeddable":true,"href":"https:\/\/feda.org\/feda2k16\/wp-json\/wp\/v2\/comments?post=2369"}],"version-history":[{"count":1,"href":"https:\/\/feda.org\/feda2k16\/wp-json\/wp\/v2\/pages\/2369\/revisions"}],"predecessor-version":[{"id":2370,"href":"https:\/\/feda.org\/feda2k16\/wp-json\/wp\/v2\/pages\/2369\/revisions\/2370"}],"wp:attachment":[{"href":"https:\/\/feda.org\/feda2k16\/wp-json\/wp\/v2\/media?parent=2369"}],"curies":[{"name":"wp","href":"https:\/\/api.w.org\/{rel}","templated":true}]}}