{"id":2372,"date":"2016-08-05T10:20:14","date_gmt":"2016-08-05T10:20:14","guid":{"rendered":"http:\/\/localhost:8888\/feda2k16\/?page_id=2372"},"modified":"2016-08-06T08:10:36","modified_gmt":"2016-08-06T08:10:36","slug":"circulares-2013","status":"publish","type":"page","link":"https:\/\/feda.org\/feda2k16\/circulares-2013\/","title":{"rendered":"Circulares 2013"},"content":{"rendered":"\n<ul class=\"uk-list uk-list-line \">\n\n\n    <li>\n\n                <a class=\"uk-display-block uk-link-muted\" href=\"https:\/\/feda.org\/feda2k16\/cto-espana-sub-14-ajedrez-rapido\/\">\n        \n            \n                <h3 class=\"uk-margin-remove\">Cto Espa\u00f1a sub-14 ajedrez r\u00e1pido<\/h3>\n            \n                <\/a>\n        \n    <\/li>\n\n\n    <li>\n\n                <a class=\"uk-display-block uk-link-muted\" href=\"https:\/\/feda.org\/feda2k16\/cto-espana-sub-12\/\">\n        \n            \n                <h3 class=\"uk-margin-remove\">Cto Espa\u00f1a sub-12<\/h3>\n            \n                <\/a>\n        \n    <\/li>\n\n\n    <li>\n\n                <a class=\"uk-display-block uk-link-muted\" href=\"https:\/\/feda.org\/feda2k16\/cto-espana-sub-12-ajedrez-rapido\/\">\n        \n            \n                <h3 class=\"uk-margin-remove\">Cto Espa\u00f1a sub-12 ajedrez r\u00e1pido<\/h3>\n            \n                <\/a>\n        \n    <\/li>\n\n\n    <li>\n\n                <a class=\"uk-display-block uk-link-muted\" href=\"https:\/\/feda.org\/feda2k16\/cto-espana-sub-10\/\">\n        \n            \n                <h3 class=\"uk-margin-remove\">Cto Espa\u00f1a sub-10<\/h3>\n            \n                <\/a>\n        \n    <\/li>\n\n\n    <li>\n\n                <a class=\"uk-display-block uk-link-muted\" href=\"https:\/\/feda.org\/feda2k16\/cto-espana-sub-10-ajedrez-rapido\/\">\n        \n            \n                <h3 class=\"uk-margin-remove\">Cto Espa\u00f1a sub-10 ajedrez r\u00e1pido<\/h3>\n            \n                <\/a>\n        \n    <\/li>\n\n\n    <li>\n\n                <a class=\"uk-display-block uk-link-muted\" href=\"https:\/\/feda.org\/feda2k16\/cto-espana-sub-8\/\">\n        \n            \n                <h3 class=\"uk-margin-remove\">Cto Espa\u00f1a sub-8<\/h3>\n            \n                <\/a>\n        \n    <\/li>\n\n\n    <li>\n\n                <a class=\"uk-display-block uk-link-muted\" href=\"https:\/\/feda.org\/feda2k16\/circular-25-2013-convocatoria-del-vi-campeonato-de-espana-por-equipos-de-club-2013-categoria-sub-16\/\">\n        \n            \n                <h3 class=\"uk-margin-remove\">Circular 25\/2013 &#8211; Convocatoria del VI Campeonato de Espa\u00f1a por Equipos de Club 2013.  Categor\u00eda SUB 16<\/h3>\n            \n                <\/a>\n        \n    <\/li>\n\n\n    <li>\n\n                <a class=\"uk-display-block uk-link-muted\" href=\"https:\/\/feda.org\/feda2k16\/circular-24-2013-licencias-entrenador-y-monitor-2014\/\">\n        \n            \n                <h3 class=\"uk-margin-remove\">Circular 24\/2013 &#8211; Licencias Entrenador y Monitor 2014<\/h3>\n            \n                <\/a>\n        \n    <\/li>\n\n\n    <li>\n\n                <a class=\"uk-display-block uk-link-muted\" href=\"https:\/\/feda.org\/feda2k16\/circular-23-2013-licencias-arbitros-2014\/\">\n        \n            \n                <h3 class=\"uk-margin-remove\">Circular 23\/2013 &#8211; Licencias \u00c1rbitros 2014<\/h3>\n            \n                <\/a>\n        \n    <\/li>\n\n\n    <li>\n\n                <a class=\"uk-display-block uk-link-muted\" href=\"https:\/\/feda.org\/feda2k16\/circular-22-2013-licencias-federativas-2014\/\">\n        \n            \n                <h3 class=\"uk-margin-remove\">Circular 22\/2013 &#8211; Licencias Federativas 2014<\/h3>\n            \n                <\/a>\n        \n    <\/li>\n\n\n    <li>\n\n                <a class=\"uk-display-block uk-link-muted\" href=\"https:\/\/feda.org\/feda2k16\/circular-21-2013-seleccion-espanola-europeo-2013\/\">\n        \n            \n                <h3 class=\"uk-margin-remove\">Circular 21\/2013 &#8211; Selecci\u00f3n Espa\u00f1ola Europeo 2013<\/h3>\n            \n                <\/a>\n        \n    <\/li>\n\n\n    <li>\n\n                <a class=\"uk-display-block uk-link-muted\" href=\"https:\/\/feda.org\/feda2k16\/circular-20-2013-campeonato-del-mundo-sub-8-a-sub-18-al-ain-17-29-12-2013\/\">\n        \n            \n                <h3 class=\"uk-margin-remove\">Circular 20\/2013 &#8211; CAMPEONATO DEL MUNDO SUB 8 A SUB 18. AL AIN, 17-29 \/ 12 \/ 2013<\/h3>\n            \n                <\/a>\n        \n    <\/li>\n\n\n    <li>\n\n                <a class=\"uk-display-block uk-link-muted\" href=\"https:\/\/feda.org\/feda2k16\/circular-19-2013-convocatoria-del-xi-campeonato-de-espana-de-veteranos-2013\/\">\n        \n            \n                <h3 class=\"uk-margin-remove\">Circular 19\/2013 &#8211; CONVOCATORIA DEL XI CAMPEONATO DE ESPA\u00d1A DE VETERANOS 2013<\/h3>\n            \n                <\/a>\n        \n    <\/li>\n\n\n    <li>\n\n                <a class=\"uk-display-block uk-link-muted\" href=\"https:\/\/feda.org\/feda2k16\/circular-18-2013-grupos-ceclub-2013-division-de-honor-y-primera-division\/\">\n        \n            \n                <h3 class=\"uk-margin-remove\">Circular 18\/2013 &#8211; GRUPOS CECLUB 2013. Divisi\u00f3n de Honor y Primera Divisi\u00f3n<\/h3>\n            \n                <\/a>\n        \n    <\/li>\n\n\n    <li>\n\n                <a class=\"uk-display-block uk-link-muted\" href=\"https:\/\/feda.org\/feda2k16\/circular-17-2013-criterios-de-seleccion-2013\/\">\n        \n            \n                <h3 class=\"uk-margin-remove\">Circular 17\/2013 &#8211; Criterios de Selecci\u00f3n 2013<\/h3>\n            \n                <\/a>\n        \n    <\/li>\n\n\n    <li>\n\n                <a class=\"uk-display-block uk-link-muted\" href=\"https:\/\/feda.org\/feda2k16\/circular-16-2013-modificacion-cto-europa-jovenes-2013\/\">\n        \n            \n                <h3 class=\"uk-margin-remove\">Circular 16\/2013 &#8211; Modificaci\u00f3n Cto Europa J\u00f3venes 2013<\/h3>\n            \n                <\/a>\n        \n    <\/li>\n\n\n    <li>\n\n                <a class=\"uk-display-block uk-link-muted\" href=\"https:\/\/feda.org\/feda2k16\/circular-15-2013-cto-europa-indiv-jovenes-2013web\/\">\n        \n            \n                <h3 class=\"uk-margin-remove\">Circular 15\/2013 &#8211; Cto Europa Indiv J\u00f3venes 2013<\/h3>\n            \n                <\/a>\n        \n    <\/li>\n\n\n    <li>\n\n                <a class=\"uk-display-block uk-link-muted\" href=\"https:\/\/feda.org\/feda2k16\/circular-14-2013-convocatoria-del-campeonato-de-espana-por-equipos-de-club-2013-division-de-honor\/\">\n        \n            \n                <h3 class=\"uk-margin-remove\">Circular 14\/2013 &#8211; Convocatoria del Campeonato de Espa\u00f1a por Equipos de Club 2013. DIVISION DE HONOR<\/h3>\n            \n                <\/a>\n        \n    <\/li>\n\n\n    <li>\n\n                <a class=\"uk-display-block uk-link-muted\" href=\"https:\/\/feda.org\/feda2k16\/circular-13-2013-convocatoria-del-campeonato-de-espana-individual-absoluto-2013\/\">\n        \n            \n                <h3 class=\"uk-margin-remove\">Circular 13\/2013 &#8211; Convocatoria del Campeonato de Espa\u00f1a Individual Absoluto 2013<\/h3>\n            \n                <\/a>\n        \n    <\/li>\n\n\n    <li>\n\n                <a class=\"uk-display-block uk-link-muted\" href=\"https:\/\/feda.org\/feda2k16\/circular-12-2013-convocatoria-del-campeonato-de-espana-de-ajedrez-rapido-2013\/\">\n        \n            \n                <h3 class=\"uk-margin-remove\">Circular 12\/2013 &#8211; Convocatoria del Campeonato de Espa\u00f1a de Ajedrez R\u00e1pido 2013<\/h3>\n            \n                <\/a>\n        \n    <\/li>\n\n\n    <li>\n\n                <a class=\"uk-display-block uk-link-muted\" href=\"https:\/\/feda.org\/feda2k16\/circular-11-2013-convocatoria-del-campeonato-de-espana-por-equipos-de-club-2013-primera-division\/\">\n        \n            \n                <h3 class=\"uk-margin-remove\">Circular 11\/2013 &#8211; Convocatoria del Campeonato de Espa\u00f1a por Equipos de Club 2013. PRIMERA DIVISION<\/h3>\n            \n                <\/a>\n        \n    <\/li>\n\n\n    <li>\n\n                <a class=\"uk-display-block uk-link-muted\" href=\"https:\/\/feda.org\/feda2k16\/circular-10-2013-convocatoria-del-campeonato-de-espana-individual-femenino-2013\/\">\n        \n            \n                <h3 class=\"uk-margin-remove\">Circular 10\/2013. Convocatoria del Campeonato de Espa\u00f1a Individual Femenino 2013.<\/h3>\n            \n                <\/a>\n        \n    <\/li>\n\n\n    <li>\n\n                <a class=\"uk-display-block uk-link-muted\" href=\"https:\/\/feda.org\/feda2k16\/circular-09-2013-convocatoria-de-los-campeonatos-de-espana-de-ajedrez-rapido-categorias-sub-10-a-sub-18-2013\/\">\n        \n            \n                <h3 class=\"uk-margin-remove\">Circular 09\/2013. Convocatoria de los Campeonatos de Espa\u00f1a de Ajedrez R\u00e1pido. Categor\u00edas Sub 10 a sub 18 &#8211; 2013.<\/h3>\n            \n                <\/a>\n        \n    <\/li>\n\n\n    <li>\n\n                <a class=\"uk-display-block uk-link-muted\" href=\"https:\/\/feda.org\/feda2k16\/circular-08-2013-convocatoria-de-los-campeonatos-de-espana\/\">\n        \n            \n                <h3 class=\"uk-margin-remove\">Circular 08\/2013. Convocatoria de los Campeonatos de Espa\u00f1a sub8 a sub18.<\/h3>\n            \n                <\/a>\n        \n    <\/li>\n\n\n    <li>\n\n                <a class=\"uk-display-block uk-link-muted\" href=\"https:\/\/feda.org\/feda2k16\/circular-07-2013-convocatoria-del-campeonato-de-espana-por-equipos-de-club-2013-segunda-division\/\">\n        \n            \n                <h3 class=\"uk-margin-remove\">Circular 07\/2013. Convocatoria del Campeonato de Espa\u00f1a por Equipos de Club 2013. SEGUNDA DIVISION<\/h3>\n            \n                <\/a>\n        \n    <\/li>\n\n\n    <li>\n\n                <a class=\"uk-display-block uk-link-muted\" href=\"https:\/\/feda.org\/feda2k16\/circular-06-2013-ayudas-ffaa-2013\/\">\n        \n            \n                <h3 class=\"uk-margin-remove\">Circular 06\/2013. Ayudas FFAA 2013.<\/h3>\n            \n                <\/a>\n        \n    <\/li>\n\n\n    <li>\n\n                <a class=\"uk-display-block uk-link-muted\" href=\"https:\/\/feda.org\/feda2k16\/circular-05-2013-actualizacion-del-calendario-deportivo-2013\/\">\n        \n            \n                <h3 class=\"uk-margin-remove\">Circular 05\/2013 &#8211; Actualizaci\u00f3n del Calendario Deportivo 2013<\/h3>\n            \n                <\/a>\n        \n    <\/li>\n\n\n    <li>\n\n                <a class=\"uk-display-block uk-link-muted\" href=\"https:\/\/feda.org\/feda2k16\/circular-04-2013-licitacion-de-ofertas-de-organizacion-del-ceclub-segunda-division-2013\/\">\n        \n            \n                <h3 class=\"uk-margin-remove\">Circular 04\/2013 &#8211; Licitaci\u00f3n de ofertas de organizaci\u00f3n del CECLUB Segunda Divisi\u00f3n 2013<\/h3>\n            \n                <\/a>\n        \n    <\/li>\n\n\n    <li>\n\n                <a class=\"uk-display-block uk-link-muted\" href=\"https:\/\/feda.org\/feda2k16\/circular-03-2013-informes-y-evaluacion-de-torneos-2013\/\">\n        \n            \n                <h3 class=\"uk-margin-remove\">Circular 03\/2013 &#8211; Informes y Evaluaci\u00f3n de Torneos 2013<\/h3>\n            \n                <\/a>\n        \n    <\/li>\n\n\n    <li>\n\n                <a class=\"uk-display-block uk-link-muted\" href=\"https:\/\/feda.org\/feda2k16\/circular-02-2013-grupos-tecnificacion-promocion-de-base-y-entrenamiento-por-internet-2013\/\">\n        \n            \n                <h3 class=\"uk-margin-remove\">Circular 02\/2013 &#8211; Grupos Tecnificaci\u00f3n, Promoci\u00f3n de Base y Entrenamiento por Internet 2013<\/h3>\n            \n                <\/a>\n        \n    <\/li>\n\n\n    <li>\n\n                <a class=\"uk-display-block uk-link-muted\" href=\"https:\/\/feda.org\/feda2k16\/circular-01-2013-alta-competicion-tecnificacion-deportiva-2013\/\">\n        \n            \n                <h3 class=\"uk-margin-remove\">Circular 01\/2013 &#8211; Alta Competici\u00f3n \u2013 Tecnificaci\u00f3n Deportiva 2013<\/h3>\n            \n                <\/a>\n        \n    <\/li>\n\n\n<\/ul>\n\n","protected":false},"excerpt":{"rendered":"","protected":false},"author":1,"featured_media":0,"parent":0,"menu_order":0,"comment_status":"closed","ping_status":"closed","template":"","meta":{"footnotes":""},"class_list":["post-2372","page","type-page","status-publish","hentry"],"yoast_head":"<!-- This site is optimized with the Yoast SEO plugin v27.4 - https:\/\/yoast.com\/product\/yoast-seo-wordpress\/ -->\n<title>Circulares 2013 - FEDA<\/title>\n<meta name=\"robots\" content=\"index, follow, max-snippet:-1, max-image-preview:large, max-video-preview:-1\" \/>\n<link rel=\"canonical\" href=\"https:\/\/feda.org\/feda2k16\/circulares-2013\/\" \/>\n<meta property=\"og:locale\" content=\"es_ES\" \/>\n<meta property=\"og:type\" content=\"article\" \/>\n<meta property=\"og:title\" content=\"Circulares 2013 - FEDA\" \/>\n<meta property=\"og:url\" content=\"https:\/\/feda.org\/feda2k16\/circulares-2013\/\" \/>\n<meta property=\"og:site_name\" content=\"FEDA\" \/>\n<meta property=\"article:publisher\" content=\"https:\/\/www.facebook.com\/federacionespanoladeajedrez\/\" \/>\n<meta property=\"article:modified_time\" content=\"2016-08-06T08:10:36+00:00\" \/>\n<meta name=\"twitter:card\" content=\"summary_large_image\" \/>\n<meta name=\"twitter:site\" content=\"@AjedrezEspanola\" \/>\n<script type=\"application\/ld+json\" class=\"yoast-schema-graph\">{\"@context\":\"https:\\\/\\\/schema.org\",\"@graph\":[{\"@type\":\"WebPage\",\"@id\":\"https:\\\/\\\/feda.org\\\/feda2k16\\\/circulares-2013\\\/\",\"url\":\"https:\\\/\\\/feda.org\\\/feda2k16\\\/circulares-2013\\\/\",\"name\":\"Circulares 2013 - FEDA\",\"isPartOf\":{\"@id\":\"https:\\\/\\\/feda.org\\\/feda2k16\\\/#website\"},\"datePublished\":\"2016-08-05T10:20:14+00:00\",\"dateModified\":\"2016-08-06T08:10:36+00:00\",\"breadcrumb\":{\"@id\":\"https:\\\/\\\/feda.org\\\/feda2k16\\\/circulares-2013\\\/#breadcrumb\"},\"inLanguage\":\"es\",\"potentialAction\":[{\"@type\":\"ReadAction\",\"target\":[\"https:\\\/\\\/feda.org\\\/feda2k16\\\/circulares-2013\\\/\"]}]},{\"@type\":\"BreadcrumbList\",\"@id\":\"https:\\\/\\\/feda.org\\\/feda2k16\\\/circulares-2013\\\/#breadcrumb\",\"itemListElement\":[{\"@type\":\"ListItem\",\"position\":1,\"name\":\"Portada\",\"item\":\"https:\\\/\\\/feda.org\\\/feda2k16\\\/\"},{\"@type\":\"ListItem\",\"position\":2,\"name\":\"Circulares 2013\"}]},{\"@type\":\"WebSite\",\"@id\":\"https:\\\/\\\/feda.org\\\/feda2k16\\\/#website\",\"url\":\"https:\\\/\\\/feda.org\\\/feda2k16\\\/\",\"name\":\"FEDA\",\"description\":\"Federaci\u00f3n Espa\u00f1ola de Ajedrez\",\"publisher\":{\"@id\":\"https:\\\/\\\/feda.org\\\/feda2k16\\\/#organization\"},\"alternateName\":\"Federaci\u00f3n Espa\u00f1ola de Ajedrez\",\"potentialAction\":[{\"@type\":\"SearchAction\",\"target\":{\"@type\":\"EntryPoint\",\"urlTemplate\":\"https:\\\/\\\/feda.org\\\/feda2k16\\\/?s={search_term_string}\"},\"query-input\":{\"@type\":\"PropertyValueSpecification\",\"valueRequired\":true,\"valueName\":\"search_term_string\"}}],\"inLanguage\":\"es\"},{\"@type\":\"Organization\",\"@id\":\"https:\\\/\\\/feda.org\\\/feda2k16\\\/#organization\",\"name\":\"FEDA\",\"alternateName\":\"Federaci\u00f3n Espa\u00f1ola de Ajedrez\",\"url\":\"https:\\\/\\\/feda.org\\\/feda2k16\\\/\",\"logo\":{\"@type\":\"ImageObject\",\"inLanguage\":\"es\",\"@id\":\"https:\\\/\\\/feda.org\\\/feda2k16\\\/#\\\/schema\\\/logo\\\/image\\\/\",\"url\":\"https:\\\/\\\/feda.org\\\/feda2k16\\\/wp-content\\\/uploads\\\/NuevoLogo_FEDA_2016.png\",\"contentUrl\":\"https:\\\/\\\/feda.org\\\/feda2k16\\\/wp-content\\\/uploads\\\/NuevoLogo_FEDA_2016.png\",\"width\":600,\"height\":600,\"caption\":\"FEDA\"},\"image\":{\"@id\":\"https:\\\/\\\/feda.org\\\/feda2k16\\\/#\\\/schema\\\/logo\\\/image\\\/\"},\"sameAs\":[\"https:\\\/\\\/www.facebook.com\\\/federacionespanoladeajedrez\\\/\",\"https:\\\/\\\/x.com\\\/AjedrezEspanola\",\"https:\\\/\\\/www.instagram.com\\\/federacionespanolaajedrez\\\/?hl=es\",\"https:\\\/\\\/www.youtube.com\\\/@FederacionEspanoladeAjedrezFED\\\/featured\"]}]}<\/script>\n<!-- \/ Yoast SEO plugin. -->","yoast_head_json":{"title":"Circulares 2013 - FEDA","robots":{"index":"index","follow":"follow","max-snippet":"max-snippet:-1","max-image-preview":"max-image-preview:large","max-video-preview":"max-video-preview:-1"},"canonical":"https:\/\/feda.org\/feda2k16\/circulares-2013\/","og_locale":"es_ES","og_type":"article","og_title":"Circulares 2013 - FEDA","og_url":"https:\/\/feda.org\/feda2k16\/circulares-2013\/","og_site_name":"FEDA","article_publisher":"https:\/\/www.facebook.com\/federacionespanoladeajedrez\/","article_modified_time":"2016-08-06T08:10:36+00:00","twitter_card":"summary_large_image","twitter_site":"@AjedrezEspanola","schema":{"@context":"https:\/\/schema.org","@graph":[{"@type":"WebPage","@id":"https:\/\/feda.org\/feda2k16\/circulares-2013\/","url":"https:\/\/feda.org\/feda2k16\/circulares-2013\/","name":"Circulares 2013 - FEDA","isPartOf":{"@id":"https:\/\/feda.org\/feda2k16\/#website"},"datePublished":"2016-08-05T10:20:14+00:00","dateModified":"2016-08-06T08:10:36+00:00","breadcrumb":{"@id":"https:\/\/feda.org\/feda2k16\/circulares-2013\/#breadcrumb"},"inLanguage":"es","potentialAction":[{"@type":"ReadAction","target":["https:\/\/feda.org\/feda2k16\/circulares-2013\/"]}]},{"@type":"BreadcrumbList","@id":"https:\/\/feda.org\/feda2k16\/circulares-2013\/#breadcrumb","itemListElement":[{"@type":"ListItem","position":1,"name":"Portada","item":"https:\/\/feda.org\/feda2k16\/"},{"@type":"ListItem","position":2,"name":"Circulares 2013"}]},{"@type":"WebSite","@id":"https:\/\/feda.org\/feda2k16\/#website","url":"https:\/\/feda.org\/feda2k16\/","name":"FEDA","description":"Federaci\u00f3n Espa\u00f1ola de Ajedrez","publisher":{"@id":"https:\/\/feda.org\/feda2k16\/#organization"},"alternateName":"Federaci\u00f3n Espa\u00f1ola de Ajedrez","potentialAction":[{"@type":"SearchAction","target":{"@type":"EntryPoint","urlTemplate":"https:\/\/feda.org\/feda2k16\/?s={search_term_string}"},"query-input":{"@type":"PropertyValueSpecification","valueRequired":true,"valueName":"search_term_string"}}],"inLanguage":"es"},{"@type":"Organization","@id":"https:\/\/feda.org\/feda2k16\/#organization","name":"FEDA","alternateName":"Federaci\u00f3n Espa\u00f1ola de Ajedrez","url":"https:\/\/feda.org\/feda2k16\/","logo":{"@type":"ImageObject","inLanguage":"es","@id":"https:\/\/feda.org\/feda2k16\/#\/schema\/logo\/image\/","url":"https:\/\/feda.org\/feda2k16\/wp-content\/uploads\/NuevoLogo_FEDA_2016.png","contentUrl":"https:\/\/feda.org\/feda2k16\/wp-content\/uploads\/NuevoLogo_FEDA_2016.png","width":600,"height":600,"caption":"FEDA"},"image":{"@id":"https:\/\/feda.org\/feda2k16\/#\/schema\/logo\/image\/"},"sameAs":["https:\/\/www.facebook.com\/federacionespanoladeajedrez\/","https:\/\/x.com\/AjedrezEspanola","https:\/\/www.instagram.com\/federacionespanolaajedrez\/?hl=es","https:\/\/www.youtube.com\/@FederacionEspanoladeAjedrezFED\/featured"]}]}},"_links":{"self":[{"href":"https:\/\/feda.org\/feda2k16\/wp-json\/wp\/v2\/pages\/2372","targetHints":{"allow":["GET"]}}],"collection":[{"href":"https:\/\/feda.org\/feda2k16\/wp-json\/wp\/v2\/pages"}],"about":[{"href":"https:\/\/feda.org\/feda2k16\/wp-json\/wp\/v2\/types\/page"}],"author":[{"embeddable":true,"href":"https:\/\/feda.org\/feda2k16\/wp-json\/wp\/v2\/users\/1"}],"replies":[{"embeddable":true,"href":"https:\/\/feda.org\/feda2k16\/wp-json\/wp\/v2\/comments?post=2372"}],"version-history":[{"count":1,"href":"https:\/\/feda.org\/feda2k16\/wp-json\/wp\/v2\/pages\/2372\/revisions"}],"predecessor-version":[{"id":2373,"href":"https:\/\/feda.org\/feda2k16\/wp-json\/wp\/v2\/pages\/2372\/revisions\/2373"}],"wp:attachment":[{"href":"https:\/\/feda.org\/feda2k16\/wp-json\/wp\/v2\/media?parent=2372"}],"curies":[{"name":"wp","href":"https:\/\/api.w.org\/{rel}","templated":true}]}}