{"id":2374,"date":"2016-08-05T10:20:25","date_gmt":"2016-08-05T10:20:25","guid":{"rendered":"http:\/\/localhost:8888\/feda2k16\/?page_id=2374"},"modified":"2016-08-06T08:10:36","modified_gmt":"2016-08-06T08:10:36","slug":"circulares-2014","status":"publish","type":"page","link":"https:\/\/feda.org\/feda2k16\/circulares-2014\/","title":{"rendered":"Circulares 2014"},"content":{"rendered":"\n<ul class=\"uk-list uk-list-line \">\n\n\n    <li>\n\n                <a class=\"uk-display-block uk-link-muted\" href=\"https:\/\/feda.org\/feda2k16\/circular-30-2014-convocatoria-del-campeonato-de-espana-de-colegios-2015\/\">\n        \n            \n                <h3 class=\"uk-margin-remove\">Circular 30\/2014. Convocatoria del Campeonato de Espa\u00f1a de Colegios 2015<\/h3>\n            \n                <\/a>\n        \n    <\/li>\n\n\n    <li>\n\n                <a class=\"uk-display-block uk-link-muted\" href=\"https:\/\/feda.org\/feda2k16\/circular-29-2014-convocatoria-nivel-i\/\">\n        \n            \n                <h3 class=\"uk-margin-remove\">Circular 29\/2014 &#8211; Convocatoria Nivel I<\/h3>\n            \n                <\/a>\n        \n    <\/li>\n\n\n    <li>\n\n                <a class=\"uk-display-block uk-link-muted\" href=\"https:\/\/feda.org\/feda2k16\/circular-28-2014-convocatoria-seminario-arbitral-especial\/\">\n        \n            \n                <h3 class=\"uk-margin-remove\">Circular 28\/2014 &#8211; Convocatoria Seminario Arbitral Especial<\/h3>\n            \n                <\/a>\n        \n    <\/li>\n\n\n    <li>\n\n                <a class=\"uk-display-block uk-link-muted\" href=\"https:\/\/feda.org\/feda2k16\/circular-27-2014-licencias-entrenador-y-monitor-2015\/\">\n        \n            \n                <h3 class=\"uk-margin-remove\">Circular 27\/2014: Licencias Entrenador y Monitor 2015<\/h3>\n            \n                <\/a>\n        \n    <\/li>\n\n\n    <li>\n\n                <a class=\"uk-display-block uk-link-muted\" href=\"https:\/\/feda.org\/feda2k16\/circular-26-2014-licencias-arbitros-2015\/\">\n        \n            \n                <h3 class=\"uk-margin-remove\">Circular 26\/2014: Licencias \u00c1rbitros 2015<\/h3>\n            \n                <\/a>\n        \n    <\/li>\n\n\n    <li>\n\n                <a class=\"uk-display-block uk-link-muted\" href=\"https:\/\/feda.org\/feda2k16\/circular-25-2014-licencias-federativas-2015\/\">\n        \n            \n                <h3 class=\"uk-margin-remove\">Circular 25\/2014: Licencias Federativas 2015<\/h3>\n            \n                <\/a>\n        \n    <\/li>\n\n\n    <li>\n\n                <a class=\"uk-display-block uk-link-muted\" href=\"https:\/\/feda.org\/feda2k16\/convocatoria-del-vii-campeonato-de-espana-por-equipos-de-club-2014-categoria-sub-16\/\">\n        \n            \n                <h3 class=\"uk-margin-remove\">Circular 24\/2014: Convocatoria del VII Campeonato de Espa\u00f1a por Equipos de Club 2014.  Categor\u00eda SUB 16<\/h3>\n            \n                <\/a>\n        \n    <\/li>\n\n\n    <li>\n\n                <a class=\"uk-display-block uk-link-muted\" href=\"https:\/\/feda.org\/feda2k16\/xii-campeonato-de-espana-de-veteranos-2014\/\">\n        \n                        <div class=\"uk-flex uk-flex-middle\">\n                <div class=\"uk-margin-right\">\n                    <img decoding=\"async\" src=\"https:\/\/feda.org\/feda2k16\/wp-content\/uploads\/08-1\/carcap14.jpg\" alt=\"XII Campeonato de Espa\u00f1a de Veteranos 2014\">                <\/div>\n                <div class=\"uk-flex-1\">\n            \n                <h3 class=\"uk-margin-remove\">XII Campeonato de Espa\u00f1a de Veteranos 2014<\/h3>\n                            <\/div>\n            <\/div>\n            \n                <\/a>\n        \n    <\/li>\n\n\n    <li>\n\n                <a class=\"uk-display-block uk-link-muted\" href=\"https:\/\/feda.org\/feda2k16\/circular-23-2014-convocatoria-del-xii-campeonato-de-espana-de-veteranos-2014\/\">\n        \n            \n                <h3 class=\"uk-margin-remove\">Circular 23\/2014 &#8211; CONVOCATORIA DEL XII CAMPEONATO DE ESPA\u00d1A DE VETERANOS 2014<\/h3>\n            \n                <\/a>\n        \n    <\/li>\n\n\n    <li>\n\n                <a class=\"uk-display-block uk-link-muted\" href=\"https:\/\/feda.org\/feda2k16\/sorteo-de-numeros-de-orden-del-campeonato-de-espana-por-equipos-de-club-2014\/\">\n        \n            \n                <h3 class=\"uk-margin-remove\">Circular 22\/2014: Sorteo de n\u00fameros de orden del Campeonato de Espa\u00f1a por Equipos de Club 2014<\/h3>\n            \n                <\/a>\n        \n    <\/li>\n\n\n    <li>\n\n                <a class=\"uk-display-block uk-link-muted\" href=\"https:\/\/feda.org\/feda2k16\/circular-21-2014-campeonato-de-europa-individual-de-jovenes-sub-08-a-sub-18-batumi-georgia\/\">\n        \n            \n                <h3 class=\"uk-margin-remove\">Circular 21\/2014. CAMPEONATO DE EUROPA INDIVIDUAL DE JOVENES SUB 08 A SUB 18 \u2013 BATUMI (Georgia).<\/h3>\n            \n                <\/a>\n        \n    <\/li>\n\n\n    <li>\n\n                <a class=\"uk-display-block uk-link-muted\" href=\"https:\/\/feda.org\/feda2k16\/circular-20-2014-convocatoria-del-campeonato-de-espana-de-ajedrez-rapido-2014\/\">\n        \n                        <div class=\"uk-flex uk-flex-middle\">\n                <div class=\"uk-margin-right\">\n                    <img decoding=\"async\" src=\"https:\/\/feda.org\/feda2k16\/wp-content\/uploads\/2014_05\/elposito.jpg\" alt=\"Circular 20\/2014. Convocatoria del Campeonato de Espa\u00f1a de Ajedrez R\u00e1pido 2014\">                <\/div>\n                <div class=\"uk-flex-1\">\n            \n                <h3 class=\"uk-margin-remove\">Circular 20\/2014. Convocatoria del Campeonato de Espa\u00f1a de Ajedrez R\u00e1pido 2014<\/h3>\n                            <\/div>\n            <\/div>\n            \n                <\/a>\n        \n    <\/li>\n\n\n    <li>\n\n                <a class=\"uk-display-block uk-link-muted\" href=\"https:\/\/feda.org\/feda2k16\/circular-19-2014-convocatoria-del-campeonato-de-espana-de-ajedrez-relampago-2014\/\">\n        \n                        <div class=\"uk-flex uk-flex-middle\">\n                <div class=\"uk-margin-right\">\n                    <img decoding=\"async\" src=\"https:\/\/feda.org\/feda2k16\/wp-content\/uploads\/2014_05\/sabiote.jpg\" alt=\"Circular 19\/2014. Convocatoria del Campeonato de Espa\u00f1a de Ajedrez Rel\u00e1mpago 2014\">                <\/div>\n                <div class=\"uk-flex-1\">\n            \n                <h3 class=\"uk-margin-remove\">Circular 19\/2014. Convocatoria del Campeonato de Espa\u00f1a de Ajedrez Rel\u00e1mpago 2014<\/h3>\n                            <\/div>\n            <\/div>\n            \n                <\/a>\n        \n    <\/li>\n\n\n    <li>\n\n                <a class=\"uk-display-block uk-link-muted\" href=\"https:\/\/feda.org\/feda2k16\/circular-18-2014-convocatoria-ceclub-primera-division-2014\/\">\n        \n                        <div class=\"uk-flex uk-flex-middle\">\n                <div class=\"uk-margin-right\">\n                    <img decoding=\"async\" src=\"https:\/\/feda.org\/feda2k16\/wp-content\/uploads\/2014_05\/ceclub.jpg\" alt=\"Circular 18\/2014. Convocatoria CECLUB Primera Divisi\u00f3n 2014\">                <\/div>\n                <div class=\"uk-flex-1\">\n            \n                <h3 class=\"uk-margin-remove\">Circular 18\/2014. Convocatoria CECLUB Primera Divisi\u00f3n 2014<\/h3>\n                            <\/div>\n            <\/div>\n            \n                <\/a>\n        \n    <\/li>\n\n\n    <li>\n\n                <a class=\"uk-display-block uk-link-muted\" href=\"https:\/\/feda.org\/feda2k16\/circular-17-2014-convocatoria-ceclub-division-de-honor\/\">\n        \n                        <div class=\"uk-flex uk-flex-middle\">\n                <div class=\"uk-margin-right\">\n                    <img decoding=\"async\" src=\"https:\/\/feda.org\/feda2k16\/wp-content\/uploads\/2014_05\/ceclub.jpg\" alt=\"Circular 17\/2014 Convocatoria CECLUB Divisi\u00f3n de Honor\">                <\/div>\n                <div class=\"uk-flex-1\">\n            \n                <h3 class=\"uk-margin-remove\">Circular 17\/2014 Convocatoria CECLUB Divisi\u00f3n de Honor<\/h3>\n                            <\/div>\n            <\/div>\n            \n                <\/a>\n        \n    <\/li>\n\n\n    <li>\n\n                <a class=\"uk-display-block uk-link-muted\" href=\"https:\/\/feda.org\/feda2k16\/circular-16-2014-convocatoria-del-campeonato-de-espana-absoluto-2014-incluye-campeonato-femenino\/\">\n        \n            \n                <h3 class=\"uk-margin-remove\">Circular 16\/2014 &#8211; Convocatoria del Campeonato de Espa\u00f1a Absoluto 2014 (Incluye Campeonato Femenino)<\/h3>\n            \n                <\/a>\n        \n    <\/li>\n\n\n    <li>\n\n                <a class=\"uk-display-block uk-link-muted\" href=\"https:\/\/feda.org\/feda2k16\/circular-15-2014-convocatoria-del-campeonato-de-espana-por-equipos-de-club-2014\/\">\n        \n            \n                <h3 class=\"uk-margin-remove\">Circular 15\/2014 &#8211; Convocatoria del Campeonato de Espa\u00f1a por Equipos de Club de Segunda divisi\u00f3n 2014<\/h3>\n            \n                <\/a>\n        \n    <\/li>\n\n\n    <li>\n\n                <a class=\"uk-display-block uk-link-muted\" href=\"https:\/\/feda.org\/feda2k16\/circular-14-2014-calendario-deportivo-2014\/\">\n        \n            \n                <h3 class=\"uk-margin-remove\">Circular 14\/2014 Calendario Deportivo 2014<\/h3>\n            \n                <\/a>\n        \n    <\/li>\n\n\n    <li>\n\n                <a class=\"uk-display-block uk-link-muted\" href=\"https:\/\/feda.org\/feda2k16\/circular-13-2014-evaluacion-y-categorizacion-de-torneos-abiertos\/\">\n        \n            \n                <h3 class=\"uk-margin-remove\">Circular 13\/2014: Evaluaci\u00f3n y Categorizaci\u00f3n de Torneos Abiertos<\/h3>\n            \n                <\/a>\n        \n    <\/li>\n\n\n    <li>\n\n                <a class=\"uk-display-block uk-link-muted\" href=\"https:\/\/feda.org\/feda2k16\/circular-12-2014-seleccion-espanola-olimpiada-2014\/\">\n        \n            \n                <h3 class=\"uk-margin-remove\">Circular 12\/2014: Selecci\u00f3n Espa\u00f1ola Olimpiada 2014<\/h3>\n            \n                <\/a>\n        \n    <\/li>\n\n\n    <li>\n\n                <a class=\"uk-display-block uk-link-muted\" href=\"https:\/\/feda.org\/feda2k16\/campeonato-de-espana-rapido-sub-8-18-2014\/\">\n        \n                        <div class=\"uk-flex uk-flex-middle\">\n                <div class=\"uk-margin-right\">\n                    <img decoding=\"async\" src=\"https:\/\/feda.org\/feda2k16\/wp-content\/uploads\/2014_03\/carte-salol-03-junio-2014_350px.jpg\" alt=\"Campeonato de Espa\u00f1a R\u00e1pido Sub 10 &#8211; 18\">                <\/div>\n                <div class=\"uk-flex-1\">\n            \n                <h3 class=\"uk-margin-remove\">Campeonato de Espa\u00f1a R\u00e1pido Sub 10 &#8211; 18<\/h3>\n                            <\/div>\n            <\/div>\n            \n                <\/a>\n        \n    <\/li>\n\n\n    <li>\n\n                <a class=\"uk-display-block uk-link-muted\" href=\"https:\/\/feda.org\/feda2k16\/campeonato-de-espana-sub-8-18-2014\/\">\n        \n                        <div class=\"uk-flex uk-flex-middle\">\n                <div class=\"uk-margin-right\">\n                    <img decoding=\"async\" src=\"https:\/\/feda.org\/feda2k16\/wp-content\/uploads\/2014_03\/carte-salol-03-junio-2014_350px.jpg\" alt=\"Campeonato de Espa\u00f1a Sub 8-18, 2014\">                <\/div>\n                <div class=\"uk-flex-1\">\n            \n                <h3 class=\"uk-margin-remove\">Campeonato de Espa\u00f1a Sub 8-18, 2014<\/h3>\n                            <\/div>\n            <\/div>\n            \n                <\/a>\n        \n    <\/li>\n\n\n    <li>\n\n                <a class=\"uk-display-block uk-link-muted\" href=\"https:\/\/feda.org\/feda2k16\/cto-por-equipos-clubs-sub-16-benidorm\/\">\n        \n            \n                <h3 class=\"uk-margin-remove\">Cto. por equipos Clubs sub-16 Benidorm<\/h3>\n            \n                <\/a>\n        \n    <\/li>\n\n\n    <li>\n\n                <a class=\"uk-display-block uk-link-muted\" href=\"https:\/\/feda.org\/feda2k16\/cto-espana-sub-18\/\">\n        \n            \n                <h3 class=\"uk-margin-remove\">Cto Espa\u00f1a sub-18<\/h3>\n            \n                <\/a>\n        \n    <\/li>\n\n\n    <li>\n\n                <a class=\"uk-display-block uk-link-muted\" href=\"https:\/\/feda.org\/feda2k16\/cto-espana-sub-18-ajedrez-rapido\/\">\n        \n            \n                <h3 class=\"uk-margin-remove\">Cto Espa\u00f1a sub-18 ajedrez r\u00e1pido<\/h3>\n            \n                <\/a>\n        \n    <\/li>\n\n\n    <li>\n\n                <a class=\"uk-display-block uk-link-muted\" href=\"https:\/\/feda.org\/feda2k16\/cto-espana-sub-16\/\">\n        \n            \n                <h3 class=\"uk-margin-remove\">Cto Espa\u00f1a sub-16<\/h3>\n            \n                <\/a>\n        \n    <\/li>\n\n\n    <li>\n\n                <a class=\"uk-display-block uk-link-muted\" href=\"https:\/\/feda.org\/feda2k16\/cto-espana-sub-16-ajedrez-rapido\/\">\n        \n            \n                <h3 class=\"uk-margin-remove\">Cto Espa\u00f1a sub-16 ajedrez r\u00e1pido<\/h3>\n            \n                <\/a>\n        \n    <\/li>\n\n\n    <li>\n\n                <a class=\"uk-display-block uk-link-muted\" href=\"https:\/\/feda.org\/feda2k16\/cto-espana-sub-14\/\">\n        \n            \n                <h3 class=\"uk-margin-remove\">Cto Espa\u00f1a sub-14<\/h3>\n            \n                <\/a>\n        \n    <\/li>\n\n\n    <li>\n\n                <a class=\"uk-display-block uk-link-muted\" href=\"https:\/\/feda.org\/feda2k16\/circular-11-2014-informes-evaluacion-de-torneos-y-elo-2014-3\/\">\n        \n            \n                <h3 class=\"uk-margin-remove\">Circular 11\/2014: Informes, Evaluaci\u00f3n de Torneos y Elo 2014<\/h3>\n            \n                <\/a>\n        \n    <\/li>\n\n\n    <li>\n\n                <a class=\"uk-display-block uk-link-muted\" href=\"https:\/\/feda.org\/feda2k16\/circular-10-2014-convocatoria-del-v-campeonato-iberoamericano-individual-absoluto\/\">\n        \n            \n                <h3 class=\"uk-margin-remove\">Circular 10\/2014: CONVOCATORIA DEL V CAMPEONATO IBEROAMERICANO INDIVIDUAL ABSOLUTO<\/h3>\n            \n                <\/a>\n        \n    <\/li>\n\n\n    <li>\n\n                <a class=\"uk-display-block uk-link-muted\" href=\"https:\/\/feda.org\/feda2k16\/circular-09-2014-convocatoria-de-los-campeonatos-de-espana-de-ajedrez-rapido-categorias-sub-10-a-sub-18-2014\/\">\n        \n            \n                <h3 class=\"uk-margin-remove\">Circular 09\/2014: Convocatoria de los Campeonatos de Espa\u00f1a de Ajedrez R\u00e1pido Categor\u00edas Sub 10 a sub 18 &#8211; 2014<\/h3>\n            \n                <\/a>\n        \n    <\/li>\n\n\n    <li>\n\n                <a class=\"uk-display-block uk-link-muted\" href=\"https:\/\/feda.org\/feda2k16\/circular-08-2014-convocatoria-de-los-campeonatos-de-espana-sub-8-a-sub-18-2014\/\">\n        \n            \n                <h3 class=\"uk-margin-remove\">Circular 08\/2014: Convocatoria de los Campeonatos de Espa\u00f1a Sub 8 a sub 18 &#8211; 2014<\/h3>\n            \n                <\/a>\n        \n    <\/li>\n\n\n    <li>\n\n                <a class=\"uk-display-block uk-link-muted\" href=\"https:\/\/feda.org\/feda2k16\/circular-07-2014-convocatoria-seminario-de-entrenadores-de-la-fide\/\">\n        \n            \n                <h3 class=\"uk-margin-remove\">Circular 07\/2014: CONVOCATORIA SEMINARIO DE ENTRENADORES DE LA FIDE<\/h3>\n            \n                <\/a>\n        \n    <\/li>\n\n\n    <li>\n\n                <a class=\"uk-display-block uk-link-muted\" href=\"https:\/\/feda.org\/feda2k16\/circular-06-2014-convocatoria-del-i-campeonato-de-espana-por-equipos-de-colegios-2014-categoria-sub-12\/\">\n        \n            \n                <h3 class=\"uk-margin-remove\">Circular 06\/2014: Convocatoria del I Campeonato de Espa\u00f1a por Equipos de Colegios 2014.  Categor\u00eda SUB 12<\/h3>\n            \n                <\/a>\n        \n    <\/li>\n\n\n    <li>\n\n                <a class=\"uk-display-block uk-link-muted\" href=\"https:\/\/feda.org\/feda2k16\/circular-05-2014-criterios-de-seleccion-de-jugadores-as-para-formar-parte-de-las-selecciones-absoluta-y-femenina-en-la-olimpiada-mundial-de-selecciones-2014\/\">\n        \n            \n                <h3 class=\"uk-margin-remove\">Circular 05\/2014: Criterios de selecci\u00f3n de jugadores\/as para formar parte de las Selecciones Absoluta y Femenina en la Olimpiada Mundial de Selecciones 2014<\/h3>\n            \n                <\/a>\n        \n    <\/li>\n\n\n    <li>\n\n                <a class=\"uk-display-block uk-link-muted\" href=\"https:\/\/feda.org\/feda2k16\/circular-04-2014-clasificaciones-2013-y-grupos-ceclub-2014\/\">\n        \n                        <div class=\"uk-flex uk-flex-middle\">\n                <div class=\"uk-margin-right\">\n                    <img decoding=\"async\" src=\"https:\/\/feda.org\/feda2k16\/wp-content\/uploads\/articulos5\/cdclub.gif\" alt=\"Circular 04\/2014 &#8211; CLASIFICACIONES 2013 Y GRUPOS CECLUB 2014\">                <\/div>\n                <div class=\"uk-flex-1\">\n            \n                <h3 class=\"uk-margin-remove\">Circular 04\/2014 &#8211; CLASIFICACIONES 2013 Y GRUPOS CECLUB 2014<\/h3>\n                            <\/div>\n            <\/div>\n            \n                <\/a>\n        \n    <\/li>\n\n\n    <li>\n\n                <a class=\"uk-display-block uk-link-muted\" href=\"https:\/\/feda.org\/feda2k16\/circular-03-2014-grupos-tecnificacion-promocion-de-base-y-entrenamiento-por-internet-2014-2\/\">\n        \n            \n                <h3 class=\"uk-margin-remove\">Circular 03\/2014: Grupos Tecnificaci\u00f3n, Promoci\u00f3n de Base y Entrenamiento por Internet 2014<\/h3>\n            \n                <\/a>\n        \n    <\/li>\n\n\n    <li>\n\n                <a class=\"uk-display-block uk-link-muted\" href=\"https:\/\/feda.org\/feda2k16\/circular-02-2014-alta-competicion-tecnificacion-deportiva-2014-2\/\">\n        \n            \n                <h3 class=\"uk-margin-remove\">Circular 02\/2014 &#8211; ALTA COMPETICION \u2013  Tecnificaci\u00f3n Deportiva 2014<\/h3>\n            \n                <\/a>\n        \n    <\/li>\n\n\n    <li>\n\n                <a class=\"uk-display-block uk-link-muted\" href=\"https:\/\/feda.org\/feda2k16\/calendario-deportivo-provisional-2014\/\">\n        \n            \n                <h3 class=\"uk-margin-remove\">Circular 01\/2014: Calendario Deportivo Provisional 2014<\/h3>\n            \n                <\/a>\n        \n    <\/li>\n\n\n<\/ul>\n\n","protected":false},"excerpt":{"rendered":"","protected":false},"author":1,"featured_media":0,"parent":0,"menu_order":0,"comment_status":"closed","ping_status":"closed","template":"","meta":{"footnotes":""},"class_list":["post-2374","page","type-page","status-publish","hentry"],"yoast_head":"<!-- This site is optimized with the Yoast SEO plugin v27.3 - https:\/\/yoast.com\/product\/yoast-seo-wordpress\/ -->\n<title>Circulares 2014 - FEDA<\/title>\n<meta name=\"robots\" content=\"index, follow, max-snippet:-1, max-image-preview:large, max-video-preview:-1\" \/>\n<link rel=\"canonical\" href=\"https:\/\/feda.org\/feda2k16\/circulares-2014\/\" \/>\n<meta property=\"og:locale\" content=\"es_ES\" \/>\n<meta property=\"og:type\" content=\"article\" \/>\n<meta property=\"og:title\" content=\"Circulares 2014 - FEDA\" \/>\n<meta property=\"og:url\" content=\"https:\/\/feda.org\/feda2k16\/circulares-2014\/\" \/>\n<meta property=\"og:site_name\" content=\"FEDA\" \/>\n<meta property=\"article:publisher\" content=\"https:\/\/www.facebook.com\/federacionespanoladeajedrez\/\" \/>\n<meta property=\"article:modified_time\" content=\"2016-08-06T08:10:36+00:00\" \/>\n<meta name=\"twitter:card\" content=\"summary_large_image\" \/>\n<meta name=\"twitter:site\" content=\"@AjedrezEspanola\" \/>\n<script type=\"application\/ld+json\" class=\"yoast-schema-graph\">{\"@context\":\"https:\\\/\\\/schema.org\",\"@graph\":[{\"@type\":\"WebPage\",\"@id\":\"https:\\\/\\\/feda.org\\\/feda2k16\\\/circulares-2014\\\/\",\"url\":\"https:\\\/\\\/feda.org\\\/feda2k16\\\/circulares-2014\\\/\",\"name\":\"Circulares 2014 - FEDA\",\"isPartOf\":{\"@id\":\"https:\\\/\\\/feda.org\\\/feda2k16\\\/#website\"},\"datePublished\":\"2016-08-05T10:20:25+00:00\",\"dateModified\":\"2016-08-06T08:10:36+00:00\",\"breadcrumb\":{\"@id\":\"https:\\\/\\\/feda.org\\\/feda2k16\\\/circulares-2014\\\/#breadcrumb\"},\"inLanguage\":\"es\",\"potentialAction\":[{\"@type\":\"ReadAction\",\"target\":[\"https:\\\/\\\/feda.org\\\/feda2k16\\\/circulares-2014\\\/\"]}]},{\"@type\":\"BreadcrumbList\",\"@id\":\"https:\\\/\\\/feda.org\\\/feda2k16\\\/circulares-2014\\\/#breadcrumb\",\"itemListElement\":[{\"@type\":\"ListItem\",\"position\":1,\"name\":\"Portada\",\"item\":\"https:\\\/\\\/feda.org\\\/feda2k16\\\/\"},{\"@type\":\"ListItem\",\"position\":2,\"name\":\"Circulares 2014\"}]},{\"@type\":\"WebSite\",\"@id\":\"https:\\\/\\\/feda.org\\\/feda2k16\\\/#website\",\"url\":\"https:\\\/\\\/feda.org\\\/feda2k16\\\/\",\"name\":\"FEDA\",\"description\":\"Federaci\u00f3n Espa\u00f1ola de Ajedrez\",\"publisher\":{\"@id\":\"https:\\\/\\\/feda.org\\\/feda2k16\\\/#organization\"},\"alternateName\":\"Federaci\u00f3n Espa\u00f1ola de Ajedrez\",\"potentialAction\":[{\"@type\":\"SearchAction\",\"target\":{\"@type\":\"EntryPoint\",\"urlTemplate\":\"https:\\\/\\\/feda.org\\\/feda2k16\\\/?s={search_term_string}\"},\"query-input\":{\"@type\":\"PropertyValueSpecification\",\"valueRequired\":true,\"valueName\":\"search_term_string\"}}],\"inLanguage\":\"es\"},{\"@type\":\"Organization\",\"@id\":\"https:\\\/\\\/feda.org\\\/feda2k16\\\/#organization\",\"name\":\"FEDA\",\"alternateName\":\"Federaci\u00f3n Espa\u00f1ola de Ajedrez\",\"url\":\"https:\\\/\\\/feda.org\\\/feda2k16\\\/\",\"logo\":{\"@type\":\"ImageObject\",\"inLanguage\":\"es\",\"@id\":\"https:\\\/\\\/feda.org\\\/feda2k16\\\/#\\\/schema\\\/logo\\\/image\\\/\",\"url\":\"https:\\\/\\\/feda.org\\\/feda2k16\\\/wp-content\\\/uploads\\\/NuevoLogo_FEDA_2016.png\",\"contentUrl\":\"https:\\\/\\\/feda.org\\\/feda2k16\\\/wp-content\\\/uploads\\\/NuevoLogo_FEDA_2016.png\",\"width\":600,\"height\":600,\"caption\":\"FEDA\"},\"image\":{\"@id\":\"https:\\\/\\\/feda.org\\\/feda2k16\\\/#\\\/schema\\\/logo\\\/image\\\/\"},\"sameAs\":[\"https:\\\/\\\/www.facebook.com\\\/federacionespanoladeajedrez\\\/\",\"https:\\\/\\\/x.com\\\/AjedrezEspanola\",\"https:\\\/\\\/www.instagram.com\\\/federacionespanolaajedrez\\\/?hl=es\",\"https:\\\/\\\/www.youtube.com\\\/@FederacionEspanoladeAjedrezFED\\\/featured\"]}]}<\/script>\n<!-- \/ Yoast SEO plugin. -->","yoast_head_json":{"title":"Circulares 2014 - FEDA","robots":{"index":"index","follow":"follow","max-snippet":"max-snippet:-1","max-image-preview":"max-image-preview:large","max-video-preview":"max-video-preview:-1"},"canonical":"https:\/\/feda.org\/feda2k16\/circulares-2014\/","og_locale":"es_ES","og_type":"article","og_title":"Circulares 2014 - FEDA","og_url":"https:\/\/feda.org\/feda2k16\/circulares-2014\/","og_site_name":"FEDA","article_publisher":"https:\/\/www.facebook.com\/federacionespanoladeajedrez\/","article_modified_time":"2016-08-06T08:10:36+00:00","twitter_card":"summary_large_image","twitter_site":"@AjedrezEspanola","schema":{"@context":"https:\/\/schema.org","@graph":[{"@type":"WebPage","@id":"https:\/\/feda.org\/feda2k16\/circulares-2014\/","url":"https:\/\/feda.org\/feda2k16\/circulares-2014\/","name":"Circulares 2014 - FEDA","isPartOf":{"@id":"https:\/\/feda.org\/feda2k16\/#website"},"datePublished":"2016-08-05T10:20:25+00:00","dateModified":"2016-08-06T08:10:36+00:00","breadcrumb":{"@id":"https:\/\/feda.org\/feda2k16\/circulares-2014\/#breadcrumb"},"inLanguage":"es","potentialAction":[{"@type":"ReadAction","target":["https:\/\/feda.org\/feda2k16\/circulares-2014\/"]}]},{"@type":"BreadcrumbList","@id":"https:\/\/feda.org\/feda2k16\/circulares-2014\/#breadcrumb","itemListElement":[{"@type":"ListItem","position":1,"name":"Portada","item":"https:\/\/feda.org\/feda2k16\/"},{"@type":"ListItem","position":2,"name":"Circulares 2014"}]},{"@type":"WebSite","@id":"https:\/\/feda.org\/feda2k16\/#website","url":"https:\/\/feda.org\/feda2k16\/","name":"FEDA","description":"Federaci\u00f3n Espa\u00f1ola de Ajedrez","publisher":{"@id":"https:\/\/feda.org\/feda2k16\/#organization"},"alternateName":"Federaci\u00f3n Espa\u00f1ola de Ajedrez","potentialAction":[{"@type":"SearchAction","target":{"@type":"EntryPoint","urlTemplate":"https:\/\/feda.org\/feda2k16\/?s={search_term_string}"},"query-input":{"@type":"PropertyValueSpecification","valueRequired":true,"valueName":"search_term_string"}}],"inLanguage":"es"},{"@type":"Organization","@id":"https:\/\/feda.org\/feda2k16\/#organization","name":"FEDA","alternateName":"Federaci\u00f3n Espa\u00f1ola de Ajedrez","url":"https:\/\/feda.org\/feda2k16\/","logo":{"@type":"ImageObject","inLanguage":"es","@id":"https:\/\/feda.org\/feda2k16\/#\/schema\/logo\/image\/","url":"https:\/\/feda.org\/feda2k16\/wp-content\/uploads\/NuevoLogo_FEDA_2016.png","contentUrl":"https:\/\/feda.org\/feda2k16\/wp-content\/uploads\/NuevoLogo_FEDA_2016.png","width":600,"height":600,"caption":"FEDA"},"image":{"@id":"https:\/\/feda.org\/feda2k16\/#\/schema\/logo\/image\/"},"sameAs":["https:\/\/www.facebook.com\/federacionespanoladeajedrez\/","https:\/\/x.com\/AjedrezEspanola","https:\/\/www.instagram.com\/federacionespanolaajedrez\/?hl=es","https:\/\/www.youtube.com\/@FederacionEspanoladeAjedrezFED\/featured"]}]}},"_links":{"self":[{"href":"https:\/\/feda.org\/feda2k16\/wp-json\/wp\/v2\/pages\/2374","targetHints":{"allow":["GET"]}}],"collection":[{"href":"https:\/\/feda.org\/feda2k16\/wp-json\/wp\/v2\/pages"}],"about":[{"href":"https:\/\/feda.org\/feda2k16\/wp-json\/wp\/v2\/types\/page"}],"author":[{"embeddable":true,"href":"https:\/\/feda.org\/feda2k16\/wp-json\/wp\/v2\/users\/1"}],"replies":[{"embeddable":true,"href":"https:\/\/feda.org\/feda2k16\/wp-json\/wp\/v2\/comments?post=2374"}],"version-history":[{"count":1,"href":"https:\/\/feda.org\/feda2k16\/wp-json\/wp\/v2\/pages\/2374\/revisions"}],"predecessor-version":[{"id":2375,"href":"https:\/\/feda.org\/feda2k16\/wp-json\/wp\/v2\/pages\/2374\/revisions\/2375"}],"wp:attachment":[{"href":"https:\/\/feda.org\/feda2k16\/wp-json\/wp\/v2\/media?parent=2374"}],"curies":[{"name":"wp","href":"https:\/\/api.w.org\/{rel}","templated":true}]}}