{"id":2376,"date":"2016-08-05T10:20:33","date_gmt":"2016-08-05T10:20:33","guid":{"rendered":"http:\/\/localhost:8888\/feda2k16\/?page_id=2376"},"modified":"2016-08-06T08:10:36","modified_gmt":"2016-08-06T08:10:36","slug":"circulares-2015","status":"publish","type":"page","link":"https:\/\/feda.org\/feda2k16\/circulares-2015\/","title":{"rendered":"Circulares 2015"},"content":{"rendered":"\n<ul class=\"uk-list uk-list-line \">\n\n\n    <li>\n\n                <a class=\"uk-display-block uk-link-muted\" href=\"https:\/\/feda.org\/feda2k16\/circular-33-2015-ayudas-mujer-y-deporte-2015\/\">\n        \n            \n                <h3 class=\"uk-margin-remove\">Circular 33\/2015 &#8211; Ayudas Mujer y Deporte 2015<\/h3>\n            \n                <\/a>\n        \n    <\/li>\n\n\n    <li>\n\n                <a class=\"uk-display-block uk-link-muted\" href=\"https:\/\/feda.org\/feda2k16\/circular-31-2015-formulario-de-inscripcion-curso-de-monitor-superior-2015\/\">\n        \n            \n                <h3 class=\"uk-margin-remove\">Circular 31\/2015. Formulario de Inscripci\u00f3n Curso de Monitor Superior 2015<\/h3>\n            \n                <\/a>\n        \n    <\/li>\n\n\n    <li>\n\n                <a class=\"uk-display-block uk-link-muted\" href=\"https:\/\/feda.org\/feda2k16\/circular-31-2015-temario-curso-de-monitor-superior-2015\/\">\n        \n            \n                <h3 class=\"uk-margin-remove\">Circular 31\/2015. Temario Curso de Monitor Superior 2015<\/h3>\n            \n                <\/a>\n        \n    <\/li>\n\n\n    <li>\n\n                <a class=\"uk-display-block uk-link-muted\" href=\"https:\/\/feda.org\/feda2k16\/circular-31-2015-ayudas-mujer-y-deporte-curso-de-monitor-superior-2015\/\">\n        \n            \n                <h3 class=\"uk-margin-remove\">Circular 31\/2015. Ayudas Mujer y Deporte Curso de Monitor Superior 2015<\/h3>\n            \n                <\/a>\n        \n    <\/li>\n\n\n    <li>\n\n                <a class=\"uk-display-block uk-link-muted\" href=\"https:\/\/feda.org\/feda2k16\/circular-31-2015-convocatoria-del-vi-curso-de-monitor-superior-2015\/\">\n        \n            \n                <h3 class=\"uk-margin-remove\">Circular 31\/2015. Convocatoria del VI Curso de Monitor Superior 2015<\/h3>\n            \n                <\/a>\n        \n    <\/li>\n\n\n    <li>\n\n                <a class=\"uk-display-block uk-link-muted\" href=\"https:\/\/feda.org\/feda2k16\/circular-30-2015-seleccion-espanola-europeo-2015\/\">\n        \n            \n                <h3 class=\"uk-margin-remove\">Circular 30\/2015 &#8211; Selecci\u00f3n Espa\u00f1ola Europeo 2015<\/h3>\n            \n                <\/a>\n        \n    <\/li>\n\n\n    <li>\n\n                <a class=\"uk-display-block uk-link-muted\" href=\"https:\/\/feda.org\/feda2k16\/circular-29-2015-campeonato-iberoamericano-2015\/\">\n        \n            \n                <h3 class=\"uk-margin-remove\">Circular 29\/2015 &#8211; Campeonato Iberoamericano 2015<\/h3>\n            \n                <\/a>\n        \n    <\/li>\n\n\n    <li>\n\n                <a class=\"uk-display-block uk-link-muted\" href=\"https:\/\/feda.org\/feda2k16\/circular-28-2015-cto-mundo-individual-de-jovenes\/\">\n        \n            \n                <h3 class=\"uk-margin-remove\">Circular 28\/2015 &#8211; Cto Mundo Individual de  J\u00f3venes<\/h3>\n            \n                <\/a>\n        \n    <\/li>\n\n\n    <li>\n\n                <a class=\"uk-display-block uk-link-muted\" href=\"https:\/\/feda.org\/feda2k16\/circular-27-2015-campeonato-de-espana-individual-absoluto-2015\/\">\n        \n            \n                <h3 class=\"uk-margin-remove\">Circular 27\/2015: Campeonato de Espa\u00f1a Individual Absoluto 2015<\/h3>\n            \n                <\/a>\n        \n    <\/li>\n\n\n    <li>\n\n                <a class=\"uk-display-block uk-link-muted\" href=\"https:\/\/feda.org\/feda2k16\/circular-26-2015-convocatoria-cto-de-espana-de-ajedrez-rapido\/\">\n        \n            \n                <h3 class=\"uk-margin-remove\">Circular 26\/2015. Convocatoria Cto. de Espa\u00f1a de Ajedrez R\u00e1pido<\/h3>\n            \n                <\/a>\n        \n    <\/li>\n\n\n    <li>\n\n                <a class=\"uk-display-block uk-link-muted\" href=\"https:\/\/feda.org\/feda2k16\/circular-25-2015-convocatoria-cto-de-espana-ajedrez-relampago-2015\/\">\n        \n            \n                <h3 class=\"uk-margin-remove\">Circular 25\/2015. Convocatoria Cto de Espa\u00f1a Ajedrez Rel\u00e1mpago 2015<\/h3>\n            \n                <\/a>\n        \n    <\/li>\n\n\n    <li>\n\n                <a class=\"uk-display-block uk-link-muted\" href=\"https:\/\/feda.org\/feda2k16\/circular-24-2015-convocatoria-del-xiii-campeonato-de-espana-de-veteranos-2015\/\">\n        \n            \n                <h3 class=\"uk-margin-remove\">Circular 24\/2015 &#8211; CONVOCATORIA DEL XIII CAMPEONATO DE ESPA\u00d1A DE VETERANOS 2015<\/h3>\n            \n                <\/a>\n        \n    <\/li>\n\n\n    <li>\n\n                <a class=\"uk-display-block uk-link-muted\" href=\"https:\/\/feda.org\/feda2k16\/circular-23-2015-convocatoria-del-campeonato-de-espana-individual-femenino-2015\/\">\n        \n            \n                <h3 class=\"uk-margin-remove\">Circular 23\/2015 &#8211; Convocatoria del Campeonato de Espa\u00f1a Individual Femenino 2015<\/h3>\n            \n                <\/a>\n        \n    <\/li>\n\n\n    <li>\n\n                <a class=\"uk-display-block uk-link-muted\" href=\"https:\/\/feda.org\/feda2k16\/circula-22-2015\/\">\n        \n            \n                <h3 class=\"uk-margin-remove\">Circular 22\/2015 &#8211; Convocatoria del Campeonato de Espa\u00f1a por Equipos de Club 2015 &#8211; DIVISION DE HONOR<\/h3>\n            \n                <\/a>\n        \n    <\/li>\n\n\n    <li>\n\n                <a class=\"uk-display-block uk-link-muted\" href=\"https:\/\/feda.org\/feda2k16\/circular-21-2015-convocatoria-del-campeonato-de-espana-por-equipos-de-club-2015\/\">\n        \n            \n                <h3 class=\"uk-margin-remove\">Circular 21\/2015 &#8211; Convocatoria del Campeonato de Espa\u00f1a por Equipos de Club 2015 &#8211; PRIMERA DIVISION<\/h3>\n            \n                <\/a>\n        \n    <\/li>\n\n\n    <li>\n\n                <a class=\"uk-display-block uk-link-muted\" href=\"https:\/\/feda.org\/feda2k16\/circular-20-2015\/\">\n        \n            \n                <h3 class=\"uk-margin-remove\">Circular 20\/2015 &#8211; CONVOCATORIA CECLUB &#8211; SEGUNDA DIVISION 2015<\/h3>\n            \n                <\/a>\n        \n    <\/li>\n\n\n    <li>\n\n                <a class=\"uk-display-block uk-link-muted\" href=\"https:\/\/feda.org\/feda2k16\/circular-19-2015-evaluacion-de-torneos-ranking-2014-2\/\">\n        \n            \n                <h3 class=\"uk-margin-remove\">CIRCULAR 19-2015. EVALUACION DE TORNEOS. RANKING 2014<\/h3>\n            \n                <\/a>\n        \n    <\/li>\n\n\n    <li>\n\n                <a class=\"uk-display-block uk-link-muted\" href=\"https:\/\/feda.org\/feda2k16\/circular-18-2015-convocatoria-del-campeonato-de-espana-por-selecciones-autonomicas-categoria-infantil-sub-14\/\">\n        \n            \n                <h3 class=\"uk-margin-remove\">Circular 18\/2015 &#8211; Convocatoria del Campeonato de Espa\u00f1a por Selecciones Auton\u00f3micas.  Categor\u00eda Infantil (Sub 14)<\/h3>\n            \n                <\/a>\n        \n    <\/li>\n\n\n    <li>\n\n                <a class=\"uk-display-block uk-link-muted\" href=\"https:\/\/feda.org\/feda2k16\/circular-17-2015-convocatoria-seminario-de-organizador-internacional-benasque-2015\/\">\n        \n            \n                <h3 class=\"uk-margin-remove\">Circular 17\/2015 &#8211; Convocatoria Seminario de Organizador Internacional Benasque 2015<\/h3>\n            \n                <\/a>\n        \n    <\/li>\n\n\n    <li>\n\n                <a class=\"uk-display-block uk-link-muted\" href=\"https:\/\/feda.org\/feda2k16\/circular-16-2015\/\">\n        \n            \n                <h3 class=\"uk-margin-remove\">Circular 16\/2015 &#8211; Convocatoria de los Campeonatos de Espa\u00f1a de Ajedrez R\u00e1pido  Categor\u00edas Sub 10 a sub 18<\/h3>\n            \n                <\/a>\n        \n    <\/li>\n\n\n    <li>\n\n                <a class=\"uk-display-block uk-link-muted\" href=\"https:\/\/feda.org\/feda2k16\/circular-15-2015\/\">\n        \n            \n                <h3 class=\"uk-margin-remove\">Circular 15\/2015 &#8211; Convocatoria de los Campeonatos de Espa\u00f1a Sub 8 a sub 18<\/h3>\n            \n                <\/a>\n        \n    <\/li>\n\n\n    <li>\n\n                <a class=\"uk-display-block uk-link-muted\" href=\"https:\/\/feda.org\/feda2k16\/circular-14-2015-convocatoria-curso-de-monitores-de-ajedrez-nivel-i-promocion-2-madrid-2015\/\">\n        \n            \n                <h3 class=\"uk-margin-remove\">Circular 14\/2015 &#8211; Convocatoria curso de monitores de ajedrez nivel I &#8211; Promoci\u00f3n 2 Madrid 2015<\/h3>\n            \n                <\/a>\n        \n    <\/li>\n\n\n    <li>\n\n                <a class=\"uk-display-block uk-link-muted\" href=\"https:\/\/feda.org\/feda2k16\/circular-13-2015-licitacion-cto-de-veteranos\/\">\n        \n            \n                <h3 class=\"uk-margin-remove\">Circular 13\/2015 &#8211; Licitaci\u00f3n Cto. de Veteranos<\/h3>\n            \n                <\/a>\n        \n    <\/li>\n\n\n    <li>\n\n                <a class=\"uk-display-block uk-link-muted\" href=\"https:\/\/feda.org\/feda2k16\/circular-12-2015-convocatoria-curso-de-monitores-de-ajedrez-nivel-i\/\">\n        \n            \n                <h3 class=\"uk-margin-remove\">Circular 12\/2015 &#8211; Convocatoria curso de monitores de ajedrez nivel I.<\/h3>\n            \n                <\/a>\n        \n    <\/li>\n\n\n    <li>\n\n                <a class=\"uk-display-block uk-link-muted\" href=\"https:\/\/feda.org\/feda2k16\/circular-11-2015-criterios-de-seleccion\/\">\n        \n            \n                <h3 class=\"uk-margin-remove\">Circular 11\/2015 &#8211; Criterios de Selecci\u00f3n<\/h3>\n            \n                <\/a>\n        \n    <\/li>\n\n\n    <li>\n\n                <a class=\"uk-display-block uk-link-muted\" href=\"https:\/\/feda.org\/feda2k16\/circular-10-2015-evaluacion-elo-2015\/\">\n        \n            \n                <h3 class=\"uk-margin-remove\">Circular 10\/2015 &#8211; Evaluaci\u00f3n Elo 2015<\/h3>\n            \n                <\/a>\n        \n    <\/li>\n\n\n    <li>\n\n                <a class=\"uk-display-block uk-link-muted\" href=\"https:\/\/feda.org\/feda2k16\/circular-09-2015-programa-de-emparejamientos-vegachess-y-servidor-de-resultados-info64-org\/\">\n        \n            \n                <h3 class=\"uk-margin-remove\">Circular 09\/2015 &#8211; Programa de emparejamientos VegaChess y Servidor de Resultados Info64.org<\/h3>\n            \n                <\/a>\n        \n    <\/li>\n\n\n    <li>\n\n                <a class=\"uk-display-block uk-link-muted\" href=\"https:\/\/feda.org\/feda2k16\/circular-08-2015-convocatoria-ft-benasque-2015\/\">\n        \n                        <div class=\"uk-flex uk-flex-middle\">\n                <div class=\"uk-margin-right\">\n                    <img decoding=\"async\" src=\"https:\/\/feda.org\/feda2k16\/wp-content\/uploads\/07-9\/benasque.jpg\" alt=\"Circular 08\/2015 &#8211; Convocatoria FT Benasque 2015\">                <\/div>\n                <div class=\"uk-flex-1\">\n            \n                <h3 class=\"uk-margin-remove\">Circular 08\/2015 &#8211; Convocatoria FT Benasque 2015<\/h3>\n                            <\/div>\n            <\/div>\n            \n                <\/a>\n        \n    <\/li>\n\n\n    <li>\n\n                <a class=\"uk-display-block uk-link-muted\" href=\"https:\/\/feda.org\/feda2k16\/circular-07-2015-calendario-deportivo-provisional-2015\/\">\n        \n            \n                <h3 class=\"uk-margin-remove\">Circular 07\/2015 &#8211; Calendario Deportivo Provisional 2015<\/h3>\n            \n                <\/a>\n        \n    <\/li>\n\n\n    <li>\n\n                <a class=\"uk-display-block uk-link-muted\" href=\"https:\/\/feda.org\/feda2k16\/circular-06-2015-tecnificacion-de-base\/\">\n        \n            \n                <h3 class=\"uk-margin-remove\">Circular 06\/2015 &#8211; Tecnificaci\u00f3n de Base<\/h3>\n            \n                <\/a>\n        \n    <\/li>\n\n\n    <li>\n\n                <a class=\"uk-display-block uk-link-muted\" href=\"https:\/\/feda.org\/feda2k16\/circular-05-2015-alta-competicion\/\">\n        \n            \n                <h3 class=\"uk-margin-remove\">Circular 05\/2015 &#8211; Alta Competici\u00f3n<\/h3>\n            \n                <\/a>\n        \n    <\/li>\n\n\n    <li>\n\n                <a class=\"uk-display-block uk-link-muted\" href=\"https:\/\/feda.org\/feda2k16\/circular-04-2015-convocatoria-curso-de-monitores-de-ajedrez-nivel-i\/\">\n        \n            \n                <h3 class=\"uk-margin-remove\">Circular 04\/2015 &#8211; Convocatoria curso de monitores de ajedrez nivel I.<\/h3>\n            \n                <\/a>\n        \n    <\/li>\n\n\n    <li>\n\n                <a class=\"uk-display-block uk-link-muted\" href=\"https:\/\/feda.org\/feda2k16\/circular-03-2015-ayudas-a-clubs-2015\/\">\n        \n            \n                <h3 class=\"uk-margin-remove\">Circular 03\/2015 &#8211; Ayudas a Clubs 2015<\/h3>\n            \n                <\/a>\n        \n    <\/li>\n\n\n    <li>\n\n                <a class=\"uk-display-block uk-link-muted\" href=\"https:\/\/feda.org\/feda2k16\/circular-02-2015-clasificacion-2014-y-categorias-ceclub-2015\/\">\n        \n                        <div class=\"uk-flex uk-flex-middle\">\n                <div class=\"uk-margin-right\">\n                    <img decoding=\"async\" src=\"https:\/\/feda.org\/feda2k16\/wp-content\/uploads\/07-9\/CECLUB.png\" alt=\"Circular 02\/2015 &#8211; Clasificaci\u00f3n 2014 y Categor\u00edas CECLUB 2015\">                <\/div>\n                <div class=\"uk-flex-1\">\n            \n                <h3 class=\"uk-margin-remove\">Circular 02\/2015 &#8211; Clasificaci\u00f3n 2014 y Categor\u00edas CECLUB 2015<\/h3>\n                            <\/div>\n            <\/div>\n            \n                <\/a>\n        \n    <\/li>\n\n\n    <li>\n\n                <a class=\"uk-display-block uk-link-muted\" href=\"https:\/\/feda.org\/feda2k16\/circular-01-2015-normativa-de-ayudas-a-desplazamientos\/\">\n        \n            \n                <h3 class=\"uk-margin-remove\">Circular 01\/2015 &#8211; Normativa de Ayudas a Desplazamientos<\/h3>\n            \n                <\/a>\n        \n    <\/li>\n\n\n<\/ul>\n\n","protected":false},"excerpt":{"rendered":"","protected":false},"author":1,"featured_media":0,"parent":0,"menu_order":0,"comment_status":"closed","ping_status":"closed","template":"","meta":{"footnotes":""},"class_list":["post-2376","page","type-page","status-publish","hentry"],"yoast_head":"<!-- This site is optimized with the Yoast SEO plugin v27.4 - https:\/\/yoast.com\/product\/yoast-seo-wordpress\/ -->\n<title>Circulares 2015 - FEDA<\/title>\n<meta name=\"robots\" content=\"index, follow, max-snippet:-1, max-image-preview:large, max-video-preview:-1\" \/>\n<link rel=\"canonical\" href=\"https:\/\/feda.org\/feda2k16\/circulares-2015\/\" \/>\n<meta property=\"og:locale\" content=\"es_ES\" \/>\n<meta property=\"og:type\" content=\"article\" \/>\n<meta property=\"og:title\" content=\"Circulares 2015 - FEDA\" \/>\n<meta property=\"og:url\" content=\"https:\/\/feda.org\/feda2k16\/circulares-2015\/\" \/>\n<meta property=\"og:site_name\" content=\"FEDA\" \/>\n<meta property=\"article:publisher\" content=\"https:\/\/www.facebook.com\/federacionespanoladeajedrez\/\" \/>\n<meta property=\"article:modified_time\" content=\"2016-08-06T08:10:36+00:00\" \/>\n<meta name=\"twitter:card\" content=\"summary_large_image\" \/>\n<meta name=\"twitter:site\" content=\"@AjedrezEspanola\" \/>\n<script type=\"application\/ld+json\" class=\"yoast-schema-graph\">{\"@context\":\"https:\\\/\\\/schema.org\",\"@graph\":[{\"@type\":\"WebPage\",\"@id\":\"https:\\\/\\\/feda.org\\\/feda2k16\\\/circulares-2015\\\/\",\"url\":\"https:\\\/\\\/feda.org\\\/feda2k16\\\/circulares-2015\\\/\",\"name\":\"Circulares 2015 - FEDA\",\"isPartOf\":{\"@id\":\"https:\\\/\\\/feda.org\\\/feda2k16\\\/#website\"},\"datePublished\":\"2016-08-05T10:20:33+00:00\",\"dateModified\":\"2016-08-06T08:10:36+00:00\",\"breadcrumb\":{\"@id\":\"https:\\\/\\\/feda.org\\\/feda2k16\\\/circulares-2015\\\/#breadcrumb\"},\"inLanguage\":\"es\",\"potentialAction\":[{\"@type\":\"ReadAction\",\"target\":[\"https:\\\/\\\/feda.org\\\/feda2k16\\\/circulares-2015\\\/\"]}]},{\"@type\":\"BreadcrumbList\",\"@id\":\"https:\\\/\\\/feda.org\\\/feda2k16\\\/circulares-2015\\\/#breadcrumb\",\"itemListElement\":[{\"@type\":\"ListItem\",\"position\":1,\"name\":\"Portada\",\"item\":\"https:\\\/\\\/feda.org\\\/feda2k16\\\/\"},{\"@type\":\"ListItem\",\"position\":2,\"name\":\"Circulares 2015\"}]},{\"@type\":\"WebSite\",\"@id\":\"https:\\\/\\\/feda.org\\\/feda2k16\\\/#website\",\"url\":\"https:\\\/\\\/feda.org\\\/feda2k16\\\/\",\"name\":\"FEDA\",\"description\":\"Federaci\u00f3n Espa\u00f1ola de Ajedrez\",\"publisher\":{\"@id\":\"https:\\\/\\\/feda.org\\\/feda2k16\\\/#organization\"},\"alternateName\":\"Federaci\u00f3n Espa\u00f1ola de Ajedrez\",\"potentialAction\":[{\"@type\":\"SearchAction\",\"target\":{\"@type\":\"EntryPoint\",\"urlTemplate\":\"https:\\\/\\\/feda.org\\\/feda2k16\\\/?s={search_term_string}\"},\"query-input\":{\"@type\":\"PropertyValueSpecification\",\"valueRequired\":true,\"valueName\":\"search_term_string\"}}],\"inLanguage\":\"es\"},{\"@type\":\"Organization\",\"@id\":\"https:\\\/\\\/feda.org\\\/feda2k16\\\/#organization\",\"name\":\"FEDA\",\"alternateName\":\"Federaci\u00f3n Espa\u00f1ola de Ajedrez\",\"url\":\"https:\\\/\\\/feda.org\\\/feda2k16\\\/\",\"logo\":{\"@type\":\"ImageObject\",\"inLanguage\":\"es\",\"@id\":\"https:\\\/\\\/feda.org\\\/feda2k16\\\/#\\\/schema\\\/logo\\\/image\\\/\",\"url\":\"https:\\\/\\\/feda.org\\\/feda2k16\\\/wp-content\\\/uploads\\\/NuevoLogo_FEDA_2016.png\",\"contentUrl\":\"https:\\\/\\\/feda.org\\\/feda2k16\\\/wp-content\\\/uploads\\\/NuevoLogo_FEDA_2016.png\",\"width\":600,\"height\":600,\"caption\":\"FEDA\"},\"image\":{\"@id\":\"https:\\\/\\\/feda.org\\\/feda2k16\\\/#\\\/schema\\\/logo\\\/image\\\/\"},\"sameAs\":[\"https:\\\/\\\/www.facebook.com\\\/federacionespanoladeajedrez\\\/\",\"https:\\\/\\\/x.com\\\/AjedrezEspanola\",\"https:\\\/\\\/www.instagram.com\\\/federacionespanolaajedrez\\\/?hl=es\",\"https:\\\/\\\/www.youtube.com\\\/@FederacionEspanoladeAjedrezFED\\\/featured\"]}]}<\/script>\n<!-- \/ Yoast SEO plugin. -->","yoast_head_json":{"title":"Circulares 2015 - FEDA","robots":{"index":"index","follow":"follow","max-snippet":"max-snippet:-1","max-image-preview":"max-image-preview:large","max-video-preview":"max-video-preview:-1"},"canonical":"https:\/\/feda.org\/feda2k16\/circulares-2015\/","og_locale":"es_ES","og_type":"article","og_title":"Circulares 2015 - FEDA","og_url":"https:\/\/feda.org\/feda2k16\/circulares-2015\/","og_site_name":"FEDA","article_publisher":"https:\/\/www.facebook.com\/federacionespanoladeajedrez\/","article_modified_time":"2016-08-06T08:10:36+00:00","twitter_card":"summary_large_image","twitter_site":"@AjedrezEspanola","schema":{"@context":"https:\/\/schema.org","@graph":[{"@type":"WebPage","@id":"https:\/\/feda.org\/feda2k16\/circulares-2015\/","url":"https:\/\/feda.org\/feda2k16\/circulares-2015\/","name":"Circulares 2015 - FEDA","isPartOf":{"@id":"https:\/\/feda.org\/feda2k16\/#website"},"datePublished":"2016-08-05T10:20:33+00:00","dateModified":"2016-08-06T08:10:36+00:00","breadcrumb":{"@id":"https:\/\/feda.org\/feda2k16\/circulares-2015\/#breadcrumb"},"inLanguage":"es","potentialAction":[{"@type":"ReadAction","target":["https:\/\/feda.org\/feda2k16\/circulares-2015\/"]}]},{"@type":"BreadcrumbList","@id":"https:\/\/feda.org\/feda2k16\/circulares-2015\/#breadcrumb","itemListElement":[{"@type":"ListItem","position":1,"name":"Portada","item":"https:\/\/feda.org\/feda2k16\/"},{"@type":"ListItem","position":2,"name":"Circulares 2015"}]},{"@type":"WebSite","@id":"https:\/\/feda.org\/feda2k16\/#website","url":"https:\/\/feda.org\/feda2k16\/","name":"FEDA","description":"Federaci\u00f3n Espa\u00f1ola de Ajedrez","publisher":{"@id":"https:\/\/feda.org\/feda2k16\/#organization"},"alternateName":"Federaci\u00f3n Espa\u00f1ola de Ajedrez","potentialAction":[{"@type":"SearchAction","target":{"@type":"EntryPoint","urlTemplate":"https:\/\/feda.org\/feda2k16\/?s={search_term_string}"},"query-input":{"@type":"PropertyValueSpecification","valueRequired":true,"valueName":"search_term_string"}}],"inLanguage":"es"},{"@type":"Organization","@id":"https:\/\/feda.org\/feda2k16\/#organization","name":"FEDA","alternateName":"Federaci\u00f3n Espa\u00f1ola de Ajedrez","url":"https:\/\/feda.org\/feda2k16\/","logo":{"@type":"ImageObject","inLanguage":"es","@id":"https:\/\/feda.org\/feda2k16\/#\/schema\/logo\/image\/","url":"https:\/\/feda.org\/feda2k16\/wp-content\/uploads\/NuevoLogo_FEDA_2016.png","contentUrl":"https:\/\/feda.org\/feda2k16\/wp-content\/uploads\/NuevoLogo_FEDA_2016.png","width":600,"height":600,"caption":"FEDA"},"image":{"@id":"https:\/\/feda.org\/feda2k16\/#\/schema\/logo\/image\/"},"sameAs":["https:\/\/www.facebook.com\/federacionespanoladeajedrez\/","https:\/\/x.com\/AjedrezEspanola","https:\/\/www.instagram.com\/federacionespanolaajedrez\/?hl=es","https:\/\/www.youtube.com\/@FederacionEspanoladeAjedrezFED\/featured"]}]}},"_links":{"self":[{"href":"https:\/\/feda.org\/feda2k16\/wp-json\/wp\/v2\/pages\/2376","targetHints":{"allow":["GET"]}}],"collection":[{"href":"https:\/\/feda.org\/feda2k16\/wp-json\/wp\/v2\/pages"}],"about":[{"href":"https:\/\/feda.org\/feda2k16\/wp-json\/wp\/v2\/types\/page"}],"author":[{"embeddable":true,"href":"https:\/\/feda.org\/feda2k16\/wp-json\/wp\/v2\/users\/1"}],"replies":[{"embeddable":true,"href":"https:\/\/feda.org\/feda2k16\/wp-json\/wp\/v2\/comments?post=2376"}],"version-history":[{"count":1,"href":"https:\/\/feda.org\/feda2k16\/wp-json\/wp\/v2\/pages\/2376\/revisions"}],"predecessor-version":[{"id":2377,"href":"https:\/\/feda.org\/feda2k16\/wp-json\/wp\/v2\/pages\/2376\/revisions\/2377"}],"wp:attachment":[{"href":"https:\/\/feda.org\/feda2k16\/wp-json\/wp\/v2\/media?parent=2376"}],"curies":[{"name":"wp","href":"https:\/\/api.w.org\/{rel}","templated":true}]}}