{"id":23870,"date":"2024-06-17T16:40:29","date_gmt":"2024-06-17T16:40:29","guid":{"rendered":"https:\/\/feda.org\/feda2k16\/?page_id=23870"},"modified":"2024-09-18T08:21:36","modified_gmt":"2024-09-18T08:21:36","slug":"censo","status":"publish","type":"page","link":"https:\/\/feda.org\/feda2k16\/censo\/","title":{"rendered":"CENSO"},"content":{"rendered":"<h1>CENSO ELECTORAL DEFINITIVO<\/h1>\n<div>\n<p>Censo Electoral Definitivo de la Federaci\u00f3n Espa\u00f1ola de Ajedrez<\/p>\n<p>Para registrarse y poder acceder a la consulta del Censo Electoral, es necesario disponer de una clave de usuario y una contrase\u00f1a.<\/p>\n<p>Para solicitarlas, puede hacerlo desde aqu\u00ed: <a href=\"https:\/\/feda.org\/feda2k16\/membership-join\/\"><span>Solicitud<\/span><\/a><\/p>\n<p>Si ya recibi\u00f3 el correo de confirmaci\u00f3n, o ya dispon\u00eda de claves para consultar el censo inicial, puede conectarse con el nombre de usuario y la contrase\u00f1a que usted defini\u00f3 al registrarse, desde aqu\u00ed: <span><a href=\"https:\/\/feda.org\/feda2k16\/membership-login\/\">Acceso al Censo<\/a><\/span><\/p>\n<\/div>\n<p><!--more--><br \/>\n<!-- {\"type\":\"layout\",\"children\":[{\"type\":\"section\",\"props\":{\"image_position\":\"center-center\",\"style\":\"default\",\"title_breakpoint\":\"xl\",\"title_position\":\"top-left\",\"title_rotation\":\"left\",\"vertical_align\":\"middle\",\"width\":\"default\"},\"children\":[{\"type\":\"row\",\"children\":[{\"type\":\"column\",\"props\":{\"image_position\":\"center-center\",\"media_overlay_gradient\":\"\",\"position_sticky_breakpoint\":\"m\"},\"children\":[{\"type\":\"headline\",\"props\":{\"content\":\"CENSO ELECTORAL DEFINITIVO\",\"title_element\":\"h1\"}},{\"type\":\"text\",\"props\":{\"column_breakpoint\":\"m\",\"content\":\"\n\n<p>Censo Electoral Definitivo de la Federaci\\u00f3n Espa\\u00f1ola de Ajedrez<\\\/p>\\n\n\n<p>Para registrarse y poder acceder a la consulta del Censo Electoral, es necesario disponer de una clave de usuario y una contrase\\u00f1a.<\\\/p>\\n\n\n<p>Para solicitarlas, puede hacerlo desde aqu\\u00ed: <a href=\\\"https:\\\/\\\/feda.org\\\/feda2k16\\\/membership-join\\\/\\\"><span>Solicitud<\\\/span><\\\/a><\\\/p>\\n\n\n<p>Si ya recibi\\u00f3 el correo de confirmaci\\u00f3n, o ya dispon\\u00eda de claves para consultar el censo inicial, puede conectarse con el nombre de usuario y la contrase\\u00f1a que usted defini\\u00f3 al registrarse, desde aqu\\u00ed: <span><a href=\\\"https:\\\/\\\/feda.org\\\/feda2k16\\\/membership-login\\\/\\\">Acceso al Censo<\\\/a><\\\/span><\\\/p>\",\"margin\":\"default\"}}]}]}]}],\"version\":\"3.0.20\"} --><\/p>\n","protected":false},"excerpt":{"rendered":"<p>CENSO ELECTORAL DEFINITIVO Censo Electoral Definitivo de la Federaci\u00f3n Espa\u00f1ola de Ajedrez Para registrarse y poder acceder a la consulta del Censo Electoral, es necesario disponer de una clave de usuario y una contrase\u00f1a. Para solicitarlas, puede hacerlo desde aqu\u00ed: Solicitud Si ya recibi\u00f3 el correo de confirmaci\u00f3n, o ya dispon\u00eda de claves para consultar [&hellip;]<\/p>\n","protected":false},"author":1,"featured_media":0,"parent":0,"menu_order":0,"comment_status":"closed","ping_status":"closed","template":"","meta":{"footnotes":""},"class_list":["post-23870","page","type-page","status-publish","hentry"],"yoast_head":"<!-- This site is optimized with the Yoast SEO plugin v27.4 - https:\/\/yoast.com\/product\/yoast-seo-wordpress\/ -->\n<title>CENSO - FEDA<\/title>\n<meta name=\"robots\" content=\"index, follow, max-snippet:-1, max-image-preview:large, max-video-preview:-1\" \/>\n<link rel=\"canonical\" href=\"https:\/\/feda.org\/feda2k16\/censo\/\" \/>\n<meta property=\"og:locale\" content=\"es_ES\" \/>\n<meta property=\"og:type\" content=\"article\" \/>\n<meta property=\"og:title\" content=\"CENSO - FEDA\" \/>\n<meta property=\"og:description\" content=\"CENSO ELECTORAL DEFINITIVO Censo Electoral Definitivo de la Federaci\u00f3n Espa\u00f1ola de Ajedrez Para registrarse y poder acceder a la consulta del Censo Electoral, es necesario disponer de una clave de usuario y una contrase\u00f1a. Para solicitarlas, puede hacerlo desde aqu\u00ed: Solicitud Si ya recibi\u00f3 el correo de confirmaci\u00f3n, o ya dispon\u00eda de claves para consultar [&hellip;]\" \/>\n<meta property=\"og:url\" content=\"https:\/\/feda.org\/feda2k16\/censo\/\" \/>\n<meta property=\"og:site_name\" content=\"FEDA\" \/>\n<meta property=\"article:publisher\" content=\"https:\/\/www.facebook.com\/federacionespanoladeajedrez\/\" \/>\n<meta property=\"article:modified_time\" content=\"2024-09-18T08:21:36+00:00\" \/>\n<meta name=\"twitter:card\" content=\"summary_large_image\" \/>\n<meta name=\"twitter:site\" content=\"@AjedrezEspanola\" \/>\n<script type=\"application\/ld+json\" class=\"yoast-schema-graph\">{\"@context\":\"https:\\\/\\\/schema.org\",\"@graph\":[{\"@type\":\"WebPage\",\"@id\":\"https:\\\/\\\/feda.org\\\/feda2k16\\\/censo\\\/\",\"url\":\"https:\\\/\\\/feda.org\\\/feda2k16\\\/censo\\\/\",\"name\":\"CENSO - FEDA\",\"isPartOf\":{\"@id\":\"https:\\\/\\\/feda.org\\\/feda2k16\\\/#website\"},\"datePublished\":\"2024-06-17T16:40:29+00:00\",\"dateModified\":\"2024-09-18T08:21:36+00:00\",\"breadcrumb\":{\"@id\":\"https:\\\/\\\/feda.org\\\/feda2k16\\\/censo\\\/#breadcrumb\"},\"inLanguage\":\"es\",\"potentialAction\":[{\"@type\":\"ReadAction\",\"target\":[\"https:\\\/\\\/feda.org\\\/feda2k16\\\/censo\\\/\"]}]},{\"@type\":\"BreadcrumbList\",\"@id\":\"https:\\\/\\\/feda.org\\\/feda2k16\\\/censo\\\/#breadcrumb\",\"itemListElement\":[{\"@type\":\"ListItem\",\"position\":1,\"name\":\"Portada\",\"item\":\"https:\\\/\\\/feda.org\\\/feda2k16\\\/\"},{\"@type\":\"ListItem\",\"position\":2,\"name\":\"CENSO\"}]},{\"@type\":\"WebSite\",\"@id\":\"https:\\\/\\\/feda.org\\\/feda2k16\\\/#website\",\"url\":\"https:\\\/\\\/feda.org\\\/feda2k16\\\/\",\"name\":\"FEDA\",\"description\":\"Federaci\u00f3n Espa\u00f1ola de Ajedrez\",\"publisher\":{\"@id\":\"https:\\\/\\\/feda.org\\\/feda2k16\\\/#organization\"},\"alternateName\":\"Federaci\u00f3n Espa\u00f1ola de Ajedrez\",\"potentialAction\":[{\"@type\":\"SearchAction\",\"target\":{\"@type\":\"EntryPoint\",\"urlTemplate\":\"https:\\\/\\\/feda.org\\\/feda2k16\\\/?s={search_term_string}\"},\"query-input\":{\"@type\":\"PropertyValueSpecification\",\"valueRequired\":true,\"valueName\":\"search_term_string\"}}],\"inLanguage\":\"es\"},{\"@type\":\"Organization\",\"@id\":\"https:\\\/\\\/feda.org\\\/feda2k16\\\/#organization\",\"name\":\"FEDA\",\"alternateName\":\"Federaci\u00f3n Espa\u00f1ola de Ajedrez\",\"url\":\"https:\\\/\\\/feda.org\\\/feda2k16\\\/\",\"logo\":{\"@type\":\"ImageObject\",\"inLanguage\":\"es\",\"@id\":\"https:\\\/\\\/feda.org\\\/feda2k16\\\/#\\\/schema\\\/logo\\\/image\\\/\",\"url\":\"https:\\\/\\\/feda.org\\\/feda2k16\\\/wp-content\\\/uploads\\\/NuevoLogo_FEDA_2016.png\",\"contentUrl\":\"https:\\\/\\\/feda.org\\\/feda2k16\\\/wp-content\\\/uploads\\\/NuevoLogo_FEDA_2016.png\",\"width\":600,\"height\":600,\"caption\":\"FEDA\"},\"image\":{\"@id\":\"https:\\\/\\\/feda.org\\\/feda2k16\\\/#\\\/schema\\\/logo\\\/image\\\/\"},\"sameAs\":[\"https:\\\/\\\/www.facebook.com\\\/federacionespanoladeajedrez\\\/\",\"https:\\\/\\\/x.com\\\/AjedrezEspanola\",\"https:\\\/\\\/www.instagram.com\\\/federacionespanolaajedrez\\\/?hl=es\",\"https:\\\/\\\/www.youtube.com\\\/@FederacionEspanoladeAjedrezFED\\\/featured\"]}]}<\/script>\n<!-- \/ Yoast SEO plugin. -->","yoast_head_json":{"title":"CENSO - FEDA","robots":{"index":"index","follow":"follow","max-snippet":"max-snippet:-1","max-image-preview":"max-image-preview:large","max-video-preview":"max-video-preview:-1"},"canonical":"https:\/\/feda.org\/feda2k16\/censo\/","og_locale":"es_ES","og_type":"article","og_title":"CENSO - FEDA","og_description":"CENSO ELECTORAL DEFINITIVO Censo Electoral Definitivo de la Federaci\u00f3n Espa\u00f1ola de Ajedrez Para registrarse y poder acceder a la consulta del Censo Electoral, es necesario disponer de una clave de usuario y una contrase\u00f1a. Para solicitarlas, puede hacerlo desde aqu\u00ed: Solicitud Si ya recibi\u00f3 el correo de confirmaci\u00f3n, o ya dispon\u00eda de claves para consultar [&hellip;]","og_url":"https:\/\/feda.org\/feda2k16\/censo\/","og_site_name":"FEDA","article_publisher":"https:\/\/www.facebook.com\/federacionespanoladeajedrez\/","article_modified_time":"2024-09-18T08:21:36+00:00","twitter_card":"summary_large_image","twitter_site":"@AjedrezEspanola","schema":{"@context":"https:\/\/schema.org","@graph":[{"@type":"WebPage","@id":"https:\/\/feda.org\/feda2k16\/censo\/","url":"https:\/\/feda.org\/feda2k16\/censo\/","name":"CENSO - FEDA","isPartOf":{"@id":"https:\/\/feda.org\/feda2k16\/#website"},"datePublished":"2024-06-17T16:40:29+00:00","dateModified":"2024-09-18T08:21:36+00:00","breadcrumb":{"@id":"https:\/\/feda.org\/feda2k16\/censo\/#breadcrumb"},"inLanguage":"es","potentialAction":[{"@type":"ReadAction","target":["https:\/\/feda.org\/feda2k16\/censo\/"]}]},{"@type":"BreadcrumbList","@id":"https:\/\/feda.org\/feda2k16\/censo\/#breadcrumb","itemListElement":[{"@type":"ListItem","position":1,"name":"Portada","item":"https:\/\/feda.org\/feda2k16\/"},{"@type":"ListItem","position":2,"name":"CENSO"}]},{"@type":"WebSite","@id":"https:\/\/feda.org\/feda2k16\/#website","url":"https:\/\/feda.org\/feda2k16\/","name":"FEDA","description":"Federaci\u00f3n Espa\u00f1ola de Ajedrez","publisher":{"@id":"https:\/\/feda.org\/feda2k16\/#organization"},"alternateName":"Federaci\u00f3n Espa\u00f1ola de Ajedrez","potentialAction":[{"@type":"SearchAction","target":{"@type":"EntryPoint","urlTemplate":"https:\/\/feda.org\/feda2k16\/?s={search_term_string}"},"query-input":{"@type":"PropertyValueSpecification","valueRequired":true,"valueName":"search_term_string"}}],"inLanguage":"es"},{"@type":"Organization","@id":"https:\/\/feda.org\/feda2k16\/#organization","name":"FEDA","alternateName":"Federaci\u00f3n Espa\u00f1ola de Ajedrez","url":"https:\/\/feda.org\/feda2k16\/","logo":{"@type":"ImageObject","inLanguage":"es","@id":"https:\/\/feda.org\/feda2k16\/#\/schema\/logo\/image\/","url":"https:\/\/feda.org\/feda2k16\/wp-content\/uploads\/NuevoLogo_FEDA_2016.png","contentUrl":"https:\/\/feda.org\/feda2k16\/wp-content\/uploads\/NuevoLogo_FEDA_2016.png","width":600,"height":600,"caption":"FEDA"},"image":{"@id":"https:\/\/feda.org\/feda2k16\/#\/schema\/logo\/image\/"},"sameAs":["https:\/\/www.facebook.com\/federacionespanoladeajedrez\/","https:\/\/x.com\/AjedrezEspanola","https:\/\/www.instagram.com\/federacionespanolaajedrez\/?hl=es","https:\/\/www.youtube.com\/@FederacionEspanoladeAjedrezFED\/featured"]}]}},"_links":{"self":[{"href":"https:\/\/feda.org\/feda2k16\/wp-json\/wp\/v2\/pages\/23870","targetHints":{"allow":["GET"]}}],"collection":[{"href":"https:\/\/feda.org\/feda2k16\/wp-json\/wp\/v2\/pages"}],"about":[{"href":"https:\/\/feda.org\/feda2k16\/wp-json\/wp\/v2\/types\/page"}],"author":[{"embeddable":true,"href":"https:\/\/feda.org\/feda2k16\/wp-json\/wp\/v2\/users\/1"}],"replies":[{"embeddable":true,"href":"https:\/\/feda.org\/feda2k16\/wp-json\/wp\/v2\/comments?post=23870"}],"version-history":[{"count":6,"href":"https:\/\/feda.org\/feda2k16\/wp-json\/wp\/v2\/pages\/23870\/revisions"}],"predecessor-version":[{"id":24738,"href":"https:\/\/feda.org\/feda2k16\/wp-json\/wp\/v2\/pages\/23870\/revisions\/24738"}],"wp:attachment":[{"href":"https:\/\/feda.org\/feda2k16\/wp-json\/wp\/v2\/media?parent=23870"}],"curies":[{"name":"wp","href":"https:\/\/api.w.org\/{rel}","templated":true}]}}