{"id":2393,"date":"2016-08-05T15:06:36","date_gmt":"2016-08-05T15:06:36","guid":{"rendered":"http:\/\/localhost:8888\/feda2k16\/?page_id=2393"},"modified":"2023-04-27T14:10:41","modified_gmt":"2023-04-27T14:10:41","slug":"comunicados-cta-informacion-de-interes","status":"publish","type":"page","link":"https:\/\/feda.org\/feda2k16\/comunicados-cta-informacion-de-interes\/","title":{"rendered":"Comit\u00e9 T\u00e9cnico de \u00c1rbitros"},"content":{"rendered":"<ul>\n<li><a href=\"https:\/\/feda.org\/feda2k16\/composicion-del-comite-tecnico-de-arbitros-cta-reglamento\/\">Composici\u00f3n del Comit\u00e9 T\u00e9cnico de \u00c1rbitros (CTA). Reglamento<\/a><\/li>\n<li><a href=\"https:\/\/feda.org\/feda2k16\/comunicados-cta-convocatorias-licitaciones\/\">Comunicados CTA. Convocatorias. Licitaciones<\/a><\/li>\n<li><a href=\"https:\/\/feda.org\/feda2k16\/normativa-y-reglamentos-feda-vigentes\/\">Normativa y Reglamentos FEDA vigentes<\/a><\/li>\n<li><a href=\"https:\/\/feda.org\/feda2k16\/leyes-del-ajedrez-y-traducciones-oficiales-reglamentacion-fide\/\">Leyes del Ajedrez y Traducciones Oficiales Reglamentaci\u00f3n FIDE<\/a><\/li>\n<li><a href=\"https:\/\/feda.org\/feda2k16\/procedimientos-tecnicos-feda-y-fide-formularios-torneos-normas-y-titulos\/\">Procedimientos T\u00e9cnicos FEDA y FIDE. Formularios Torneos, Normas y T\u00edtulos<\/a><\/li>\n<li><a href=\"https:\/\/feda.org\/feda2k16\/wp-content\/uploads\/20170215-guia-de-uso.pdf\">Gu\u00eda de Uso del Programa de Emparejamientos Vega e Info64<\/a><\/li>\n<li>Enlaces de Inter\u00e9s<\/li>\n<\/ul>\n<h5 id=\":ud\" class=\"hP\" tabindex=\"-1\" data-thread-perm-id=\"thread-f:1733073293628126573\" data-legacy-thread-id=\"180d1cfa746bb56d\">\u00a0<\/h5>\n<div id=\":uh\" class=\"pG\" role=\"img\" data-tooltip-contained=\"true\" data-tooltip-align=\"b,l\" data-tooltip-delay=\"1500\" aria-label=\"No importante\">\u00a0<\/div>\n\n","protected":false},"excerpt":{"rendered":"<p>Composici\u00f3n del Comit\u00e9 T\u00e9cnico de \u00c1rbitros (CTA). Reglamento Comunicados CTA. Convocatorias. Licitaciones Normativa y Reglamentos FEDA vigentes Leyes del Ajedrez y Traducciones Oficiales Reglamentaci\u00f3n FIDE Procedimientos T\u00e9cnicos FEDA y FIDE. Formularios Torneos, Normas y T\u00edtulos Gu\u00eda de Uso del Programa de Emparejamientos Vega e Info64 Enlaces de Inter\u00e9s \u00a0 \u00a0<\/p>\n","protected":false},"author":1,"featured_media":0,"parent":0,"menu_order":0,"comment_status":"closed","ping_status":"closed","template":"","meta":{"footnotes":""},"class_list":["post-2393","page","type-page","status-publish","hentry"],"yoast_head":"<!-- This site is optimized with the Yoast SEO plugin v27.4 - https:\/\/yoast.com\/product\/yoast-seo-wordpress\/ -->\n<title>Comit\u00e9 T\u00e9cnico de \u00c1rbitros - FEDA<\/title>\n<meta name=\"robots\" content=\"index, follow, max-snippet:-1, max-image-preview:large, max-video-preview:-1\" \/>\n<link rel=\"canonical\" href=\"https:\/\/feda.org\/feda2k16\/comunicados-cta-informacion-de-interes\/\" \/>\n<meta property=\"og:locale\" content=\"es_ES\" \/>\n<meta property=\"og:type\" content=\"article\" \/>\n<meta property=\"og:title\" content=\"Comit\u00e9 T\u00e9cnico de \u00c1rbitros - FEDA\" \/>\n<meta property=\"og:description\" content=\"Composici\u00f3n del Comit\u00e9 T\u00e9cnico de \u00c1rbitros (CTA). Reglamento Comunicados CTA. Convocatorias. Licitaciones Normativa y Reglamentos FEDA vigentes Leyes del Ajedrez y Traducciones Oficiales Reglamentaci\u00f3n FIDE Procedimientos T\u00e9cnicos FEDA y FIDE. Formularios Torneos, Normas y T\u00edtulos Gu\u00eda de Uso del Programa de Emparejamientos Vega e Info64 Enlaces de Inter\u00e9s \u00a0 \u00a0\" \/>\n<meta property=\"og:url\" content=\"https:\/\/feda.org\/feda2k16\/comunicados-cta-informacion-de-interes\/\" \/>\n<meta property=\"og:site_name\" content=\"FEDA\" \/>\n<meta property=\"article:publisher\" content=\"https:\/\/www.facebook.com\/federacionespanoladeajedrez\/\" \/>\n<meta property=\"article:modified_time\" content=\"2023-04-27T14:10:41+00:00\" \/>\n<meta name=\"twitter:card\" content=\"summary_large_image\" \/>\n<meta name=\"twitter:site\" content=\"@AjedrezEspanola\" \/>\n<script type=\"application\/ld+json\" class=\"yoast-schema-graph\">{\"@context\":\"https:\\\/\\\/schema.org\",\"@graph\":[{\"@type\":\"WebPage\",\"@id\":\"https:\\\/\\\/feda.org\\\/feda2k16\\\/comunicados-cta-informacion-de-interes\\\/\",\"url\":\"https:\\\/\\\/feda.org\\\/feda2k16\\\/comunicados-cta-informacion-de-interes\\\/\",\"name\":\"Comit\u00e9 T\u00e9cnico de \u00c1rbitros - FEDA\",\"isPartOf\":{\"@id\":\"https:\\\/\\\/feda.org\\\/feda2k16\\\/#website\"},\"datePublished\":\"2016-08-05T15:06:36+00:00\",\"dateModified\":\"2023-04-27T14:10:41+00:00\",\"breadcrumb\":{\"@id\":\"https:\\\/\\\/feda.org\\\/feda2k16\\\/comunicados-cta-informacion-de-interes\\\/#breadcrumb\"},\"inLanguage\":\"es\",\"potentialAction\":[{\"@type\":\"ReadAction\",\"target\":[\"https:\\\/\\\/feda.org\\\/feda2k16\\\/comunicados-cta-informacion-de-interes\\\/\"]}]},{\"@type\":\"BreadcrumbList\",\"@id\":\"https:\\\/\\\/feda.org\\\/feda2k16\\\/comunicados-cta-informacion-de-interes\\\/#breadcrumb\",\"itemListElement\":[{\"@type\":\"ListItem\",\"position\":1,\"name\":\"Portada\",\"item\":\"https:\\\/\\\/feda.org\\\/feda2k16\\\/\"},{\"@type\":\"ListItem\",\"position\":2,\"name\":\"Comit\u00e9 T\u00e9cnico de \u00c1rbitros\"}]},{\"@type\":\"WebSite\",\"@id\":\"https:\\\/\\\/feda.org\\\/feda2k16\\\/#website\",\"url\":\"https:\\\/\\\/feda.org\\\/feda2k16\\\/\",\"name\":\"FEDA\",\"description\":\"Federaci\u00f3n Espa\u00f1ola de Ajedrez\",\"publisher\":{\"@id\":\"https:\\\/\\\/feda.org\\\/feda2k16\\\/#organization\"},\"alternateName\":\"Federaci\u00f3n Espa\u00f1ola de Ajedrez\",\"potentialAction\":[{\"@type\":\"SearchAction\",\"target\":{\"@type\":\"EntryPoint\",\"urlTemplate\":\"https:\\\/\\\/feda.org\\\/feda2k16\\\/?s={search_term_string}\"},\"query-input\":{\"@type\":\"PropertyValueSpecification\",\"valueRequired\":true,\"valueName\":\"search_term_string\"}}],\"inLanguage\":\"es\"},{\"@type\":\"Organization\",\"@id\":\"https:\\\/\\\/feda.org\\\/feda2k16\\\/#organization\",\"name\":\"FEDA\",\"alternateName\":\"Federaci\u00f3n Espa\u00f1ola de Ajedrez\",\"url\":\"https:\\\/\\\/feda.org\\\/feda2k16\\\/\",\"logo\":{\"@type\":\"ImageObject\",\"inLanguage\":\"es\",\"@id\":\"https:\\\/\\\/feda.org\\\/feda2k16\\\/#\\\/schema\\\/logo\\\/image\\\/\",\"url\":\"https:\\\/\\\/feda.org\\\/feda2k16\\\/wp-content\\\/uploads\\\/NuevoLogo_FEDA_2016.png\",\"contentUrl\":\"https:\\\/\\\/feda.org\\\/feda2k16\\\/wp-content\\\/uploads\\\/NuevoLogo_FEDA_2016.png\",\"width\":600,\"height\":600,\"caption\":\"FEDA\"},\"image\":{\"@id\":\"https:\\\/\\\/feda.org\\\/feda2k16\\\/#\\\/schema\\\/logo\\\/image\\\/\"},\"sameAs\":[\"https:\\\/\\\/www.facebook.com\\\/federacionespanoladeajedrez\\\/\",\"https:\\\/\\\/x.com\\\/AjedrezEspanola\",\"https:\\\/\\\/www.instagram.com\\\/federacionespanolaajedrez\\\/?hl=es\",\"https:\\\/\\\/www.youtube.com\\\/@FederacionEspanoladeAjedrezFED\\\/featured\"]}]}<\/script>\n<!-- \/ Yoast SEO plugin. -->","yoast_head_json":{"title":"Comit\u00e9 T\u00e9cnico de \u00c1rbitros - FEDA","robots":{"index":"index","follow":"follow","max-snippet":"max-snippet:-1","max-image-preview":"max-image-preview:large","max-video-preview":"max-video-preview:-1"},"canonical":"https:\/\/feda.org\/feda2k16\/comunicados-cta-informacion-de-interes\/","og_locale":"es_ES","og_type":"article","og_title":"Comit\u00e9 T\u00e9cnico de \u00c1rbitros - FEDA","og_description":"Composici\u00f3n del Comit\u00e9 T\u00e9cnico de \u00c1rbitros (CTA). Reglamento Comunicados CTA. Convocatorias. Licitaciones Normativa y Reglamentos FEDA vigentes Leyes del Ajedrez y Traducciones Oficiales Reglamentaci\u00f3n FIDE Procedimientos T\u00e9cnicos FEDA y FIDE. Formularios Torneos, Normas y T\u00edtulos Gu\u00eda de Uso del Programa de Emparejamientos Vega e Info64 Enlaces de Inter\u00e9s \u00a0 \u00a0","og_url":"https:\/\/feda.org\/feda2k16\/comunicados-cta-informacion-de-interes\/","og_site_name":"FEDA","article_publisher":"https:\/\/www.facebook.com\/federacionespanoladeajedrez\/","article_modified_time":"2023-04-27T14:10:41+00:00","twitter_card":"summary_large_image","twitter_site":"@AjedrezEspanola","schema":{"@context":"https:\/\/schema.org","@graph":[{"@type":"WebPage","@id":"https:\/\/feda.org\/feda2k16\/comunicados-cta-informacion-de-interes\/","url":"https:\/\/feda.org\/feda2k16\/comunicados-cta-informacion-de-interes\/","name":"Comit\u00e9 T\u00e9cnico de \u00c1rbitros - FEDA","isPartOf":{"@id":"https:\/\/feda.org\/feda2k16\/#website"},"datePublished":"2016-08-05T15:06:36+00:00","dateModified":"2023-04-27T14:10:41+00:00","breadcrumb":{"@id":"https:\/\/feda.org\/feda2k16\/comunicados-cta-informacion-de-interes\/#breadcrumb"},"inLanguage":"es","potentialAction":[{"@type":"ReadAction","target":["https:\/\/feda.org\/feda2k16\/comunicados-cta-informacion-de-interes\/"]}]},{"@type":"BreadcrumbList","@id":"https:\/\/feda.org\/feda2k16\/comunicados-cta-informacion-de-interes\/#breadcrumb","itemListElement":[{"@type":"ListItem","position":1,"name":"Portada","item":"https:\/\/feda.org\/feda2k16\/"},{"@type":"ListItem","position":2,"name":"Comit\u00e9 T\u00e9cnico de \u00c1rbitros"}]},{"@type":"WebSite","@id":"https:\/\/feda.org\/feda2k16\/#website","url":"https:\/\/feda.org\/feda2k16\/","name":"FEDA","description":"Federaci\u00f3n Espa\u00f1ola de Ajedrez","publisher":{"@id":"https:\/\/feda.org\/feda2k16\/#organization"},"alternateName":"Federaci\u00f3n Espa\u00f1ola de Ajedrez","potentialAction":[{"@type":"SearchAction","target":{"@type":"EntryPoint","urlTemplate":"https:\/\/feda.org\/feda2k16\/?s={search_term_string}"},"query-input":{"@type":"PropertyValueSpecification","valueRequired":true,"valueName":"search_term_string"}}],"inLanguage":"es"},{"@type":"Organization","@id":"https:\/\/feda.org\/feda2k16\/#organization","name":"FEDA","alternateName":"Federaci\u00f3n Espa\u00f1ola de Ajedrez","url":"https:\/\/feda.org\/feda2k16\/","logo":{"@type":"ImageObject","inLanguage":"es","@id":"https:\/\/feda.org\/feda2k16\/#\/schema\/logo\/image\/","url":"https:\/\/feda.org\/feda2k16\/wp-content\/uploads\/NuevoLogo_FEDA_2016.png","contentUrl":"https:\/\/feda.org\/feda2k16\/wp-content\/uploads\/NuevoLogo_FEDA_2016.png","width":600,"height":600,"caption":"FEDA"},"image":{"@id":"https:\/\/feda.org\/feda2k16\/#\/schema\/logo\/image\/"},"sameAs":["https:\/\/www.facebook.com\/federacionespanoladeajedrez\/","https:\/\/x.com\/AjedrezEspanola","https:\/\/www.instagram.com\/federacionespanolaajedrez\/?hl=es","https:\/\/www.youtube.com\/@FederacionEspanoladeAjedrezFED\/featured"]}]}},"_links":{"self":[{"href":"https:\/\/feda.org\/feda2k16\/wp-json\/wp\/v2\/pages\/2393","targetHints":{"allow":["GET"]}}],"collection":[{"href":"https:\/\/feda.org\/feda2k16\/wp-json\/wp\/v2\/pages"}],"about":[{"href":"https:\/\/feda.org\/feda2k16\/wp-json\/wp\/v2\/types\/page"}],"author":[{"embeddable":true,"href":"https:\/\/feda.org\/feda2k16\/wp-json\/wp\/v2\/users\/1"}],"replies":[{"embeddable":true,"href":"https:\/\/feda.org\/feda2k16\/wp-json\/wp\/v2\/comments?post=2393"}],"version-history":[{"count":21,"href":"https:\/\/feda.org\/feda2k16\/wp-json\/wp\/v2\/pages\/2393\/revisions"}],"predecessor-version":[{"id":21955,"href":"https:\/\/feda.org\/feda2k16\/wp-json\/wp\/v2\/pages\/2393\/revisions\/21955"}],"wp:attachment":[{"href":"https:\/\/feda.org\/feda2k16\/wp-json\/wp\/v2\/media?parent=2393"}],"curies":[{"name":"wp","href":"https:\/\/api.w.org\/{rel}","templated":true}]}}