{"id":24580,"date":"2024-08-22T16:49:09","date_gmt":"2024-08-22T16:49:09","guid":{"rendered":"https:\/\/feda.org\/feda2k16\/?page_id=24580"},"modified":"2024-08-23T10:58:56","modified_gmt":"2024-08-23T10:58:56","slug":"censo-def-arbitros-voto-no-presencial-2024-web","status":"publish","type":"page","link":"https:\/\/feda.org\/feda2k16\/censo-def-arbitros-voto-no-presencial-2024-web\/","title":{"rendered":"CENSO DEFINITIVO ARBITROS VOTO NO PRESENCIAL 2024"},"content":{"rendered":"\n<table id=\"tablepress-40\" class=\"tablepress tablepress-id-40\">\n<thead>\n<tr class=\"row-1\">\n\t<th class=\"column-1\"><strong>Nombre<\/strong><\/th>\n<\/tr>\n<\/thead>\n<tbody class=\"row-striping row-hover\">\n<tr class=\"row-2\">\n\t<td class=\"column-1\">Albaina Alvarez, Alvaro<\/td>\n<\/tr>\n<tr class=\"row-3\">\n\t<td class=\"column-1\">Almansa Martin, Miguel Angel<\/td>\n<\/tr>\n<tr class=\"row-4\">\n\t<td class=\"column-1\">Alonso Valiente, Alexis<\/td>\n<\/tr>\n<tr class=\"row-5\">\n\t<td class=\"column-1\">Arranz Martin, Pablo<\/td>\n<\/tr>\n<tr class=\"row-6\">\n\t<td class=\"column-1\">Bendayan Claros, Aaron<\/td>\n<\/tr>\n<tr class=\"row-7\">\n\t<td class=\"column-1\">Curto Rodriguez, Ricardo<\/td>\n<\/tr>\n<tr class=\"row-8\">\n\t<td class=\"column-1\">De Mendiz\u00e1bal Vega, Ra\u00fal<\/td>\n<\/tr>\n<tr class=\"row-9\">\n\t<td class=\"column-1\">De Prado Rodriguez, Oscar Bruno<\/td>\n<\/tr>\n<tr class=\"row-10\">\n\t<td class=\"column-1\">Del Valle Domenech, Rafael<\/td>\n<\/tr>\n<tr class=\"row-11\">\n\t<td class=\"column-1\">Diez Cabeza, Vicente<\/td>\n<\/tr>\n<tr class=\"row-12\">\n\t<td class=\"column-1\">Dominguez Coig, Alvaro<\/td>\n<\/tr>\n<tr class=\"row-13\">\n\t<td class=\"column-1\">Echeverria, Nestor<\/td>\n<\/tr>\n<tr class=\"row-14\">\n\t<td class=\"column-1\">Fernandez Calabuig, Manuel A.<\/td>\n<\/tr>\n<tr class=\"row-15\">\n\t<td class=\"column-1\">Fern\u00e1ndez Rodr\u00edguez, Jos\u00e9 Antonio<\/td>\n<\/tr>\n<tr class=\"row-16\">\n\t<td class=\"column-1\">Ferrer Escudero, Francisco Jose<\/td>\n<\/tr>\n<tr class=\"row-17\">\n\t<td class=\"column-1\">Garcia Ortega, Jesus Angel<\/td>\n<\/tr>\n<tr class=\"row-18\">\n\t<td class=\"column-1\">Garcia Perez, Ramon<\/td>\n<\/tr>\n<tr class=\"row-19\">\n\t<td class=\"column-1\">Garcia Valer, Jesus<\/td>\n<\/tr>\n<tr class=\"row-20\">\n\t<td class=\"column-1\">Gimenez Canadas, Carlos<\/td>\n<\/tr>\n<tr class=\"row-21\">\n\t<td class=\"column-1\">Gomez Roca, Vicente<\/td>\n<\/tr>\n<tr class=\"row-22\">\n\t<td class=\"column-1\">Gonzalez Diez, Ruben<\/td>\n<\/tr>\n<tr class=\"row-23\">\n\t<td class=\"column-1\">Gonzalez Lopez, Julian<\/td>\n<\/tr>\n<tr class=\"row-24\">\n\t<td class=\"column-1\">Gonzalez Terol, Enrique<\/td>\n<\/tr>\n<tr class=\"row-25\">\n\t<td class=\"column-1\">Jimenez Melguizo, Francisco<\/td>\n<\/tr>\n<tr class=\"row-26\">\n\t<td class=\"column-1\">Llavador Moron, Juan Jose<\/td>\n<\/tr>\n<tr class=\"row-27\">\n\t<td class=\"column-1\">Maldonado Valdivia, German<\/td>\n<\/tr>\n<tr class=\"row-28\">\n\t<td class=\"column-1\">Martinez Carvajal, Juan Francisco<\/td>\n<\/tr>\n<tr class=\"row-29\">\n\t<td class=\"column-1\">Martinez Gonzalez, Maria Asuncion<\/td>\n<\/tr>\n<tr class=\"row-30\">\n\t<td class=\"column-1\">Martinez Hernandez, Noemi<\/td>\n<\/tr>\n<tr class=\"row-31\">\n\t<td class=\"column-1\">Mena Sarasola, Jesus<\/td>\n<\/tr>\n<tr class=\"row-32\">\n\t<td class=\"column-1\">Menendez Menendez, Mario<\/td>\n<\/tr>\n<tr class=\"row-33\">\n\t<td class=\"column-1\">Navarro Perez, Manuel<\/td>\n<\/tr>\n<tr class=\"row-34\">\n\t<td class=\"column-1\">Nieto Gonzalez, Ismael<\/td>\n<\/tr>\n<tr class=\"row-35\">\n\t<td class=\"column-1\">Pescador Canora, Enrique<\/td>\n<\/tr>\n<tr class=\"row-36\">\n\t<td class=\"column-1\">Rodriguez Aguilar, Sagrario<\/td>\n<\/tr>\n<tr class=\"row-37\">\n\t<td class=\"column-1\">Rodriguez Perez, Angel Mariano<\/td>\n<\/tr>\n<tr class=\"row-38\">\n\t<td class=\"column-1\">Romero Martinez De Zabarte, Rakel<\/td>\n<\/tr>\n<tr class=\"row-39\">\n\t<td class=\"column-1\">Ruiz Delgado, Basilio<\/td>\n<\/tr>\n<tr class=\"row-40\">\n\t<td class=\"column-1\">Siludakis, Hernan<\/td>\n<\/tr>\n<tr class=\"row-41\">\n\t<td class=\"column-1\">Valhondo Morales, Ruben<\/td>\n<\/tr>\n<tr class=\"row-42\">\n\t<td class=\"column-1\">Valios Blanco, Xavier<\/td>\n<\/tr>\n<tr class=\"row-43\">\n\t<td class=\"column-1\">Zaiats Protchenko, Vladimir<\/td>\n<\/tr>\n<\/tbody>\n<\/table>\n<!-- #tablepress-40 from cache -->","protected":false},"excerpt":{"rendered":"","protected":false},"author":1,"featured_media":0,"parent":0,"menu_order":0,"comment_status":"closed","ping_status":"closed","template":"","meta":{"footnotes":""},"class_list":["post-24580","page","type-page","status-publish","hentry"],"yoast_head":"<!-- This site is optimized with the Yoast SEO plugin v27.4 - https:\/\/yoast.com\/product\/yoast-seo-wordpress\/ -->\n<title>CENSO DEFINITIVO ARBITROS VOTO NO PRESENCIAL 2024 - FEDA<\/title>\n<meta name=\"robots\" content=\"index, follow, max-snippet:-1, max-image-preview:large, max-video-preview:-1\" \/>\n<link rel=\"canonical\" href=\"https:\/\/feda.org\/feda2k16\/censo-def-arbitros-voto-no-presencial-2024-web\/\" \/>\n<meta property=\"og:locale\" content=\"es_ES\" \/>\n<meta property=\"og:type\" content=\"article\" \/>\n<meta property=\"og:title\" content=\"CENSO DEFINITIVO ARBITROS VOTO NO PRESENCIAL 2024 - FEDA\" \/>\n<meta property=\"og:url\" content=\"https:\/\/feda.org\/feda2k16\/censo-def-arbitros-voto-no-presencial-2024-web\/\" \/>\n<meta property=\"og:site_name\" content=\"FEDA\" \/>\n<meta property=\"article:publisher\" content=\"https:\/\/www.facebook.com\/federacionespanoladeajedrez\/\" \/>\n<meta property=\"article:modified_time\" content=\"2024-08-23T10:58:56+00:00\" \/>\n<meta name=\"twitter:card\" content=\"summary_large_image\" \/>\n<meta name=\"twitter:site\" content=\"@AjedrezEspanola\" \/>\n<meta name=\"twitter:label1\" content=\"Tiempo de lectura\" \/>\n\t<meta name=\"twitter:data1\" content=\"1 minuto\" \/>\n<script type=\"application\/ld+json\" class=\"yoast-schema-graph\">{\"@context\":\"https:\\\/\\\/schema.org\",\"@graph\":[{\"@type\":\"WebPage\",\"@id\":\"https:\\\/\\\/feda.org\\\/feda2k16\\\/censo-def-arbitros-voto-no-presencial-2024-web\\\/\",\"url\":\"https:\\\/\\\/feda.org\\\/feda2k16\\\/censo-def-arbitros-voto-no-presencial-2024-web\\\/\",\"name\":\"CENSO DEFINITIVO ARBITROS VOTO NO PRESENCIAL 2024 - FEDA\",\"isPartOf\":{\"@id\":\"https:\\\/\\\/feda.org\\\/feda2k16\\\/#website\"},\"datePublished\":\"2024-08-22T16:49:09+00:00\",\"dateModified\":\"2024-08-23T10:58:56+00:00\",\"breadcrumb\":{\"@id\":\"https:\\\/\\\/feda.org\\\/feda2k16\\\/censo-def-arbitros-voto-no-presencial-2024-web\\\/#breadcrumb\"},\"inLanguage\":\"es\",\"potentialAction\":[{\"@type\":\"ReadAction\",\"target\":[\"https:\\\/\\\/feda.org\\\/feda2k16\\\/censo-def-arbitros-voto-no-presencial-2024-web\\\/\"]}]},{\"@type\":\"BreadcrumbList\",\"@id\":\"https:\\\/\\\/feda.org\\\/feda2k16\\\/censo-def-arbitros-voto-no-presencial-2024-web\\\/#breadcrumb\",\"itemListElement\":[{\"@type\":\"ListItem\",\"position\":1,\"name\":\"Portada\",\"item\":\"https:\\\/\\\/feda.org\\\/feda2k16\\\/\"},{\"@type\":\"ListItem\",\"position\":2,\"name\":\"CENSO DEFINITIVO ARBITROS VOTO NO PRESENCIAL 2024\"}]},{\"@type\":\"WebSite\",\"@id\":\"https:\\\/\\\/feda.org\\\/feda2k16\\\/#website\",\"url\":\"https:\\\/\\\/feda.org\\\/feda2k16\\\/\",\"name\":\"FEDA\",\"description\":\"Federaci\u00f3n Espa\u00f1ola de Ajedrez\",\"publisher\":{\"@id\":\"https:\\\/\\\/feda.org\\\/feda2k16\\\/#organization\"},\"alternateName\":\"Federaci\u00f3n Espa\u00f1ola de Ajedrez\",\"potentialAction\":[{\"@type\":\"SearchAction\",\"target\":{\"@type\":\"EntryPoint\",\"urlTemplate\":\"https:\\\/\\\/feda.org\\\/feda2k16\\\/?s={search_term_string}\"},\"query-input\":{\"@type\":\"PropertyValueSpecification\",\"valueRequired\":true,\"valueName\":\"search_term_string\"}}],\"inLanguage\":\"es\"},{\"@type\":\"Organization\",\"@id\":\"https:\\\/\\\/feda.org\\\/feda2k16\\\/#organization\",\"name\":\"FEDA\",\"alternateName\":\"Federaci\u00f3n Espa\u00f1ola de Ajedrez\",\"url\":\"https:\\\/\\\/feda.org\\\/feda2k16\\\/\",\"logo\":{\"@type\":\"ImageObject\",\"inLanguage\":\"es\",\"@id\":\"https:\\\/\\\/feda.org\\\/feda2k16\\\/#\\\/schema\\\/logo\\\/image\\\/\",\"url\":\"https:\\\/\\\/feda.org\\\/feda2k16\\\/wp-content\\\/uploads\\\/NuevoLogo_FEDA_2016.png\",\"contentUrl\":\"https:\\\/\\\/feda.org\\\/feda2k16\\\/wp-content\\\/uploads\\\/NuevoLogo_FEDA_2016.png\",\"width\":600,\"height\":600,\"caption\":\"FEDA\"},\"image\":{\"@id\":\"https:\\\/\\\/feda.org\\\/feda2k16\\\/#\\\/schema\\\/logo\\\/image\\\/\"},\"sameAs\":[\"https:\\\/\\\/www.facebook.com\\\/federacionespanoladeajedrez\\\/\",\"https:\\\/\\\/x.com\\\/AjedrezEspanola\",\"https:\\\/\\\/www.instagram.com\\\/federacionespanolaajedrez\\\/?hl=es\",\"https:\\\/\\\/www.youtube.com\\\/@FederacionEspanoladeAjedrezFED\\\/featured\"]}]}<\/script>\n<!-- \/ Yoast SEO plugin. -->","yoast_head_json":{"title":"CENSO DEFINITIVO ARBITROS VOTO NO PRESENCIAL 2024 - FEDA","robots":{"index":"index","follow":"follow","max-snippet":"max-snippet:-1","max-image-preview":"max-image-preview:large","max-video-preview":"max-video-preview:-1"},"canonical":"https:\/\/feda.org\/feda2k16\/censo-def-arbitros-voto-no-presencial-2024-web\/","og_locale":"es_ES","og_type":"article","og_title":"CENSO DEFINITIVO ARBITROS VOTO NO PRESENCIAL 2024 - FEDA","og_url":"https:\/\/feda.org\/feda2k16\/censo-def-arbitros-voto-no-presencial-2024-web\/","og_site_name":"FEDA","article_publisher":"https:\/\/www.facebook.com\/federacionespanoladeajedrez\/","article_modified_time":"2024-08-23T10:58:56+00:00","twitter_card":"summary_large_image","twitter_site":"@AjedrezEspanola","twitter_misc":{"Tiempo de lectura":"1 minuto"},"schema":{"@context":"https:\/\/schema.org","@graph":[{"@type":"WebPage","@id":"https:\/\/feda.org\/feda2k16\/censo-def-arbitros-voto-no-presencial-2024-web\/","url":"https:\/\/feda.org\/feda2k16\/censo-def-arbitros-voto-no-presencial-2024-web\/","name":"CENSO DEFINITIVO ARBITROS VOTO NO PRESENCIAL 2024 - FEDA","isPartOf":{"@id":"https:\/\/feda.org\/feda2k16\/#website"},"datePublished":"2024-08-22T16:49:09+00:00","dateModified":"2024-08-23T10:58:56+00:00","breadcrumb":{"@id":"https:\/\/feda.org\/feda2k16\/censo-def-arbitros-voto-no-presencial-2024-web\/#breadcrumb"},"inLanguage":"es","potentialAction":[{"@type":"ReadAction","target":["https:\/\/feda.org\/feda2k16\/censo-def-arbitros-voto-no-presencial-2024-web\/"]}]},{"@type":"BreadcrumbList","@id":"https:\/\/feda.org\/feda2k16\/censo-def-arbitros-voto-no-presencial-2024-web\/#breadcrumb","itemListElement":[{"@type":"ListItem","position":1,"name":"Portada","item":"https:\/\/feda.org\/feda2k16\/"},{"@type":"ListItem","position":2,"name":"CENSO DEFINITIVO ARBITROS VOTO NO PRESENCIAL 2024"}]},{"@type":"WebSite","@id":"https:\/\/feda.org\/feda2k16\/#website","url":"https:\/\/feda.org\/feda2k16\/","name":"FEDA","description":"Federaci\u00f3n Espa\u00f1ola de Ajedrez","publisher":{"@id":"https:\/\/feda.org\/feda2k16\/#organization"},"alternateName":"Federaci\u00f3n Espa\u00f1ola de Ajedrez","potentialAction":[{"@type":"SearchAction","target":{"@type":"EntryPoint","urlTemplate":"https:\/\/feda.org\/feda2k16\/?s={search_term_string}"},"query-input":{"@type":"PropertyValueSpecification","valueRequired":true,"valueName":"search_term_string"}}],"inLanguage":"es"},{"@type":"Organization","@id":"https:\/\/feda.org\/feda2k16\/#organization","name":"FEDA","alternateName":"Federaci\u00f3n Espa\u00f1ola de Ajedrez","url":"https:\/\/feda.org\/feda2k16\/","logo":{"@type":"ImageObject","inLanguage":"es","@id":"https:\/\/feda.org\/feda2k16\/#\/schema\/logo\/image\/","url":"https:\/\/feda.org\/feda2k16\/wp-content\/uploads\/NuevoLogo_FEDA_2016.png","contentUrl":"https:\/\/feda.org\/feda2k16\/wp-content\/uploads\/NuevoLogo_FEDA_2016.png","width":600,"height":600,"caption":"FEDA"},"image":{"@id":"https:\/\/feda.org\/feda2k16\/#\/schema\/logo\/image\/"},"sameAs":["https:\/\/www.facebook.com\/federacionespanoladeajedrez\/","https:\/\/x.com\/AjedrezEspanola","https:\/\/www.instagram.com\/federacionespanolaajedrez\/?hl=es","https:\/\/www.youtube.com\/@FederacionEspanoladeAjedrezFED\/featured"]}]}},"_links":{"self":[{"href":"https:\/\/feda.org\/feda2k16\/wp-json\/wp\/v2\/pages\/24580","targetHints":{"allow":["GET"]}}],"collection":[{"href":"https:\/\/feda.org\/feda2k16\/wp-json\/wp\/v2\/pages"}],"about":[{"href":"https:\/\/feda.org\/feda2k16\/wp-json\/wp\/v2\/types\/page"}],"author":[{"embeddable":true,"href":"https:\/\/feda.org\/feda2k16\/wp-json\/wp\/v2\/users\/1"}],"replies":[{"embeddable":true,"href":"https:\/\/feda.org\/feda2k16\/wp-json\/wp\/v2\/comments?post=24580"}],"version-history":[{"count":2,"href":"https:\/\/feda.org\/feda2k16\/wp-json\/wp\/v2\/pages\/24580\/revisions"}],"predecessor-version":[{"id":24594,"href":"https:\/\/feda.org\/feda2k16\/wp-json\/wp\/v2\/pages\/24580\/revisions\/24594"}],"wp:attachment":[{"href":"https:\/\/feda.org\/feda2k16\/wp-json\/wp\/v2\/media?parent=24580"}],"curies":[{"name":"wp","href":"https:\/\/api.w.org\/{rel}","templated":true}]}}