{"id":25375,"date":"2025-01-08T18:07:05","date_gmt":"2025-01-08T18:07:05","guid":{"rendered":"https:\/\/feda.org\/feda2k16\/?page_id=25375"},"modified":"2025-11-20T11:00:18","modified_gmt":"2025-11-20T11:00:18","slug":"circulares-2025","status":"publish","type":"page","link":"https:\/\/feda.org\/feda2k16\/circulares-2025\/","title":{"rendered":"Circulares 2025"},"content":{"rendered":"\n<p><a href=\"https:\/\/feda.org\/feda2k16\/wp-content\/uploads\/C31_Conv_CE_AbsolutoyFemenino_Marbella_2025.pdf\">C31\/2025. Convocatoria CE Absoluto y Femenino. Marbella 2025<\/a><\/p>\n\n\n\n<p><a href=\"https:\/\/feda.org\/feda2k16\/wp-content\/uploads\/C30-2025_Convocatoria_CE_-Parejas-Mixtas-Blitz-Benidorm.pdf\">C30\/2025. Convocatoria del Campeonato Rel\u00e1mpago por Parejas Mixtas. Benidorm 2025<\/a><\/p>\n\n\n\n<p><a href=\"https:\/\/feda.org\/feda2k16\/wp-content\/uploads\/C29-2025_Convocatoria_CE_Veteranos_20251.pdf\">C29\/2025. Convocatoria del XXII Campeonato de Espa\u00f1a Individual de Veteranos 2025.<\/a><\/p>\n\n\n\n<p><a href=\"https:\/\/feda.org\/feda2k16\/wp-content\/uploads\/C28-2025_Conv_CE_Inclusivo_Monzon_2025.pdf\">C28\/2025. Convocatoria del Cto de Espa\u00f1a de Ajedrez Inclusivo. Monz\u00f3n 2025.<\/a><\/p>\n<p><a href=\"https:\/\/feda.org\/feda2k16\/wp-content\/uploads\/C28-2025_FICHA-DE-AUTORIZACION-DATOS-1.xlsx\">C28\/2025 Ficha de autorizaci\u00f3n de datos.<\/a><\/p>\n<p><a href=\"https:\/\/feda.org\/feda2k16\/wp-content\/uploads\/C27-2025_Tecnificacion-2025-2026.pdf\">C27\/2025 Tecnificaci\u00f3n 2025-2026<\/a><\/p>\n\n\n\n<p><a href=\"https:\/\/feda.org\/feda2k16\/wp-content\/uploads\/C26-2025_Alta-Competicion-2025-2026.pdf\"> C26\/2025 Alta Competici\u00f3n 2025 &#8211; 2026.<\/a><\/p>\n\n\n\n<p><a href=\"https:\/\/feda.org\/feda2k16\/wp-content\/uploads\/C25-2025_CECLUB-2026.pdf\">C25\/2025. Clasificaciones 2025 y Categor\u00edas CECLUB 2026.<\/a><\/p>\n\n\n\n<p><a href=\"https:\/\/feda.org\/feda2k16\/wp-content\/uploads\/C24-2025_Licencias_2026.pdf\">C24\/2025. Licencias y cuotas de Club 2026.<\/a><\/p>\n<p><a href=\"https:\/\/feda.org\/feda2k16\/wp-content\/uploads\/C23-2025_CE_Rapido_Equipos-Zafra-2025.pdf\">C23\/2025. Convocatoria Cto. Espa\u00f1a de Ajedrez R\u00e1pido por Equipos. Zafra 2025. <\/a><\/p>\n<p><a href=\"https:\/\/feda.org\/feda2k16\/wp-content\/uploads\/C23-Anexo4_Form_CE_Rapido_Equipos_Zafra_2025.xlsx\">C23\/2025. Anexo II Formulario Ajedrez R\u00e1pido por Equipos. Zafra 2025.<\/a><\/p>\n\n\n\n<p><a href=\"https:\/\/feda.org\/feda2k16\/wp-content\/uploads\/C22-Conv_CE_Rapido_Mengibar2025.pdf\">C22\/2025. Convocatoria del Cto. de Espa\u00f1a de Ajedrez R\u00e1pido. Meng\u00edbar 2025.<\/a><\/p>\n\n\n\n<p><a href=\"https:\/\/feda.org\/feda2k16\/wp-content\/uploads\/C21-Conv_CE_Relampago_Mengibar20251.pdf\">C21\/2025. Convocatoria del Cto. de Espa\u00f1a de Ajedrez Rel\u00e1mpago. Meng\u00edbar 2025.<\/a><\/p>\n\n\n\n<p><a href=\"https:\/\/feda.org\/feda2k16\/wp-content\/uploads\/C20-Convocatoria_CE-Aficionados_Hoznayo_2025.pdf\">C20\/2025. Convocatoria del Cto. de Espa\u00f1a de Aficionados por Tramos de Elo -1700, -2000 y -2300. Hoznayo 2025&nbsp;<\/a><\/p>\n\n\n\n<p><a href=\"https:\/\/feda.org\/feda2k16\/wp-content\/uploads\/C19-2025_Convocatoria_CE_Sub18_2025.pdf\">C19\/2025. Convocatoria del Campeonato de Espa\u00f1a Juvenil Sub-18. \u00dabeda 2025.<\/a><\/p>\n<p><a href=\"https:\/\/feda.org\/feda2k16\/wp-content\/uploads\/Copia-de-FORM_RESERVA_SUB_18_UBEDA1.xlsx\">C19\/2025. Formulario de reservas Sub 18 &#8211; \u00dabeda.<\/a><\/p>\n\n\n\n<p><a href=\"https:\/\/feda.org\/feda2k16\/wp-content\/uploads\/C18-2025_Grupos_CECLUB_2a_Division_2025.pdf\">C18\/2025. Distribuci\u00f3n Grupos Segunda Divisi\u00f3n 2025.<\/a><\/p>\n\n\n\n<p><a href=\"https:\/\/feda.org\/feda2k16\/wp-content\/uploads\/C17-Particip_Europeos_Sub-8_18_Budva_2025-copia.pdf\">C17\/2025. Participaci\u00f3n en el Cto. Europeo Individual Sub-8 a Sub-18. Budva 2025.<\/a>&nbsp;<\/p>\n<p><a href=\"https:\/\/feda.org\/feda2k16\/wp-content\/uploads\/Copia-de-C17-Anexo_1_Ficha_Europeo_Budva_20251.xlsx\">C17\/2025. Anexo I . Ficha Europeo Budva 2025.<\/a><\/p>\n\n\n\n<p>&nbsp;<a href=\"https:\/\/feda.org\/feda2k16\/wp-content\/uploads\/C16-Conv_CECLUB_Division_Honor-Linares_20251.pdf\">C16\/2025. Convocatoria CECLUB Divisi\u00f3n de Honor. Linares 2025.<\/a><\/p>\n<p>&nbsp;<a href=\"https:\/\/feda.org\/feda2k16\/wp-content\/uploads\/C16-Anexo1_FormCECLUB_-DIV-HONOR_2025-1.xlsx\">C16\/2025. Anexo I Formulario.<\/a> <a href=\"https:\/\/feda.org\/feda2k16\/wp-content\/uploads\/C16-AnexoII_Situacion_Extracomunitarios_CECLUB_2025.docx\">C16\/2025. Anexo II Extracomunitarios.<\/a><\/p>\n\n\n\n<p><a href=\"https:\/\/feda.org\/feda2k16\/wp-content\/uploads\/C15-Conv_CECLUB_1a_Division_-Linares_2025.pdf\">C15\/2025. Convocatoria CECLUB Primera Divisi\u00f3n. Linares 2025.<\/a><\/p>\n<p>&nbsp;<a href=\"https:\/\/feda.org\/feda2k16\/wp-content\/uploads\/C15-Anexo1_FormCECLUB_PRIMERA-DIV_2025.xlsx\">C15\/2025. Anexo I Formulario.<\/a> <a href=\"https:\/\/feda.org\/feda2k16\/wp-content\/uploads\/C15-AnexoII_Situacion_Extracomunitarios_CECLUB_2025.docx\">C15\/2025. Anexo II Extracomunitarios.<\/a><\/p>\n\n\n\n<p><a href=\"https:\/\/feda.org\/feda2k16\/wp-content\/uploads\/C14-2025_Conv_CECLUB_2a_Division_20251.pdf\">C14\/2025. Campeonato de Espa\u00f1a CECLUB Segunda Divisi\u00f3n Norte y Sur 2025.<\/a><\/p>\n<p><a href=\"https:\/\/feda.org\/feda2k16\/wp-content\/uploads\/Copia-de-C14-Anexo1_FormCECLUB_SEGUNDA_DIV_20251.xlsx\">C14 Anexo I Formulario.<\/a>&nbsp; <a href=\"https:\/\/feda.org\/feda2k16\/wp-content\/uploads\/C14-AnexoII_Situacion_Extracomunitarios_CECLUB_20251.docx\">C14 Anexo II Situaci\u00f3n Extracomunitarios.<\/a><\/p>\n\n\n\n<p><a href=\"https:\/\/feda.org\/feda2k16\/wp-content\/uploads\/C13-2025_Convocatoria_CE_Rapido_Sub08_Sub18_20251.pdf\">C13 \/ 2025. Convocatoria de los Campeonatos de Espa\u00f1a de Ajedrez R\u00e1pido Sub 8 a Sub 18 &#8211; 2025.<\/a><\/p>\n<p><a href=\"https:\/\/feda.org\/feda2k16\/wp-content\/uploads\/Copia-de-C13-2025_Anexo1_Reserva_Bus_D_Benito1.xlsx\">C13 \/ 2025. Anexo 1&nbsp; de Reserva Bus&nbsp;<\/a> y <a href=\"https:\/\/feda.org\/feda2k16\/wp-content\/uploads\/C13-2025_Anexo2_Alojam_D_Benito1.pdf\">C13 \/ 2025 Anexo 2 Alojamientos.<\/a><\/p>\n\n\n\n<p><a href=\"https:\/\/feda.org\/feda2k16\/wp-content\/uploads\/C12-2025._Convocatoria_CE_Selecciones_S14_y_S16_20251.pdf\">C12 \/ 2025. &nbsp;Convocatoria del Cto. de Espa\u00f1a por Selecciones Auton\u00f3micas sub-14 y sub-16. Zaragoza 2025.<\/a> <a href=\"https:\/\/feda.org\/feda2k16\/wp-content\/uploads\/Copia-de-C12-Anexo_I_Form_Selecc_Aut_20251.xlsx\">Anexo I Formulario de Selecci\u00f3n<\/a>. <a href=\"https:\/\/feda.org\/feda2k16\/wp-content\/uploads\/Copia-de-C12-Anexo_II_Formulario_Autorizacion_Datos1.xlsx\">Anexo II Formulario de Autorizaci\u00f3n<\/a>. <a href=\"https:\/\/feda.org\/feda2k16\/wp-content\/uploads\/C12-Anexo_III_Oferta_Instrucc_Reserva_Alojamiento_20251.pdf\">Anexo III Oferta Hotelera.<\/a><\/p>\n<p><a href=\"https:\/\/feda.org\/feda2k16\/wp-content\/uploads\/C11-2025.-Convocatoria-CE-Sub-8-a-Sub-16-2025.pdf\">C11 \/ 2025. Convocatoria de los Campeonatos de Espa\u00f1a Individuales Sub 08 a Sub 16.<\/a>&nbsp; &nbsp; &nbsp;<\/p>\n<p><a href=\"https:\/\/feda.org\/feda2k16\/wp-content\/uploads\/C11-2025_Anexo_I_Form_Reserva_Hotel_CE_S08_a_S16-1.xlsx\">C11-2025_Anexo_I_Form_Reserva_Hotel_CE_S08_a_S16-1.xlsx<\/a><\/p>\n\n\n\n<p><a href=\"https:\/\/feda.org\/feda2k16\/wp-content\/uploads\/C10-2025_Ayudas-a-Clubs.pdf\">C10 \/ 2025. Ayudas a Clubs. &nbsp;<\/a> <a href=\"https:\/\/feda.org\/feda2k16\/wp-content\/uploads\/C10-2025_Ayudas-a-Clubs.pdf\">&nbsp;<\/a><a href=\"https:\/\/feda.org\/feda2k16\/wp-content\/uploads\/C10_2025_Anexo_I_Certificado_Ayudas_Clubs.docx\">C10 \/ 2025. Anexo. Certificado Ayudas a Clubs.<\/a><\/p>\n<p><a href=\"https:\/\/feda.org\/feda2k16\/wp-content\/uploads\/C09-2025_Ayudas-a-Entrenadores-y-Monitores.pdf\">C09 \/ 2025. Ayudas a Monitores y Entrenadores.<\/a><\/p>\n<p><a href=\"https:\/\/feda.org\/feda2k16\/wp-content\/uploads\/C08-2025_Circular_Ayudas-a-Arbitros.pdf\">C08 \/ 2025 Circular Ayudas a \u00c1rbitros.<\/a><\/p>\n<p><a href=\"https:\/\/feda.org\/feda2k16\/wp-content\/uploads\/C07-2025_Criterios-de-Seleccion_Nombramientos_Ayudas-2025-2026.pdf\">C07\/ 2025. Criterios de Selecci\u00f3n para Formar Parte de las Selecciones Absoluta y Femenina. Nombramientos. Criterios de Selecci\u00f3n para Competici\u00f3n Oficial Individual Internacional.<\/a><\/p>\n<p><a href=\"https:\/\/feda.org\/feda2k16\/wp-content\/uploads\/C06-2025_Clasificacion_Torneos_Abiertos_20241.pdf\">C06 Clasificaci\u00f3n de Torneos Abiertos 2024.<\/a><\/p>\n\n\n\n<p><a href=\"https:\/\/feda.org\/feda2k16\/wp-content\/uploads\/C05-Calendario_FEDA_2025_Actualizacion.pdf\">C05 Calendario FEDA 2025<\/a><\/p>\n\n\n\n<p><a href=\"https:\/\/feda.org\/feda2k16\/convocatoria-cto-de-espana-escolar-por-equipos-2025-guardamar-del-segura\/\">C04 Convocatoria Cto. de Espa\u00f1a Escolar por Equipos 2025. Guardamar de Segura.<\/a><\/p>\n\n\n\n<p><a href=\"https:\/\/feda.org\/feda2k16\/wp-content\/uploads\/C03-CECLUB-20251.pdf\">C03 CECLUB 2025<\/a><\/p>\n<p><a href=\"https:\/\/feda.org\/feda2k16\/wp-content\/uploads\/C02-Informes_y_Eval_Elo_2025.pdf\">C02 Informes y Evaluaci\u00f3n de Elo 2025<\/a><\/p>\n<p><a href=\"https:\/\/feda.org\/feda2k16\/wp-content\/uploads\/C01-Licencias_2025.pdf\">C01 Licencias 2025<\/a><\/p>\n\n\n","protected":false},"excerpt":{"rendered":"<p>C31\/2025. Convocatoria CE Absoluto y Femenino. Marbella 2025 C30\/2025. Convocatoria del Campeonato Rel\u00e1mpago por Parejas Mixtas. Benidorm 2025 C29\/2025. Convocatoria del XXII Campeonato de Espa\u00f1a Individual de Veteranos 2025. C28\/2025. Convocatoria del Cto de Espa\u00f1a de Ajedrez Inclusivo. Monz\u00f3n 2025. C28\/2025 Ficha de autorizaci\u00f3n de datos. C27\/2025 Tecnificaci\u00f3n 2025-2026 C26\/2025 Alta Competici\u00f3n 2025 &#8211; 2026. [&hellip;]<\/p>\n","protected":false},"author":1,"featured_media":0,"parent":0,"menu_order":0,"comment_status":"closed","ping_status":"closed","template":"","meta":{"footnotes":""},"class_list":["post-25375","page","type-page","status-publish","hentry"],"yoast_head":"<!-- This site is optimized with the Yoast SEO plugin v27.4 - https:\/\/yoast.com\/product\/yoast-seo-wordpress\/ -->\n<title>Circulares 2025 - FEDA<\/title>\n<meta name=\"robots\" content=\"index, follow, max-snippet:-1, max-image-preview:large, max-video-preview:-1\" \/>\n<link rel=\"canonical\" href=\"https:\/\/feda.org\/feda2k16\/circulares-2025\/\" \/>\n<meta property=\"og:locale\" content=\"es_ES\" \/>\n<meta property=\"og:type\" content=\"article\" \/>\n<meta property=\"og:title\" content=\"Circulares 2025 - FEDA\" \/>\n<meta property=\"og:description\" content=\"C31\/2025. Convocatoria CE Absoluto y Femenino. Marbella 2025 C30\/2025. Convocatoria del Campeonato Rel\u00e1mpago por Parejas Mixtas. Benidorm 2025 C29\/2025. Convocatoria del XXII Campeonato de Espa\u00f1a Individual de Veteranos 2025. C28\/2025. Convocatoria del Cto de Espa\u00f1a de Ajedrez Inclusivo. Monz\u00f3n 2025. C28\/2025 Ficha de autorizaci\u00f3n de datos. C27\/2025 Tecnificaci\u00f3n 2025-2026 C26\/2025 Alta Competici\u00f3n 2025 &#8211; 2026. [&hellip;]\" \/>\n<meta property=\"og:url\" content=\"https:\/\/feda.org\/feda2k16\/circulares-2025\/\" \/>\n<meta property=\"og:site_name\" content=\"FEDA\" \/>\n<meta property=\"article:publisher\" content=\"https:\/\/www.facebook.com\/federacionespanoladeajedrez\/\" \/>\n<meta property=\"article:modified_time\" content=\"2025-11-20T11:00:18+00:00\" \/>\n<meta name=\"twitter:card\" content=\"summary_large_image\" \/>\n<meta name=\"twitter:site\" content=\"@AjedrezEspanola\" \/>\n<meta name=\"twitter:label1\" content=\"Tiempo de lectura\" \/>\n\t<meta name=\"twitter:data1\" content=\"2 minutos\" \/>\n<script type=\"application\/ld+json\" class=\"yoast-schema-graph\">{\"@context\":\"https:\\\/\\\/schema.org\",\"@graph\":[{\"@type\":\"WebPage\",\"@id\":\"https:\\\/\\\/feda.org\\\/feda2k16\\\/circulares-2025\\\/\",\"url\":\"https:\\\/\\\/feda.org\\\/feda2k16\\\/circulares-2025\\\/\",\"name\":\"Circulares 2025 - FEDA\",\"isPartOf\":{\"@id\":\"https:\\\/\\\/feda.org\\\/feda2k16\\\/#website\"},\"datePublished\":\"2025-01-08T18:07:05+00:00\",\"dateModified\":\"2025-11-20T11:00:18+00:00\",\"breadcrumb\":{\"@id\":\"https:\\\/\\\/feda.org\\\/feda2k16\\\/circulares-2025\\\/#breadcrumb\"},\"inLanguage\":\"es\",\"potentialAction\":[{\"@type\":\"ReadAction\",\"target\":[\"https:\\\/\\\/feda.org\\\/feda2k16\\\/circulares-2025\\\/\"]}]},{\"@type\":\"BreadcrumbList\",\"@id\":\"https:\\\/\\\/feda.org\\\/feda2k16\\\/circulares-2025\\\/#breadcrumb\",\"itemListElement\":[{\"@type\":\"ListItem\",\"position\":1,\"name\":\"Portada\",\"item\":\"https:\\\/\\\/feda.org\\\/feda2k16\\\/\"},{\"@type\":\"ListItem\",\"position\":2,\"name\":\"Circulares 2025\"}]},{\"@type\":\"WebSite\",\"@id\":\"https:\\\/\\\/feda.org\\\/feda2k16\\\/#website\",\"url\":\"https:\\\/\\\/feda.org\\\/feda2k16\\\/\",\"name\":\"FEDA\",\"description\":\"Federaci\u00f3n Espa\u00f1ola de Ajedrez\",\"publisher\":{\"@id\":\"https:\\\/\\\/feda.org\\\/feda2k16\\\/#organization\"},\"alternateName\":\"Federaci\u00f3n Espa\u00f1ola de Ajedrez\",\"potentialAction\":[{\"@type\":\"SearchAction\",\"target\":{\"@type\":\"EntryPoint\",\"urlTemplate\":\"https:\\\/\\\/feda.org\\\/feda2k16\\\/?s={search_term_string}\"},\"query-input\":{\"@type\":\"PropertyValueSpecification\",\"valueRequired\":true,\"valueName\":\"search_term_string\"}}],\"inLanguage\":\"es\"},{\"@type\":\"Organization\",\"@id\":\"https:\\\/\\\/feda.org\\\/feda2k16\\\/#organization\",\"name\":\"FEDA\",\"alternateName\":\"Federaci\u00f3n Espa\u00f1ola de Ajedrez\",\"url\":\"https:\\\/\\\/feda.org\\\/feda2k16\\\/\",\"logo\":{\"@type\":\"ImageObject\",\"inLanguage\":\"es\",\"@id\":\"https:\\\/\\\/feda.org\\\/feda2k16\\\/#\\\/schema\\\/logo\\\/image\\\/\",\"url\":\"https:\\\/\\\/feda.org\\\/feda2k16\\\/wp-content\\\/uploads\\\/NuevoLogo_FEDA_2016.png\",\"contentUrl\":\"https:\\\/\\\/feda.org\\\/feda2k16\\\/wp-content\\\/uploads\\\/NuevoLogo_FEDA_2016.png\",\"width\":600,\"height\":600,\"caption\":\"FEDA\"},\"image\":{\"@id\":\"https:\\\/\\\/feda.org\\\/feda2k16\\\/#\\\/schema\\\/logo\\\/image\\\/\"},\"sameAs\":[\"https:\\\/\\\/www.facebook.com\\\/federacionespanoladeajedrez\\\/\",\"https:\\\/\\\/x.com\\\/AjedrezEspanola\",\"https:\\\/\\\/www.instagram.com\\\/federacionespanolaajedrez\\\/?hl=es\",\"https:\\\/\\\/www.youtube.com\\\/@FederacionEspanoladeAjedrezFED\\\/featured\"]}]}<\/script>\n<!-- \/ Yoast SEO plugin. -->","yoast_head_json":{"title":"Circulares 2025 - FEDA","robots":{"index":"index","follow":"follow","max-snippet":"max-snippet:-1","max-image-preview":"max-image-preview:large","max-video-preview":"max-video-preview:-1"},"canonical":"https:\/\/feda.org\/feda2k16\/circulares-2025\/","og_locale":"es_ES","og_type":"article","og_title":"Circulares 2025 - FEDA","og_description":"C31\/2025. Convocatoria CE Absoluto y Femenino. Marbella 2025 C30\/2025. Convocatoria del Campeonato Rel\u00e1mpago por Parejas Mixtas. Benidorm 2025 C29\/2025. Convocatoria del XXII Campeonato de Espa\u00f1a Individual de Veteranos 2025. C28\/2025. Convocatoria del Cto de Espa\u00f1a de Ajedrez Inclusivo. Monz\u00f3n 2025. C28\/2025 Ficha de autorizaci\u00f3n de datos. C27\/2025 Tecnificaci\u00f3n 2025-2026 C26\/2025 Alta Competici\u00f3n 2025 &#8211; 2026. [&hellip;]","og_url":"https:\/\/feda.org\/feda2k16\/circulares-2025\/","og_site_name":"FEDA","article_publisher":"https:\/\/www.facebook.com\/federacionespanoladeajedrez\/","article_modified_time":"2025-11-20T11:00:18+00:00","twitter_card":"summary_large_image","twitter_site":"@AjedrezEspanola","twitter_misc":{"Tiempo de lectura":"2 minutos"},"schema":{"@context":"https:\/\/schema.org","@graph":[{"@type":"WebPage","@id":"https:\/\/feda.org\/feda2k16\/circulares-2025\/","url":"https:\/\/feda.org\/feda2k16\/circulares-2025\/","name":"Circulares 2025 - FEDA","isPartOf":{"@id":"https:\/\/feda.org\/feda2k16\/#website"},"datePublished":"2025-01-08T18:07:05+00:00","dateModified":"2025-11-20T11:00:18+00:00","breadcrumb":{"@id":"https:\/\/feda.org\/feda2k16\/circulares-2025\/#breadcrumb"},"inLanguage":"es","potentialAction":[{"@type":"ReadAction","target":["https:\/\/feda.org\/feda2k16\/circulares-2025\/"]}]},{"@type":"BreadcrumbList","@id":"https:\/\/feda.org\/feda2k16\/circulares-2025\/#breadcrumb","itemListElement":[{"@type":"ListItem","position":1,"name":"Portada","item":"https:\/\/feda.org\/feda2k16\/"},{"@type":"ListItem","position":2,"name":"Circulares 2025"}]},{"@type":"WebSite","@id":"https:\/\/feda.org\/feda2k16\/#website","url":"https:\/\/feda.org\/feda2k16\/","name":"FEDA","description":"Federaci\u00f3n Espa\u00f1ola de Ajedrez","publisher":{"@id":"https:\/\/feda.org\/feda2k16\/#organization"},"alternateName":"Federaci\u00f3n Espa\u00f1ola de Ajedrez","potentialAction":[{"@type":"SearchAction","target":{"@type":"EntryPoint","urlTemplate":"https:\/\/feda.org\/feda2k16\/?s={search_term_string}"},"query-input":{"@type":"PropertyValueSpecification","valueRequired":true,"valueName":"search_term_string"}}],"inLanguage":"es"},{"@type":"Organization","@id":"https:\/\/feda.org\/feda2k16\/#organization","name":"FEDA","alternateName":"Federaci\u00f3n Espa\u00f1ola de Ajedrez","url":"https:\/\/feda.org\/feda2k16\/","logo":{"@type":"ImageObject","inLanguage":"es","@id":"https:\/\/feda.org\/feda2k16\/#\/schema\/logo\/image\/","url":"https:\/\/feda.org\/feda2k16\/wp-content\/uploads\/NuevoLogo_FEDA_2016.png","contentUrl":"https:\/\/feda.org\/feda2k16\/wp-content\/uploads\/NuevoLogo_FEDA_2016.png","width":600,"height":600,"caption":"FEDA"},"image":{"@id":"https:\/\/feda.org\/feda2k16\/#\/schema\/logo\/image\/"},"sameAs":["https:\/\/www.facebook.com\/federacionespanoladeajedrez\/","https:\/\/x.com\/AjedrezEspanola","https:\/\/www.instagram.com\/federacionespanolaajedrez\/?hl=es","https:\/\/www.youtube.com\/@FederacionEspanoladeAjedrezFED\/featured"]}]}},"_links":{"self":[{"href":"https:\/\/feda.org\/feda2k16\/wp-json\/wp\/v2\/pages\/25375","targetHints":{"allow":["GET"]}}],"collection":[{"href":"https:\/\/feda.org\/feda2k16\/wp-json\/wp\/v2\/pages"}],"about":[{"href":"https:\/\/feda.org\/feda2k16\/wp-json\/wp\/v2\/types\/page"}],"author":[{"embeddable":true,"href":"https:\/\/feda.org\/feda2k16\/wp-json\/wp\/v2\/users\/1"}],"replies":[{"embeddable":true,"href":"https:\/\/feda.org\/feda2k16\/wp-json\/wp\/v2\/comments?post=25375"}],"version-history":[{"count":41,"href":"https:\/\/feda.org\/feda2k16\/wp-json\/wp\/v2\/pages\/25375\/revisions"}],"predecessor-version":[{"id":27351,"href":"https:\/\/feda.org\/feda2k16\/wp-json\/wp\/v2\/pages\/25375\/revisions\/27351"}],"wp:attachment":[{"href":"https:\/\/feda.org\/feda2k16\/wp-json\/wp\/v2\/media?parent=25375"}],"curies":[{"name":"wp","href":"https:\/\/api.w.org\/{rel}","templated":true}]}}