{"id":26519,"date":"2025-07-08T10:33:35","date_gmt":"2025-07-08T10:33:35","guid":{"rendered":"https:\/\/feda.org\/feda2k16\/?page_id=26519"},"modified":"2026-02-10T11:19:38","modified_gmt":"2026-02-10T11:19:38","slug":"campeonatos-internacionales-2025","status":"publish","type":"page","link":"https:\/\/feda.org\/feda2k16\/campeonatos-internacionales-2025\/","title":{"rendered":"Campeonatos Internacionales 2025"},"content":{"rendered":"\n<p><a href=\"https:\/\/feda.org\/feda2k16\/campeonato-del-mundo-individual-de-ajedrez-rapido-y-relampago-fide-qatar-2025\/\">Campeonato del Mundo Individual de Ajedrez R\u00e1pido y Rel\u00e1mpago FIDE. Qatar 2025.<\/a><\/p>\n\n\n\n<p class=\"uk-margin-remove\"><a href=\"https:\/\/feda.org\/feda2k16\/el-gm-omar-almeida-gano-el-ii-campeonato-iberoamericano-de-ajedrez-rapido\/\">II Campeonato IBEROAMERICANO de Ajedrez R\u00e1pido 2025.<\/a><\/p>\n<p><a href=\"https:\/\/feda.org\/feda2k16\/gm-eduardo-iturrizaga-subcampeon-de-europa-de-ajedrez-blitz\/\">Campeonato Europeo de Ajedrez R\u00e1pido y Blitz 2025.<\/a><\/p>\n<p class=\"uk-margin-remove\"><a href=\"https:\/\/feda.org\/feda2k16\/campeonato-mundial-femenino-por-equipos-fide-2025\/\">Campeonato Mundial Femenino por Equipos FIDE 2025.<\/a><\/p>\n<p class=\"uk-margin-remove\"><a href=\"https:\/\/feda.org\/feda2k16\/campeonato-mundial-amateur-de-ajedrez-de-la-fide\/\">Campeonato Mundial Amateur de Ajedrez de la FIDE.<\/a><\/p>\n<p class=\"uk-margin-remove\"><a href=\"https:\/\/feda.org\/feda2k16\/campeonatos-mundiales-senior-en-gallipoli-italia\/\">Campeonatos Mundiales Senior en Gallipoli (Italia).<\/a><\/p>\n\n\n\n<p class=\"uk-margin-remove\">\u00a0<\/p>\n<p><a href=\"https:\/\/feda.org\/feda2k16\/la-copa-mundial-fide-goa-india\/\">La Copa Mundial FIDE, Goa (India).<\/a><\/p>\n<p class=\"uk-margin-remove\"><a href=\"https:\/\/feda.org\/feda2k16\/campeonato-de-europea-individual-de-jovenes-sub-8-a-sub-18-budva-montenegro\/\">Campeonato de Europa Individual de J\u00f3venes Sub 8 a Sub 18. Budva (Montenegro).<\/a><\/p>\n\n\n\n<p class=\"uk-margin-remove\"><a href=\"_wp_link_placeholder\" data-wplink-edit=\"true\">Copa de Europa de Clubes en Rodas (GRECIA).<\/a><\/p>\n\n\n\n<p class=\"uk-margin-remove\"><a href=\"https:\/\/feda.org\/feda2k16\/campeonato-europeo-de-ajedrez-por-equipos-en-batumi-georgia-2025\/\">Campeonato Europeo de Ajedrez por Equipos en Batumi, Georgia 2025.<\/a><\/p>\n\n\n\n<p class=\"uk-margin-remove\"><a href=\"https:\/\/feda.org\/feda2k16\/campeonato-mundial-juvenil-fide-sub-14-a-sub-18-en-durres-albania\/\">Campeonato Mundial Juvenil FIDE Sub-14 a Sub-18 en Durres, Albania.<\/a><\/p>\n\n\n\n\n\n<p class=\"uk-margin-remove\"><a href=\"https:\/\/feda.org\/feda2k16\/grand-swiss-de-la-fide-en-samarkanda-uzbekistan-2025\/\">Grand Swiss de la Fide en Samarkanda (Uzbekist\u00e1n) 2025.<\/a><\/p>\n<p class=\"uk-margin-remove\"><a href=\"https:\/\/feda.org\/feda2k16\/campeonato-de-europa-rapido-y-relampago-sub-8-a-sub-18-tesalonica-grecia-2025\/\">Campeonato de Europa R\u00e1pido y Rel\u00e1mpago Sub-8 a Sub-18. Tesal\u00f3nica, Grecia 2025.<\/a><\/p>\n<p class=\"uk-margin-remove\"><a href=\"https:\/\/feda.org\/feda2k16\/c17-2025-participacion-en-el-cto-europeo-individual-sub-8-a-sub-18-budva-2025\/\">Campeonato Europeo Individual Sub-8 a Sub-18. Budva 2025.<\/a><\/p>\n<p><a href=\"https:\/\/feda.org\/feda2k16\/la-copa-del-mundo-femenina-de-la-fide-2025\/\">La Copa Mundial Femenina de la FIDE 2025<\/a>.<\/p>\n<p><a href=\"https:\/\/feda.org\/feda2k16\/25o-campeonato-europeo-de-ajedrez-femenino-2025\/\">25\u00ba Campeonato Europeo de Ajedrez Femenino 2025.<\/a><\/p>\n<p><a href=\"https:\/\/feda.org\/feda2k16\/campeonato-mundial-escolar-de-ajedrez-fide\/\">Campeonato Mundial Escolar de Ajedrez FIDE<\/a><\/p>\n<p><a href=\"https:\/\/feda.org\/feda2k16\/campeonato-europeo-individual-absoluto-2025\/\">Campeonato Europeo Individual Absoluto 2025.<\/a><\/p>\n<p><a href=\"https:\/\/feda.org\/feda2k16\/campeonato-europeo-femenino-de-ajedrez-rapido-y-relampago-en-monaco-2\/\">Campeonato de Europa Individual Femenino de Ajedrez R\u00e1pido y Rel\u00e1mpago 2024 en M\u00f3naco.<\/a><\/p>\n\n\n\n\n","protected":false},"excerpt":{"rendered":"<p>Campeonato del Mundo Individual de Ajedrez R\u00e1pido y Rel\u00e1mpago FIDE. Qatar 2025. II Campeonato IBEROAMERICANO de Ajedrez R\u00e1pido 2025. Campeonato Europeo de Ajedrez R\u00e1pido y Blitz 2025. Campeonato Mundial Femenino por Equipos FIDE 2025. Campeonato Mundial Amateur de Ajedrez de la FIDE. Campeonatos Mundiales Senior en Gallipoli (Italia). \u00a0 La Copa Mundial FIDE, Goa (India). [&hellip;]<\/p>\n","protected":false},"author":1,"featured_media":0,"parent":0,"menu_order":0,"comment_status":"closed","ping_status":"closed","template":"","meta":{"footnotes":""},"class_list":["post-26519","page","type-page","status-publish","hentry"],"yoast_head":"<!-- This site is optimized with the Yoast SEO plugin v27.5 - https:\/\/yoast.com\/product\/yoast-seo-wordpress\/ -->\n<title>Campeonatos Internacionales 2025 - FEDA<\/title>\n<meta name=\"robots\" content=\"index, follow, max-snippet:-1, max-image-preview:large, max-video-preview:-1\" \/>\n<link rel=\"canonical\" href=\"https:\/\/feda.org\/feda2k16\/campeonatos-internacionales-2025\/\" \/>\n<meta property=\"og:locale\" content=\"es_ES\" \/>\n<meta property=\"og:type\" content=\"article\" \/>\n<meta property=\"og:title\" content=\"Campeonatos Internacionales 2025 - FEDA\" \/>\n<meta property=\"og:description\" content=\"Campeonato del Mundo Individual de Ajedrez R\u00e1pido y Rel\u00e1mpago FIDE. Qatar 2025. II Campeonato IBEROAMERICANO de Ajedrez R\u00e1pido 2025. Campeonato Europeo de Ajedrez R\u00e1pido y Blitz 2025. Campeonato Mundial Femenino por Equipos FIDE 2025. Campeonato Mundial Amateur de Ajedrez de la FIDE. Campeonatos Mundiales Senior en Gallipoli (Italia). \u00a0 La Copa Mundial FIDE, Goa (India). [&hellip;]\" \/>\n<meta property=\"og:url\" content=\"https:\/\/feda.org\/feda2k16\/campeonatos-internacionales-2025\/\" \/>\n<meta property=\"og:site_name\" content=\"FEDA\" \/>\n<meta property=\"article:publisher\" content=\"https:\/\/www.facebook.com\/federacionespanoladeajedrez\/\" \/>\n<meta property=\"article:modified_time\" content=\"2026-02-10T11:19:38+00:00\" \/>\n<meta name=\"twitter:card\" content=\"summary_large_image\" \/>\n<meta name=\"twitter:site\" content=\"@AjedrezEspanola\" \/>\n<meta name=\"twitter:label1\" content=\"Tiempo de lectura\" \/>\n\t<meta name=\"twitter:data1\" content=\"1 minuto\" \/>\n<script type=\"application\/ld+json\" class=\"yoast-schema-graph\">{\"@context\":\"https:\\\/\\\/schema.org\",\"@graph\":[{\"@type\":\"WebPage\",\"@id\":\"https:\\\/\\\/feda.org\\\/feda2k16\\\/campeonatos-internacionales-2025\\\/\",\"url\":\"https:\\\/\\\/feda.org\\\/feda2k16\\\/campeonatos-internacionales-2025\\\/\",\"name\":\"Campeonatos Internacionales 2025 - FEDA\",\"isPartOf\":{\"@id\":\"https:\\\/\\\/feda.org\\\/feda2k16\\\/#website\"},\"datePublished\":\"2025-07-08T10:33:35+00:00\",\"dateModified\":\"2026-02-10T11:19:38+00:00\",\"breadcrumb\":{\"@id\":\"https:\\\/\\\/feda.org\\\/feda2k16\\\/campeonatos-internacionales-2025\\\/#breadcrumb\"},\"inLanguage\":\"es\",\"potentialAction\":[{\"@type\":\"ReadAction\",\"target\":[\"https:\\\/\\\/feda.org\\\/feda2k16\\\/campeonatos-internacionales-2025\\\/\"]}]},{\"@type\":\"BreadcrumbList\",\"@id\":\"https:\\\/\\\/feda.org\\\/feda2k16\\\/campeonatos-internacionales-2025\\\/#breadcrumb\",\"itemListElement\":[{\"@type\":\"ListItem\",\"position\":1,\"name\":\"Portada\",\"item\":\"https:\\\/\\\/feda.org\\\/feda2k16\\\/\"},{\"@type\":\"ListItem\",\"position\":2,\"name\":\"Campeonatos Internacionales 2025\"}]},{\"@type\":\"WebSite\",\"@id\":\"https:\\\/\\\/feda.org\\\/feda2k16\\\/#website\",\"url\":\"https:\\\/\\\/feda.org\\\/feda2k16\\\/\",\"name\":\"FEDA\",\"description\":\"Federaci\u00f3n Espa\u00f1ola de Ajedrez\",\"publisher\":{\"@id\":\"https:\\\/\\\/feda.org\\\/feda2k16\\\/#organization\"},\"alternateName\":\"Federaci\u00f3n Espa\u00f1ola de Ajedrez\",\"potentialAction\":[{\"@type\":\"SearchAction\",\"target\":{\"@type\":\"EntryPoint\",\"urlTemplate\":\"https:\\\/\\\/feda.org\\\/feda2k16\\\/?s={search_term_string}\"},\"query-input\":{\"@type\":\"PropertyValueSpecification\",\"valueRequired\":true,\"valueName\":\"search_term_string\"}}],\"inLanguage\":\"es\"},{\"@type\":\"Organization\",\"@id\":\"https:\\\/\\\/feda.org\\\/feda2k16\\\/#organization\",\"name\":\"FEDA\",\"alternateName\":\"Federaci\u00f3n Espa\u00f1ola de Ajedrez\",\"url\":\"https:\\\/\\\/feda.org\\\/feda2k16\\\/\",\"logo\":{\"@type\":\"ImageObject\",\"inLanguage\":\"es\",\"@id\":\"https:\\\/\\\/feda.org\\\/feda2k16\\\/#\\\/schema\\\/logo\\\/image\\\/\",\"url\":\"https:\\\/\\\/feda.org\\\/feda2k16\\\/wp-content\\\/uploads\\\/NuevoLogo_FEDA_2016.png\",\"contentUrl\":\"https:\\\/\\\/feda.org\\\/feda2k16\\\/wp-content\\\/uploads\\\/NuevoLogo_FEDA_2016.png\",\"width\":600,\"height\":600,\"caption\":\"FEDA\"},\"image\":{\"@id\":\"https:\\\/\\\/feda.org\\\/feda2k16\\\/#\\\/schema\\\/logo\\\/image\\\/\"},\"sameAs\":[\"https:\\\/\\\/www.facebook.com\\\/federacionespanoladeajedrez\\\/\",\"https:\\\/\\\/x.com\\\/AjedrezEspanola\",\"https:\\\/\\\/www.instagram.com\\\/federacionespanolaajedrez\\\/?hl=es\",\"https:\\\/\\\/www.youtube.com\\\/@FederacionEspanoladeAjedrezFED\\\/featured\"]}]}<\/script>\n<!-- \/ Yoast SEO plugin. -->","yoast_head_json":{"title":"Campeonatos Internacionales 2025 - FEDA","robots":{"index":"index","follow":"follow","max-snippet":"max-snippet:-1","max-image-preview":"max-image-preview:large","max-video-preview":"max-video-preview:-1"},"canonical":"https:\/\/feda.org\/feda2k16\/campeonatos-internacionales-2025\/","og_locale":"es_ES","og_type":"article","og_title":"Campeonatos Internacionales 2025 - FEDA","og_description":"Campeonato del Mundo Individual de Ajedrez R\u00e1pido y Rel\u00e1mpago FIDE. Qatar 2025. II Campeonato IBEROAMERICANO de Ajedrez R\u00e1pido 2025. Campeonato Europeo de Ajedrez R\u00e1pido y Blitz 2025. Campeonato Mundial Femenino por Equipos FIDE 2025. Campeonato Mundial Amateur de Ajedrez de la FIDE. Campeonatos Mundiales Senior en Gallipoli (Italia). \u00a0 La Copa Mundial FIDE, Goa (India). [&hellip;]","og_url":"https:\/\/feda.org\/feda2k16\/campeonatos-internacionales-2025\/","og_site_name":"FEDA","article_publisher":"https:\/\/www.facebook.com\/federacionespanoladeajedrez\/","article_modified_time":"2026-02-10T11:19:38+00:00","twitter_card":"summary_large_image","twitter_site":"@AjedrezEspanola","twitter_misc":{"Tiempo de lectura":"1 minuto"},"schema":{"@context":"https:\/\/schema.org","@graph":[{"@type":"WebPage","@id":"https:\/\/feda.org\/feda2k16\/campeonatos-internacionales-2025\/","url":"https:\/\/feda.org\/feda2k16\/campeonatos-internacionales-2025\/","name":"Campeonatos Internacionales 2025 - FEDA","isPartOf":{"@id":"https:\/\/feda.org\/feda2k16\/#website"},"datePublished":"2025-07-08T10:33:35+00:00","dateModified":"2026-02-10T11:19:38+00:00","breadcrumb":{"@id":"https:\/\/feda.org\/feda2k16\/campeonatos-internacionales-2025\/#breadcrumb"},"inLanguage":"es","potentialAction":[{"@type":"ReadAction","target":["https:\/\/feda.org\/feda2k16\/campeonatos-internacionales-2025\/"]}]},{"@type":"BreadcrumbList","@id":"https:\/\/feda.org\/feda2k16\/campeonatos-internacionales-2025\/#breadcrumb","itemListElement":[{"@type":"ListItem","position":1,"name":"Portada","item":"https:\/\/feda.org\/feda2k16\/"},{"@type":"ListItem","position":2,"name":"Campeonatos Internacionales 2025"}]},{"@type":"WebSite","@id":"https:\/\/feda.org\/feda2k16\/#website","url":"https:\/\/feda.org\/feda2k16\/","name":"FEDA","description":"Federaci\u00f3n Espa\u00f1ola de Ajedrez","publisher":{"@id":"https:\/\/feda.org\/feda2k16\/#organization"},"alternateName":"Federaci\u00f3n Espa\u00f1ola de Ajedrez","potentialAction":[{"@type":"SearchAction","target":{"@type":"EntryPoint","urlTemplate":"https:\/\/feda.org\/feda2k16\/?s={search_term_string}"},"query-input":{"@type":"PropertyValueSpecification","valueRequired":true,"valueName":"search_term_string"}}],"inLanguage":"es"},{"@type":"Organization","@id":"https:\/\/feda.org\/feda2k16\/#organization","name":"FEDA","alternateName":"Federaci\u00f3n Espa\u00f1ola de Ajedrez","url":"https:\/\/feda.org\/feda2k16\/","logo":{"@type":"ImageObject","inLanguage":"es","@id":"https:\/\/feda.org\/feda2k16\/#\/schema\/logo\/image\/","url":"https:\/\/feda.org\/feda2k16\/wp-content\/uploads\/NuevoLogo_FEDA_2016.png","contentUrl":"https:\/\/feda.org\/feda2k16\/wp-content\/uploads\/NuevoLogo_FEDA_2016.png","width":600,"height":600,"caption":"FEDA"},"image":{"@id":"https:\/\/feda.org\/feda2k16\/#\/schema\/logo\/image\/"},"sameAs":["https:\/\/www.facebook.com\/federacionespanoladeajedrez\/","https:\/\/x.com\/AjedrezEspanola","https:\/\/www.instagram.com\/federacionespanolaajedrez\/?hl=es","https:\/\/www.youtube.com\/@FederacionEspanoladeAjedrezFED\/featured"]}]}},"_links":{"self":[{"href":"https:\/\/feda.org\/feda2k16\/wp-json\/wp\/v2\/pages\/26519","targetHints":{"allow":["GET"]}}],"collection":[{"href":"https:\/\/feda.org\/feda2k16\/wp-json\/wp\/v2\/pages"}],"about":[{"href":"https:\/\/feda.org\/feda2k16\/wp-json\/wp\/v2\/types\/page"}],"author":[{"embeddable":true,"href":"https:\/\/feda.org\/feda2k16\/wp-json\/wp\/v2\/users\/1"}],"replies":[{"embeddable":true,"href":"https:\/\/feda.org\/feda2k16\/wp-json\/wp\/v2\/comments?post=26519"}],"version-history":[{"count":37,"href":"https:\/\/feda.org\/feda2k16\/wp-json\/wp\/v2\/pages\/26519\/revisions"}],"predecessor-version":[{"id":27815,"href":"https:\/\/feda.org\/feda2k16\/wp-json\/wp\/v2\/pages\/26519\/revisions\/27815"}],"wp:attachment":[{"href":"https:\/\/feda.org\/feda2k16\/wp-json\/wp\/v2\/media?parent=26519"}],"curies":[{"name":"wp","href":"https:\/\/api.w.org\/{rel}","templated":true}]}}